{"id":33798,"date":"2025-05-10T14:06:29","date_gmt":"2025-05-10T11:06:29","guid":{"rendered":"https:\/\/test.micasa.lv\/?post_type=product&#038;p=33798"},"modified":"2025-06-13T10:15:17","modified_gmt":"2025-06-13T07:15:17","slug":"ashtray-black","status":"publish","type":"product","link":"https:\/\/micasa.lv\/en\/ashtray-black\/","title":{"rendered":"Ashtray, black"},"content":{"rendered":"<p>Kvalitn\u00ed venkovn\u00ed popeln\u00edk z nerezu, v \u010dern\u00e9 barv\u011b. Velmi stabiln\u00ed, odol\u00e1 pov\u011btrnostn\u00edm vliv\u016fm. Materi\u00e1l: popeln\u00edk: \u017eelezo kryt: ocel<\/p>\n","protected":false},"excerpt":{"rendered":"<p>Kvalitn\u00ed venkovn\u00ed popeln\u00edk z nerezu, v \u010dern\u00e9 barv\u011b. Velmi stabiln\u00ed, odol\u00e1 pov\u011btrnostn\u00edm vliv\u016fm. Materi\u00e1l: popeln\u00edk: \u017eelezo kryt: ocel<\/p>\n","protected":false},"featured_media":33461,"template":"","meta":[],"product_brand":[],"product_cat":[543],"product_tag":[],"class_list":{"0":"post-33798","1":"product","2":"type-product","3":"status-publish","4":"has-post-thumbnail","6":"product_cat-bathroom-accessories","7":"pa_brand-bemeta","9":"first","10":"instock","11":"taxable","12":"shipping-taxable","13":"purchasable","14":"product-type-simple"},"yoast_head":"<!-- This site is optimized with the Yoast SEO plugin v27.4 - https:\/\/yoast.com\/product\/yoast-seo-wordpress\/ -->\n<title>Ashtray, black - Micasa<\/title>\n<meta name=\"robots\" content=\"index, follow, max-snippet:-1, max-image-preview:large, max-video-preview:-1\" \/>\n<link rel=\"canonical\" href=\"https:\/\/micasa.lv\/en\/ashtray-black\/\" \/>\n<meta property=\"og:locale\" content=\"en_US\" \/>\n<meta property=\"og:type\" content=\"article\" \/>\n<meta property=\"og:title\" content=\"Ashtray, black - Micasa\" \/>\n<meta property=\"og:description\" content=\"Kvalitn\u00ed venkovn\u00ed popeln\u00edk z nerezu, v \u010dern\u00e9 barv\u011b. Velmi stabiln\u00ed, odol\u00e1 pov\u011btrnostn\u00edm vliv\u016fm. Materi\u00e1l: popeln\u00edk: \u017eelezo kryt: ocel\" \/>\n<meta property=\"og:url\" content=\"https:\/\/micasa.lv\/en\/ashtray-black\/\" \/>\n<meta property=\"og:site_name\" content=\"Micasa\" \/>\n<meta property=\"article:modified_time\" content=\"2025-06-13T07:15:17+00:00\" \/>\n<meta property=\"og:image\" content=\"https:\/\/micasa.lv\/wp-content\/uploads\/2025\/05\/1bfd1ba1240ca0ea74f262f660685e98_101015150-velky.jpg\" \/>\n\t<meta property=\"og:image:width\" content=\"193\" \/>\n\t<meta property=\"og:image:height\" content=\"500\" \/>\n\t<meta property=\"og:image:type\" content=\"image\/jpeg\" \/>\n<meta name=\"twitter:card\" content=\"summary_large_image\" \/>\n<script type=\"application\/ld+json\" class=\"yoast-schema-graph\">{\"@context\":\"https:\\\/\\\/schema.org\",\"@graph\":[{\"@type\":\"WebPage\",\"@id\":\"https:\\\/\\\/micasa.lv\\\/en\\\/ashtray-black\\\/\",\"url\":\"https:\\\/\\\/micasa.lv\\\/en\\\/ashtray-black\\\/\",\"name\":\"Ashtray, black - Micasa\",\"isPartOf\":{\"@id\":\"https:\\\/\\\/micasa.lv\\\/en\\\/#website\"},\"primaryImageOfPage\":{\"@id\":\"https:\\\/\\\/micasa.lv\\\/en\\\/ashtray-black\\\/#primaryimage\"},\"image\":{\"@id\":\"https:\\\/\\\/micasa.lv\\\/en\\\/ashtray-black\\\/#primaryimage\"},\"thumbnailUrl\":\"https:\\\/\\\/micasa.lv\\\/wp-content\\\/uploads\\\/2025\\\/05\\\/1bfd1ba1240ca0ea74f262f660685e98_101015150-velky.jpg\",\"datePublished\":\"2025-05-10T11:06:29+00:00\",\"dateModified\":\"2025-06-13T07:15:17+00:00\",\"breadcrumb\":{\"@id\":\"https:\\\/\\\/micasa.lv\\\/en\\\/ashtray-black\\\/#breadcrumb\"},\"inLanguage\":\"en-US\",\"potentialAction\":[{\"@type\":\"ReadAction\",\"target\":[\"https:\\\/\\\/micasa.lv\\\/en\\\/ashtray-black\\\/\"]}]},{\"@type\":\"ImageObject\",\"inLanguage\":\"en-US\",\"@id\":\"https:\\\/\\\/micasa.lv\\\/en\\\/ashtray-black\\\/#primaryimage\",\"url\":\"https:\\\/\\\/micasa.lv\\\/wp-content\\\/uploads\\\/2025\\\/05\\\/1bfd1ba1240ca0ea74f262f660685e98_101015150-velky.jpg\",\"contentUrl\":\"https:\\\/\\\/micasa.lv\\\/wp-content\\\/uploads\\\/2025\\\/05\\\/1bfd1ba1240ca0ea74f262f660685e98_101015150-velky.jpg\",\"width\":193,\"height\":500},{\"@type\":\"BreadcrumbList\",\"@id\":\"https:\\\/\\\/micasa.lv\\\/en\\\/ashtray-black\\\/#breadcrumb\",\"itemListElement\":[{\"@type\":\"ListItem\",\"position\":1,\"name\":\"Home\",\"item\":\"https:\\\/\\\/micasa.lv\\\/en\\\/\"},{\"@type\":\"ListItem\",\"position\":2,\"name\":\"Shop\",\"item\":\"https:\\\/\\\/micasa.lv\\\/en\\\/shop\\\/\"},{\"@type\":\"ListItem\",\"position\":3,\"name\":\"Ashtray, black\"}]},{\"@type\":\"WebSite\",\"@id\":\"https:\\\/\\\/micasa.lv\\\/en\\\/#website\",\"url\":\"https:\\\/\\\/micasa.lv\\\/en\\\/\",\"name\":\"Micasa\",\"description\":\"\",\"potentialAction\":[{\"@type\":\"SearchAction\",\"target\":{\"@type\":\"EntryPoint\",\"urlTemplate\":\"https:\\\/\\\/micasa.lv\\\/en\\\/?s={search_term_string}\"},\"query-input\":{\"@type\":\"PropertyValueSpecification\",\"valueRequired\":true,\"valueName\":\"search_term_string\"}}],\"inLanguage\":\"en-US\"}]}<\/script>\n<!-- \/ Yoast SEO plugin. -->","yoast_head_json":{"title":"Ashtray, black - Micasa","robots":{"index":"index","follow":"follow","max-snippet":"max-snippet:-1","max-image-preview":"max-image-preview:large","max-video-preview":"max-video-preview:-1"},"canonical":"https:\/\/micasa.lv\/en\/ashtray-black\/","og_locale":"en_US","og_type":"article","og_title":"Ashtray, black - Micasa","og_description":"Kvalitn\u00ed venkovn\u00ed popeln\u00edk z nerezu, v \u010dern\u00e9 barv\u011b. Velmi stabiln\u00ed, odol\u00e1 pov\u011btrnostn\u00edm vliv\u016fm. Materi\u00e1l: popeln\u00edk: \u017eelezo kryt: ocel","og_url":"https:\/\/micasa.lv\/en\/ashtray-black\/","og_site_name":"Micasa","article_modified_time":"2025-06-13T07:15:17+00:00","og_image":[{"width":193,"height":500,"url":"https:\/\/micasa.lv\/wp-content\/uploads\/2025\/05\/1bfd1ba1240ca0ea74f262f660685e98_101015150-velky.jpg","type":"image\/jpeg"}],"twitter_card":"summary_large_image","schema":{"@context":"https:\/\/schema.org","@graph":[{"@type":"WebPage","@id":"https:\/\/micasa.lv\/en\/ashtray-black\/","url":"https:\/\/micasa.lv\/en\/ashtray-black\/","name":"Ashtray, black - Micasa","isPartOf":{"@id":"https:\/\/micasa.lv\/en\/#website"},"primaryImageOfPage":{"@id":"https:\/\/micasa.lv\/en\/ashtray-black\/#primaryimage"},"image":{"@id":"https:\/\/micasa.lv\/en\/ashtray-black\/#primaryimage"},"thumbnailUrl":"https:\/\/micasa.lv\/wp-content\/uploads\/2025\/05\/1bfd1ba1240ca0ea74f262f660685e98_101015150-velky.jpg","datePublished":"2025-05-10T11:06:29+00:00","dateModified":"2025-06-13T07:15:17+00:00","breadcrumb":{"@id":"https:\/\/micasa.lv\/en\/ashtray-black\/#breadcrumb"},"inLanguage":"en-US","potentialAction":[{"@type":"ReadAction","target":["https:\/\/micasa.lv\/en\/ashtray-black\/"]}]},{"@type":"ImageObject","inLanguage":"en-US","@id":"https:\/\/micasa.lv\/en\/ashtray-black\/#primaryimage","url":"https:\/\/micasa.lv\/wp-content\/uploads\/2025\/05\/1bfd1ba1240ca0ea74f262f660685e98_101015150-velky.jpg","contentUrl":"https:\/\/micasa.lv\/wp-content\/uploads\/2025\/05\/1bfd1ba1240ca0ea74f262f660685e98_101015150-velky.jpg","width":193,"height":500},{"@type":"BreadcrumbList","@id":"https:\/\/micasa.lv\/en\/ashtray-black\/#breadcrumb","itemListElement":[{"@type":"ListItem","position":1,"name":"Home","item":"https:\/\/micasa.lv\/en\/"},{"@type":"ListItem","position":2,"name":"Shop","item":"https:\/\/micasa.lv\/en\/shop\/"},{"@type":"ListItem","position":3,"name":"Ashtray, black"}]},{"@type":"WebSite","@id":"https:\/\/micasa.lv\/en\/#website","url":"https:\/\/micasa.lv\/en\/","name":"Micasa","description":"","potentialAction":[{"@type":"SearchAction","target":{"@type":"EntryPoint","urlTemplate":"https:\/\/micasa.lv\/en\/?s={search_term_string}"},"query-input":{"@type":"PropertyValueSpecification","valueRequired":true,"valueName":"search_term_string"}}],"inLanguage":"en-US"}]}},"wcpa_form_fields":null,"_links":{"self":[{"href":"https:\/\/micasa.lv\/en\/wp-json\/wp\/v2\/product\/33798","targetHints":{"allow":["GET"]}}],"collection":[{"href":"https:\/\/micasa.lv\/en\/wp-json\/wp\/v2\/product"}],"about":[{"href":"https:\/\/micasa.lv\/en\/wp-json\/wp\/v2\/types\/product"}],"version-history":[{"count":1,"href":"https:\/\/micasa.lv\/en\/wp-json\/wp\/v2\/product\/33798\/revisions"}],"predecessor-version":[{"id":33828,"href":"https:\/\/micasa.lv\/en\/wp-json\/wp\/v2\/product\/33798\/revisions\/33828"}],"wp:featuredmedia":[{"embeddable":true,"href":"https:\/\/micasa.lv\/en\/wp-json\/wp\/v2\/media\/33461"}],"wp:attachment":[{"href":"https:\/\/micasa.lv\/en\/wp-json\/wp\/v2\/media?parent=33798"}],"wp:term":[{"taxonomy":"product_brand","embeddable":true,"href":"https:\/\/micasa.lv\/en\/wp-json\/wp\/v2\/product_brand?post=33798"},{"taxonomy":"product_cat","embeddable":true,"href":"https:\/\/micasa.lv\/en\/wp-json\/wp\/v2\/product_cat?post=33798"},{"taxonomy":"product_tag","embeddable":true,"href":"https:\/\/micasa.lv\/en\/wp-json\/wp\/v2\/product_tag?post=33798"}],"curies":[{"name":"wp","href":"https:\/\/api.w.org\/{rel}","templated":true}]}}