{"id":58762,"date":"2023-04-20T11:47:35","date_gmt":"2023-04-20T08:47:35","guid":{"rendered":"https:\/\/test.micasa.lv\/par-mums-2\/"},"modified":"2025-08-19T10:20:18","modified_gmt":"2025-08-19T07:20:18","slug":"par-mums","status":"publish","type":"page","link":"https:\/\/micasa.lv\/lv\/par-mums\/","title":{"rendered":"Par mums"},"content":{"rendered":"\t\t<div data-elementor-type=\"wp-page\" data-elementor-id=\"58762\" class=\"elementor elementor-58762 elementor-31\">\n\t\t\t\t<div class=\"wd-negative-gap elementor-element elementor-element-17af06c e-flex e-con-boxed e-con e-parent\" data-id=\"17af06c\" data-element_type=\"container\" data-e-type=\"container\">\n\t\t\t\t\t<div class=\"e-con-inner\">\n\t\t\t\t<div class=\"elementor-element elementor-element-64c483eb wd-width-100 elementor-widget elementor-widget-wd_title\" data-id=\"64c483eb\" data-element_type=\"widget\" data-e-type=\"widget\" data-widget_type=\"wd_title.default\">\n\t\t\t\t<div class=\"elementor-widget-container\">\n\t\t\t\t\t\t\t<div class=\"title-wrapper wd-set-mb reset-last-child wd-title-color-default wd-title-style-default wd-title-size-extra-large text-center\">\n\n\t\t\t\t\t\t\t\t\t\t\t<div class=\"title-subtitle subtitle-color-default subtitle-style-default wd-fontsize-m\">\n\t\t\t\t\tLaipni l\u016bdzam m\u016bsu Micasa m\u0101jaslap\u0101\t\t\t\t<\/div>\n\t\t\t\n\t\t\t<div class=\"liner-continer\">\n\t\t\t\t<h4 class=\"woodmart-title-container title wd-fontsize-xxxl\">Par mums <\/h4> \n\t\t\t\t\t\t\t<\/div>\n\n\t\t\t\t\t<\/div>\n\t\t\t\t\t\t<\/div>\n\t\t\t\t<\/div>\n\t\t\t\t<div class=\"elementor-element elementor-element-6f1a3c5b elementor-widget-divider--separator-type-pattern elementor-widget-divider--view-line elementor-widget elementor-widget-divider\" data-id=\"6f1a3c5b\" data-element_type=\"widget\" data-e-type=\"widget\" data-widget_type=\"divider.default\">\n\t\t\t\t<div class=\"elementor-widget-container\">\n\t\t\t\t\t\t\t<div class=\"elementor-divider\" style=\"--divider-pattern-url: url(&quot;data:image\/svg+xml,%3Csvg xmlns=&#039;http:\/\/www.w3.org\/2000\/svg&#039; preserveAspectRatio=&#039;none&#039; overflow=&#039;visible&#039; height=&#039;100%&#039; viewBox=&#039;0 0 24 24&#039; fill=&#039;none&#039; stroke=&#039;black&#039; stroke-width=&#039;4&#039; stroke-linecap=&#039;square&#039; stroke-miterlimit=&#039;10&#039;%3E%3Cpolyline points=&#039;0,18 12,6 24,18 &#039;\/%3E%3C\/svg%3E&quot;);\">\n\t\t\t<span class=\"elementor-divider-separator\">\n\t\t\t\t\t\t<\/span>\n\t\t<\/div>\n\t\t\t\t\t\t<\/div>\n\t\t\t\t<\/div>\n\t\t\t\t<div class=\"elementor-element elementor-element-7c20ef05 elementor-widget elementor-widget-wd_text_block\" data-id=\"7c20ef05\" data-element_type=\"widget\" data-e-type=\"widget\" data-widget_type=\"wd_text_block.default\">\n\t\t\t\t<div class=\"elementor-widget-container\">\n\t\t\t\t\t\t\t<div class=\"wd-text-block reset-last-child text-left color-title\">\n\t\t\t\n\t\t\t<p> <\/p><p>Esam ambicioza un pieredz\u0113jusi komanda, kas apdares materi\u0101lu tirg\u016b darbojusies vair\u0101ku gadu garum\u0101. Visi m\u016bsu komandas dal\u012bbnieki ir zino\u0161i speci\u0101listi sav\u0101 jom\u0101 un labpr\u0101t dal\u012bsies sav\u0101 pieredz\u0113 ar interesentiem.<\/p><p>Kvalit\u0101te ir m\u016bsu filozofija, nestandarta risin\u0101jumi ir m\u016bsu ikdiena. M\u0113s ar prieku pie\u0146emsim jebkuru izaicin\u0101jumu un pal\u012bdz\u0113sim \u012bstenot visdrosm\u012bg\u0101kos l\u0113mumus, jo m\u0113s to varam! Pateicoties pla\u0161ajam pied\u0101v\u0101to pre\u010du kl\u0101stam, kas nep\u0101rtraukti aug un att\u012bst\u0101s kop\u0101 ar mums, jums b\u016bs viegli atrast risin\u0101jumu sava unik\u0101l\u0101 projekta \u012bsteno\u0161anai.<\/p><p>Parasti, apdares materi\u0101lu daudzveid\u012bba, to piem\u0113rota izv\u0113le un liel\u0101k\u0101 da\u013ca celtniec\u012bbas vai apdares darbu, kopum\u0101, saist\u012bta ar sava veida stresu un apjukumu. M\u0113s labpr\u0101t b\u016btu t\u0101 vieta, kur atsl\u0101bin\u0101ties un \u013cauties iedvesmai.<\/p>\n\t\t\t\t\t<\/div>\n\t\t\t\t\t\t<\/div>\n\t\t\t\t<\/div>\n\t\t\t\t<div class=\"elementor-element elementor-element-1294476d elementor-widget-divider--separator-type-pattern elementor-widget-divider--view-line elementor-widget elementor-widget-divider\" data-id=\"1294476d\" data-element_type=\"widget\" data-e-type=\"widget\" data-widget_type=\"divider.default\">\n\t\t\t\t<div class=\"elementor-widget-container\">\n\t\t\t\t\t\t\t<div class=\"elementor-divider\" style=\"--divider-pattern-url: url(&quot;data:image\/svg+xml,%3Csvg xmlns=&#039;http:\/\/www.w3.org\/2000\/svg&#039; preserveAspectRatio=&#039;none&#039; overflow=&#039;visible&#039; height=&#039;100%&#039; viewBox=&#039;0 0 24 24&#039; fill=&#039;none&#039; stroke=&#039;black&#039; stroke-width=&#039;4&#039; stroke-linecap=&#039;square&#039; stroke-miterlimit=&#039;10&#039;%3E%3Cpolyline points=&#039;0,18 12,6 24,18 &#039;\/%3E%3C\/svg%3E&quot;);\">\n\t\t\t<span class=\"elementor-divider-separator\">\n\t\t\t\t\t\t<\/span>\n\t\t<\/div>\n\t\t\t\t\t\t<\/div>\n\t\t\t\t<\/div>\n\t\t\t\t<div class=\"elementor-element elementor-element-62872162 elementor-widget elementor-widget-wd_text_block\" data-id=\"62872162\" data-element_type=\"widget\" data-e-type=\"widget\" data-widget_type=\"wd_text_block.default\">\n\t\t\t\t<div class=\"elementor-widget-container\">\n\t\t\t\t\t\t\t<div class=\"wd-text-block reset-last-child text-left color-title\">\n\t\t\t\n\t\t\t<p>Izst\u0101\u017eu z\u0101le \"Mi Casa\" ir vieta, kur j\u016bs varat atp\u016bsties un iedvesmoties. \u0101ciet pie mums, ieg\u016bstiet idejas, baudot tasi arom\u0101tiskas kafijas, uzziniet kaut ko jaunu vai izmantojiet iesp\u0113ju uzdot jebk\u0101dus interes\u0113jo\u0161us jaut\u0101jumus m\u016bsu speci\u0101listiem. <\/p>\n\t\t\t\t\t<\/div>\n\t\t\t\t\t\t<\/div>\n\t\t\t\t<\/div>\n\t\t\t\t<div class=\"elementor-element elementor-element-2523de35 elementor-widget-divider--separator-type-pattern elementor-widget-divider--view-line elementor-widget elementor-widget-divider\" data-id=\"2523de35\" data-element_type=\"widget\" data-e-type=\"widget\" data-widget_type=\"divider.default\">\n\t\t\t\t<div class=\"elementor-widget-container\">\n\t\t\t\t\t\t\t<div class=\"elementor-divider\" style=\"--divider-pattern-url: url(&quot;data:image\/svg+xml,%3Csvg xmlns=&#039;http:\/\/www.w3.org\/2000\/svg&#039; preserveAspectRatio=&#039;none&#039; overflow=&#039;visible&#039; height=&#039;100%&#039; viewBox=&#039;0 0 24 24&#039; fill=&#039;none&#039; stroke=&#039;black&#039; stroke-width=&#039;4&#039; stroke-linecap=&#039;square&#039; stroke-miterlimit=&#039;10&#039;%3E%3Cpolyline points=&#039;0,18 12,6 24,18 &#039;\/%3E%3C\/svg%3E&quot;);\">\n\t\t\t<span class=\"elementor-divider-separator\">\n\t\t\t\t\t\t<\/span>\n\t\t<\/div>\n\t\t\t\t\t\t<\/div>\n\t\t\t\t<\/div>\n\t\t\t\t<div class=\"elementor-element elementor-element-5a6a7af7 elementor-widget elementor-widget-wd_text_block\" data-id=\"5a6a7af7\" data-element_type=\"widget\" data-e-type=\"widget\" data-widget_type=\"wd_text_block.default\">\n\t\t\t\t<div class=\"elementor-widget-container\">\n\t\t\t\t\t\t\t<div class=\"wd-text-block reset-last-child text-left color-title\">\n\t\t\t\n\t\t\t<p>Pied\u0101v\u0101jam pla\u0161u pre\u010du kl\u0101stu ne tikai priv\u0101tperson\u0101m, bet ar\u012b sadarbojamies ar arhitektiem un interjera dizaineriem, b\u016bvniec\u012bbas uz\u0146\u0113mumiem un valsts iest\u0101d\u0113m. <\/p><p>Past\u0101v\u012bgajiem klientiem un partneriem vairumtirdzniec\u012bbas t\u012bkl\u0101 tiek nodro\u0161in\u0101ti \u012bpa\u0161i nosac\u012bjumi un atlaides.<\/p><p>M\u016bsu komanda labpr\u0101t sniegs konsult\u0101cijas gan att\u0101lin\u0101ti, gan m\u016bsu salon\u0101 \"Mi Casa\", R\u012bg\u0101, Pildas iel\u0101 16a, 2.st\u0101v\u0101. <\/p><p>Priec\u0101simies j\u016bs redz\u0113t m\u016bsu klientu vid\u016b.<\/p>\n\t\t\t\t\t<\/div>\n\t\t\t\t\t\t<\/div>\n\t\t\t\t<\/div>\n\t\t\t\t\t<\/div>\n\t\t\t\t<\/div>\n\t\t\t\t<\/div>\n\t\t","protected":false},"excerpt":{"rendered":"<p>Laipni l\u016bdzam m\u016bsu Micasa m\u0101jaslap\u0101 Par mums Esam ambicioza un pieredz\u0113jusi komanda, kas apdares materi\u0101lu tirg\u016b darbojusies vair\u0101ku gadu garum\u0101.<\/p>\n","protected":false},"author":1,"featured_media":0,"parent":0,"menu_order":0,"comment_status":"closed","ping_status":"closed","template":"","meta":{"footnotes":""},"class_list":["post-58762","page","type-page","status-publish","hentry"],"yoast_head":"<!-- This site is optimized with the Yoast SEO plugin v27.4 - https:\/\/yoast.com\/product\/yoast-seo-wordpress\/ -->\n<title>Par mums - Micasa<\/title>\n<meta name=\"robots\" content=\"index, follow, max-snippet:-1, max-image-preview:large, max-video-preview:-1\" \/>\n<link rel=\"canonical\" href=\"https:\/\/micasa.lv\/lv\/par-mums\/\" \/>\n<meta property=\"og:locale\" content=\"lv_LV\" \/>\n<meta property=\"og:type\" content=\"article\" \/>\n<meta property=\"og:title\" content=\"Par mums - Micasa\" \/>\n<meta property=\"og:description\" content=\"Laipni l\u016bdzam m\u016bsu Micasa m\u0101jaslap\u0101 Par mums Esam ambicioza un pieredz\u0113jusi komanda, kas apdares materi\u0101lu tirg\u016b darbojusies vair\u0101ku gadu garum\u0101.\" \/>\n<meta property=\"og:url\" content=\"https:\/\/micasa.lv\/lv\/par-mums\/\" \/>\n<meta property=\"og:site_name\" content=\"Micasa\" \/>\n<meta property=\"article:modified_time\" content=\"2025-08-19T07:20:18+00:00\" \/>\n<meta name=\"twitter:card\" content=\"summary_large_image\" \/>\n<meta name=\"twitter:label1\" content=\"Est. reading time\" \/>\n\t<meta name=\"twitter:data1\" content=\"1 minute\" \/>\n<script type=\"application\/ld+json\" class=\"yoast-schema-graph\">{\"@context\":\"https:\\\/\\\/schema.org\",\"@graph\":[{\"@type\":\"WebPage\",\"@id\":\"https:\\\/\\\/micasa.lv\\\/lv\\\/par-mums\\\/\",\"url\":\"https:\\\/\\\/micasa.lv\\\/lv\\\/par-mums\\\/\",\"name\":\"Par mums - Micasa\",\"isPartOf\":{\"@id\":\"https:\\\/\\\/micasa.lv\\\/lv\\\/#website\"},\"datePublished\":\"2023-04-20T08:47:35+00:00\",\"dateModified\":\"2025-08-19T07:20:18+00:00\",\"breadcrumb\":{\"@id\":\"https:\\\/\\\/micasa.lv\\\/lv\\\/par-mums\\\/#breadcrumb\"},\"inLanguage\":\"lv-LV\",\"potentialAction\":[{\"@type\":\"ReadAction\",\"target\":[\"https:\\\/\\\/micasa.lv\\\/lv\\\/par-mums\\\/\"]}]},{\"@type\":\"BreadcrumbList\",\"@id\":\"https:\\\/\\\/micasa.lv\\\/lv\\\/par-mums\\\/#breadcrumb\",\"itemListElement\":[{\"@type\":\"ListItem\",\"position\":1,\"name\":\"S\u0101kums\",\"item\":\"https:\\\/\\\/micasa.lv\\\/lv\\\/micasa\\\/\"},{\"@type\":\"ListItem\",\"position\":2,\"name\":\"Par mums\"}]},{\"@type\":\"WebSite\",\"@id\":\"https:\\\/\\\/micasa.lv\\\/lv\\\/#website\",\"url\":\"https:\\\/\\\/micasa.lv\\\/lv\\\/\",\"name\":\"Micasa\",\"description\":\"\",\"potentialAction\":[{\"@type\":\"SearchAction\",\"target\":{\"@type\":\"EntryPoint\",\"urlTemplate\":\"https:\\\/\\\/micasa.lv\\\/lv\\\/?s={search_term_string}\"},\"query-input\":{\"@type\":\"PropertyValueSpecification\",\"valueRequired\":true,\"valueName\":\"search_term_string\"}}],\"inLanguage\":\"lv-LV\"}]}<\/script>\n<!-- \/ Yoast SEO plugin. -->","yoast_head_json":{"title":"Par mums - Micasa","robots":{"index":"index","follow":"follow","max-snippet":"max-snippet:-1","max-image-preview":"max-image-preview:large","max-video-preview":"max-video-preview:-1"},"canonical":"https:\/\/micasa.lv\/lv\/par-mums\/","og_locale":"lv_LV","og_type":"article","og_title":"Par mums - Micasa","og_description":"Laipni l\u016bdzam m\u016bsu Micasa m\u0101jaslap\u0101 Par mums Esam ambicioza un pieredz\u0113jusi komanda, kas apdares materi\u0101lu tirg\u016b darbojusies vair\u0101ku gadu garum\u0101.","og_url":"https:\/\/micasa.lv\/lv\/par-mums\/","og_site_name":"Micasa","article_modified_time":"2025-08-19T07:20:18+00:00","twitter_card":"summary_large_image","twitter_misc":{"Est. reading time":"1 minute"},"schema":{"@context":"https:\/\/schema.org","@graph":[{"@type":"WebPage","@id":"https:\/\/micasa.lv\/lv\/par-mums\/","url":"https:\/\/micasa.lv\/lv\/par-mums\/","name":"Par mums - Micasa","isPartOf":{"@id":"https:\/\/micasa.lv\/lv\/#website"},"datePublished":"2023-04-20T08:47:35+00:00","dateModified":"2025-08-19T07:20:18+00:00","breadcrumb":{"@id":"https:\/\/micasa.lv\/lv\/par-mums\/#breadcrumb"},"inLanguage":"lv-LV","potentialAction":[{"@type":"ReadAction","target":["https:\/\/micasa.lv\/lv\/par-mums\/"]}]},{"@type":"BreadcrumbList","@id":"https:\/\/micasa.lv\/lv\/par-mums\/#breadcrumb","itemListElement":[{"@type":"ListItem","position":1,"name":"S\u0101kums","item":"https:\/\/micasa.lv\/lv\/micasa\/"},{"@type":"ListItem","position":2,"name":"Par mums"}]},{"@type":"WebSite","@id":"https:\/\/micasa.lv\/lv\/#website","url":"https:\/\/micasa.lv\/lv\/","name":"Micasa","description":"","potentialAction":[{"@type":"SearchAction","target":{"@type":"EntryPoint","urlTemplate":"https:\/\/micasa.lv\/lv\/?s={search_term_string}"},"query-input":{"@type":"PropertyValueSpecification","valueRequired":true,"valueName":"search_term_string"}}],"inLanguage":"lv-LV"}]}},"_links":{"self":[{"href":"https:\/\/micasa.lv\/lv\/wp-json\/wp\/v2\/pages\/58762","targetHints":{"allow":["GET"]}}],"collection":[{"href":"https:\/\/micasa.lv\/lv\/wp-json\/wp\/v2\/pages"}],"about":[{"href":"https:\/\/micasa.lv\/lv\/wp-json\/wp\/v2\/types\/page"}],"author":[{"embeddable":true,"href":"https:\/\/micasa.lv\/lv\/wp-json\/wp\/v2\/users\/1"}],"replies":[{"embeddable":true,"href":"https:\/\/micasa.lv\/lv\/wp-json\/wp\/v2\/comments?post=58762"}],"version-history":[{"count":4,"href":"https:\/\/micasa.lv\/lv\/wp-json\/wp\/v2\/pages\/58762\/revisions"}],"predecessor-version":[{"id":59262,"href":"https:\/\/micasa.lv\/lv\/wp-json\/wp\/v2\/pages\/58762\/revisions\/59262"}],"wp:attachment":[{"href":"https:\/\/micasa.lv\/lv\/wp-json\/wp\/v2\/media?parent=58762"}],"curies":[{"name":"wp","href":"https:\/\/api.w.org\/{rel}","templated":true}]}}