{"id":58771,"date":"2023-04-20T11:47:20","date_gmt":"2023-04-20T08:47:20","guid":{"rendered":"https:\/\/test.micasa.lv\/sazinieties-ar-mums-2\/"},"modified":"2025-09-23T14:40:06","modified_gmt":"2025-09-23T11:40:06","slug":"sazinieties-ar-mums-2","status":"publish","type":"page","link":"https:\/\/micasa.lv\/lv\/sazinieties-ar-mums-2\/","title":{"rendered":"Kontakti"},"content":{"rendered":"\t\t<div data-elementor-type=\"wp-page\" data-elementor-id=\"58771\" class=\"elementor elementor-58771 elementor-29\">\n\t\t\t\t<div class=\"elementor-element elementor-element-2fe701e3 wd-section-stretch-content e-flex e-con-boxed e-con e-parent\" data-id=\"2fe701e3\" data-element_type=\"container\" data-e-type=\"container\">\n\t\t\t\t\t<div class=\"e-con-inner\">\n\t\t\t\t<div class=\"elementor-element elementor-element-73001a4c elementor-widget elementor-widget-html\" data-id=\"73001a4c\" data-element_type=\"widget\" data-e-type=\"widget\" data-widget_type=\"html.default\">\n\t\t\t\t<div class=\"elementor-widget-container\">\n\t\t\t\t\t<iframe src=\"https:\/\/www.google.com\/maps\/embed?pb=!1m14!1m8!1m3!1d34829.89974039658!2d24.1714863!3d56.9339161!3m2!1i1024!2i768!4f13.1!3m3!1m2!1s0x46eece1aab6970a1%3A0xc2b0557c5bc64738!2sPildas%20iela%2016A%2C%20Latgales%20priek%C5%A1pils%C4%93ta%2C%20R%C4%ABga%2C%20LV-1073!5e0!3m2!1sen!2slv!4v1704279552386!5m2!1sen!2slv\" width=\"100%\" height=\"650\" style=\"border:0;\" allowfullscreen=\"\" loading=\"lazy\" referrerpolicy=\"no-referrer-when-downgrade\"><\/iframe>\t\t\t\t<\/div>\n\t\t\t\t<\/div>\n\t\t\t\t\t<\/div>\n\t\t\t\t<\/div>\n\t\t<div class=\"wd-negative-gap elementor-element elementor-element-496cdc02 e-flex e-con-boxed e-con e-parent\" data-id=\"496cdc02\" data-element_type=\"container\" data-e-type=\"container\">\n\t\t\t\t\t<div class=\"e-con-inner\">\n\t\t<div class=\"elementor-element elementor-element-710e70d4 e-con-full e-flex e-con e-child\" data-id=\"710e70d4\" data-element_type=\"container\" data-e-type=\"container\">\n\t\t\t\t<div class=\"elementor-element elementor-element-5c856e89 elementor-widget elementor-widget-wd_text_block\" data-id=\"5c856e89\" data-element_type=\"widget\" data-e-type=\"widget\" data-widget_type=\"wd_text_block.default\">\n\t\t\t\t<div class=\"elementor-widget-container\">\n\t\t\t\t\t\t\t<div class=\"wd-text-block reset-last-child text-left\">\n\t\t\t\n\t\t\t<p><a href=\"tel:+371%2029995799\">+371 29995799<\/a><\/p>\n<p><a href=\"mailto:info@micasa.lv\">info@micasa.lv<\/a><\/p>\n<p><a href=\"https:\/\/www.google.com\/maps\/place\/Mi+Casa\/@56.9409097,24.1783724,18.9z\/data=!4m6!3m5!1s0x46eece15beca905b:0x1cac89bdd634075c!8m2!3d56.9409323!4d24.1785383!16s%2Fg%2F11b63f5zk0?entry=ttu\" target=\"_blank\" rel=\"noopener\">Salons - Pildas iela 16A (2.st\u0101vs), R\u012bga, Latvija, LV-1073<\/a><\/p>\n<p>Pirmdiena - Piektdiena 9:00-18:00<\/p>\n\n\t\t\t\t\t<\/div>\n\t\t\t\t\t\t<\/div>\n\t\t\t\t<\/div>\n\t\t\t\t<\/div>\n\t\t<div class=\"elementor-element elementor-element-66c6912d e-con-full e-flex e-con e-child\" data-id=\"66c6912d\" data-element_type=\"container\" data-e-type=\"container\">\n\t\t\t\t<div class=\"elementor-element elementor-element-9010484 wd-width-100 elementor-widget elementor-widget-wd_title\" data-id=\"9010484\" data-element_type=\"widget\" data-e-type=\"widget\" data-widget_type=\"wd_title.default\">\n\t\t\t\t<div class=\"elementor-widget-container\">\n\t\t\t\t\t\t\t<div class=\"title-wrapper wd-set-mb reset-last-child wd-title-color-default wd-title-style-default wd-title-size-default text-left\">\n\n\t\t\t\t\t\t\t\t\t\t\t<div class=\"title-subtitle subtitle-color-default subtitle-style-default wd-fontsize-xs\">\n\t\t\t\t\tINFORM\u0100CIJA PAR MUMS\t\t\t\t<\/div>\n\t\t\t\n\t\t\t<div class=\"liner-continer\">\n\t\t\t\t<h4 class=\"woodmart-title-container title wd-fontsize-l\">SAZINIETIES AR MUMS PAR VISIEM JAUT\u0100JUMIEM<\/h4> \n\t\t\t\t\t\t\t<\/div>\n\n\t\t\t\t\t<\/div>\n\t\t\t\t\t\t<\/div>\n\t\t\t\t<\/div>\n\t\t\t\t<div class=\"elementor-element elementor-element-a370b32 wd-cf7 elementor-widget elementor-widget-wd_contact_form_7\" data-id=\"a370b32\" data-element_type=\"widget\" data-e-type=\"widget\" data-widget_type=\"wd_contact_form_7.default\">\n\t\t\t\t<div class=\"elementor-widget-container\">\n\t\t\t\t\t\n<div class=\"wpcf7 no-js\" id=\"wpcf7-f56864-o1\" lang=\"lv-LV\" dir=\"ltr\" data-wpcf7-id=\"56864\">\n<div class=\"screen-reader-response\"><p role=\"status\" aria-live=\"polite\" aria-atomic=\"true\"><\/p> <ul><\/ul><\/div>\n<form action=\"\/lv\/wp-json\/wp\/v2\/pages\/58771#wpcf7-f56864-o1\" method=\"post\" class=\"wpcf7-form init\" aria-label=\"Contact form\" novalidate=\"novalidate\" data-status=\"init\">\n<fieldset class=\"hidden-fields-container\"><input type=\"hidden\" name=\"_wpcf7\" value=\"56864\" \/><input type=\"hidden\" name=\"_wpcf7_version\" value=\"6.1.5\" \/><input type=\"hidden\" name=\"_wpcf7_locale\" value=\"lv_LV\" \/><input type=\"hidden\" name=\"_wpcf7_unit_tag\" value=\"wpcf7-f56864-o1\" \/><input type=\"hidden\" name=\"_wpcf7_container_post\" value=\"0\" \/><input type=\"hidden\" name=\"_wpcf7_posted_data_hash\" value=\"\" \/>\n<\/fieldset>\n<div class=\"row\">\n\t<p class=\"col-md-6\"><label>J\u016bsu v\u0101rds<\/label><span class=\"wpcf7-form-control-wrap\" data-name=\"your-name\"><input size=\"40\" maxlength=\"400\" class=\"wpcf7-form-control wpcf7-text wpcf7-validates-as-required\" aria-required=\"true\" aria-invalid=\"false\" value=\"\" type=\"text\" name=\"your-name\" \/><\/span>\n\t<\/p>\n\t<p class=\"col-md-6\"><label>J\u016bsu e-pasts<\/label><span class=\"wpcf7-form-control-wrap\" data-name=\"your-email\"><input size=\"40\" maxlength=\"400\" class=\"wpcf7-form-control wpcf7-email wpcf7-validates-as-required wpcf7-text wpcf7-validates-as-email\" aria-required=\"true\" aria-invalid=\"false\" value=\"\" type=\"email\" name=\"your-email\" \/><\/span>\n\t<\/p>\n<\/div>\n<div class=\"row\">\n\t<p class=\"col-md-6\"><label>T\u0101lru\u0146a numurs<\/label><span class=\"wpcf7-form-control-wrap\" data-name=\"tel-767\"><input size=\"40\" maxlength=\"400\" class=\"wpcf7-form-control wpcf7-tel wpcf7-text wpcf7-validates-as-tel\" aria-invalid=\"false\" value=\"\" type=\"tel\" name=\"tel-767\" \/><\/span>\n\t<\/p>\n\t<p class=\"col-md-6\"><label>Uz\u0146\u0113mums<\/label><span class=\"wpcf7-form-control-wrap\" data-name=\"text-1\"><input size=\"40\" maxlength=\"400\" class=\"wpcf7-form-control wpcf7-text\" aria-invalid=\"false\" value=\"\" type=\"text\" name=\"text-1\" \/><\/span>\n\t<\/p>\n<\/div>\n<p><label>J\u016bsu zi\u0146ojums<\/label><span class=\"wpcf7-form-control-wrap\" data-name=\"your-message\"><textarea cols=\"40\" rows=\"10\" maxlength=\"2000\" class=\"wpcf7-form-control wpcf7-textarea\" aria-invalid=\"false\" name=\"your-message\"><\/textarea><\/span>\n<\/p>\n<p>[cf7apps_hcaptcha cf7apps_hcaptcha-985 language:lv size:normal theme:light]\n<\/p>\n<p><input class=\"wpcf7-form-control wpcf7-submit has-spinner btn-color-black\" type=\"submit\" value=\"Uzdot jaut\u0101jumu\" \/>\n<\/p><div class=\"wpcf7-response-output\" aria-hidden=\"true\"><\/div>\n<\/form>\n<\/div>\n\t\t\t\t<\/div>\n\t\t\t\t<\/div>\n\t\t\t\t<\/div>\n\t\t\t\t\t<\/div>\n\t\t\t\t<\/div>\n\t\t\t\t<\/div>\n\t\t","protected":false},"excerpt":{"rendered":"<p>+371 29995799 info@micasa.lv Salons &#8211; Pildas iela 16A (2.st\u0101vs), R\u012bga, Latvija, LV-1073 Pirmdiena &#8211; Piektdiena 9:00-18:00 INFORM\u0100CIJA PAR MUMS SAZINIETIES<\/p>\n","protected":false},"author":1,"featured_media":0,"parent":0,"menu_order":0,"comment_status":"closed","ping_status":"closed","template":"","meta":{"footnotes":""},"class_list":["post-58771","page","type-page","status-publish","hentry"],"yoast_head":"<!-- This site is optimized with the Yoast SEO plugin v27.4 - https:\/\/yoast.com\/product\/yoast-seo-wordpress\/ -->\n<title>Kontakti - Micasa<\/title>\n<meta name=\"robots\" content=\"index, follow, max-snippet:-1, max-image-preview:large, max-video-preview:-1\" \/>\n<link rel=\"canonical\" href=\"https:\/\/micasa.lv\/lv\/sazinieties-ar-mums-2\/\" \/>\n<meta property=\"og:locale\" content=\"lv_LV\" \/>\n<meta property=\"og:type\" content=\"article\" \/>\n<meta property=\"og:title\" content=\"Kontakti - Micasa\" \/>\n<meta property=\"og:description\" content=\"+371 29995799 info@micasa.lv Salons &#8211; Pildas iela 16A (2.st\u0101vs), R\u012bga, Latvija, LV-1073 Pirmdiena &#8211; Piektdiena 9:00-18:00 INFORM\u0100CIJA PAR MUMS SAZINIETIES\" \/>\n<meta property=\"og:url\" content=\"https:\/\/micasa.lv\/lv\/sazinieties-ar-mums-2\/\" \/>\n<meta property=\"og:site_name\" content=\"Micasa\" \/>\n<meta property=\"article:modified_time\" content=\"2025-09-23T11:40:06+00:00\" \/>\n<meta name=\"twitter:card\" content=\"summary_large_image\" \/>\n<meta name=\"twitter:label1\" content=\"Est. reading time\" \/>\n\t<meta name=\"twitter:data1\" content=\"1 minute\" \/>\n<script type=\"application\/ld+json\" class=\"yoast-schema-graph\">{\"@context\":\"https:\\\/\\\/schema.org\",\"@graph\":[{\"@type\":\"WebPage\",\"@id\":\"https:\\\/\\\/micasa.lv\\\/lv\\\/sazinieties-ar-mums-2\\\/\",\"url\":\"https:\\\/\\\/micasa.lv\\\/lv\\\/sazinieties-ar-mums-2\\\/\",\"name\":\"Kontakti - Micasa\",\"isPartOf\":{\"@id\":\"https:\\\/\\\/micasa.lv\\\/lv\\\/#website\"},\"datePublished\":\"2023-04-20T08:47:20+00:00\",\"dateModified\":\"2025-09-23T11:40:06+00:00\",\"breadcrumb\":{\"@id\":\"https:\\\/\\\/micasa.lv\\\/lv\\\/sazinieties-ar-mums-2\\\/#breadcrumb\"},\"inLanguage\":\"lv-LV\",\"potentialAction\":[{\"@type\":\"ReadAction\",\"target\":[\"https:\\\/\\\/micasa.lv\\\/lv\\\/sazinieties-ar-mums-2\\\/\"]}]},{\"@type\":\"BreadcrumbList\",\"@id\":\"https:\\\/\\\/micasa.lv\\\/lv\\\/sazinieties-ar-mums-2\\\/#breadcrumb\",\"itemListElement\":[{\"@type\":\"ListItem\",\"position\":1,\"name\":\"S\u0101kums\",\"item\":\"https:\\\/\\\/micasa.lv\\\/lv\\\/micasa\\\/\"},{\"@type\":\"ListItem\",\"position\":2,\"name\":\"Kontakti\"}]},{\"@type\":\"WebSite\",\"@id\":\"https:\\\/\\\/micasa.lv\\\/lv\\\/#website\",\"url\":\"https:\\\/\\\/micasa.lv\\\/lv\\\/\",\"name\":\"Micasa\",\"description\":\"\",\"potentialAction\":[{\"@type\":\"SearchAction\",\"target\":{\"@type\":\"EntryPoint\",\"urlTemplate\":\"https:\\\/\\\/micasa.lv\\\/lv\\\/?s={search_term_string}\"},\"query-input\":{\"@type\":\"PropertyValueSpecification\",\"valueRequired\":true,\"valueName\":\"search_term_string\"}}],\"inLanguage\":\"lv-LV\"}]}<\/script>\n<!-- \/ Yoast SEO plugin. -->","yoast_head_json":{"title":"Kontakti - Micasa","robots":{"index":"index","follow":"follow","max-snippet":"max-snippet:-1","max-image-preview":"max-image-preview:large","max-video-preview":"max-video-preview:-1"},"canonical":"https:\/\/micasa.lv\/lv\/sazinieties-ar-mums-2\/","og_locale":"lv_LV","og_type":"article","og_title":"Kontakti - Micasa","og_description":"+371 29995799 info@micasa.lv Salons &#8211; Pildas iela 16A (2.st\u0101vs), R\u012bga, Latvija, LV-1073 Pirmdiena &#8211; Piektdiena 9:00-18:00 INFORM\u0100CIJA PAR MUMS SAZINIETIES","og_url":"https:\/\/micasa.lv\/lv\/sazinieties-ar-mums-2\/","og_site_name":"Micasa","article_modified_time":"2025-09-23T11:40:06+00:00","twitter_card":"summary_large_image","twitter_misc":{"Est. reading time":"1 minute"},"schema":{"@context":"https:\/\/schema.org","@graph":[{"@type":"WebPage","@id":"https:\/\/micasa.lv\/lv\/sazinieties-ar-mums-2\/","url":"https:\/\/micasa.lv\/lv\/sazinieties-ar-mums-2\/","name":"Kontakti - Micasa","isPartOf":{"@id":"https:\/\/micasa.lv\/lv\/#website"},"datePublished":"2023-04-20T08:47:20+00:00","dateModified":"2025-09-23T11:40:06+00:00","breadcrumb":{"@id":"https:\/\/micasa.lv\/lv\/sazinieties-ar-mums-2\/#breadcrumb"},"inLanguage":"lv-LV","potentialAction":[{"@type":"ReadAction","target":["https:\/\/micasa.lv\/lv\/sazinieties-ar-mums-2\/"]}]},{"@type":"BreadcrumbList","@id":"https:\/\/micasa.lv\/lv\/sazinieties-ar-mums-2\/#breadcrumb","itemListElement":[{"@type":"ListItem","position":1,"name":"S\u0101kums","item":"https:\/\/micasa.lv\/lv\/micasa\/"},{"@type":"ListItem","position":2,"name":"Kontakti"}]},{"@type":"WebSite","@id":"https:\/\/micasa.lv\/lv\/#website","url":"https:\/\/micasa.lv\/lv\/","name":"Micasa","description":"","potentialAction":[{"@type":"SearchAction","target":{"@type":"EntryPoint","urlTemplate":"https:\/\/micasa.lv\/lv\/?s={search_term_string}"},"query-input":{"@type":"PropertyValueSpecification","valueRequired":true,"valueName":"search_term_string"}}],"inLanguage":"lv-LV"}]}},"_links":{"self":[{"href":"https:\/\/micasa.lv\/lv\/wp-json\/wp\/v2\/pages\/58771","targetHints":{"allow":["GET"]}}],"collection":[{"href":"https:\/\/micasa.lv\/lv\/wp-json\/wp\/v2\/pages"}],"about":[{"href":"https:\/\/micasa.lv\/lv\/wp-json\/wp\/v2\/types\/page"}],"author":[{"embeddable":true,"href":"https:\/\/micasa.lv\/lv\/wp-json\/wp\/v2\/users\/1"}],"replies":[{"embeddable":true,"href":"https:\/\/micasa.lv\/lv\/wp-json\/wp\/v2\/comments?post=58771"}],"version-history":[{"count":5,"href":"https:\/\/micasa.lv\/lv\/wp-json\/wp\/v2\/pages\/58771\/revisions"}],"predecessor-version":[{"id":61224,"href":"https:\/\/micasa.lv\/lv\/wp-json\/wp\/v2\/pages\/58771\/revisions\/61224"}],"wp:attachment":[{"href":"https:\/\/micasa.lv\/lv\/wp-json\/wp\/v2\/media?parent=58771"}],"curies":[{"name":"wp","href":"https:\/\/api.w.org\/{rel}","templated":true}]}}