{"id":18719,"date":"2024-10-24T15:44:46","date_gmt":"2024-10-24T12:44:46","guid":{"rendered":"https:\/\/test.micasa.lv\/product\/flooring-senses-barlinek-collection\/"},"modified":"2025-07-28T11:12:20","modified_gmt":"2025-07-28T08:12:20","slug":"flooring-senses-barlinek-collection","status":"publish","type":"product","link":"https:\/\/micasa.lv\/lv\/flooring-senses-barlinek-collection\/","title":{"rendered":"Gr\u012bdas segums Senses, Barlinek kolekcija"},"content":{"rendered":"","protected":false},"excerpt":{"rendered":"<p>Svar\u012bg\u0101k\u0101 SENSES kolekcijas gr\u012bdu iez\u012bme ir to izm\u0113ri. D\u0113\u013ci ir plat\u0101ki nek\u0101 standarta (207 mm), un \u0161o efektu v\u0113l vair\u0101k izce\u013c garenisk\u0101s \u0161\u0137autnes f\u0101z\u0113jums. Gr\u012bdas grezn\u012bbu papildina 3,2 mm biezs ozolkoka virs\u0113jais sl\u0101nis. Pateicoties daudzsl\u0101\u0146u \u0161\u0137\u0113rssavienotajai strukt\u016brai, \u0161o gr\u012bdu var iekl\u0101t ar\u012b uz apsild\u0101m\u0101m gr\u012bd\u0101m. Gr\u012bdu ir viegli kopt un uztur\u0113t t\u012bru.    <\/p>\n","protected":false},"featured_media":17949,"template":"","meta":[],"product_brand":[],"product_cat":[316,306],"product_tag":[308],"class_list":{"0":"post-18719","1":"product","2":"type-product","3":"status-publish","4":"has-post-thumbnail","6":"product_cat-gridas-segumu-kolekcijas","7":"product_cat-kolekcijas","8":"product_tag-collection-lv","9":"pa_brand-barlinek-lv","11":"first","12":"instock","13":"taxable","14":"shipping-taxable","15":"product-type-simple"},"yoast_head":"<!-- This site is optimized with the Yoast SEO plugin v27.4 - https:\/\/yoast.com\/product\/yoast-seo-wordpress\/ -->\n<title>Gr\u012bdas segums Senses, Barlinek kolekcija - Micasa<\/title>\n<meta name=\"robots\" content=\"index, follow, max-snippet:-1, max-image-preview:large, max-video-preview:-1\" \/>\n<link rel=\"canonical\" href=\"https:\/\/micasa.lv\/lv\/flooring-senses-barlinek-collection\/\" \/>\n<meta property=\"og:locale\" content=\"lv_LV\" \/>\n<meta property=\"og:type\" content=\"article\" \/>\n<meta property=\"og:title\" content=\"Gr\u012bdas segums Senses, Barlinek kolekcija - Micasa\" \/>\n<meta property=\"og:description\" content=\"Svar\u012bg\u0101k\u0101 SENSES kolekcijas gr\u012bdu iez\u012bme ir to izm\u0113ri. D\u0113\u013ci ir plat\u0101ki nek\u0101 standarta (207 mm), un \u0161o efektu v\u0113l vair\u0101k izce\u013c garenisk\u0101s \u0161\u0137autnes f\u0101z\u0113jums. Gr\u012bdas grezn\u012bbu papildina 3,2 mm biezs ozolkoka virs\u0113jais sl\u0101nis. Pateicoties daudzsl\u0101\u0146u \u0161\u0137\u0113rssavienotajai strukt\u016brai, \u0161o gr\u012bdu var iekl\u0101t ar\u012b uz apsild\u0101m\u0101m gr\u012bd\u0101m. Gr\u012bdu ir viegli kopt un uztur\u0113t t\u012bru.\" \/>\n<meta property=\"og:url\" content=\"https:\/\/micasa.lv\/lv\/flooring-senses-barlinek-collection\/\" \/>\n<meta property=\"og:site_name\" content=\"Micasa\" \/>\n<meta property=\"article:modified_time\" content=\"2025-07-28T08:12:20+00:00\" \/>\n<meta property=\"og:image\" content=\"https:\/\/micasa.lv\/wp-content\/uploads\/2024\/10\/Barlinek_senses_oak_delight_2.jpg\" \/>\n\t<meta property=\"og:image:width\" content=\"702\" \/>\n\t<meta property=\"og:image:height\" content=\"725\" \/>\n\t<meta property=\"og:image:type\" content=\"image\/jpeg\" \/>\n<meta name=\"twitter:card\" content=\"summary_large_image\" \/>\n<script type=\"application\/ld+json\" class=\"yoast-schema-graph\">{\"@context\":\"https:\\\/\\\/schema.org\",\"@graph\":[{\"@type\":\"WebPage\",\"@id\":\"https:\\\/\\\/micasa.lv\\\/lv\\\/flooring-senses-barlinek-collection\\\/\",\"url\":\"https:\\\/\\\/micasa.lv\\\/lv\\\/flooring-senses-barlinek-collection\\\/\",\"name\":\"Gr\u012bdas segums Senses, Barlinek kolekcija - Micasa\",\"isPartOf\":{\"@id\":\"https:\\\/\\\/micasa.lv\\\/lv\\\/#website\"},\"primaryImageOfPage\":{\"@id\":\"https:\\\/\\\/micasa.lv\\\/lv\\\/flooring-senses-barlinek-collection\\\/#primaryimage\"},\"image\":{\"@id\":\"https:\\\/\\\/micasa.lv\\\/lv\\\/flooring-senses-barlinek-collection\\\/#primaryimage\"},\"thumbnailUrl\":\"https:\\\/\\\/micasa.lv\\\/wp-content\\\/uploads\\\/2024\\\/10\\\/Barlinek_senses_oak_delight_2.jpg\",\"datePublished\":\"2024-10-24T12:44:46+00:00\",\"dateModified\":\"2025-07-28T08:12:20+00:00\",\"breadcrumb\":{\"@id\":\"https:\\\/\\\/micasa.lv\\\/lv\\\/flooring-senses-barlinek-collection\\\/#breadcrumb\"},\"inLanguage\":\"lv-LV\",\"potentialAction\":[{\"@type\":\"ReadAction\",\"target\":[\"https:\\\/\\\/micasa.lv\\\/lv\\\/flooring-senses-barlinek-collection\\\/\"]}]},{\"@type\":\"ImageObject\",\"inLanguage\":\"lv-LV\",\"@id\":\"https:\\\/\\\/micasa.lv\\\/lv\\\/flooring-senses-barlinek-collection\\\/#primaryimage\",\"url\":\"https:\\\/\\\/micasa.lv\\\/wp-content\\\/uploads\\\/2024\\\/10\\\/Barlinek_senses_oak_delight_2.jpg\",\"contentUrl\":\"https:\\\/\\\/micasa.lv\\\/wp-content\\\/uploads\\\/2024\\\/10\\\/Barlinek_senses_oak_delight_2.jpg\",\"width\":702,\"height\":725},{\"@type\":\"BreadcrumbList\",\"@id\":\"https:\\\/\\\/micasa.lv\\\/lv\\\/flooring-senses-barlinek-collection\\\/#breadcrumb\",\"itemListElement\":[{\"@type\":\"ListItem\",\"position\":1,\"name\":\"S\u0101kums\",\"item\":\"https:\\\/\\\/micasa.lv\\\/lv\\\/micasa\\\/\"},{\"@type\":\"ListItem\",\"position\":2,\"name\":\"Shop\",\"item\":\"https:\\\/\\\/micasa.lv\\\/lv\\\/shop\\\/\"},{\"@type\":\"ListItem\",\"position\":3,\"name\":\"Gr\u012bdas segums Senses, Barlinek kolekcija\"}]},{\"@type\":\"WebSite\",\"@id\":\"https:\\\/\\\/micasa.lv\\\/lv\\\/#website\",\"url\":\"https:\\\/\\\/micasa.lv\\\/lv\\\/\",\"name\":\"Micasa\",\"description\":\"\",\"potentialAction\":[{\"@type\":\"SearchAction\",\"target\":{\"@type\":\"EntryPoint\",\"urlTemplate\":\"https:\\\/\\\/micasa.lv\\\/lv\\\/?s={search_term_string}\"},\"query-input\":{\"@type\":\"PropertyValueSpecification\",\"valueRequired\":true,\"valueName\":\"search_term_string\"}}],\"inLanguage\":\"lv-LV\"}]}<\/script>\n<!-- \/ Yoast SEO plugin. -->","yoast_head_json":{"title":"Gr\u012bdas segums Senses, Barlinek kolekcija - Micasa","robots":{"index":"index","follow":"follow","max-snippet":"max-snippet:-1","max-image-preview":"max-image-preview:large","max-video-preview":"max-video-preview:-1"},"canonical":"https:\/\/micasa.lv\/lv\/flooring-senses-barlinek-collection\/","og_locale":"lv_LV","og_type":"article","og_title":"Gr\u012bdas segums Senses, Barlinek kolekcija - Micasa","og_description":"Svar\u012bg\u0101k\u0101 SENSES kolekcijas gr\u012bdu iez\u012bme ir to izm\u0113ri. D\u0113\u013ci ir plat\u0101ki nek\u0101 standarta (207 mm), un \u0161o efektu v\u0113l vair\u0101k izce\u013c garenisk\u0101s \u0161\u0137autnes f\u0101z\u0113jums. Gr\u012bdas grezn\u012bbu papildina 3,2 mm biezs ozolkoka virs\u0113jais sl\u0101nis. Pateicoties daudzsl\u0101\u0146u \u0161\u0137\u0113rssavienotajai strukt\u016brai, \u0161o gr\u012bdu var iekl\u0101t ar\u012b uz apsild\u0101m\u0101m gr\u012bd\u0101m. Gr\u012bdu ir viegli kopt un uztur\u0113t t\u012bru.","og_url":"https:\/\/micasa.lv\/lv\/flooring-senses-barlinek-collection\/","og_site_name":"Micasa","article_modified_time":"2025-07-28T08:12:20+00:00","og_image":[{"width":702,"height":725,"url":"https:\/\/micasa.lv\/wp-content\/uploads\/2024\/10\/Barlinek_senses_oak_delight_2.jpg","type":"image\/jpeg"}],"twitter_card":"summary_large_image","schema":{"@context":"https:\/\/schema.org","@graph":[{"@type":"WebPage","@id":"https:\/\/micasa.lv\/lv\/flooring-senses-barlinek-collection\/","url":"https:\/\/micasa.lv\/lv\/flooring-senses-barlinek-collection\/","name":"Gr\u012bdas segums Senses, Barlinek kolekcija - Micasa","isPartOf":{"@id":"https:\/\/micasa.lv\/lv\/#website"},"primaryImageOfPage":{"@id":"https:\/\/micasa.lv\/lv\/flooring-senses-barlinek-collection\/#primaryimage"},"image":{"@id":"https:\/\/micasa.lv\/lv\/flooring-senses-barlinek-collection\/#primaryimage"},"thumbnailUrl":"https:\/\/micasa.lv\/wp-content\/uploads\/2024\/10\/Barlinek_senses_oak_delight_2.jpg","datePublished":"2024-10-24T12:44:46+00:00","dateModified":"2025-07-28T08:12:20+00:00","breadcrumb":{"@id":"https:\/\/micasa.lv\/lv\/flooring-senses-barlinek-collection\/#breadcrumb"},"inLanguage":"lv-LV","potentialAction":[{"@type":"ReadAction","target":["https:\/\/micasa.lv\/lv\/flooring-senses-barlinek-collection\/"]}]},{"@type":"ImageObject","inLanguage":"lv-LV","@id":"https:\/\/micasa.lv\/lv\/flooring-senses-barlinek-collection\/#primaryimage","url":"https:\/\/micasa.lv\/wp-content\/uploads\/2024\/10\/Barlinek_senses_oak_delight_2.jpg","contentUrl":"https:\/\/micasa.lv\/wp-content\/uploads\/2024\/10\/Barlinek_senses_oak_delight_2.jpg","width":702,"height":725},{"@type":"BreadcrumbList","@id":"https:\/\/micasa.lv\/lv\/flooring-senses-barlinek-collection\/#breadcrumb","itemListElement":[{"@type":"ListItem","position":1,"name":"S\u0101kums","item":"https:\/\/micasa.lv\/lv\/micasa\/"},{"@type":"ListItem","position":2,"name":"Shop","item":"https:\/\/micasa.lv\/lv\/shop\/"},{"@type":"ListItem","position":3,"name":"Gr\u012bdas segums Senses, Barlinek kolekcija"}]},{"@type":"WebSite","@id":"https:\/\/micasa.lv\/lv\/#website","url":"https:\/\/micasa.lv\/lv\/","name":"Micasa","description":"","potentialAction":[{"@type":"SearchAction","target":{"@type":"EntryPoint","urlTemplate":"https:\/\/micasa.lv\/lv\/?s={search_term_string}"},"query-input":{"@type":"PropertyValueSpecification","valueRequired":true,"valueName":"search_term_string"}}],"inLanguage":"lv-LV"}]}},"wcpa_form_fields":null,"_links":{"self":[{"href":"https:\/\/micasa.lv\/lv\/wp-json\/wp\/v2\/product\/18719","targetHints":{"allow":["GET"]}}],"collection":[{"href":"https:\/\/micasa.lv\/lv\/wp-json\/wp\/v2\/product"}],"about":[{"href":"https:\/\/micasa.lv\/lv\/wp-json\/wp\/v2\/types\/product"}],"version-history":[{"count":1,"href":"https:\/\/micasa.lv\/lv\/wp-json\/wp\/v2\/product\/18719\/revisions"}],"predecessor-version":[{"id":57835,"href":"https:\/\/micasa.lv\/lv\/wp-json\/wp\/v2\/product\/18719\/revisions\/57835"}],"wp:featuredmedia":[{"embeddable":true,"href":"https:\/\/micasa.lv\/lv\/wp-json\/wp\/v2\/media\/17949"}],"wp:attachment":[{"href":"https:\/\/micasa.lv\/lv\/wp-json\/wp\/v2\/media?parent=18719"}],"wp:term":[{"taxonomy":"product_brand","embeddable":true,"href":"https:\/\/micasa.lv\/lv\/wp-json\/wp\/v2\/product_brand?post=18719"},{"taxonomy":"product_cat","embeddable":true,"href":"https:\/\/micasa.lv\/lv\/wp-json\/wp\/v2\/product_cat?post=18719"},{"taxonomy":"product_tag","embeddable":true,"href":"https:\/\/micasa.lv\/lv\/wp-json\/wp\/v2\/product_tag?post=18719"}],"curies":[{"name":"wp","href":"https:\/\/api.w.org\/{rel}","templated":true}]}}