{"id":31407,"date":"2025-05-08T10:02:41","date_gmt":"2025-05-08T07:02:41","guid":{"rendered":"https:\/\/test.micasa.lv\/?post_type=product&#038;p=31407"},"modified":"2025-06-13T10:12:24","modified_gmt":"2025-06-13T07:12:24","slug":"alfa-stikla-plaukts-600-mm","status":"publish","type":"product","link":"https:\/\/micasa.lv\/lv\/alfa-stikla-plaukts-600-mm\/","title":{"rendered":"ALFA: Stikla plaukts, 600 mm"},"content":{"rendered":"<p>Produktu kolekciju matadors. M\u016bsu vec\u0101k\u0101 l\u012bnija ALFA ir t\u012bra minim\u0101lisma dizaina sinon\u012bms, visbie\u017e\u0101k sudraba un balt\u0101 to\u0146os. Stikls un hroms ir domin\u0113jo\u0161ie materi\u0101li, kas produktiem pie\u0161\u0137ir grezn\u012bbas piesk\u0101rienu. Kolekcij\u0101 ietilpst \u0161\u0137idro ziepju dozatori, ziepju trauki un plaukti, k\u0101 ar\u012b dvie\u013cu, birstu un tualetes pap\u012bra rull\u012b\u0161u tur\u0113t\u0101ji.<\/p>\n","protected":false},"excerpt":{"rendered":"<p>Produktu kolekciju matadors. M\u016bsu vec\u0101k\u0101 l\u012bnija ALFA ir t\u012bra minim\u0101lisma dizaina sinon\u012bms, visbie\u017e\u0101k sudraba un balt\u0101 to\u0146os. Stikls un hroms<\/p>\n","protected":false},"featured_media":29302,"template":"","meta":[],"product_brand":[],"product_cat":[1841,1528],"product_tag":[],"class_list":{"0":"post-31407","1":"product","2":"type-product","3":"status-publish","4":"has-post-thumbnail","6":"product_cat-plaukti","7":"product_cat-vannas-istabas-aksesuari","8":"pa_brand-bemeta-lv","10":"first","11":"instock","12":"taxable","13":"shipping-taxable","14":"purchasable","15":"product-type-simple"},"yoast_head":"<!-- This site is optimized with the Yoast SEO plugin v27.4 - https:\/\/yoast.com\/product\/yoast-seo-wordpress\/ -->\n<title>ALFA: Stikla plaukts, 600 mm - Micasa<\/title>\n<meta name=\"robots\" content=\"index, follow, max-snippet:-1, max-image-preview:large, max-video-preview:-1\" \/>\n<link rel=\"canonical\" href=\"https:\/\/micasa.lv\/lv\/alfa-stikla-plaukts-600-mm\/\" \/>\n<meta property=\"og:locale\" content=\"lv_LV\" \/>\n<meta property=\"og:type\" content=\"article\" \/>\n<meta property=\"og:title\" content=\"ALFA: Stikla plaukts, 600 mm - Micasa\" \/>\n<meta property=\"og:description\" content=\"Produktu kolekciju matadors. M\u016bsu vec\u0101k\u0101 l\u012bnija ALFA ir t\u012bra minim\u0101lisma dizaina sinon\u012bms, visbie\u017e\u0101k sudraba un balt\u0101 to\u0146os. Stikls un hroms\" \/>\n<meta property=\"og:url\" content=\"https:\/\/micasa.lv\/lv\/alfa-stikla-plaukts-600-mm\/\" \/>\n<meta property=\"og:site_name\" content=\"Micasa\" \/>\n<meta property=\"article:modified_time\" content=\"2025-06-13T07:12:24+00:00\" \/>\n<meta property=\"og:image\" content=\"https:\/\/micasa.lv\/wp-content\/uploads\/2025\/05\/125e455ce4d86d4f099e5cfcad36aee0_102402242-velky.jpg\" \/>\n\t<meta property=\"og:image:width\" content=\"500\" \/>\n\t<meta property=\"og:image:height\" content=\"500\" \/>\n\t<meta property=\"og:image:type\" content=\"image\/jpeg\" \/>\n<meta name=\"twitter:card\" content=\"summary_large_image\" \/>\n<script type=\"application\/ld+json\" class=\"yoast-schema-graph\">{\"@context\":\"https:\\\/\\\/schema.org\",\"@graph\":[{\"@type\":\"WebPage\",\"@id\":\"https:\\\/\\\/micasa.lv\\\/lv\\\/alfa-stikla-plaukts-600-mm\\\/\",\"url\":\"https:\\\/\\\/micasa.lv\\\/lv\\\/alfa-stikla-plaukts-600-mm\\\/\",\"name\":\"ALFA: Stikla plaukts, 600 mm - Micasa\",\"isPartOf\":{\"@id\":\"https:\\\/\\\/micasa.lv\\\/lv\\\/#website\"},\"primaryImageOfPage\":{\"@id\":\"https:\\\/\\\/micasa.lv\\\/lv\\\/alfa-stikla-plaukts-600-mm\\\/#primaryimage\"},\"image\":{\"@id\":\"https:\\\/\\\/micasa.lv\\\/lv\\\/alfa-stikla-plaukts-600-mm\\\/#primaryimage\"},\"thumbnailUrl\":\"https:\\\/\\\/micasa.lv\\\/wp-content\\\/uploads\\\/2025\\\/05\\\/125e455ce4d86d4f099e5cfcad36aee0_102402242-velky.jpg\",\"datePublished\":\"2025-05-08T07:02:41+00:00\",\"dateModified\":\"2025-06-13T07:12:24+00:00\",\"breadcrumb\":{\"@id\":\"https:\\\/\\\/micasa.lv\\\/lv\\\/alfa-stikla-plaukts-600-mm\\\/#breadcrumb\"},\"inLanguage\":\"lv-LV\",\"potentialAction\":[{\"@type\":\"ReadAction\",\"target\":[\"https:\\\/\\\/micasa.lv\\\/lv\\\/alfa-stikla-plaukts-600-mm\\\/\"]}]},{\"@type\":\"ImageObject\",\"inLanguage\":\"lv-LV\",\"@id\":\"https:\\\/\\\/micasa.lv\\\/lv\\\/alfa-stikla-plaukts-600-mm\\\/#primaryimage\",\"url\":\"https:\\\/\\\/micasa.lv\\\/wp-content\\\/uploads\\\/2025\\\/05\\\/125e455ce4d86d4f099e5cfcad36aee0_102402242-velky.jpg\",\"contentUrl\":\"https:\\\/\\\/micasa.lv\\\/wp-content\\\/uploads\\\/2025\\\/05\\\/125e455ce4d86d4f099e5cfcad36aee0_102402242-velky.jpg\",\"width\":500,\"height\":500},{\"@type\":\"BreadcrumbList\",\"@id\":\"https:\\\/\\\/micasa.lv\\\/lv\\\/alfa-stikla-plaukts-600-mm\\\/#breadcrumb\",\"itemListElement\":[{\"@type\":\"ListItem\",\"position\":1,\"name\":\"S\u0101kums\",\"item\":\"https:\\\/\\\/micasa.lv\\\/lv\\\/micasa\\\/\"},{\"@type\":\"ListItem\",\"position\":2,\"name\":\"Shop\",\"item\":\"https:\\\/\\\/micasa.lv\\\/lv\\\/shop\\\/\"},{\"@type\":\"ListItem\",\"position\":3,\"name\":\"ALFA: Stikla plaukts, 600 mm\"}]},{\"@type\":\"WebSite\",\"@id\":\"https:\\\/\\\/micasa.lv\\\/lv\\\/#website\",\"url\":\"https:\\\/\\\/micasa.lv\\\/lv\\\/\",\"name\":\"Micasa\",\"description\":\"\",\"potentialAction\":[{\"@type\":\"SearchAction\",\"target\":{\"@type\":\"EntryPoint\",\"urlTemplate\":\"https:\\\/\\\/micasa.lv\\\/lv\\\/?s={search_term_string}\"},\"query-input\":{\"@type\":\"PropertyValueSpecification\",\"valueRequired\":true,\"valueName\":\"search_term_string\"}}],\"inLanguage\":\"lv-LV\"}]}<\/script>\n<!-- \/ Yoast SEO plugin. -->","yoast_head_json":{"title":"ALFA: Stikla plaukts, 600 mm - Micasa","robots":{"index":"index","follow":"follow","max-snippet":"max-snippet:-1","max-image-preview":"max-image-preview:large","max-video-preview":"max-video-preview:-1"},"canonical":"https:\/\/micasa.lv\/lv\/alfa-stikla-plaukts-600-mm\/","og_locale":"lv_LV","og_type":"article","og_title":"ALFA: Stikla plaukts, 600 mm - Micasa","og_description":"Produktu kolekciju matadors. M\u016bsu vec\u0101k\u0101 l\u012bnija ALFA ir t\u012bra minim\u0101lisma dizaina sinon\u012bms, visbie\u017e\u0101k sudraba un balt\u0101 to\u0146os. Stikls un hroms","og_url":"https:\/\/micasa.lv\/lv\/alfa-stikla-plaukts-600-mm\/","og_site_name":"Micasa","article_modified_time":"2025-06-13T07:12:24+00:00","og_image":[{"width":500,"height":500,"url":"https:\/\/micasa.lv\/wp-content\/uploads\/2025\/05\/125e455ce4d86d4f099e5cfcad36aee0_102402242-velky.jpg","type":"image\/jpeg"}],"twitter_card":"summary_large_image","schema":{"@context":"https:\/\/schema.org","@graph":[{"@type":"WebPage","@id":"https:\/\/micasa.lv\/lv\/alfa-stikla-plaukts-600-mm\/","url":"https:\/\/micasa.lv\/lv\/alfa-stikla-plaukts-600-mm\/","name":"ALFA: Stikla plaukts, 600 mm - Micasa","isPartOf":{"@id":"https:\/\/micasa.lv\/lv\/#website"},"primaryImageOfPage":{"@id":"https:\/\/micasa.lv\/lv\/alfa-stikla-plaukts-600-mm\/#primaryimage"},"image":{"@id":"https:\/\/micasa.lv\/lv\/alfa-stikla-plaukts-600-mm\/#primaryimage"},"thumbnailUrl":"https:\/\/micasa.lv\/wp-content\/uploads\/2025\/05\/125e455ce4d86d4f099e5cfcad36aee0_102402242-velky.jpg","datePublished":"2025-05-08T07:02:41+00:00","dateModified":"2025-06-13T07:12:24+00:00","breadcrumb":{"@id":"https:\/\/micasa.lv\/lv\/alfa-stikla-plaukts-600-mm\/#breadcrumb"},"inLanguage":"lv-LV","potentialAction":[{"@type":"ReadAction","target":["https:\/\/micasa.lv\/lv\/alfa-stikla-plaukts-600-mm\/"]}]},{"@type":"ImageObject","inLanguage":"lv-LV","@id":"https:\/\/micasa.lv\/lv\/alfa-stikla-plaukts-600-mm\/#primaryimage","url":"https:\/\/micasa.lv\/wp-content\/uploads\/2025\/05\/125e455ce4d86d4f099e5cfcad36aee0_102402242-velky.jpg","contentUrl":"https:\/\/micasa.lv\/wp-content\/uploads\/2025\/05\/125e455ce4d86d4f099e5cfcad36aee0_102402242-velky.jpg","width":500,"height":500},{"@type":"BreadcrumbList","@id":"https:\/\/micasa.lv\/lv\/alfa-stikla-plaukts-600-mm\/#breadcrumb","itemListElement":[{"@type":"ListItem","position":1,"name":"S\u0101kums","item":"https:\/\/micasa.lv\/lv\/micasa\/"},{"@type":"ListItem","position":2,"name":"Shop","item":"https:\/\/micasa.lv\/lv\/shop\/"},{"@type":"ListItem","position":3,"name":"ALFA: Stikla plaukts, 600 mm"}]},{"@type":"WebSite","@id":"https:\/\/micasa.lv\/lv\/#website","url":"https:\/\/micasa.lv\/lv\/","name":"Micasa","description":"","potentialAction":[{"@type":"SearchAction","target":{"@type":"EntryPoint","urlTemplate":"https:\/\/micasa.lv\/lv\/?s={search_term_string}"},"query-input":{"@type":"PropertyValueSpecification","valueRequired":true,"valueName":"search_term_string"}}],"inLanguage":"lv-LV"}]}},"wcpa_form_fields":null,"_links":{"self":[{"href":"https:\/\/micasa.lv\/lv\/wp-json\/wp\/v2\/product\/31407","targetHints":{"allow":["GET"]}}],"collection":[{"href":"https:\/\/micasa.lv\/lv\/wp-json\/wp\/v2\/product"}],"about":[{"href":"https:\/\/micasa.lv\/lv\/wp-json\/wp\/v2\/types\/product"}],"version-history":[{"count":1,"href":"https:\/\/micasa.lv\/lv\/wp-json\/wp\/v2\/product\/31407\/revisions"}],"predecessor-version":[{"id":31605,"href":"https:\/\/micasa.lv\/lv\/wp-json\/wp\/v2\/product\/31407\/revisions\/31605"}],"wp:featuredmedia":[{"embeddable":true,"href":"https:\/\/micasa.lv\/lv\/wp-json\/wp\/v2\/media\/29302"}],"wp:attachment":[{"href":"https:\/\/micasa.lv\/lv\/wp-json\/wp\/v2\/media?parent=31407"}],"wp:term":[{"taxonomy":"product_brand","embeddable":true,"href":"https:\/\/micasa.lv\/lv\/wp-json\/wp\/v2\/product_brand?post=31407"},{"taxonomy":"product_cat","embeddable":true,"href":"https:\/\/micasa.lv\/lv\/wp-json\/wp\/v2\/product_cat?post=31407"},{"taxonomy":"product_tag","embeddable":true,"href":"https:\/\/micasa.lv\/lv\/wp-json\/wp\/v2\/product_tag?post=31407"}],"curies":[{"name":"wp","href":"https:\/\/api.w.org\/{rel}","templated":true}]}}