{"id":31440,"date":"2025-05-08T10:03:00","date_gmt":"2025-05-08T07:03:00","guid":{"rendered":"https:\/\/test.micasa.lv\/?post_type=product&#038;p=31440"},"modified":"2025-06-13T10:12:35","modified_gmt":"2025-06-13T07:12:35","slug":"beta-pie-sienas-stiprinams-tualetes-birstes-turetajs-2","status":"publish","type":"product","link":"https:\/\/micasa.lv\/lv\/beta-pie-sienas-stiprinams-tualetes-birstes-turetajs-2\/","title":{"rendered":"BETA: Pie sienas stiprin\u0101ms tualetes birstes tur\u0113t\u0101js"},"content":{"rendered":"<p>M\u016b\u017e\u012bga est\u0113tika un perfektas formas. BETA produktu l\u012bnijas divas galven\u0101s at\u0161\u0137ir\u012bg\u0101s iez\u012bmes. T\u0101s produkti iepriecina visas modern\u0101s vannas istabas, pie\u0161\u0137irot t\u0101m grezn\u012bbas un harmonijas saj\u016btu. Kolekciju raksturo gai\u0161i to\u0146i, un taj\u0101 liel\u0101koties apvienots stikls ar hroma apdari. Konkr\u0113tie produkti ietver da\u017e\u0101da veida pakaramos, plauktus un tur\u0113t\u0101jus, ziepju traukus un dozatorus, tualetes birstes un kosm\u0113tikas spogu\u013cus.<\/p>\n","protected":false},"excerpt":{"rendered":"<p>M\u016b\u017e\u012bga est\u0113tika un perfektas formas. BETA produktu l\u012bnijas divas galven\u0101s at\u0161\u0137ir\u012bg\u0101s iez\u012bmes. T\u0101s produkti iepriecina visas modern\u0101s vannas istabas, pie\u0161\u0137irot<\/p>\n","protected":false},"featured_media":29500,"template":"","meta":[],"product_brand":[],"product_cat":[1853,1528],"product_tag":[],"class_list":{"0":"post-31440","1":"product","2":"type-product","3":"status-publish","4":"has-post-thumbnail","6":"product_cat-tualetes-birstes","7":"product_cat-vannas-istabas-aksesuari","8":"pa_brand-bemeta-lv","10":"first","11":"instock","12":"taxable","13":"shipping-taxable","14":"purchasable","15":"product-type-simple"},"yoast_head":"<!-- This site is optimized with the Yoast SEO plugin v27.4 - https:\/\/yoast.com\/product\/yoast-seo-wordpress\/ -->\n<title>BETA: Pie sienas stiprin\u0101ms tualetes birstes tur\u0113t\u0101js - Micasa<\/title>\n<meta name=\"robots\" content=\"index, follow, max-snippet:-1, max-image-preview:large, max-video-preview:-1\" \/>\n<link rel=\"canonical\" href=\"https:\/\/micasa.lv\/lv\/beta-pie-sienas-stiprinams-tualetes-birstes-turetajs-2\/\" \/>\n<meta property=\"og:locale\" content=\"lv_LV\" \/>\n<meta property=\"og:type\" content=\"article\" \/>\n<meta property=\"og:title\" content=\"BETA: Pie sienas stiprin\u0101ms tualetes birstes tur\u0113t\u0101js - Micasa\" \/>\n<meta property=\"og:description\" content=\"M\u016b\u017e\u012bga est\u0113tika un perfektas formas. BETA produktu l\u012bnijas divas galven\u0101s at\u0161\u0137ir\u012bg\u0101s iez\u012bmes. T\u0101s produkti iepriecina visas modern\u0101s vannas istabas, pie\u0161\u0137irot\" \/>\n<meta property=\"og:url\" content=\"https:\/\/micasa.lv\/lv\/beta-pie-sienas-stiprinams-tualetes-birstes-turetajs-2\/\" \/>\n<meta property=\"og:site_name\" content=\"Micasa\" \/>\n<meta property=\"article:modified_time\" content=\"2025-06-13T07:12:35+00:00\" \/>\n<meta property=\"og:image\" content=\"https:\/\/micasa.lv\/wp-content\/uploads\/2025\/05\/09e3da7e9eb6aceed2cddf49e156f781_132113017-velky.jpg\" \/>\n\t<meta property=\"og:image:width\" content=\"155\" \/>\n\t<meta property=\"og:image:height\" content=\"500\" \/>\n\t<meta property=\"og:image:type\" content=\"image\/jpeg\" \/>\n<meta name=\"twitter:card\" content=\"summary_large_image\" \/>\n<script type=\"application\/ld+json\" class=\"yoast-schema-graph\">{\"@context\":\"https:\\\/\\\/schema.org\",\"@graph\":[{\"@type\":\"WebPage\",\"@id\":\"https:\\\/\\\/micasa.lv\\\/lv\\\/beta-pie-sienas-stiprinams-tualetes-birstes-turetajs-2\\\/\",\"url\":\"https:\\\/\\\/micasa.lv\\\/lv\\\/beta-pie-sienas-stiprinams-tualetes-birstes-turetajs-2\\\/\",\"name\":\"BETA: Pie sienas stiprin\u0101ms tualetes birstes tur\u0113t\u0101js - Micasa\",\"isPartOf\":{\"@id\":\"https:\\\/\\\/micasa.lv\\\/lv\\\/#website\"},\"primaryImageOfPage\":{\"@id\":\"https:\\\/\\\/micasa.lv\\\/lv\\\/beta-pie-sienas-stiprinams-tualetes-birstes-turetajs-2\\\/#primaryimage\"},\"image\":{\"@id\":\"https:\\\/\\\/micasa.lv\\\/lv\\\/beta-pie-sienas-stiprinams-tualetes-birstes-turetajs-2\\\/#primaryimage\"},\"thumbnailUrl\":\"https:\\\/\\\/micasa.lv\\\/wp-content\\\/uploads\\\/2025\\\/05\\\/09e3da7e9eb6aceed2cddf49e156f781_132113017-velky.jpg\",\"datePublished\":\"2025-05-08T07:03:00+00:00\",\"dateModified\":\"2025-06-13T07:12:35+00:00\",\"breadcrumb\":{\"@id\":\"https:\\\/\\\/micasa.lv\\\/lv\\\/beta-pie-sienas-stiprinams-tualetes-birstes-turetajs-2\\\/#breadcrumb\"},\"inLanguage\":\"lv-LV\",\"potentialAction\":[{\"@type\":\"ReadAction\",\"target\":[\"https:\\\/\\\/micasa.lv\\\/lv\\\/beta-pie-sienas-stiprinams-tualetes-birstes-turetajs-2\\\/\"]}]},{\"@type\":\"ImageObject\",\"inLanguage\":\"lv-LV\",\"@id\":\"https:\\\/\\\/micasa.lv\\\/lv\\\/beta-pie-sienas-stiprinams-tualetes-birstes-turetajs-2\\\/#primaryimage\",\"url\":\"https:\\\/\\\/micasa.lv\\\/wp-content\\\/uploads\\\/2025\\\/05\\\/09e3da7e9eb6aceed2cddf49e156f781_132113017-velky.jpg\",\"contentUrl\":\"https:\\\/\\\/micasa.lv\\\/wp-content\\\/uploads\\\/2025\\\/05\\\/09e3da7e9eb6aceed2cddf49e156f781_132113017-velky.jpg\",\"width\":155,\"height\":500},{\"@type\":\"BreadcrumbList\",\"@id\":\"https:\\\/\\\/micasa.lv\\\/lv\\\/beta-pie-sienas-stiprinams-tualetes-birstes-turetajs-2\\\/#breadcrumb\",\"itemListElement\":[{\"@type\":\"ListItem\",\"position\":1,\"name\":\"S\u0101kums\",\"item\":\"https:\\\/\\\/micasa.lv\\\/lv\\\/micasa\\\/\"},{\"@type\":\"ListItem\",\"position\":2,\"name\":\"Shop\",\"item\":\"https:\\\/\\\/micasa.lv\\\/lv\\\/shop\\\/\"},{\"@type\":\"ListItem\",\"position\":3,\"name\":\"BETA: Pie sienas stiprin\u0101ms tualetes birstes tur\u0113t\u0101js\"}]},{\"@type\":\"WebSite\",\"@id\":\"https:\\\/\\\/micasa.lv\\\/lv\\\/#website\",\"url\":\"https:\\\/\\\/micasa.lv\\\/lv\\\/\",\"name\":\"Micasa\",\"description\":\"\",\"potentialAction\":[{\"@type\":\"SearchAction\",\"target\":{\"@type\":\"EntryPoint\",\"urlTemplate\":\"https:\\\/\\\/micasa.lv\\\/lv\\\/?s={search_term_string}\"},\"query-input\":{\"@type\":\"PropertyValueSpecification\",\"valueRequired\":true,\"valueName\":\"search_term_string\"}}],\"inLanguage\":\"lv-LV\"}]}<\/script>\n<!-- \/ Yoast SEO plugin. -->","yoast_head_json":{"title":"BETA: Pie sienas stiprin\u0101ms tualetes birstes tur\u0113t\u0101js - Micasa","robots":{"index":"index","follow":"follow","max-snippet":"max-snippet:-1","max-image-preview":"max-image-preview:large","max-video-preview":"max-video-preview:-1"},"canonical":"https:\/\/micasa.lv\/lv\/beta-pie-sienas-stiprinams-tualetes-birstes-turetajs-2\/","og_locale":"lv_LV","og_type":"article","og_title":"BETA: Pie sienas stiprin\u0101ms tualetes birstes tur\u0113t\u0101js - Micasa","og_description":"M\u016b\u017e\u012bga est\u0113tika un perfektas formas. BETA produktu l\u012bnijas divas galven\u0101s at\u0161\u0137ir\u012bg\u0101s iez\u012bmes. T\u0101s produkti iepriecina visas modern\u0101s vannas istabas, pie\u0161\u0137irot","og_url":"https:\/\/micasa.lv\/lv\/beta-pie-sienas-stiprinams-tualetes-birstes-turetajs-2\/","og_site_name":"Micasa","article_modified_time":"2025-06-13T07:12:35+00:00","og_image":[{"width":155,"height":500,"url":"https:\/\/micasa.lv\/wp-content\/uploads\/2025\/05\/09e3da7e9eb6aceed2cddf49e156f781_132113017-velky.jpg","type":"image\/jpeg"}],"twitter_card":"summary_large_image","schema":{"@context":"https:\/\/schema.org","@graph":[{"@type":"WebPage","@id":"https:\/\/micasa.lv\/lv\/beta-pie-sienas-stiprinams-tualetes-birstes-turetajs-2\/","url":"https:\/\/micasa.lv\/lv\/beta-pie-sienas-stiprinams-tualetes-birstes-turetajs-2\/","name":"BETA: Pie sienas stiprin\u0101ms tualetes birstes tur\u0113t\u0101js - Micasa","isPartOf":{"@id":"https:\/\/micasa.lv\/lv\/#website"},"primaryImageOfPage":{"@id":"https:\/\/micasa.lv\/lv\/beta-pie-sienas-stiprinams-tualetes-birstes-turetajs-2\/#primaryimage"},"image":{"@id":"https:\/\/micasa.lv\/lv\/beta-pie-sienas-stiprinams-tualetes-birstes-turetajs-2\/#primaryimage"},"thumbnailUrl":"https:\/\/micasa.lv\/wp-content\/uploads\/2025\/05\/09e3da7e9eb6aceed2cddf49e156f781_132113017-velky.jpg","datePublished":"2025-05-08T07:03:00+00:00","dateModified":"2025-06-13T07:12:35+00:00","breadcrumb":{"@id":"https:\/\/micasa.lv\/lv\/beta-pie-sienas-stiprinams-tualetes-birstes-turetajs-2\/#breadcrumb"},"inLanguage":"lv-LV","potentialAction":[{"@type":"ReadAction","target":["https:\/\/micasa.lv\/lv\/beta-pie-sienas-stiprinams-tualetes-birstes-turetajs-2\/"]}]},{"@type":"ImageObject","inLanguage":"lv-LV","@id":"https:\/\/micasa.lv\/lv\/beta-pie-sienas-stiprinams-tualetes-birstes-turetajs-2\/#primaryimage","url":"https:\/\/micasa.lv\/wp-content\/uploads\/2025\/05\/09e3da7e9eb6aceed2cddf49e156f781_132113017-velky.jpg","contentUrl":"https:\/\/micasa.lv\/wp-content\/uploads\/2025\/05\/09e3da7e9eb6aceed2cddf49e156f781_132113017-velky.jpg","width":155,"height":500},{"@type":"BreadcrumbList","@id":"https:\/\/micasa.lv\/lv\/beta-pie-sienas-stiprinams-tualetes-birstes-turetajs-2\/#breadcrumb","itemListElement":[{"@type":"ListItem","position":1,"name":"S\u0101kums","item":"https:\/\/micasa.lv\/lv\/micasa\/"},{"@type":"ListItem","position":2,"name":"Shop","item":"https:\/\/micasa.lv\/lv\/shop\/"},{"@type":"ListItem","position":3,"name":"BETA: Pie sienas stiprin\u0101ms tualetes birstes tur\u0113t\u0101js"}]},{"@type":"WebSite","@id":"https:\/\/micasa.lv\/lv\/#website","url":"https:\/\/micasa.lv\/lv\/","name":"Micasa","description":"","potentialAction":[{"@type":"SearchAction","target":{"@type":"EntryPoint","urlTemplate":"https:\/\/micasa.lv\/lv\/?s={search_term_string}"},"query-input":{"@type":"PropertyValueSpecification","valueRequired":true,"valueName":"search_term_string"}}],"inLanguage":"lv-LV"}]}},"wcpa_form_fields":null,"_links":{"self":[{"href":"https:\/\/micasa.lv\/lv\/wp-json\/wp\/v2\/product\/31440","targetHints":{"allow":["GET"]}}],"collection":[{"href":"https:\/\/micasa.lv\/lv\/wp-json\/wp\/v2\/product"}],"about":[{"href":"https:\/\/micasa.lv\/lv\/wp-json\/wp\/v2\/types\/product"}],"version-history":[{"count":1,"href":"https:\/\/micasa.lv\/lv\/wp-json\/wp\/v2\/product\/31440\/revisions"}],"predecessor-version":[{"id":31671,"href":"https:\/\/micasa.lv\/lv\/wp-json\/wp\/v2\/product\/31440\/revisions\/31671"}],"wp:featuredmedia":[{"embeddable":true,"href":"https:\/\/micasa.lv\/lv\/wp-json\/wp\/v2\/media\/29500"}],"wp:attachment":[{"href":"https:\/\/micasa.lv\/lv\/wp-json\/wp\/v2\/media?parent=31440"}],"wp:term":[{"taxonomy":"product_brand","embeddable":true,"href":"https:\/\/micasa.lv\/lv\/wp-json\/wp\/v2\/product_brand?post=31440"},{"taxonomy":"product_cat","embeddable":true,"href":"https:\/\/micasa.lv\/lv\/wp-json\/wp\/v2\/product_cat?post=31440"},{"taxonomy":"product_tag","embeddable":true,"href":"https:\/\/micasa.lv\/lv\/wp-json\/wp\/v2\/product_tag?post=31440"}],"curies":[{"name":"wp","href":"https:\/\/api.w.org\/{rel}","templated":true}]}}