{"id":33021,"date":"2025-05-10T11:39:38","date_gmt":"2025-05-10T08:39:38","guid":{"rendered":"https:\/\/test.micasa.lv\/?post_type=product&#038;p=33021"},"modified":"2025-06-13T10:14:02","modified_gmt":"2025-06-13T07:14:02","slug":"stikla-plauktu-turetajs-beta-2-gab-8-mm","status":"publish","type":"product","link":"https:\/\/micasa.lv\/lv\/stikla-plauktu-turetajs-beta-2-gab-8-mm\/","title":{"rendered":"Stikla plauktu tur\u0113t\u0101js BETA (2 gab.) &#8211; 8 mm"},"content":{"rendered":"<p>BETA \u2014 perfekti prec\u012bzas formas, kvadr\u0101tveida sienas tur\u0113t\u0101ji rada \u013coti interesantu formas kombin\u0101ciju, kas iederas liel\u0101kaj\u0101 da\u013c\u0101 vannas istabu interjeru. \u0160\u012b s\u0113rija pied\u0101v\u0101 izv\u0113li starp tradicion\u0101liem urb\u0161anas savienojumiem vai vienk\u0101r\u0161u un \u0101tru l\u012bm\u0113\u0161anu.<\/p>\n","protected":false},"excerpt":{"rendered":"<p>BETA \u2014 perfekti prec\u012bzas formas, kvadr\u0101tveida sienas tur\u0113t\u0101ji rada \u013coti interesantu formas kombin\u0101ciju, kas iederas liel\u0101kaj\u0101 da\u013c\u0101 vannas istabu interjeru.<\/p>\n","protected":false},"featured_media":32644,"template":"","meta":[],"product_brand":[],"product_cat":[1891,1528],"product_tag":[],"class_list":{"0":"post-33021","1":"product","2":"type-product","3":"status-publish","4":"has-post-thumbnail","6":"product_cat-rezerves-dalas","7":"product_cat-vannas-istabas-aksesuari","8":"pa_brand-bemeta-lv","10":"first","11":"instock","12":"taxable","13":"shipping-taxable","14":"purchasable","15":"product-type-simple"},"yoast_head":"<!-- This site is optimized with the Yoast SEO plugin v27.4 - https:\/\/yoast.com\/product\/yoast-seo-wordpress\/ -->\n<title>Stikla plauktu tur\u0113t\u0101js BETA (2 gab.) - 8 mm - Micasa<\/title>\n<meta name=\"robots\" content=\"index, follow, max-snippet:-1, max-image-preview:large, max-video-preview:-1\" \/>\n<link rel=\"canonical\" href=\"https:\/\/micasa.lv\/lv\/stikla-plauktu-turetajs-beta-2-gab-8-mm\/\" \/>\n<meta property=\"og:locale\" content=\"lv_LV\" \/>\n<meta property=\"og:type\" content=\"article\" \/>\n<meta property=\"og:title\" content=\"Stikla plauktu tur\u0113t\u0101js BETA (2 gab.) - 8 mm - Micasa\" \/>\n<meta property=\"og:description\" content=\"BETA \u2014 perfekti prec\u012bzas formas, kvadr\u0101tveida sienas tur\u0113t\u0101ji rada \u013coti interesantu formas kombin\u0101ciju, kas iederas liel\u0101kaj\u0101 da\u013c\u0101 vannas istabu interjeru.\" \/>\n<meta property=\"og:url\" content=\"https:\/\/micasa.lv\/lv\/stikla-plauktu-turetajs-beta-2-gab-8-mm\/\" \/>\n<meta property=\"og:site_name\" content=\"Micasa\" \/>\n<meta property=\"article:modified_time\" content=\"2025-06-13T07:14:02+00:00\" \/>\n<meta property=\"og:image\" content=\"https:\/\/micasa.lv\/wp-content\/uploads\/2025\/05\/77da7c26a15aa3ef11199b3460af7e0f_132102112-velky.jpg\" \/>\n\t<meta property=\"og:image:width\" content=\"500\" \/>\n\t<meta property=\"og:image:height\" content=\"298\" \/>\n\t<meta property=\"og:image:type\" content=\"image\/jpeg\" \/>\n<meta name=\"twitter:card\" content=\"summary_large_image\" \/>\n<script type=\"application\/ld+json\" class=\"yoast-schema-graph\">{\"@context\":\"https:\\\/\\\/schema.org\",\"@graph\":[{\"@type\":\"WebPage\",\"@id\":\"https:\\\/\\\/micasa.lv\\\/lv\\\/stikla-plauktu-turetajs-beta-2-gab-8-mm\\\/\",\"url\":\"https:\\\/\\\/micasa.lv\\\/lv\\\/stikla-plauktu-turetajs-beta-2-gab-8-mm\\\/\",\"name\":\"Stikla plauktu tur\u0113t\u0101js BETA (2 gab.) - 8 mm - Micasa\",\"isPartOf\":{\"@id\":\"https:\\\/\\\/micasa.lv\\\/lv\\\/#website\"},\"primaryImageOfPage\":{\"@id\":\"https:\\\/\\\/micasa.lv\\\/lv\\\/stikla-plauktu-turetajs-beta-2-gab-8-mm\\\/#primaryimage\"},\"image\":{\"@id\":\"https:\\\/\\\/micasa.lv\\\/lv\\\/stikla-plauktu-turetajs-beta-2-gab-8-mm\\\/#primaryimage\"},\"thumbnailUrl\":\"https:\\\/\\\/micasa.lv\\\/wp-content\\\/uploads\\\/2025\\\/05\\\/77da7c26a15aa3ef11199b3460af7e0f_132102112-velky.jpg\",\"datePublished\":\"2025-05-10T08:39:38+00:00\",\"dateModified\":\"2025-06-13T07:14:02+00:00\",\"breadcrumb\":{\"@id\":\"https:\\\/\\\/micasa.lv\\\/lv\\\/stikla-plauktu-turetajs-beta-2-gab-8-mm\\\/#breadcrumb\"},\"inLanguage\":\"lv-LV\",\"potentialAction\":[{\"@type\":\"ReadAction\",\"target\":[\"https:\\\/\\\/micasa.lv\\\/lv\\\/stikla-plauktu-turetajs-beta-2-gab-8-mm\\\/\"]}]},{\"@type\":\"ImageObject\",\"inLanguage\":\"lv-LV\",\"@id\":\"https:\\\/\\\/micasa.lv\\\/lv\\\/stikla-plauktu-turetajs-beta-2-gab-8-mm\\\/#primaryimage\",\"url\":\"https:\\\/\\\/micasa.lv\\\/wp-content\\\/uploads\\\/2025\\\/05\\\/77da7c26a15aa3ef11199b3460af7e0f_132102112-velky.jpg\",\"contentUrl\":\"https:\\\/\\\/micasa.lv\\\/wp-content\\\/uploads\\\/2025\\\/05\\\/77da7c26a15aa3ef11199b3460af7e0f_132102112-velky.jpg\",\"width\":500,\"height\":298},{\"@type\":\"BreadcrumbList\",\"@id\":\"https:\\\/\\\/micasa.lv\\\/lv\\\/stikla-plauktu-turetajs-beta-2-gab-8-mm\\\/#breadcrumb\",\"itemListElement\":[{\"@type\":\"ListItem\",\"position\":1,\"name\":\"S\u0101kums\",\"item\":\"https:\\\/\\\/micasa.lv\\\/lv\\\/micasa\\\/\"},{\"@type\":\"ListItem\",\"position\":2,\"name\":\"Shop\",\"item\":\"https:\\\/\\\/micasa.lv\\\/lv\\\/shop\\\/\"},{\"@type\":\"ListItem\",\"position\":3,\"name\":\"Stikla plauktu tur\u0113t\u0101js BETA (2 gab.) &#8211; 8 mm\"}]},{\"@type\":\"WebSite\",\"@id\":\"https:\\\/\\\/micasa.lv\\\/lv\\\/#website\",\"url\":\"https:\\\/\\\/micasa.lv\\\/lv\\\/\",\"name\":\"Micasa\",\"description\":\"\",\"potentialAction\":[{\"@type\":\"SearchAction\",\"target\":{\"@type\":\"EntryPoint\",\"urlTemplate\":\"https:\\\/\\\/micasa.lv\\\/lv\\\/?s={search_term_string}\"},\"query-input\":{\"@type\":\"PropertyValueSpecification\",\"valueRequired\":true,\"valueName\":\"search_term_string\"}}],\"inLanguage\":\"lv-LV\"}]}<\/script>\n<!-- \/ Yoast SEO plugin. -->","yoast_head_json":{"title":"Stikla plauktu tur\u0113t\u0101js BETA (2 gab.) - 8 mm - Micasa","robots":{"index":"index","follow":"follow","max-snippet":"max-snippet:-1","max-image-preview":"max-image-preview:large","max-video-preview":"max-video-preview:-1"},"canonical":"https:\/\/micasa.lv\/lv\/stikla-plauktu-turetajs-beta-2-gab-8-mm\/","og_locale":"lv_LV","og_type":"article","og_title":"Stikla plauktu tur\u0113t\u0101js BETA (2 gab.) - 8 mm - Micasa","og_description":"BETA \u2014 perfekti prec\u012bzas formas, kvadr\u0101tveida sienas tur\u0113t\u0101ji rada \u013coti interesantu formas kombin\u0101ciju, kas iederas liel\u0101kaj\u0101 da\u013c\u0101 vannas istabu interjeru.","og_url":"https:\/\/micasa.lv\/lv\/stikla-plauktu-turetajs-beta-2-gab-8-mm\/","og_site_name":"Micasa","article_modified_time":"2025-06-13T07:14:02+00:00","og_image":[{"width":500,"height":298,"url":"https:\/\/micasa.lv\/wp-content\/uploads\/2025\/05\/77da7c26a15aa3ef11199b3460af7e0f_132102112-velky.jpg","type":"image\/jpeg"}],"twitter_card":"summary_large_image","schema":{"@context":"https:\/\/schema.org","@graph":[{"@type":"WebPage","@id":"https:\/\/micasa.lv\/lv\/stikla-plauktu-turetajs-beta-2-gab-8-mm\/","url":"https:\/\/micasa.lv\/lv\/stikla-plauktu-turetajs-beta-2-gab-8-mm\/","name":"Stikla plauktu tur\u0113t\u0101js BETA (2 gab.) - 8 mm - Micasa","isPartOf":{"@id":"https:\/\/micasa.lv\/lv\/#website"},"primaryImageOfPage":{"@id":"https:\/\/micasa.lv\/lv\/stikla-plauktu-turetajs-beta-2-gab-8-mm\/#primaryimage"},"image":{"@id":"https:\/\/micasa.lv\/lv\/stikla-plauktu-turetajs-beta-2-gab-8-mm\/#primaryimage"},"thumbnailUrl":"https:\/\/micasa.lv\/wp-content\/uploads\/2025\/05\/77da7c26a15aa3ef11199b3460af7e0f_132102112-velky.jpg","datePublished":"2025-05-10T08:39:38+00:00","dateModified":"2025-06-13T07:14:02+00:00","breadcrumb":{"@id":"https:\/\/micasa.lv\/lv\/stikla-plauktu-turetajs-beta-2-gab-8-mm\/#breadcrumb"},"inLanguage":"lv-LV","potentialAction":[{"@type":"ReadAction","target":["https:\/\/micasa.lv\/lv\/stikla-plauktu-turetajs-beta-2-gab-8-mm\/"]}]},{"@type":"ImageObject","inLanguage":"lv-LV","@id":"https:\/\/micasa.lv\/lv\/stikla-plauktu-turetajs-beta-2-gab-8-mm\/#primaryimage","url":"https:\/\/micasa.lv\/wp-content\/uploads\/2025\/05\/77da7c26a15aa3ef11199b3460af7e0f_132102112-velky.jpg","contentUrl":"https:\/\/micasa.lv\/wp-content\/uploads\/2025\/05\/77da7c26a15aa3ef11199b3460af7e0f_132102112-velky.jpg","width":500,"height":298},{"@type":"BreadcrumbList","@id":"https:\/\/micasa.lv\/lv\/stikla-plauktu-turetajs-beta-2-gab-8-mm\/#breadcrumb","itemListElement":[{"@type":"ListItem","position":1,"name":"S\u0101kums","item":"https:\/\/micasa.lv\/lv\/micasa\/"},{"@type":"ListItem","position":2,"name":"Shop","item":"https:\/\/micasa.lv\/lv\/shop\/"},{"@type":"ListItem","position":3,"name":"Stikla plauktu tur\u0113t\u0101js BETA (2 gab.) &#8211; 8 mm"}]},{"@type":"WebSite","@id":"https:\/\/micasa.lv\/lv\/#website","url":"https:\/\/micasa.lv\/lv\/","name":"Micasa","description":"","potentialAction":[{"@type":"SearchAction","target":{"@type":"EntryPoint","urlTemplate":"https:\/\/micasa.lv\/lv\/?s={search_term_string}"},"query-input":{"@type":"PropertyValueSpecification","valueRequired":true,"valueName":"search_term_string"}}],"inLanguage":"lv-LV"}]}},"wcpa_form_fields":null,"_links":{"self":[{"href":"https:\/\/micasa.lv\/lv\/wp-json\/wp\/v2\/product\/33021","targetHints":{"allow":["GET"]}}],"collection":[{"href":"https:\/\/micasa.lv\/lv\/wp-json\/wp\/v2\/product"}],"about":[{"href":"https:\/\/micasa.lv\/lv\/wp-json\/wp\/v2\/types\/product"}],"version-history":[{"count":1,"href":"https:\/\/micasa.lv\/lv\/wp-json\/wp\/v2\/product\/33021\/revisions"}],"predecessor-version":[{"id":33051,"href":"https:\/\/micasa.lv\/lv\/wp-json\/wp\/v2\/product\/33021\/revisions\/33051"}],"wp:featuredmedia":[{"embeddable":true,"href":"https:\/\/micasa.lv\/lv\/wp-json\/wp\/v2\/media\/32644"}],"wp:attachment":[{"href":"https:\/\/micasa.lv\/lv\/wp-json\/wp\/v2\/media?parent=33021"}],"wp:term":[{"taxonomy":"product_brand","embeddable":true,"href":"https:\/\/micasa.lv\/lv\/wp-json\/wp\/v2\/product_brand?post=33021"},{"taxonomy":"product_cat","embeddable":true,"href":"https:\/\/micasa.lv\/lv\/wp-json\/wp\/v2\/product_cat?post=33021"},{"taxonomy":"product_tag","embeddable":true,"href":"https:\/\/micasa.lv\/lv\/wp-json\/wp\/v2\/product_tag?post=33021"}],"curies":[{"name":"wp","href":"https:\/\/api.w.org\/{rel}","templated":true}]}}