{"id":33980,"date":"2025-05-10T14:06:28","date_gmt":"2025-05-10T11:06:28","guid":{"rendered":"https:\/\/test.micasa.lv\/?post_type=product&#038;p=33980"},"modified":"2025-06-13T10:15:47","modified_gmt":"2025-06-13T07:15:47","slug":"help-apgriezams-dusas-sedeklis-nerusejosais-terauds-caurspidiga-plastmasa","status":"publish","type":"product","link":"https:\/\/micasa.lv\/lv\/help-apgriezams-dusas-sedeklis-nerusejosais-terauds-caurspidiga-plastmasa\/","title":{"rendered":"HELP: Apgrie\u017eams du\u0161as s\u0113deklis, ner\u016bs\u0113jo\u0161ais t\u0113rauds, caursp\u012bd\u012bga plastmasa"},"content":{"rendered":"<p>Vannas istabas dizains bez robe\u017e\u0101m un ierobe\u017eojumiem! HELP s\u0113rija sniedz pal\u012bdz\u012bgu roku tiem, kas ilgojas p\u0113c vannas istabas bez \u0161\u0137\u0113r\u0161\u013ciem, kur\u0101 katra kust\u012bba ir piepild\u012bta ar p\u0101rliec\u012bbu. Turkl\u0101t produkti ir p\u0101rkl\u0101ti ar antibakteri\u0101lu pulverkr\u0101su, kas atbilst pat visstingr\u0101kaj\u0101m higi\u0113nas pras\u012bb\u0101m.<\/p>\n","protected":false},"excerpt":{"rendered":"<p>Vannas istabas dizains bez robe\u017e\u0101m un ierobe\u017eojumiem! HELP s\u0113rija sniedz pal\u012bdz\u012bgu roku tiem, kas ilgojas p\u0113c vannas istabas bez \u0161\u0137\u0113r\u0161\u013ciem,<\/p>\n","protected":false},"featured_media":33712,"template":"","meta":[],"product_brand":[],"product_cat":[1887,1528],"product_tag":[],"class_list":{"0":"post-33980","1":"product","2":"type-product","3":"status-publish","4":"has-post-thumbnail","6":"product_cat-dusas-sedekli","7":"product_cat-vannas-istabas-aksesuari","8":"pa_brand-bemeta-lv","10":"first","11":"instock","12":"taxable","13":"shipping-taxable","14":"purchasable","15":"product-type-simple"},"yoast_head":"<!-- This site is optimized with the Yoast SEO plugin v27.4 - https:\/\/yoast.com\/product\/yoast-seo-wordpress\/ -->\n<title>HELP: Apgrie\u017eams du\u0161as s\u0113deklis, ner\u016bs\u0113jo\u0161ais t\u0113rauds, caursp\u012bd\u012bga plastmasa - Micasa<\/title>\n<meta name=\"robots\" content=\"index, follow, max-snippet:-1, max-image-preview:large, max-video-preview:-1\" \/>\n<link rel=\"canonical\" href=\"https:\/\/micasa.lv\/lv\/help-apgriezams-dusas-sedeklis-nerusejosais-terauds-caurspidiga-plastmasa\/\" \/>\n<meta property=\"og:locale\" content=\"lv_LV\" \/>\n<meta property=\"og:type\" content=\"article\" \/>\n<meta property=\"og:title\" content=\"HELP: Apgrie\u017eams du\u0161as s\u0113deklis, ner\u016bs\u0113jo\u0161ais t\u0113rauds, caursp\u012bd\u012bga plastmasa - Micasa\" \/>\n<meta property=\"og:description\" content=\"Vannas istabas dizains bez robe\u017e\u0101m un ierobe\u017eojumiem! HELP s\u0113rija sniedz pal\u012bdz\u012bgu roku tiem, kas ilgojas p\u0113c vannas istabas bez \u0161\u0137\u0113r\u0161\u013ciem,\" \/>\n<meta property=\"og:url\" content=\"https:\/\/micasa.lv\/lv\/help-apgriezams-dusas-sedeklis-nerusejosais-terauds-caurspidiga-plastmasa\/\" \/>\n<meta property=\"og:site_name\" content=\"Micasa\" \/>\n<meta property=\"article:modified_time\" content=\"2025-06-13T07:15:47+00:00\" \/>\n<meta property=\"og:image\" content=\"https:\/\/micasa.lv\/wp-content\/uploads\/2025\/05\/e8f02e6af299132b8c6bd54d4a7de7ef_326325056-velky.jpg\" \/>\n\t<meta property=\"og:image:width\" content=\"600\" \/>\n\t<meta property=\"og:image:height\" content=\"400\" \/>\n\t<meta property=\"og:image:type\" content=\"image\/jpeg\" \/>\n<meta name=\"twitter:card\" content=\"summary_large_image\" \/>\n<script type=\"application\/ld+json\" class=\"yoast-schema-graph\">{\"@context\":\"https:\\\/\\\/schema.org\",\"@graph\":[{\"@type\":\"WebPage\",\"@id\":\"https:\\\/\\\/micasa.lv\\\/lv\\\/help-apgriezams-dusas-sedeklis-nerusejosais-terauds-caurspidiga-plastmasa\\\/\",\"url\":\"https:\\\/\\\/micasa.lv\\\/lv\\\/help-apgriezams-dusas-sedeklis-nerusejosais-terauds-caurspidiga-plastmasa\\\/\",\"name\":\"HELP: Apgrie\u017eams du\u0161as s\u0113deklis, ner\u016bs\u0113jo\u0161ais t\u0113rauds, caursp\u012bd\u012bga plastmasa - Micasa\",\"isPartOf\":{\"@id\":\"https:\\\/\\\/micasa.lv\\\/lv\\\/#website\"},\"primaryImageOfPage\":{\"@id\":\"https:\\\/\\\/micasa.lv\\\/lv\\\/help-apgriezams-dusas-sedeklis-nerusejosais-terauds-caurspidiga-plastmasa\\\/#primaryimage\"},\"image\":{\"@id\":\"https:\\\/\\\/micasa.lv\\\/lv\\\/help-apgriezams-dusas-sedeklis-nerusejosais-terauds-caurspidiga-plastmasa\\\/#primaryimage\"},\"thumbnailUrl\":\"https:\\\/\\\/micasa.lv\\\/wp-content\\\/uploads\\\/2025\\\/05\\\/e8f02e6af299132b8c6bd54d4a7de7ef_326325056-velky.jpg\",\"datePublished\":\"2025-05-10T11:06:28+00:00\",\"dateModified\":\"2025-06-13T07:15:47+00:00\",\"breadcrumb\":{\"@id\":\"https:\\\/\\\/micasa.lv\\\/lv\\\/help-apgriezams-dusas-sedeklis-nerusejosais-terauds-caurspidiga-plastmasa\\\/#breadcrumb\"},\"inLanguage\":\"lv-LV\",\"potentialAction\":[{\"@type\":\"ReadAction\",\"target\":[\"https:\\\/\\\/micasa.lv\\\/lv\\\/help-apgriezams-dusas-sedeklis-nerusejosais-terauds-caurspidiga-plastmasa\\\/\"]}]},{\"@type\":\"ImageObject\",\"inLanguage\":\"lv-LV\",\"@id\":\"https:\\\/\\\/micasa.lv\\\/lv\\\/help-apgriezams-dusas-sedeklis-nerusejosais-terauds-caurspidiga-plastmasa\\\/#primaryimage\",\"url\":\"https:\\\/\\\/micasa.lv\\\/wp-content\\\/uploads\\\/2025\\\/05\\\/e8f02e6af299132b8c6bd54d4a7de7ef_326325056-velky.jpg\",\"contentUrl\":\"https:\\\/\\\/micasa.lv\\\/wp-content\\\/uploads\\\/2025\\\/05\\\/e8f02e6af299132b8c6bd54d4a7de7ef_326325056-velky.jpg\",\"width\":600,\"height\":400},{\"@type\":\"BreadcrumbList\",\"@id\":\"https:\\\/\\\/micasa.lv\\\/lv\\\/help-apgriezams-dusas-sedeklis-nerusejosais-terauds-caurspidiga-plastmasa\\\/#breadcrumb\",\"itemListElement\":[{\"@type\":\"ListItem\",\"position\":1,\"name\":\"S\u0101kums\",\"item\":\"https:\\\/\\\/micasa.lv\\\/lv\\\/micasa\\\/\"},{\"@type\":\"ListItem\",\"position\":2,\"name\":\"Shop\",\"item\":\"https:\\\/\\\/micasa.lv\\\/lv\\\/shop\\\/\"},{\"@type\":\"ListItem\",\"position\":3,\"name\":\"HELP: Apgrie\u017eams du\u0161as s\u0113deklis, ner\u016bs\u0113jo\u0161ais t\u0113rauds, caursp\u012bd\u012bga plastmasa\"}]},{\"@type\":\"WebSite\",\"@id\":\"https:\\\/\\\/micasa.lv\\\/lv\\\/#website\",\"url\":\"https:\\\/\\\/micasa.lv\\\/lv\\\/\",\"name\":\"Micasa\",\"description\":\"\",\"potentialAction\":[{\"@type\":\"SearchAction\",\"target\":{\"@type\":\"EntryPoint\",\"urlTemplate\":\"https:\\\/\\\/micasa.lv\\\/lv\\\/?s={search_term_string}\"},\"query-input\":{\"@type\":\"PropertyValueSpecification\",\"valueRequired\":true,\"valueName\":\"search_term_string\"}}],\"inLanguage\":\"lv-LV\"}]}<\/script>\n<!-- \/ Yoast SEO plugin. -->","yoast_head_json":{"title":"HELP: Apgrie\u017eams du\u0161as s\u0113deklis, ner\u016bs\u0113jo\u0161ais t\u0113rauds, caursp\u012bd\u012bga plastmasa - Micasa","robots":{"index":"index","follow":"follow","max-snippet":"max-snippet:-1","max-image-preview":"max-image-preview:large","max-video-preview":"max-video-preview:-1"},"canonical":"https:\/\/micasa.lv\/lv\/help-apgriezams-dusas-sedeklis-nerusejosais-terauds-caurspidiga-plastmasa\/","og_locale":"lv_LV","og_type":"article","og_title":"HELP: Apgrie\u017eams du\u0161as s\u0113deklis, ner\u016bs\u0113jo\u0161ais t\u0113rauds, caursp\u012bd\u012bga plastmasa - Micasa","og_description":"Vannas istabas dizains bez robe\u017e\u0101m un ierobe\u017eojumiem! HELP s\u0113rija sniedz pal\u012bdz\u012bgu roku tiem, kas ilgojas p\u0113c vannas istabas bez \u0161\u0137\u0113r\u0161\u013ciem,","og_url":"https:\/\/micasa.lv\/lv\/help-apgriezams-dusas-sedeklis-nerusejosais-terauds-caurspidiga-plastmasa\/","og_site_name":"Micasa","article_modified_time":"2025-06-13T07:15:47+00:00","og_image":[{"width":600,"height":400,"url":"https:\/\/micasa.lv\/wp-content\/uploads\/2025\/05\/e8f02e6af299132b8c6bd54d4a7de7ef_326325056-velky.jpg","type":"image\/jpeg"}],"twitter_card":"summary_large_image","schema":{"@context":"https:\/\/schema.org","@graph":[{"@type":"WebPage","@id":"https:\/\/micasa.lv\/lv\/help-apgriezams-dusas-sedeklis-nerusejosais-terauds-caurspidiga-plastmasa\/","url":"https:\/\/micasa.lv\/lv\/help-apgriezams-dusas-sedeklis-nerusejosais-terauds-caurspidiga-plastmasa\/","name":"HELP: Apgrie\u017eams du\u0161as s\u0113deklis, ner\u016bs\u0113jo\u0161ais t\u0113rauds, caursp\u012bd\u012bga plastmasa - Micasa","isPartOf":{"@id":"https:\/\/micasa.lv\/lv\/#website"},"primaryImageOfPage":{"@id":"https:\/\/micasa.lv\/lv\/help-apgriezams-dusas-sedeklis-nerusejosais-terauds-caurspidiga-plastmasa\/#primaryimage"},"image":{"@id":"https:\/\/micasa.lv\/lv\/help-apgriezams-dusas-sedeklis-nerusejosais-terauds-caurspidiga-plastmasa\/#primaryimage"},"thumbnailUrl":"https:\/\/micasa.lv\/wp-content\/uploads\/2025\/05\/e8f02e6af299132b8c6bd54d4a7de7ef_326325056-velky.jpg","datePublished":"2025-05-10T11:06:28+00:00","dateModified":"2025-06-13T07:15:47+00:00","breadcrumb":{"@id":"https:\/\/micasa.lv\/lv\/help-apgriezams-dusas-sedeklis-nerusejosais-terauds-caurspidiga-plastmasa\/#breadcrumb"},"inLanguage":"lv-LV","potentialAction":[{"@type":"ReadAction","target":["https:\/\/micasa.lv\/lv\/help-apgriezams-dusas-sedeklis-nerusejosais-terauds-caurspidiga-plastmasa\/"]}]},{"@type":"ImageObject","inLanguage":"lv-LV","@id":"https:\/\/micasa.lv\/lv\/help-apgriezams-dusas-sedeklis-nerusejosais-terauds-caurspidiga-plastmasa\/#primaryimage","url":"https:\/\/micasa.lv\/wp-content\/uploads\/2025\/05\/e8f02e6af299132b8c6bd54d4a7de7ef_326325056-velky.jpg","contentUrl":"https:\/\/micasa.lv\/wp-content\/uploads\/2025\/05\/e8f02e6af299132b8c6bd54d4a7de7ef_326325056-velky.jpg","width":600,"height":400},{"@type":"BreadcrumbList","@id":"https:\/\/micasa.lv\/lv\/help-apgriezams-dusas-sedeklis-nerusejosais-terauds-caurspidiga-plastmasa\/#breadcrumb","itemListElement":[{"@type":"ListItem","position":1,"name":"S\u0101kums","item":"https:\/\/micasa.lv\/lv\/micasa\/"},{"@type":"ListItem","position":2,"name":"Shop","item":"https:\/\/micasa.lv\/lv\/shop\/"},{"@type":"ListItem","position":3,"name":"HELP: Apgrie\u017eams du\u0161as s\u0113deklis, ner\u016bs\u0113jo\u0161ais t\u0113rauds, caursp\u012bd\u012bga plastmasa"}]},{"@type":"WebSite","@id":"https:\/\/micasa.lv\/lv\/#website","url":"https:\/\/micasa.lv\/lv\/","name":"Micasa","description":"","potentialAction":[{"@type":"SearchAction","target":{"@type":"EntryPoint","urlTemplate":"https:\/\/micasa.lv\/lv\/?s={search_term_string}"},"query-input":{"@type":"PropertyValueSpecification","valueRequired":true,"valueName":"search_term_string"}}],"inLanguage":"lv-LV"}]}},"wcpa_form_fields":null,"_links":{"self":[{"href":"https:\/\/micasa.lv\/lv\/wp-json\/wp\/v2\/product\/33980","targetHints":{"allow":["GET"]}}],"collection":[{"href":"https:\/\/micasa.lv\/lv\/wp-json\/wp\/v2\/product"}],"about":[{"href":"https:\/\/micasa.lv\/lv\/wp-json\/wp\/v2\/types\/product"}],"version-history":[{"count":1,"href":"https:\/\/micasa.lv\/lv\/wp-json\/wp\/v2\/product\/33980\/revisions"}],"predecessor-version":[{"id":34010,"href":"https:\/\/micasa.lv\/lv\/wp-json\/wp\/v2\/product\/33980\/revisions\/34010"}],"wp:featuredmedia":[{"embeddable":true,"href":"https:\/\/micasa.lv\/lv\/wp-json\/wp\/v2\/media\/33712"}],"wp:attachment":[{"href":"https:\/\/micasa.lv\/lv\/wp-json\/wp\/v2\/media?parent=33980"}],"wp:term":[{"taxonomy":"product_brand","embeddable":true,"href":"https:\/\/micasa.lv\/lv\/wp-json\/wp\/v2\/product_brand?post=33980"},{"taxonomy":"product_cat","embeddable":true,"href":"https:\/\/micasa.lv\/lv\/wp-json\/wp\/v2\/product_cat?post=33980"},{"taxonomy":"product_tag","embeddable":true,"href":"https:\/\/micasa.lv\/lv\/wp-json\/wp\/v2\/product_tag?post=33980"}],"curies":[{"name":"wp","href":"https:\/\/api.w.org\/{rel}","templated":true}]}}