{"id":33995,"date":"2025-05-10T14:06:30","date_gmt":"2025-05-10T11:06:30","guid":{"rendered":"https:\/\/test.micasa.lv\/?post_type=product&#038;p=33995"},"modified":"2025-06-13T10:15:53","modified_gmt":"2025-06-13T07:15:53","slug":"spogulis-limesanai-800-x-600-mm-nerusejosais-terauds-ipasi-spidigs","status":"publish","type":"product","link":"https:\/\/micasa.lv\/lv\/spogulis-limesanai-800-x-600-mm-nerusejosais-terauds-ipasi-spidigs\/","title":{"rendered":"Spogulis l\u012bm\u0113\u0161anai, 800 x 600 mm, ner\u016bs\u0113jo\u0161ais t\u0113rauds, \u012bpa\u0161i sp\u012bd\u012bgs"},"content":{"rendered":"<p>Pied\u0101v\u0101jam ar\u012b augstas kvalit\u0101tes salok\u0101mus spogu\u013cus bez\u0161\u0137\u0113r\u0161\u013cu vannas istab\u0101m. Pied\u0101v\u0101jam da\u017e\u0101du izm\u0113ru spogu\u013cus no pul\u0113ta ner\u016bs\u0113jo\u0161\u0101 t\u0113rauda, \u200b\u200bmat\u0113ta ner\u016bs\u0113jo\u0161\u0101 t\u0113rauda un balt\u0101s lakas. P\u0113c piepras\u012bjuma izgatavojam ar\u012b spogu\u013cus p\u0113c pas\u016bt\u012bjuma atbilsto\u0161i klientu vajadz\u012bb\u0101m.<\/p>\n","protected":false},"excerpt":{"rendered":"<p>Pied\u0101v\u0101jam ar\u012b augstas kvalit\u0101tes salok\u0101mus spogu\u013cus bez\u0161\u0137\u0113r\u0161\u013cu vannas istab\u0101m. Pied\u0101v\u0101jam da\u017e\u0101du izm\u0113ru spogu\u013cus no pul\u0113ta ner\u016bs\u0113jo\u0161\u0101 t\u0113rauda, \u200b\u200bmat\u0113ta ner\u016bs\u0113jo\u0161\u0101 t\u0113rauda<\/p>\n","protected":false},"featured_media":33586,"template":"","meta":[],"product_brand":[],"product_cat":[1837,1528],"product_tag":[],"class_list":{"0":"post-33995","1":"product","2":"type-product","3":"status-publish","4":"has-post-thumbnail","6":"product_cat-spoguli","7":"product_cat-vannas-istabas-aksesuari","8":"pa_brand-bemeta-lv","10":"first","11":"instock","12":"taxable","13":"shipping-taxable","14":"purchasable","15":"product-type-simple"},"yoast_head":"<!-- This site is optimized with the Yoast SEO plugin v27.4 - https:\/\/yoast.com\/product\/yoast-seo-wordpress\/ -->\n<title>Spogulis l\u012bm\u0113\u0161anai, 800 x 600 mm, ner\u016bs\u0113jo\u0161ais t\u0113rauds, \u012bpa\u0161i sp\u012bd\u012bgs - Micasa<\/title>\n<meta name=\"robots\" content=\"index, follow, max-snippet:-1, max-image-preview:large, max-video-preview:-1\" \/>\n<link rel=\"canonical\" href=\"https:\/\/micasa.lv\/lv\/spogulis-limesanai-800-x-600-mm-nerusejosais-terauds-ipasi-spidigs\/\" \/>\n<meta property=\"og:locale\" content=\"lv_LV\" \/>\n<meta property=\"og:type\" content=\"article\" \/>\n<meta property=\"og:title\" content=\"Spogulis l\u012bm\u0113\u0161anai, 800 x 600 mm, ner\u016bs\u0113jo\u0161ais t\u0113rauds, \u012bpa\u0161i sp\u012bd\u012bgs - Micasa\" \/>\n<meta property=\"og:description\" content=\"Pied\u0101v\u0101jam ar\u012b augstas kvalit\u0101tes salok\u0101mus spogu\u013cus bez\u0161\u0137\u0113r\u0161\u013cu vannas istab\u0101m. Pied\u0101v\u0101jam da\u017e\u0101du izm\u0113ru spogu\u013cus no pul\u0113ta ner\u016bs\u0113jo\u0161\u0101 t\u0113rauda, \u200b\u200bmat\u0113ta ner\u016bs\u0113jo\u0161\u0101 t\u0113rauda\" \/>\n<meta property=\"og:url\" content=\"https:\/\/micasa.lv\/lv\/spogulis-limesanai-800-x-600-mm-nerusejosais-terauds-ipasi-spidigs\/\" \/>\n<meta property=\"og:site_name\" content=\"Micasa\" \/>\n<meta property=\"article:modified_time\" content=\"2025-06-13T07:15:53+00:00\" \/>\n<meta property=\"og:image\" content=\"https:\/\/micasa.lv\/wp-content\/uploads\/2025\/05\/00785d919422f260149c90ffdf9e62f2_101301652-velky.jpg\" \/>\n\t<meta property=\"og:image:width\" content=\"333\" \/>\n\t<meta property=\"og:image:height\" content=\"500\" \/>\n\t<meta property=\"og:image:type\" content=\"image\/jpeg\" \/>\n<meta name=\"twitter:card\" content=\"summary_large_image\" \/>\n<script type=\"application\/ld+json\" class=\"yoast-schema-graph\">{\"@context\":\"https:\\\/\\\/schema.org\",\"@graph\":[{\"@type\":\"WebPage\",\"@id\":\"https:\\\/\\\/micasa.lv\\\/lv\\\/spogulis-limesanai-800-x-600-mm-nerusejosais-terauds-ipasi-spidigs\\\/\",\"url\":\"https:\\\/\\\/micasa.lv\\\/lv\\\/spogulis-limesanai-800-x-600-mm-nerusejosais-terauds-ipasi-spidigs\\\/\",\"name\":\"Spogulis l\u012bm\u0113\u0161anai, 800 x 600 mm, ner\u016bs\u0113jo\u0161ais t\u0113rauds, \u012bpa\u0161i sp\u012bd\u012bgs - Micasa\",\"isPartOf\":{\"@id\":\"https:\\\/\\\/micasa.lv\\\/lv\\\/#website\"},\"primaryImageOfPage\":{\"@id\":\"https:\\\/\\\/micasa.lv\\\/lv\\\/spogulis-limesanai-800-x-600-mm-nerusejosais-terauds-ipasi-spidigs\\\/#primaryimage\"},\"image\":{\"@id\":\"https:\\\/\\\/micasa.lv\\\/lv\\\/spogulis-limesanai-800-x-600-mm-nerusejosais-terauds-ipasi-spidigs\\\/#primaryimage\"},\"thumbnailUrl\":\"https:\\\/\\\/micasa.lv\\\/wp-content\\\/uploads\\\/2025\\\/05\\\/00785d919422f260149c90ffdf9e62f2_101301652-velky.jpg\",\"datePublished\":\"2025-05-10T11:06:30+00:00\",\"dateModified\":\"2025-06-13T07:15:53+00:00\",\"breadcrumb\":{\"@id\":\"https:\\\/\\\/micasa.lv\\\/lv\\\/spogulis-limesanai-800-x-600-mm-nerusejosais-terauds-ipasi-spidigs\\\/#breadcrumb\"},\"inLanguage\":\"lv-LV\",\"potentialAction\":[{\"@type\":\"ReadAction\",\"target\":[\"https:\\\/\\\/micasa.lv\\\/lv\\\/spogulis-limesanai-800-x-600-mm-nerusejosais-terauds-ipasi-spidigs\\\/\"]}]},{\"@type\":\"ImageObject\",\"inLanguage\":\"lv-LV\",\"@id\":\"https:\\\/\\\/micasa.lv\\\/lv\\\/spogulis-limesanai-800-x-600-mm-nerusejosais-terauds-ipasi-spidigs\\\/#primaryimage\",\"url\":\"https:\\\/\\\/micasa.lv\\\/wp-content\\\/uploads\\\/2025\\\/05\\\/00785d919422f260149c90ffdf9e62f2_101301652-velky.jpg\",\"contentUrl\":\"https:\\\/\\\/micasa.lv\\\/wp-content\\\/uploads\\\/2025\\\/05\\\/00785d919422f260149c90ffdf9e62f2_101301652-velky.jpg\",\"width\":333,\"height\":500},{\"@type\":\"BreadcrumbList\",\"@id\":\"https:\\\/\\\/micasa.lv\\\/lv\\\/spogulis-limesanai-800-x-600-mm-nerusejosais-terauds-ipasi-spidigs\\\/#breadcrumb\",\"itemListElement\":[{\"@type\":\"ListItem\",\"position\":1,\"name\":\"S\u0101kums\",\"item\":\"https:\\\/\\\/micasa.lv\\\/lv\\\/micasa\\\/\"},{\"@type\":\"ListItem\",\"position\":2,\"name\":\"Shop\",\"item\":\"https:\\\/\\\/micasa.lv\\\/lv\\\/shop\\\/\"},{\"@type\":\"ListItem\",\"position\":3,\"name\":\"Spogulis l\u012bm\u0113\u0161anai, 800 x 600 mm, ner\u016bs\u0113jo\u0161ais t\u0113rauds, \u012bpa\u0161i sp\u012bd\u012bgs\"}]},{\"@type\":\"WebSite\",\"@id\":\"https:\\\/\\\/micasa.lv\\\/lv\\\/#website\",\"url\":\"https:\\\/\\\/micasa.lv\\\/lv\\\/\",\"name\":\"Micasa\",\"description\":\"\",\"potentialAction\":[{\"@type\":\"SearchAction\",\"target\":{\"@type\":\"EntryPoint\",\"urlTemplate\":\"https:\\\/\\\/micasa.lv\\\/lv\\\/?s={search_term_string}\"},\"query-input\":{\"@type\":\"PropertyValueSpecification\",\"valueRequired\":true,\"valueName\":\"search_term_string\"}}],\"inLanguage\":\"lv-LV\"}]}<\/script>\n<!-- \/ Yoast SEO plugin. -->","yoast_head_json":{"title":"Spogulis l\u012bm\u0113\u0161anai, 800 x 600 mm, ner\u016bs\u0113jo\u0161ais t\u0113rauds, \u012bpa\u0161i sp\u012bd\u012bgs - Micasa","robots":{"index":"index","follow":"follow","max-snippet":"max-snippet:-1","max-image-preview":"max-image-preview:large","max-video-preview":"max-video-preview:-1"},"canonical":"https:\/\/micasa.lv\/lv\/spogulis-limesanai-800-x-600-mm-nerusejosais-terauds-ipasi-spidigs\/","og_locale":"lv_LV","og_type":"article","og_title":"Spogulis l\u012bm\u0113\u0161anai, 800 x 600 mm, ner\u016bs\u0113jo\u0161ais t\u0113rauds, \u012bpa\u0161i sp\u012bd\u012bgs - Micasa","og_description":"Pied\u0101v\u0101jam ar\u012b augstas kvalit\u0101tes salok\u0101mus spogu\u013cus bez\u0161\u0137\u0113r\u0161\u013cu vannas istab\u0101m. Pied\u0101v\u0101jam da\u017e\u0101du izm\u0113ru spogu\u013cus no pul\u0113ta ner\u016bs\u0113jo\u0161\u0101 t\u0113rauda, \u200b\u200bmat\u0113ta ner\u016bs\u0113jo\u0161\u0101 t\u0113rauda","og_url":"https:\/\/micasa.lv\/lv\/spogulis-limesanai-800-x-600-mm-nerusejosais-terauds-ipasi-spidigs\/","og_site_name":"Micasa","article_modified_time":"2025-06-13T07:15:53+00:00","og_image":[{"width":333,"height":500,"url":"https:\/\/micasa.lv\/wp-content\/uploads\/2025\/05\/00785d919422f260149c90ffdf9e62f2_101301652-velky.jpg","type":"image\/jpeg"}],"twitter_card":"summary_large_image","schema":{"@context":"https:\/\/schema.org","@graph":[{"@type":"WebPage","@id":"https:\/\/micasa.lv\/lv\/spogulis-limesanai-800-x-600-mm-nerusejosais-terauds-ipasi-spidigs\/","url":"https:\/\/micasa.lv\/lv\/spogulis-limesanai-800-x-600-mm-nerusejosais-terauds-ipasi-spidigs\/","name":"Spogulis l\u012bm\u0113\u0161anai, 800 x 600 mm, ner\u016bs\u0113jo\u0161ais t\u0113rauds, \u012bpa\u0161i sp\u012bd\u012bgs - Micasa","isPartOf":{"@id":"https:\/\/micasa.lv\/lv\/#website"},"primaryImageOfPage":{"@id":"https:\/\/micasa.lv\/lv\/spogulis-limesanai-800-x-600-mm-nerusejosais-terauds-ipasi-spidigs\/#primaryimage"},"image":{"@id":"https:\/\/micasa.lv\/lv\/spogulis-limesanai-800-x-600-mm-nerusejosais-terauds-ipasi-spidigs\/#primaryimage"},"thumbnailUrl":"https:\/\/micasa.lv\/wp-content\/uploads\/2025\/05\/00785d919422f260149c90ffdf9e62f2_101301652-velky.jpg","datePublished":"2025-05-10T11:06:30+00:00","dateModified":"2025-06-13T07:15:53+00:00","breadcrumb":{"@id":"https:\/\/micasa.lv\/lv\/spogulis-limesanai-800-x-600-mm-nerusejosais-terauds-ipasi-spidigs\/#breadcrumb"},"inLanguage":"lv-LV","potentialAction":[{"@type":"ReadAction","target":["https:\/\/micasa.lv\/lv\/spogulis-limesanai-800-x-600-mm-nerusejosais-terauds-ipasi-spidigs\/"]}]},{"@type":"ImageObject","inLanguage":"lv-LV","@id":"https:\/\/micasa.lv\/lv\/spogulis-limesanai-800-x-600-mm-nerusejosais-terauds-ipasi-spidigs\/#primaryimage","url":"https:\/\/micasa.lv\/wp-content\/uploads\/2025\/05\/00785d919422f260149c90ffdf9e62f2_101301652-velky.jpg","contentUrl":"https:\/\/micasa.lv\/wp-content\/uploads\/2025\/05\/00785d919422f260149c90ffdf9e62f2_101301652-velky.jpg","width":333,"height":500},{"@type":"BreadcrumbList","@id":"https:\/\/micasa.lv\/lv\/spogulis-limesanai-800-x-600-mm-nerusejosais-terauds-ipasi-spidigs\/#breadcrumb","itemListElement":[{"@type":"ListItem","position":1,"name":"S\u0101kums","item":"https:\/\/micasa.lv\/lv\/micasa\/"},{"@type":"ListItem","position":2,"name":"Shop","item":"https:\/\/micasa.lv\/lv\/shop\/"},{"@type":"ListItem","position":3,"name":"Spogulis l\u012bm\u0113\u0161anai, 800 x 600 mm, ner\u016bs\u0113jo\u0161ais t\u0113rauds, \u012bpa\u0161i sp\u012bd\u012bgs"}]},{"@type":"WebSite","@id":"https:\/\/micasa.lv\/lv\/#website","url":"https:\/\/micasa.lv\/lv\/","name":"Micasa","description":"","potentialAction":[{"@type":"SearchAction","target":{"@type":"EntryPoint","urlTemplate":"https:\/\/micasa.lv\/lv\/?s={search_term_string}"},"query-input":{"@type":"PropertyValueSpecification","valueRequired":true,"valueName":"search_term_string"}}],"inLanguage":"lv-LV"}]}},"wcpa_form_fields":null,"_links":{"self":[{"href":"https:\/\/micasa.lv\/lv\/wp-json\/wp\/v2\/product\/33995","targetHints":{"allow":["GET"]}}],"collection":[{"href":"https:\/\/micasa.lv\/lv\/wp-json\/wp\/v2\/product"}],"about":[{"href":"https:\/\/micasa.lv\/lv\/wp-json\/wp\/v2\/types\/product"}],"version-history":[{"count":1,"href":"https:\/\/micasa.lv\/lv\/wp-json\/wp\/v2\/product\/33995\/revisions"}],"predecessor-version":[{"id":34025,"href":"https:\/\/micasa.lv\/lv\/wp-json\/wp\/v2\/product\/33995\/revisions\/34025"}],"wp:featuredmedia":[{"embeddable":true,"href":"https:\/\/micasa.lv\/lv\/wp-json\/wp\/v2\/media\/33586"}],"wp:attachment":[{"href":"https:\/\/micasa.lv\/lv\/wp-json\/wp\/v2\/media?parent=33995"}],"wp:term":[{"taxonomy":"product_brand","embeddable":true,"href":"https:\/\/micasa.lv\/lv\/wp-json\/wp\/v2\/product_brand?post=33995"},{"taxonomy":"product_cat","embeddable":true,"href":"https:\/\/micasa.lv\/lv\/wp-json\/wp\/v2\/product_cat?post=33995"},{"taxonomy":"product_tag","embeddable":true,"href":"https:\/\/micasa.lv\/lv\/wp-json\/wp\/v2\/product_tag?post=33995"}],"curies":[{"name":"wp","href":"https:\/\/api.w.org\/{rel}","templated":true}]}}