{"id":34032,"date":"2025-05-10T14:06:32","date_gmt":"2025-05-10T11:06:32","guid":{"rendered":"https:\/\/test.micasa.lv\/?post_type=product&#038;p=34032"},"modified":"2025-06-13T10:15:55","modified_gmt":"2025-06-13T07:15:55","slug":"higienas-maisinu-dozators-hygbag-nerusejosais-terauds-matets-2","status":"publish","type":"product","link":"https:\/\/micasa.lv\/lv\/higienas-maisinu-dozators-hygbag-nerusejosais-terauds-matets-2\/","title":{"rendered":"Higi\u0113nas maisi\u0146u dozators (HygBag), ner\u016bs\u0113jo\u0161ais t\u0113rauds, mat\u0113ts"},"content":{"rendered":"<p>M\u0113s izgatavojam konteineru no lok\u0161\u0146u t\u0113rauda. Higi\u0113nas pre\u010du ietilp\u012bba at\u0161\u0137iras atkar\u012bb\u0101 no konkr\u0113t\u0101s preces.<\/p>\n","protected":false},"excerpt":{"rendered":"<p>M\u0113s izgatavojam konteineru no lok\u0161\u0146u t\u0113rauda. Higi\u0113nas pre\u010du ietilp\u012bba at\u0161\u0137iras atkar\u012bb\u0101 no konkr\u0113t\u0101s preces.<\/p>\n","protected":false},"featured_media":33667,"template":"","meta":[],"product_brand":[],"product_cat":[1861,1528],"product_tag":[],"class_list":{"0":"post-34032","1":"product","2":"type-product","3":"status-publish","4":"has-post-thumbnail","6":"product_cat-higienas-precu-dozators","7":"product_cat-vannas-istabas-aksesuari","8":"pa_brand-bemeta-lv","10":"first","11":"instock","12":"taxable","13":"shipping-taxable","14":"purchasable","15":"product-type-simple"},"yoast_head":"<!-- This site is optimized with the Yoast SEO plugin v27.4 - https:\/\/yoast.com\/product\/yoast-seo-wordpress\/ -->\n<title>Higi\u0113nas maisi\u0146u dozators (HygBag), ner\u016bs\u0113jo\u0161ais t\u0113rauds, mat\u0113ts - Micasa<\/title>\n<meta name=\"robots\" content=\"index, follow, max-snippet:-1, max-image-preview:large, max-video-preview:-1\" \/>\n<link rel=\"canonical\" href=\"https:\/\/micasa.lv\/lv\/higienas-maisinu-dozators-hygbag-nerusejosais-terauds-matets-2\/\" \/>\n<meta property=\"og:locale\" content=\"lv_LV\" \/>\n<meta property=\"og:type\" content=\"article\" \/>\n<meta property=\"og:title\" content=\"Higi\u0113nas maisi\u0146u dozators (HygBag), ner\u016bs\u0113jo\u0161ais t\u0113rauds, mat\u0113ts - Micasa\" \/>\n<meta property=\"og:description\" content=\"M\u0113s izgatavojam konteineru no lok\u0161\u0146u t\u0113rauda. Higi\u0113nas pre\u010du ietilp\u012bba at\u0161\u0137iras atkar\u012bb\u0101 no konkr\u0113t\u0101s preces.\" \/>\n<meta property=\"og:url\" content=\"https:\/\/micasa.lv\/lv\/higienas-maisinu-dozators-hygbag-nerusejosais-terauds-matets-2\/\" \/>\n<meta property=\"og:site_name\" content=\"Micasa\" \/>\n<meta property=\"article:modified_time\" content=\"2025-06-13T07:15:55+00:00\" \/>\n<meta property=\"og:image\" content=\"https:\/\/micasa.lv\/wp-content\/uploads\/2025\/05\/bf7ad4d3f8671369715f6b53de3a061b_101403095-velky.jpg\" \/>\n\t<meta property=\"og:image:width\" content=\"333\" \/>\n\t<meta property=\"og:image:height\" content=\"500\" \/>\n\t<meta property=\"og:image:type\" content=\"image\/jpeg\" \/>\n<meta name=\"twitter:card\" content=\"summary_large_image\" \/>\n<script type=\"application\/ld+json\" class=\"yoast-schema-graph\">{\"@context\":\"https:\\\/\\\/schema.org\",\"@graph\":[{\"@type\":\"WebPage\",\"@id\":\"https:\\\/\\\/micasa.lv\\\/lv\\\/higienas-maisinu-dozators-hygbag-nerusejosais-terauds-matets-2\\\/\",\"url\":\"https:\\\/\\\/micasa.lv\\\/lv\\\/higienas-maisinu-dozators-hygbag-nerusejosais-terauds-matets-2\\\/\",\"name\":\"Higi\u0113nas maisi\u0146u dozators (HygBag), ner\u016bs\u0113jo\u0161ais t\u0113rauds, mat\u0113ts - Micasa\",\"isPartOf\":{\"@id\":\"https:\\\/\\\/micasa.lv\\\/lv\\\/#website\"},\"primaryImageOfPage\":{\"@id\":\"https:\\\/\\\/micasa.lv\\\/lv\\\/higienas-maisinu-dozators-hygbag-nerusejosais-terauds-matets-2\\\/#primaryimage\"},\"image\":{\"@id\":\"https:\\\/\\\/micasa.lv\\\/lv\\\/higienas-maisinu-dozators-hygbag-nerusejosais-terauds-matets-2\\\/#primaryimage\"},\"thumbnailUrl\":\"https:\\\/\\\/micasa.lv\\\/wp-content\\\/uploads\\\/2025\\\/05\\\/bf7ad4d3f8671369715f6b53de3a061b_101403095-velky.jpg\",\"datePublished\":\"2025-05-10T11:06:32+00:00\",\"dateModified\":\"2025-06-13T07:15:55+00:00\",\"breadcrumb\":{\"@id\":\"https:\\\/\\\/micasa.lv\\\/lv\\\/higienas-maisinu-dozators-hygbag-nerusejosais-terauds-matets-2\\\/#breadcrumb\"},\"inLanguage\":\"lv-LV\",\"potentialAction\":[{\"@type\":\"ReadAction\",\"target\":[\"https:\\\/\\\/micasa.lv\\\/lv\\\/higienas-maisinu-dozators-hygbag-nerusejosais-terauds-matets-2\\\/\"]}]},{\"@type\":\"ImageObject\",\"inLanguage\":\"lv-LV\",\"@id\":\"https:\\\/\\\/micasa.lv\\\/lv\\\/higienas-maisinu-dozators-hygbag-nerusejosais-terauds-matets-2\\\/#primaryimage\",\"url\":\"https:\\\/\\\/micasa.lv\\\/wp-content\\\/uploads\\\/2025\\\/05\\\/bf7ad4d3f8671369715f6b53de3a061b_101403095-velky.jpg\",\"contentUrl\":\"https:\\\/\\\/micasa.lv\\\/wp-content\\\/uploads\\\/2025\\\/05\\\/bf7ad4d3f8671369715f6b53de3a061b_101403095-velky.jpg\",\"width\":333,\"height\":500},{\"@type\":\"BreadcrumbList\",\"@id\":\"https:\\\/\\\/micasa.lv\\\/lv\\\/higienas-maisinu-dozators-hygbag-nerusejosais-terauds-matets-2\\\/#breadcrumb\",\"itemListElement\":[{\"@type\":\"ListItem\",\"position\":1,\"name\":\"S\u0101kums\",\"item\":\"https:\\\/\\\/micasa.lv\\\/lv\\\/micasa\\\/\"},{\"@type\":\"ListItem\",\"position\":2,\"name\":\"Shop\",\"item\":\"https:\\\/\\\/micasa.lv\\\/lv\\\/shop\\\/\"},{\"@type\":\"ListItem\",\"position\":3,\"name\":\"Higi\u0113nas maisi\u0146u dozators (HygBag), ner\u016bs\u0113jo\u0161ais t\u0113rauds, mat\u0113ts\"}]},{\"@type\":\"WebSite\",\"@id\":\"https:\\\/\\\/micasa.lv\\\/lv\\\/#website\",\"url\":\"https:\\\/\\\/micasa.lv\\\/lv\\\/\",\"name\":\"Micasa\",\"description\":\"\",\"potentialAction\":[{\"@type\":\"SearchAction\",\"target\":{\"@type\":\"EntryPoint\",\"urlTemplate\":\"https:\\\/\\\/micasa.lv\\\/lv\\\/?s={search_term_string}\"},\"query-input\":{\"@type\":\"PropertyValueSpecification\",\"valueRequired\":true,\"valueName\":\"search_term_string\"}}],\"inLanguage\":\"lv-LV\"}]}<\/script>\n<!-- \/ Yoast SEO plugin. -->","yoast_head_json":{"title":"Higi\u0113nas maisi\u0146u dozators (HygBag), ner\u016bs\u0113jo\u0161ais t\u0113rauds, mat\u0113ts - Micasa","robots":{"index":"index","follow":"follow","max-snippet":"max-snippet:-1","max-image-preview":"max-image-preview:large","max-video-preview":"max-video-preview:-1"},"canonical":"https:\/\/micasa.lv\/lv\/higienas-maisinu-dozators-hygbag-nerusejosais-terauds-matets-2\/","og_locale":"lv_LV","og_type":"article","og_title":"Higi\u0113nas maisi\u0146u dozators (HygBag), ner\u016bs\u0113jo\u0161ais t\u0113rauds, mat\u0113ts - Micasa","og_description":"M\u0113s izgatavojam konteineru no lok\u0161\u0146u t\u0113rauda. Higi\u0113nas pre\u010du ietilp\u012bba at\u0161\u0137iras atkar\u012bb\u0101 no konkr\u0113t\u0101s preces.","og_url":"https:\/\/micasa.lv\/lv\/higienas-maisinu-dozators-hygbag-nerusejosais-terauds-matets-2\/","og_site_name":"Micasa","article_modified_time":"2025-06-13T07:15:55+00:00","og_image":[{"width":333,"height":500,"url":"https:\/\/micasa.lv\/wp-content\/uploads\/2025\/05\/bf7ad4d3f8671369715f6b53de3a061b_101403095-velky.jpg","type":"image\/jpeg"}],"twitter_card":"summary_large_image","schema":{"@context":"https:\/\/schema.org","@graph":[{"@type":"WebPage","@id":"https:\/\/micasa.lv\/lv\/higienas-maisinu-dozators-hygbag-nerusejosais-terauds-matets-2\/","url":"https:\/\/micasa.lv\/lv\/higienas-maisinu-dozators-hygbag-nerusejosais-terauds-matets-2\/","name":"Higi\u0113nas maisi\u0146u dozators (HygBag), ner\u016bs\u0113jo\u0161ais t\u0113rauds, mat\u0113ts - Micasa","isPartOf":{"@id":"https:\/\/micasa.lv\/lv\/#website"},"primaryImageOfPage":{"@id":"https:\/\/micasa.lv\/lv\/higienas-maisinu-dozators-hygbag-nerusejosais-terauds-matets-2\/#primaryimage"},"image":{"@id":"https:\/\/micasa.lv\/lv\/higienas-maisinu-dozators-hygbag-nerusejosais-terauds-matets-2\/#primaryimage"},"thumbnailUrl":"https:\/\/micasa.lv\/wp-content\/uploads\/2025\/05\/bf7ad4d3f8671369715f6b53de3a061b_101403095-velky.jpg","datePublished":"2025-05-10T11:06:32+00:00","dateModified":"2025-06-13T07:15:55+00:00","breadcrumb":{"@id":"https:\/\/micasa.lv\/lv\/higienas-maisinu-dozators-hygbag-nerusejosais-terauds-matets-2\/#breadcrumb"},"inLanguage":"lv-LV","potentialAction":[{"@type":"ReadAction","target":["https:\/\/micasa.lv\/lv\/higienas-maisinu-dozators-hygbag-nerusejosais-terauds-matets-2\/"]}]},{"@type":"ImageObject","inLanguage":"lv-LV","@id":"https:\/\/micasa.lv\/lv\/higienas-maisinu-dozators-hygbag-nerusejosais-terauds-matets-2\/#primaryimage","url":"https:\/\/micasa.lv\/wp-content\/uploads\/2025\/05\/bf7ad4d3f8671369715f6b53de3a061b_101403095-velky.jpg","contentUrl":"https:\/\/micasa.lv\/wp-content\/uploads\/2025\/05\/bf7ad4d3f8671369715f6b53de3a061b_101403095-velky.jpg","width":333,"height":500},{"@type":"BreadcrumbList","@id":"https:\/\/micasa.lv\/lv\/higienas-maisinu-dozators-hygbag-nerusejosais-terauds-matets-2\/#breadcrumb","itemListElement":[{"@type":"ListItem","position":1,"name":"S\u0101kums","item":"https:\/\/micasa.lv\/lv\/micasa\/"},{"@type":"ListItem","position":2,"name":"Shop","item":"https:\/\/micasa.lv\/lv\/shop\/"},{"@type":"ListItem","position":3,"name":"Higi\u0113nas maisi\u0146u dozators (HygBag), ner\u016bs\u0113jo\u0161ais t\u0113rauds, mat\u0113ts"}]},{"@type":"WebSite","@id":"https:\/\/micasa.lv\/lv\/#website","url":"https:\/\/micasa.lv\/lv\/","name":"Micasa","description":"","potentialAction":[{"@type":"SearchAction","target":{"@type":"EntryPoint","urlTemplate":"https:\/\/micasa.lv\/lv\/?s={search_term_string}"},"query-input":{"@type":"PropertyValueSpecification","valueRequired":true,"valueName":"search_term_string"}}],"inLanguage":"lv-LV"}]}},"wcpa_form_fields":null,"_links":{"self":[{"href":"https:\/\/micasa.lv\/lv\/wp-json\/wp\/v2\/product\/34032","targetHints":{"allow":["GET"]}}],"collection":[{"href":"https:\/\/micasa.lv\/lv\/wp-json\/wp\/v2\/product"}],"about":[{"href":"https:\/\/micasa.lv\/lv\/wp-json\/wp\/v2\/types\/product"}],"version-history":[{"count":1,"href":"https:\/\/micasa.lv\/lv\/wp-json\/wp\/v2\/product\/34032\/revisions"}],"predecessor-version":[{"id":34062,"href":"https:\/\/micasa.lv\/lv\/wp-json\/wp\/v2\/product\/34032\/revisions\/34062"}],"wp:featuredmedia":[{"embeddable":true,"href":"https:\/\/micasa.lv\/lv\/wp-json\/wp\/v2\/media\/33667"}],"wp:attachment":[{"href":"https:\/\/micasa.lv\/lv\/wp-json\/wp\/v2\/media?parent=34032"}],"wp:term":[{"taxonomy":"product_brand","embeddable":true,"href":"https:\/\/micasa.lv\/lv\/wp-json\/wp\/v2\/product_brand?post=34032"},{"taxonomy":"product_cat","embeddable":true,"href":"https:\/\/micasa.lv\/lv\/wp-json\/wp\/v2\/product_cat?post=34032"},{"taxonomy":"product_tag","embeddable":true,"href":"https:\/\/micasa.lv\/lv\/wp-json\/wp\/v2\/product_tag?post=34032"}],"curies":[{"name":"wp","href":"https:\/\/api.w.org\/{rel}","templated":true}]}}