{"id":34090,"date":"2025-05-10T14:06:47","date_gmt":"2025-05-10T11:06:47","guid":{"rendered":"https:\/\/test.micasa.lv\/?post_type=product&#038;p=34090"},"modified":"2025-06-13T10:16:04","modified_gmt":"2025-06-13T07:16:04","slug":"rokturis-lenki-ar-ziepju-trauku-45-nerusejosais-terauds-pulets","status":"publish","type":"product","link":"https:\/\/micasa.lv\/lv\/rokturis-lenki-ar-ziepju-trauku-45-nerusejosais-terauds-pulets\/","title":{"rendered":"Rokturis le\u0146\u0137\u012b ar ziepju trauku, 45\u00b0, ner\u016bs\u0113jo\u0161ais t\u0113rauds, pul\u0113ts"},"content":{"rendered":"<p>Stabils atbalsts senioriem vai cilv\u0113kiem ar vesel\u012bbas trauc\u0113jumiem. Margas ir sertific\u0113jis valsts test\u0113\u0161anas instit\u016bts, un t\u0101s atbilst \u010cehijas likumdo\u0161anai par izstr\u0101d\u0101jumu uzst\u0101d\u012b\u0161anu bez\u0161\u0137\u0113r\u0161\u013cu telp\u0101s. Pied\u0101v\u0101jam da\u017e\u0101du izm\u0113ru un formu un vair\u0101k\u0101s virsmas apstr\u0101d\u0113s HELP rokturus &#8211; pul\u0113ts ner\u016bs\u0113jo\u0161ais t\u0113rauds, mat\u0113ts ner\u016bs\u0113jo\u0161ais t\u0113rauds, balta laka.<\/p>\n","protected":false},"excerpt":{"rendered":"<p>Stabils atbalsts senioriem vai cilv\u0113kiem ar vesel\u012bbas trauc\u0113jumiem. Margas ir sertific\u0113jis valsts test\u0113\u0161anas instit\u016bts, un t\u0101s atbilst \u010cehijas likumdo\u0161anai par<\/p>\n","protected":false},"featured_media":33430,"template":"","meta":[],"product_brand":[],"product_cat":[1528],"product_tag":[],"class_list":{"0":"post-34090","1":"product","2":"type-product","3":"status-publish","4":"has-post-thumbnail","6":"product_cat-vannas-istabas-aksesuari","7":"pa_brand-bemeta-lv","9":"first","10":"instock","11":"taxable","12":"shipping-taxable","13":"purchasable","14":"product-type-simple"},"yoast_head":"<!-- This site is optimized with the Yoast SEO plugin v27.4 - https:\/\/yoast.com\/product\/yoast-seo-wordpress\/ -->\n<title>Rokturis le\u0146\u0137\u012b ar ziepju trauku, 45\u00b0, ner\u016bs\u0113jo\u0161ais t\u0113rauds, pul\u0113ts - Micasa<\/title>\n<meta name=\"robots\" content=\"index, follow, max-snippet:-1, max-image-preview:large, max-video-preview:-1\" \/>\n<link rel=\"canonical\" href=\"https:\/\/micasa.lv\/lv\/rokturis-lenki-ar-ziepju-trauku-45-nerusejosais-terauds-pulets\/\" \/>\n<meta property=\"og:locale\" content=\"lv_LV\" \/>\n<meta property=\"og:type\" content=\"article\" \/>\n<meta property=\"og:title\" content=\"Rokturis le\u0146\u0137\u012b ar ziepju trauku, 45\u00b0, ner\u016bs\u0113jo\u0161ais t\u0113rauds, pul\u0113ts - Micasa\" \/>\n<meta property=\"og:description\" content=\"Stabils atbalsts senioriem vai cilv\u0113kiem ar vesel\u012bbas trauc\u0113jumiem. Margas ir sertific\u0113jis valsts test\u0113\u0161anas instit\u016bts, un t\u0101s atbilst \u010cehijas likumdo\u0161anai par\" \/>\n<meta property=\"og:url\" content=\"https:\/\/micasa.lv\/lv\/rokturis-lenki-ar-ziepju-trauku-45-nerusejosais-terauds-pulets\/\" \/>\n<meta property=\"og:site_name\" content=\"Micasa\" \/>\n<meta property=\"article:modified_time\" content=\"2025-06-13T07:16:04+00:00\" \/>\n<meta property=\"og:image\" content=\"https:\/\/micasa.lv\/wp-content\/uploads\/2025\/05\/ecb1308159b7bd0412e3fadd01bd0d90_106107031-velky.jpg\" \/>\n\t<meta property=\"og:image:width\" content=\"500\" \/>\n\t<meta property=\"og:image:height\" content=\"500\" \/>\n\t<meta property=\"og:image:type\" content=\"image\/jpeg\" \/>\n<meta name=\"twitter:card\" content=\"summary_large_image\" \/>\n<script type=\"application\/ld+json\" class=\"yoast-schema-graph\">{\"@context\":\"https:\\\/\\\/schema.org\",\"@graph\":[{\"@type\":\"WebPage\",\"@id\":\"https:\\\/\\\/micasa.lv\\\/lv\\\/rokturis-lenki-ar-ziepju-trauku-45-nerusejosais-terauds-pulets\\\/\",\"url\":\"https:\\\/\\\/micasa.lv\\\/lv\\\/rokturis-lenki-ar-ziepju-trauku-45-nerusejosais-terauds-pulets\\\/\",\"name\":\"Rokturis le\u0146\u0137\u012b ar ziepju trauku, 45\u00b0, ner\u016bs\u0113jo\u0161ais t\u0113rauds, pul\u0113ts - Micasa\",\"isPartOf\":{\"@id\":\"https:\\\/\\\/micasa.lv\\\/lv\\\/#website\"},\"primaryImageOfPage\":{\"@id\":\"https:\\\/\\\/micasa.lv\\\/lv\\\/rokturis-lenki-ar-ziepju-trauku-45-nerusejosais-terauds-pulets\\\/#primaryimage\"},\"image\":{\"@id\":\"https:\\\/\\\/micasa.lv\\\/lv\\\/rokturis-lenki-ar-ziepju-trauku-45-nerusejosais-terauds-pulets\\\/#primaryimage\"},\"thumbnailUrl\":\"https:\\\/\\\/micasa.lv\\\/wp-content\\\/uploads\\\/2025\\\/05\\\/ecb1308159b7bd0412e3fadd01bd0d90_106107031-velky.jpg\",\"datePublished\":\"2025-05-10T11:06:47+00:00\",\"dateModified\":\"2025-06-13T07:16:04+00:00\",\"breadcrumb\":{\"@id\":\"https:\\\/\\\/micasa.lv\\\/lv\\\/rokturis-lenki-ar-ziepju-trauku-45-nerusejosais-terauds-pulets\\\/#breadcrumb\"},\"inLanguage\":\"lv-LV\",\"potentialAction\":[{\"@type\":\"ReadAction\",\"target\":[\"https:\\\/\\\/micasa.lv\\\/lv\\\/rokturis-lenki-ar-ziepju-trauku-45-nerusejosais-terauds-pulets\\\/\"]}]},{\"@type\":\"ImageObject\",\"inLanguage\":\"lv-LV\",\"@id\":\"https:\\\/\\\/micasa.lv\\\/lv\\\/rokturis-lenki-ar-ziepju-trauku-45-nerusejosais-terauds-pulets\\\/#primaryimage\",\"url\":\"https:\\\/\\\/micasa.lv\\\/wp-content\\\/uploads\\\/2025\\\/05\\\/ecb1308159b7bd0412e3fadd01bd0d90_106107031-velky.jpg\",\"contentUrl\":\"https:\\\/\\\/micasa.lv\\\/wp-content\\\/uploads\\\/2025\\\/05\\\/ecb1308159b7bd0412e3fadd01bd0d90_106107031-velky.jpg\",\"width\":500,\"height\":500},{\"@type\":\"BreadcrumbList\",\"@id\":\"https:\\\/\\\/micasa.lv\\\/lv\\\/rokturis-lenki-ar-ziepju-trauku-45-nerusejosais-terauds-pulets\\\/#breadcrumb\",\"itemListElement\":[{\"@type\":\"ListItem\",\"position\":1,\"name\":\"S\u0101kums\",\"item\":\"https:\\\/\\\/micasa.lv\\\/lv\\\/micasa\\\/\"},{\"@type\":\"ListItem\",\"position\":2,\"name\":\"Shop\",\"item\":\"https:\\\/\\\/micasa.lv\\\/lv\\\/shop\\\/\"},{\"@type\":\"ListItem\",\"position\":3,\"name\":\"Rokturis le\u0146\u0137\u012b ar ziepju trauku, 45\u00b0, ner\u016bs\u0113jo\u0161ais t\u0113rauds, pul\u0113ts\"}]},{\"@type\":\"WebSite\",\"@id\":\"https:\\\/\\\/micasa.lv\\\/lv\\\/#website\",\"url\":\"https:\\\/\\\/micasa.lv\\\/lv\\\/\",\"name\":\"Micasa\",\"description\":\"\",\"potentialAction\":[{\"@type\":\"SearchAction\",\"target\":{\"@type\":\"EntryPoint\",\"urlTemplate\":\"https:\\\/\\\/micasa.lv\\\/lv\\\/?s={search_term_string}\"},\"query-input\":{\"@type\":\"PropertyValueSpecification\",\"valueRequired\":true,\"valueName\":\"search_term_string\"}}],\"inLanguage\":\"lv-LV\"}]}<\/script>\n<!-- \/ Yoast SEO plugin. -->","yoast_head_json":{"title":"Rokturis le\u0146\u0137\u012b ar ziepju trauku, 45\u00b0, ner\u016bs\u0113jo\u0161ais t\u0113rauds, pul\u0113ts - Micasa","robots":{"index":"index","follow":"follow","max-snippet":"max-snippet:-1","max-image-preview":"max-image-preview:large","max-video-preview":"max-video-preview:-1"},"canonical":"https:\/\/micasa.lv\/lv\/rokturis-lenki-ar-ziepju-trauku-45-nerusejosais-terauds-pulets\/","og_locale":"lv_LV","og_type":"article","og_title":"Rokturis le\u0146\u0137\u012b ar ziepju trauku, 45\u00b0, ner\u016bs\u0113jo\u0161ais t\u0113rauds, pul\u0113ts - Micasa","og_description":"Stabils atbalsts senioriem vai cilv\u0113kiem ar vesel\u012bbas trauc\u0113jumiem. Margas ir sertific\u0113jis valsts test\u0113\u0161anas instit\u016bts, un t\u0101s atbilst \u010cehijas likumdo\u0161anai par","og_url":"https:\/\/micasa.lv\/lv\/rokturis-lenki-ar-ziepju-trauku-45-nerusejosais-terauds-pulets\/","og_site_name":"Micasa","article_modified_time":"2025-06-13T07:16:04+00:00","og_image":[{"width":500,"height":500,"url":"https:\/\/micasa.lv\/wp-content\/uploads\/2025\/05\/ecb1308159b7bd0412e3fadd01bd0d90_106107031-velky.jpg","type":"image\/jpeg"}],"twitter_card":"summary_large_image","schema":{"@context":"https:\/\/schema.org","@graph":[{"@type":"WebPage","@id":"https:\/\/micasa.lv\/lv\/rokturis-lenki-ar-ziepju-trauku-45-nerusejosais-terauds-pulets\/","url":"https:\/\/micasa.lv\/lv\/rokturis-lenki-ar-ziepju-trauku-45-nerusejosais-terauds-pulets\/","name":"Rokturis le\u0146\u0137\u012b ar ziepju trauku, 45\u00b0, ner\u016bs\u0113jo\u0161ais t\u0113rauds, pul\u0113ts - Micasa","isPartOf":{"@id":"https:\/\/micasa.lv\/lv\/#website"},"primaryImageOfPage":{"@id":"https:\/\/micasa.lv\/lv\/rokturis-lenki-ar-ziepju-trauku-45-nerusejosais-terauds-pulets\/#primaryimage"},"image":{"@id":"https:\/\/micasa.lv\/lv\/rokturis-lenki-ar-ziepju-trauku-45-nerusejosais-terauds-pulets\/#primaryimage"},"thumbnailUrl":"https:\/\/micasa.lv\/wp-content\/uploads\/2025\/05\/ecb1308159b7bd0412e3fadd01bd0d90_106107031-velky.jpg","datePublished":"2025-05-10T11:06:47+00:00","dateModified":"2025-06-13T07:16:04+00:00","breadcrumb":{"@id":"https:\/\/micasa.lv\/lv\/rokturis-lenki-ar-ziepju-trauku-45-nerusejosais-terauds-pulets\/#breadcrumb"},"inLanguage":"lv-LV","potentialAction":[{"@type":"ReadAction","target":["https:\/\/micasa.lv\/lv\/rokturis-lenki-ar-ziepju-trauku-45-nerusejosais-terauds-pulets\/"]}]},{"@type":"ImageObject","inLanguage":"lv-LV","@id":"https:\/\/micasa.lv\/lv\/rokturis-lenki-ar-ziepju-trauku-45-nerusejosais-terauds-pulets\/#primaryimage","url":"https:\/\/micasa.lv\/wp-content\/uploads\/2025\/05\/ecb1308159b7bd0412e3fadd01bd0d90_106107031-velky.jpg","contentUrl":"https:\/\/micasa.lv\/wp-content\/uploads\/2025\/05\/ecb1308159b7bd0412e3fadd01bd0d90_106107031-velky.jpg","width":500,"height":500},{"@type":"BreadcrumbList","@id":"https:\/\/micasa.lv\/lv\/rokturis-lenki-ar-ziepju-trauku-45-nerusejosais-terauds-pulets\/#breadcrumb","itemListElement":[{"@type":"ListItem","position":1,"name":"S\u0101kums","item":"https:\/\/micasa.lv\/lv\/micasa\/"},{"@type":"ListItem","position":2,"name":"Shop","item":"https:\/\/micasa.lv\/lv\/shop\/"},{"@type":"ListItem","position":3,"name":"Rokturis le\u0146\u0137\u012b ar ziepju trauku, 45\u00b0, ner\u016bs\u0113jo\u0161ais t\u0113rauds, pul\u0113ts"}]},{"@type":"WebSite","@id":"https:\/\/micasa.lv\/lv\/#website","url":"https:\/\/micasa.lv\/lv\/","name":"Micasa","description":"","potentialAction":[{"@type":"SearchAction","target":{"@type":"EntryPoint","urlTemplate":"https:\/\/micasa.lv\/lv\/?s={search_term_string}"},"query-input":{"@type":"PropertyValueSpecification","valueRequired":true,"valueName":"search_term_string"}}],"inLanguage":"lv-LV"}]}},"wcpa_form_fields":null,"_links":{"self":[{"href":"https:\/\/micasa.lv\/lv\/wp-json\/wp\/v2\/product\/34090","targetHints":{"allow":["GET"]}}],"collection":[{"href":"https:\/\/micasa.lv\/lv\/wp-json\/wp\/v2\/product"}],"about":[{"href":"https:\/\/micasa.lv\/lv\/wp-json\/wp\/v2\/types\/product"}],"version-history":[{"count":1,"href":"https:\/\/micasa.lv\/lv\/wp-json\/wp\/v2\/product\/34090\/revisions"}],"predecessor-version":[{"id":34120,"href":"https:\/\/micasa.lv\/lv\/wp-json\/wp\/v2\/product\/34090\/revisions\/34120"}],"wp:featuredmedia":[{"embeddable":true,"href":"https:\/\/micasa.lv\/lv\/wp-json\/wp\/v2\/media\/33430"}],"wp:attachment":[{"href":"https:\/\/micasa.lv\/lv\/wp-json\/wp\/v2\/media?parent=34090"}],"wp:term":[{"taxonomy":"product_brand","embeddable":true,"href":"https:\/\/micasa.lv\/lv\/wp-json\/wp\/v2\/product_brand?post=34090"},{"taxonomy":"product_cat","embeddable":true,"href":"https:\/\/micasa.lv\/lv\/wp-json\/wp\/v2\/product_cat?post=34090"},{"taxonomy":"product_tag","embeddable":true,"href":"https:\/\/micasa.lv\/lv\/wp-json\/wp\/v2\/product_tag?post=34090"}],"curies":[{"name":"wp","href":"https:\/\/api.w.org\/{rel}","templated":true}]}}