{"id":34879,"date":"2025-05-10T16:29:47","date_gmt":"2025-05-10T13:29:47","guid":{"rendered":"https:\/\/test.micasa.lv\/?post_type=product&#038;p=34879"},"modified":"2025-06-13T10:17:20","modified_gmt":"2025-06-13T07:17:20","slug":"mirror-with-led-lighting-600-x-800-mm-2","status":"publish","type":"product","link":"https:\/\/micasa.lv\/lv\/mirror-with-led-lighting-600-x-800-mm-2\/","title":{"rendered":"Mirror with LED lighting, 600 x 800 mm"},"content":{"rendered":"<p>Vannas istabai bez \u0161\u0137\u0113r\u0161\u013ciem m\u0113s pied\u0101v\u0101jam ar\u012b augstas kvalit\u0101tes salok\u0101mos spogu\u013cus. Spogu\u013ci ir pieejami da\u017e\u0101dos izm\u0113ros un ner\u016bs\u0113jo\u0161\u0101 t\u0113rauda sp\u012bduma, ner\u016bs\u0113jo\u0161\u0101 t\u0113rauda mat\u0113ta un balta laka kr\u0101s\u0101s. P\u0113c piepras\u012bjuma m\u0113s varam izgatavot spogu\u013cus ar\u012b atbilsto\u0161i klienta vajadz\u012bb\u0101m.<\/p>\n","protected":false},"excerpt":{"rendered":"<p>Vannas istabai bez \u0161\u0137\u0113r\u0161\u013ciem m\u0113s pied\u0101v\u0101jam ar\u012b augstas kvalit\u0101tes salok\u0101mos spogu\u013cus. Spogu\u013ci ir pieejami da\u017e\u0101dos izm\u0113ros un ner\u016bs\u0113jo\u0161\u0101 t\u0113rauda sp\u012bduma,<\/p>\n","protected":false},"featured_media":34491,"template":"","meta":[],"product_brand":[],"product_cat":[1837,1528],"product_tag":[],"class_list":{"0":"post-34879","1":"product","2":"type-product","3":"status-publish","4":"has-post-thumbnail","6":"product_cat-spoguli","7":"product_cat-vannas-istabas-aksesuari","8":"pa_brand-bemeta-lv","10":"first","11":"instock","12":"taxable","13":"shipping-taxable","14":"purchasable","15":"product-type-simple"},"yoast_head":"<!-- This site is optimized with the Yoast SEO plugin v27.4 - https:\/\/yoast.com\/product\/yoast-seo-wordpress\/ -->\n<title>Mirror with LED lighting, 600 x 800 mm - Micasa<\/title>\n<meta name=\"robots\" content=\"index, follow, max-snippet:-1, max-image-preview:large, max-video-preview:-1\" \/>\n<link rel=\"canonical\" href=\"https:\/\/micasa.lv\/lv\/mirror-with-led-lighting-600-x-800-mm-2\/\" \/>\n<meta property=\"og:locale\" content=\"lv_LV\" \/>\n<meta property=\"og:type\" content=\"article\" \/>\n<meta property=\"og:title\" content=\"Mirror with LED lighting, 600 x 800 mm - Micasa\" \/>\n<meta property=\"og:description\" content=\"Vannas istabai bez \u0161\u0137\u0113r\u0161\u013ciem m\u0113s pied\u0101v\u0101jam ar\u012b augstas kvalit\u0101tes salok\u0101mos spogu\u013cus. Spogu\u013ci ir pieejami da\u017e\u0101dos izm\u0113ros un ner\u016bs\u0113jo\u0161\u0101 t\u0113rauda sp\u012bduma,\" \/>\n<meta property=\"og:url\" content=\"https:\/\/micasa.lv\/lv\/mirror-with-led-lighting-600-x-800-mm-2\/\" \/>\n<meta property=\"og:site_name\" content=\"Micasa\" \/>\n<meta property=\"article:modified_time\" content=\"2025-06-13T07:17:20+00:00\" \/>\n<meta property=\"og:image\" content=\"https:\/\/micasa.lv\/wp-content\/uploads\/2025\/05\/4288322bf4b9e0f21eb57f0b627db9cb_127201679-velky.jpg\" \/>\n\t<meta property=\"og:image:width\" content=\"374\" \/>\n\t<meta property=\"og:image:height\" content=\"500\" \/>\n\t<meta property=\"og:image:type\" content=\"image\/jpeg\" \/>\n<meta name=\"twitter:card\" content=\"summary_large_image\" \/>\n<script type=\"application\/ld+json\" class=\"yoast-schema-graph\">{\"@context\":\"https:\\\/\\\/schema.org\",\"@graph\":[{\"@type\":\"WebPage\",\"@id\":\"https:\\\/\\\/micasa.lv\\\/lv\\\/mirror-with-led-lighting-600-x-800-mm-2\\\/\",\"url\":\"https:\\\/\\\/micasa.lv\\\/lv\\\/mirror-with-led-lighting-600-x-800-mm-2\\\/\",\"name\":\"Mirror with LED lighting, 600 x 800 mm - Micasa\",\"isPartOf\":{\"@id\":\"https:\\\/\\\/micasa.lv\\\/lv\\\/#website\"},\"primaryImageOfPage\":{\"@id\":\"https:\\\/\\\/micasa.lv\\\/lv\\\/mirror-with-led-lighting-600-x-800-mm-2\\\/#primaryimage\"},\"image\":{\"@id\":\"https:\\\/\\\/micasa.lv\\\/lv\\\/mirror-with-led-lighting-600-x-800-mm-2\\\/#primaryimage\"},\"thumbnailUrl\":\"https:\\\/\\\/micasa.lv\\\/wp-content\\\/uploads\\\/2025\\\/05\\\/4288322bf4b9e0f21eb57f0b627db9cb_127201679-velky.jpg\",\"datePublished\":\"2025-05-10T13:29:47+00:00\",\"dateModified\":\"2025-06-13T07:17:20+00:00\",\"breadcrumb\":{\"@id\":\"https:\\\/\\\/micasa.lv\\\/lv\\\/mirror-with-led-lighting-600-x-800-mm-2\\\/#breadcrumb\"},\"inLanguage\":\"lv-LV\",\"potentialAction\":[{\"@type\":\"ReadAction\",\"target\":[\"https:\\\/\\\/micasa.lv\\\/lv\\\/mirror-with-led-lighting-600-x-800-mm-2\\\/\"]}]},{\"@type\":\"ImageObject\",\"inLanguage\":\"lv-LV\",\"@id\":\"https:\\\/\\\/micasa.lv\\\/lv\\\/mirror-with-led-lighting-600-x-800-mm-2\\\/#primaryimage\",\"url\":\"https:\\\/\\\/micasa.lv\\\/wp-content\\\/uploads\\\/2025\\\/05\\\/4288322bf4b9e0f21eb57f0b627db9cb_127201679-velky.jpg\",\"contentUrl\":\"https:\\\/\\\/micasa.lv\\\/wp-content\\\/uploads\\\/2025\\\/05\\\/4288322bf4b9e0f21eb57f0b627db9cb_127201679-velky.jpg\",\"width\":374,\"height\":500},{\"@type\":\"BreadcrumbList\",\"@id\":\"https:\\\/\\\/micasa.lv\\\/lv\\\/mirror-with-led-lighting-600-x-800-mm-2\\\/#breadcrumb\",\"itemListElement\":[{\"@type\":\"ListItem\",\"position\":1,\"name\":\"S\u0101kums\",\"item\":\"https:\\\/\\\/micasa.lv\\\/lv\\\/micasa\\\/\"},{\"@type\":\"ListItem\",\"position\":2,\"name\":\"Shop\",\"item\":\"https:\\\/\\\/micasa.lv\\\/lv\\\/shop\\\/\"},{\"@type\":\"ListItem\",\"position\":3,\"name\":\"Mirror with LED lighting, 600 x 800 mm\"}]},{\"@type\":\"WebSite\",\"@id\":\"https:\\\/\\\/micasa.lv\\\/lv\\\/#website\",\"url\":\"https:\\\/\\\/micasa.lv\\\/lv\\\/\",\"name\":\"Micasa\",\"description\":\"\",\"potentialAction\":[{\"@type\":\"SearchAction\",\"target\":{\"@type\":\"EntryPoint\",\"urlTemplate\":\"https:\\\/\\\/micasa.lv\\\/lv\\\/?s={search_term_string}\"},\"query-input\":{\"@type\":\"PropertyValueSpecification\",\"valueRequired\":true,\"valueName\":\"search_term_string\"}}],\"inLanguage\":\"lv-LV\"}]}<\/script>\n<!-- \/ Yoast SEO plugin. -->","yoast_head_json":{"title":"Mirror with LED lighting, 600 x 800 mm - Micasa","robots":{"index":"index","follow":"follow","max-snippet":"max-snippet:-1","max-image-preview":"max-image-preview:large","max-video-preview":"max-video-preview:-1"},"canonical":"https:\/\/micasa.lv\/lv\/mirror-with-led-lighting-600-x-800-mm-2\/","og_locale":"lv_LV","og_type":"article","og_title":"Mirror with LED lighting, 600 x 800 mm - Micasa","og_description":"Vannas istabai bez \u0161\u0137\u0113r\u0161\u013ciem m\u0113s pied\u0101v\u0101jam ar\u012b augstas kvalit\u0101tes salok\u0101mos spogu\u013cus. Spogu\u013ci ir pieejami da\u017e\u0101dos izm\u0113ros un ner\u016bs\u0113jo\u0161\u0101 t\u0113rauda sp\u012bduma,","og_url":"https:\/\/micasa.lv\/lv\/mirror-with-led-lighting-600-x-800-mm-2\/","og_site_name":"Micasa","article_modified_time":"2025-06-13T07:17:20+00:00","og_image":[{"width":374,"height":500,"url":"https:\/\/micasa.lv\/wp-content\/uploads\/2025\/05\/4288322bf4b9e0f21eb57f0b627db9cb_127201679-velky.jpg","type":"image\/jpeg"}],"twitter_card":"summary_large_image","schema":{"@context":"https:\/\/schema.org","@graph":[{"@type":"WebPage","@id":"https:\/\/micasa.lv\/lv\/mirror-with-led-lighting-600-x-800-mm-2\/","url":"https:\/\/micasa.lv\/lv\/mirror-with-led-lighting-600-x-800-mm-2\/","name":"Mirror with LED lighting, 600 x 800 mm - Micasa","isPartOf":{"@id":"https:\/\/micasa.lv\/lv\/#website"},"primaryImageOfPage":{"@id":"https:\/\/micasa.lv\/lv\/mirror-with-led-lighting-600-x-800-mm-2\/#primaryimage"},"image":{"@id":"https:\/\/micasa.lv\/lv\/mirror-with-led-lighting-600-x-800-mm-2\/#primaryimage"},"thumbnailUrl":"https:\/\/micasa.lv\/wp-content\/uploads\/2025\/05\/4288322bf4b9e0f21eb57f0b627db9cb_127201679-velky.jpg","datePublished":"2025-05-10T13:29:47+00:00","dateModified":"2025-06-13T07:17:20+00:00","breadcrumb":{"@id":"https:\/\/micasa.lv\/lv\/mirror-with-led-lighting-600-x-800-mm-2\/#breadcrumb"},"inLanguage":"lv-LV","potentialAction":[{"@type":"ReadAction","target":["https:\/\/micasa.lv\/lv\/mirror-with-led-lighting-600-x-800-mm-2\/"]}]},{"@type":"ImageObject","inLanguage":"lv-LV","@id":"https:\/\/micasa.lv\/lv\/mirror-with-led-lighting-600-x-800-mm-2\/#primaryimage","url":"https:\/\/micasa.lv\/wp-content\/uploads\/2025\/05\/4288322bf4b9e0f21eb57f0b627db9cb_127201679-velky.jpg","contentUrl":"https:\/\/micasa.lv\/wp-content\/uploads\/2025\/05\/4288322bf4b9e0f21eb57f0b627db9cb_127201679-velky.jpg","width":374,"height":500},{"@type":"BreadcrumbList","@id":"https:\/\/micasa.lv\/lv\/mirror-with-led-lighting-600-x-800-mm-2\/#breadcrumb","itemListElement":[{"@type":"ListItem","position":1,"name":"S\u0101kums","item":"https:\/\/micasa.lv\/lv\/micasa\/"},{"@type":"ListItem","position":2,"name":"Shop","item":"https:\/\/micasa.lv\/lv\/shop\/"},{"@type":"ListItem","position":3,"name":"Mirror with LED lighting, 600 x 800 mm"}]},{"@type":"WebSite","@id":"https:\/\/micasa.lv\/lv\/#website","url":"https:\/\/micasa.lv\/lv\/","name":"Micasa","description":"","potentialAction":[{"@type":"SearchAction","target":{"@type":"EntryPoint","urlTemplate":"https:\/\/micasa.lv\/lv\/?s={search_term_string}"},"query-input":{"@type":"PropertyValueSpecification","valueRequired":true,"valueName":"search_term_string"}}],"inLanguage":"lv-LV"}]}},"wcpa_form_fields":null,"_links":{"self":[{"href":"https:\/\/micasa.lv\/lv\/wp-json\/wp\/v2\/product\/34879","targetHints":{"allow":["GET"]}}],"collection":[{"href":"https:\/\/micasa.lv\/lv\/wp-json\/wp\/v2\/product"}],"about":[{"href":"https:\/\/micasa.lv\/lv\/wp-json\/wp\/v2\/types\/product"}],"version-history":[{"count":1,"href":"https:\/\/micasa.lv\/lv\/wp-json\/wp\/v2\/product\/34879\/revisions"}],"predecessor-version":[{"id":34909,"href":"https:\/\/micasa.lv\/lv\/wp-json\/wp\/v2\/product\/34879\/revisions\/34909"}],"wp:featuredmedia":[{"embeddable":true,"href":"https:\/\/micasa.lv\/lv\/wp-json\/wp\/v2\/media\/34491"}],"wp:attachment":[{"href":"https:\/\/micasa.lv\/lv\/wp-json\/wp\/v2\/media?parent=34879"}],"wp:term":[{"taxonomy":"product_brand","embeddable":true,"href":"https:\/\/micasa.lv\/lv\/wp-json\/wp\/v2\/product_brand?post=34879"},{"taxonomy":"product_cat","embeddable":true,"href":"https:\/\/micasa.lv\/lv\/wp-json\/wp\/v2\/product_cat?post=34879"},{"taxonomy":"product_tag","embeddable":true,"href":"https:\/\/micasa.lv\/lv\/wp-json\/wp\/v2\/product_tag?post=34879"}],"curies":[{"name":"wp","href":"https:\/\/api.w.org\/{rel}","templated":true}]}}