{"id":34895,"date":"2025-05-10T16:30:01","date_gmt":"2025-05-10T13:30:01","guid":{"rendered":"https:\/\/test.micasa.lv\/?post_type=product&#038;p=34895"},"modified":"2025-06-13T10:17:24","modified_gmt":"2025-06-13T07:17:24","slug":"hotel-hair-dryer-white","status":"publish","type":"product","link":"https:\/\/micasa.lv\/lv\/hotel-hair-dryer-white\/","title":{"rendered":"Hotel hair dryer, white"},"content":{"rendered":"<p>M\u0113s pied\u0101v\u0101jam viesn\u012bcu matu \u017e\u0101v\u0113t\u0101jus atsevi\u0161\u0137i vai ar tur\u0113t\u0101ju. Tur\u0113t\u0101ji ir plastmasas un piestiprin\u0101mi pie sienas, j\u016bs varat izv\u0113l\u0113ties no trim veidiem. Jaunums ir matu f\u0113na komplekts ar tur\u0113t\u0101ju omega, materi\u0101ls misi\u0146a hroms. Popul\u0101ri ir ar\u012b spir\u0101lveida f\u0113nu tur\u0113t\u0101ji.<\/p>\n","protected":false},"excerpt":{"rendered":"<p>M\u0113s pied\u0101v\u0101jam viesn\u012bcu matu \u017e\u0101v\u0113t\u0101jus atsevi\u0161\u0137i vai ar tur\u0113t\u0101ju. Tur\u0113t\u0101ji ir plastmasas un piestiprin\u0101mi pie sienas, j\u016bs varat izv\u0113l\u0113ties no<\/p>\n","protected":false},"featured_media":34386,"template":"","meta":[],"product_brand":[],"product_cat":[1867,1528],"product_tag":[],"class_list":{"0":"post-34895","1":"product","2":"type-product","3":"status-publish","4":"has-post-thumbnail","6":"product_cat-matu-feni","7":"product_cat-vannas-istabas-aksesuari","8":"pa_brand-bemeta-lv","10":"first","11":"instock","12":"taxable","13":"shipping-taxable","14":"purchasable","15":"product-type-simple"},"yoast_head":"<!-- This site is optimized with the Yoast SEO plugin v27.4 - https:\/\/yoast.com\/product\/yoast-seo-wordpress\/ -->\n<title>Hotel hair dryer, white - Micasa<\/title>\n<meta name=\"robots\" content=\"index, follow, max-snippet:-1, max-image-preview:large, max-video-preview:-1\" \/>\n<link rel=\"canonical\" href=\"https:\/\/micasa.lv\/lv\/hotel-hair-dryer-white\/\" \/>\n<meta property=\"og:locale\" content=\"lv_LV\" \/>\n<meta property=\"og:type\" content=\"article\" \/>\n<meta property=\"og:title\" content=\"Hotel hair dryer, white - Micasa\" \/>\n<meta property=\"og:description\" content=\"M\u0113s pied\u0101v\u0101jam viesn\u012bcu matu \u017e\u0101v\u0113t\u0101jus atsevi\u0161\u0137i vai ar tur\u0113t\u0101ju. Tur\u0113t\u0101ji ir plastmasas un piestiprin\u0101mi pie sienas, j\u016bs varat izv\u0113l\u0113ties no\" \/>\n<meta property=\"og:url\" content=\"https:\/\/micasa.lv\/lv\/hotel-hair-dryer-white\/\" \/>\n<meta property=\"og:site_name\" content=\"Micasa\" \/>\n<meta property=\"article:modified_time\" content=\"2025-06-13T07:17:24+00:00\" \/>\n<meta property=\"og:image\" content=\"https:\/\/micasa.lv\/wp-content\/uploads\/2025\/05\/6d7cfb786bdca30453fdc2dd2e13f48d_945133016-velky.jpg\" \/>\n\t<meta property=\"og:image:width\" content=\"191\" \/>\n\t<meta property=\"og:image:height\" content=\"500\" \/>\n\t<meta property=\"og:image:type\" content=\"image\/jpeg\" \/>\n<meta name=\"twitter:card\" content=\"summary_large_image\" \/>\n<script type=\"application\/ld+json\" class=\"yoast-schema-graph\">{\"@context\":\"https:\\\/\\\/schema.org\",\"@graph\":[{\"@type\":\"WebPage\",\"@id\":\"https:\\\/\\\/micasa.lv\\\/lv\\\/hotel-hair-dryer-white\\\/\",\"url\":\"https:\\\/\\\/micasa.lv\\\/lv\\\/hotel-hair-dryer-white\\\/\",\"name\":\"Hotel hair dryer, white - Micasa\",\"isPartOf\":{\"@id\":\"https:\\\/\\\/micasa.lv\\\/lv\\\/#website\"},\"primaryImageOfPage\":{\"@id\":\"https:\\\/\\\/micasa.lv\\\/lv\\\/hotel-hair-dryer-white\\\/#primaryimage\"},\"image\":{\"@id\":\"https:\\\/\\\/micasa.lv\\\/lv\\\/hotel-hair-dryer-white\\\/#primaryimage\"},\"thumbnailUrl\":\"https:\\\/\\\/micasa.lv\\\/wp-content\\\/uploads\\\/2025\\\/05\\\/6d7cfb786bdca30453fdc2dd2e13f48d_945133016-velky.jpg\",\"datePublished\":\"2025-05-10T13:30:01+00:00\",\"dateModified\":\"2025-06-13T07:17:24+00:00\",\"breadcrumb\":{\"@id\":\"https:\\\/\\\/micasa.lv\\\/lv\\\/hotel-hair-dryer-white\\\/#breadcrumb\"},\"inLanguage\":\"lv-LV\",\"potentialAction\":[{\"@type\":\"ReadAction\",\"target\":[\"https:\\\/\\\/micasa.lv\\\/lv\\\/hotel-hair-dryer-white\\\/\"]}]},{\"@type\":\"ImageObject\",\"inLanguage\":\"lv-LV\",\"@id\":\"https:\\\/\\\/micasa.lv\\\/lv\\\/hotel-hair-dryer-white\\\/#primaryimage\",\"url\":\"https:\\\/\\\/micasa.lv\\\/wp-content\\\/uploads\\\/2025\\\/05\\\/6d7cfb786bdca30453fdc2dd2e13f48d_945133016-velky.jpg\",\"contentUrl\":\"https:\\\/\\\/micasa.lv\\\/wp-content\\\/uploads\\\/2025\\\/05\\\/6d7cfb786bdca30453fdc2dd2e13f48d_945133016-velky.jpg\",\"width\":191,\"height\":500},{\"@type\":\"BreadcrumbList\",\"@id\":\"https:\\\/\\\/micasa.lv\\\/lv\\\/hotel-hair-dryer-white\\\/#breadcrumb\",\"itemListElement\":[{\"@type\":\"ListItem\",\"position\":1,\"name\":\"S\u0101kums\",\"item\":\"https:\\\/\\\/micasa.lv\\\/lv\\\/micasa\\\/\"},{\"@type\":\"ListItem\",\"position\":2,\"name\":\"Shop\",\"item\":\"https:\\\/\\\/micasa.lv\\\/lv\\\/shop\\\/\"},{\"@type\":\"ListItem\",\"position\":3,\"name\":\"Hotel hair dryer, white\"}]},{\"@type\":\"WebSite\",\"@id\":\"https:\\\/\\\/micasa.lv\\\/lv\\\/#website\",\"url\":\"https:\\\/\\\/micasa.lv\\\/lv\\\/\",\"name\":\"Micasa\",\"description\":\"\",\"potentialAction\":[{\"@type\":\"SearchAction\",\"target\":{\"@type\":\"EntryPoint\",\"urlTemplate\":\"https:\\\/\\\/micasa.lv\\\/lv\\\/?s={search_term_string}\"},\"query-input\":{\"@type\":\"PropertyValueSpecification\",\"valueRequired\":true,\"valueName\":\"search_term_string\"}}],\"inLanguage\":\"lv-LV\"}]}<\/script>\n<!-- \/ Yoast SEO plugin. -->","yoast_head_json":{"title":"Hotel hair dryer, white - Micasa","robots":{"index":"index","follow":"follow","max-snippet":"max-snippet:-1","max-image-preview":"max-image-preview:large","max-video-preview":"max-video-preview:-1"},"canonical":"https:\/\/micasa.lv\/lv\/hotel-hair-dryer-white\/","og_locale":"lv_LV","og_type":"article","og_title":"Hotel hair dryer, white - Micasa","og_description":"M\u0113s pied\u0101v\u0101jam viesn\u012bcu matu \u017e\u0101v\u0113t\u0101jus atsevi\u0161\u0137i vai ar tur\u0113t\u0101ju. Tur\u0113t\u0101ji ir plastmasas un piestiprin\u0101mi pie sienas, j\u016bs varat izv\u0113l\u0113ties no","og_url":"https:\/\/micasa.lv\/lv\/hotel-hair-dryer-white\/","og_site_name":"Micasa","article_modified_time":"2025-06-13T07:17:24+00:00","og_image":[{"width":191,"height":500,"url":"https:\/\/micasa.lv\/wp-content\/uploads\/2025\/05\/6d7cfb786bdca30453fdc2dd2e13f48d_945133016-velky.jpg","type":"image\/jpeg"}],"twitter_card":"summary_large_image","schema":{"@context":"https:\/\/schema.org","@graph":[{"@type":"WebPage","@id":"https:\/\/micasa.lv\/lv\/hotel-hair-dryer-white\/","url":"https:\/\/micasa.lv\/lv\/hotel-hair-dryer-white\/","name":"Hotel hair dryer, white - Micasa","isPartOf":{"@id":"https:\/\/micasa.lv\/lv\/#website"},"primaryImageOfPage":{"@id":"https:\/\/micasa.lv\/lv\/hotel-hair-dryer-white\/#primaryimage"},"image":{"@id":"https:\/\/micasa.lv\/lv\/hotel-hair-dryer-white\/#primaryimage"},"thumbnailUrl":"https:\/\/micasa.lv\/wp-content\/uploads\/2025\/05\/6d7cfb786bdca30453fdc2dd2e13f48d_945133016-velky.jpg","datePublished":"2025-05-10T13:30:01+00:00","dateModified":"2025-06-13T07:17:24+00:00","breadcrumb":{"@id":"https:\/\/micasa.lv\/lv\/hotel-hair-dryer-white\/#breadcrumb"},"inLanguage":"lv-LV","potentialAction":[{"@type":"ReadAction","target":["https:\/\/micasa.lv\/lv\/hotel-hair-dryer-white\/"]}]},{"@type":"ImageObject","inLanguage":"lv-LV","@id":"https:\/\/micasa.lv\/lv\/hotel-hair-dryer-white\/#primaryimage","url":"https:\/\/micasa.lv\/wp-content\/uploads\/2025\/05\/6d7cfb786bdca30453fdc2dd2e13f48d_945133016-velky.jpg","contentUrl":"https:\/\/micasa.lv\/wp-content\/uploads\/2025\/05\/6d7cfb786bdca30453fdc2dd2e13f48d_945133016-velky.jpg","width":191,"height":500},{"@type":"BreadcrumbList","@id":"https:\/\/micasa.lv\/lv\/hotel-hair-dryer-white\/#breadcrumb","itemListElement":[{"@type":"ListItem","position":1,"name":"S\u0101kums","item":"https:\/\/micasa.lv\/lv\/micasa\/"},{"@type":"ListItem","position":2,"name":"Shop","item":"https:\/\/micasa.lv\/lv\/shop\/"},{"@type":"ListItem","position":3,"name":"Hotel hair dryer, white"}]},{"@type":"WebSite","@id":"https:\/\/micasa.lv\/lv\/#website","url":"https:\/\/micasa.lv\/lv\/","name":"Micasa","description":"","potentialAction":[{"@type":"SearchAction","target":{"@type":"EntryPoint","urlTemplate":"https:\/\/micasa.lv\/lv\/?s={search_term_string}"},"query-input":{"@type":"PropertyValueSpecification","valueRequired":true,"valueName":"search_term_string"}}],"inLanguage":"lv-LV"}]}},"wcpa_form_fields":null,"_links":{"self":[{"href":"https:\/\/micasa.lv\/lv\/wp-json\/wp\/v2\/product\/34895","targetHints":{"allow":["GET"]}}],"collection":[{"href":"https:\/\/micasa.lv\/lv\/wp-json\/wp\/v2\/product"}],"about":[{"href":"https:\/\/micasa.lv\/lv\/wp-json\/wp\/v2\/types\/product"}],"version-history":[{"count":1,"href":"https:\/\/micasa.lv\/lv\/wp-json\/wp\/v2\/product\/34895\/revisions"}],"predecessor-version":[{"id":34925,"href":"https:\/\/micasa.lv\/lv\/wp-json\/wp\/v2\/product\/34895\/revisions\/34925"}],"wp:featuredmedia":[{"embeddable":true,"href":"https:\/\/micasa.lv\/lv\/wp-json\/wp\/v2\/media\/34386"}],"wp:attachment":[{"href":"https:\/\/micasa.lv\/lv\/wp-json\/wp\/v2\/media?parent=34895"}],"wp:term":[{"taxonomy":"product_brand","embeddable":true,"href":"https:\/\/micasa.lv\/lv\/wp-json\/wp\/v2\/product_brand?post=34895"},{"taxonomy":"product_cat","embeddable":true,"href":"https:\/\/micasa.lv\/lv\/wp-json\/wp\/v2\/product_cat?post=34895"},{"taxonomy":"product_tag","embeddable":true,"href":"https:\/\/micasa.lv\/lv\/wp-json\/wp\/v2\/product_tag?post=34895"}],"curies":[{"name":"wp","href":"https:\/\/api.w.org\/{rel}","templated":true}]}}