{"id":34952,"date":"2025-05-10T16:30:20","date_gmt":"2025-05-10T13:30:20","guid":{"rendered":"https:\/\/test.micasa.lv\/?post_type=product&#038;p=34952"},"modified":"2025-06-13T10:17:32","modified_gmt":"2025-06-13T07:17:32","slug":"spare-toilet-brush-without-handle-for-102313060102313067102313057104113017104113107-black","status":"publish","type":"product","link":"https:\/\/micasa.lv\/lv\/spare-toilet-brush-without-handle-for-102313060102313067102313057104113017104113107-black\/","title":{"rendered":"Spare toilet brush without handle for 102313060,102313067,102313057,104113017,104113107 black"},"content":{"rendered":"<p>Rezerves tualetes birste bez roktura BLACK. Paredz\u0113ts izstr\u0101d\u0101jumu s\u0113rij\u0101m VRILO, SABLO, CORAL, AMBER, HEMATIT, GRAPHIT, GAMMA, GALLA, WHITE, DARK, TASI, OMEGA, BETA, NEO, TREND-i, RETRO, NIKI.<\/p>\n","protected":false},"excerpt":{"rendered":"<p>Rezerves tualetes birste bez roktura BLACK. Paredz\u0113ts izstr\u0101d\u0101jumu s\u0113rij\u0101m VRILO, SABLO, CORAL, AMBER, HEMATIT, GRAPHIT, GAMMA, GALLA, WHITE, DARK, TASI,<\/p>\n","protected":false},"featured_media":34512,"template":"","meta":[],"product_brand":[],"product_cat":[1528],"product_tag":[],"class_list":{"0":"post-34952","1":"product","2":"type-product","3":"status-publish","4":"has-post-thumbnail","6":"product_cat-vannas-istabas-aksesuari","7":"pa_brand-bemeta-lv","9":"first","10":"instock","11":"taxable","12":"shipping-taxable","13":"purchasable","14":"product-type-simple"},"yoast_head":"<!-- This site is optimized with the Yoast SEO plugin v27.4 - https:\/\/yoast.com\/product\/yoast-seo-wordpress\/ -->\n<title>Spare toilet brush without handle for 102313060,102313067,102313057,104113017,104113107 black - Micasa<\/title>\n<meta name=\"robots\" content=\"index, follow, max-snippet:-1, max-image-preview:large, max-video-preview:-1\" \/>\n<link rel=\"canonical\" href=\"https:\/\/micasa.lv\/lv\/spare-toilet-brush-without-handle-for-102313060102313067102313057104113017104113107-black\/\" \/>\n<meta property=\"og:locale\" content=\"lv_LV\" \/>\n<meta property=\"og:type\" content=\"article\" \/>\n<meta property=\"og:title\" content=\"Spare toilet brush without handle for 102313060,102313067,102313057,104113017,104113107 black - Micasa\" \/>\n<meta property=\"og:description\" content=\"Rezerves tualetes birste bez roktura BLACK. Paredz\u0113ts izstr\u0101d\u0101jumu s\u0113rij\u0101m VRILO, SABLO, CORAL, AMBER, HEMATIT, GRAPHIT, GAMMA, GALLA, WHITE, DARK, TASI,\" \/>\n<meta property=\"og:url\" content=\"https:\/\/micasa.lv\/lv\/spare-toilet-brush-without-handle-for-102313060102313067102313057104113017104113107-black\/\" \/>\n<meta property=\"og:site_name\" content=\"Micasa\" \/>\n<meta property=\"article:modified_time\" content=\"2025-06-13T07:17:32+00:00\" \/>\n<meta property=\"og:image\" content=\"https:\/\/micasa.lv\/wp-content\/uploads\/2025\/05\/a8409b1c13b5e0d57d0cafe391477ad6_131567008c-velky.jpg\" \/>\n\t<meta property=\"og:image:width\" content=\"500\" \/>\n\t<meta property=\"og:image:height\" content=\"500\" \/>\n\t<meta property=\"og:image:type\" content=\"image\/jpeg\" \/>\n<meta name=\"twitter:card\" content=\"summary_large_image\" \/>\n<script type=\"application\/ld+json\" class=\"yoast-schema-graph\">{\"@context\":\"https:\\\/\\\/schema.org\",\"@graph\":[{\"@type\":\"WebPage\",\"@id\":\"https:\\\/\\\/micasa.lv\\\/lv\\\/spare-toilet-brush-without-handle-for-102313060102313067102313057104113017104113107-black\\\/\",\"url\":\"https:\\\/\\\/micasa.lv\\\/lv\\\/spare-toilet-brush-without-handle-for-102313060102313067102313057104113017104113107-black\\\/\",\"name\":\"Spare toilet brush without handle for 102313060,102313067,102313057,104113017,104113107 black - Micasa\",\"isPartOf\":{\"@id\":\"https:\\\/\\\/micasa.lv\\\/lv\\\/#website\"},\"primaryImageOfPage\":{\"@id\":\"https:\\\/\\\/micasa.lv\\\/lv\\\/spare-toilet-brush-without-handle-for-102313060102313067102313057104113017104113107-black\\\/#primaryimage\"},\"image\":{\"@id\":\"https:\\\/\\\/micasa.lv\\\/lv\\\/spare-toilet-brush-without-handle-for-102313060102313067102313057104113017104113107-black\\\/#primaryimage\"},\"thumbnailUrl\":\"https:\\\/\\\/micasa.lv\\\/wp-content\\\/uploads\\\/2025\\\/05\\\/a8409b1c13b5e0d57d0cafe391477ad6_131567008c-velky.jpg\",\"datePublished\":\"2025-05-10T13:30:20+00:00\",\"dateModified\":\"2025-06-13T07:17:32+00:00\",\"breadcrumb\":{\"@id\":\"https:\\\/\\\/micasa.lv\\\/lv\\\/spare-toilet-brush-without-handle-for-102313060102313067102313057104113017104113107-black\\\/#breadcrumb\"},\"inLanguage\":\"lv-LV\",\"potentialAction\":[{\"@type\":\"ReadAction\",\"target\":[\"https:\\\/\\\/micasa.lv\\\/lv\\\/spare-toilet-brush-without-handle-for-102313060102313067102313057104113017104113107-black\\\/\"]}]},{\"@type\":\"ImageObject\",\"inLanguage\":\"lv-LV\",\"@id\":\"https:\\\/\\\/micasa.lv\\\/lv\\\/spare-toilet-brush-without-handle-for-102313060102313067102313057104113017104113107-black\\\/#primaryimage\",\"url\":\"https:\\\/\\\/micasa.lv\\\/wp-content\\\/uploads\\\/2025\\\/05\\\/a8409b1c13b5e0d57d0cafe391477ad6_131567008c-velky.jpg\",\"contentUrl\":\"https:\\\/\\\/micasa.lv\\\/wp-content\\\/uploads\\\/2025\\\/05\\\/a8409b1c13b5e0d57d0cafe391477ad6_131567008c-velky.jpg\",\"width\":500,\"height\":500},{\"@type\":\"BreadcrumbList\",\"@id\":\"https:\\\/\\\/micasa.lv\\\/lv\\\/spare-toilet-brush-without-handle-for-102313060102313067102313057104113017104113107-black\\\/#breadcrumb\",\"itemListElement\":[{\"@type\":\"ListItem\",\"position\":1,\"name\":\"S\u0101kums\",\"item\":\"https:\\\/\\\/micasa.lv\\\/lv\\\/micasa\\\/\"},{\"@type\":\"ListItem\",\"position\":2,\"name\":\"Shop\",\"item\":\"https:\\\/\\\/micasa.lv\\\/lv\\\/shop\\\/\"},{\"@type\":\"ListItem\",\"position\":3,\"name\":\"Spare toilet brush without handle for 102313060,102313067,102313057,104113017,104113107 black\"}]},{\"@type\":\"WebSite\",\"@id\":\"https:\\\/\\\/micasa.lv\\\/lv\\\/#website\",\"url\":\"https:\\\/\\\/micasa.lv\\\/lv\\\/\",\"name\":\"Micasa\",\"description\":\"\",\"potentialAction\":[{\"@type\":\"SearchAction\",\"target\":{\"@type\":\"EntryPoint\",\"urlTemplate\":\"https:\\\/\\\/micasa.lv\\\/lv\\\/?s={search_term_string}\"},\"query-input\":{\"@type\":\"PropertyValueSpecification\",\"valueRequired\":true,\"valueName\":\"search_term_string\"}}],\"inLanguage\":\"lv-LV\"}]}<\/script>\n<!-- \/ Yoast SEO plugin. -->","yoast_head_json":{"title":"Spare toilet brush without handle for 102313060,102313067,102313057,104113017,104113107 black - Micasa","robots":{"index":"index","follow":"follow","max-snippet":"max-snippet:-1","max-image-preview":"max-image-preview:large","max-video-preview":"max-video-preview:-1"},"canonical":"https:\/\/micasa.lv\/lv\/spare-toilet-brush-without-handle-for-102313060102313067102313057104113017104113107-black\/","og_locale":"lv_LV","og_type":"article","og_title":"Spare toilet brush without handle for 102313060,102313067,102313057,104113017,104113107 black - Micasa","og_description":"Rezerves tualetes birste bez roktura BLACK. Paredz\u0113ts izstr\u0101d\u0101jumu s\u0113rij\u0101m VRILO, SABLO, CORAL, AMBER, HEMATIT, GRAPHIT, GAMMA, GALLA, WHITE, DARK, TASI,","og_url":"https:\/\/micasa.lv\/lv\/spare-toilet-brush-without-handle-for-102313060102313067102313057104113017104113107-black\/","og_site_name":"Micasa","article_modified_time":"2025-06-13T07:17:32+00:00","og_image":[{"width":500,"height":500,"url":"https:\/\/micasa.lv\/wp-content\/uploads\/2025\/05\/a8409b1c13b5e0d57d0cafe391477ad6_131567008c-velky.jpg","type":"image\/jpeg"}],"twitter_card":"summary_large_image","schema":{"@context":"https:\/\/schema.org","@graph":[{"@type":"WebPage","@id":"https:\/\/micasa.lv\/lv\/spare-toilet-brush-without-handle-for-102313060102313067102313057104113017104113107-black\/","url":"https:\/\/micasa.lv\/lv\/spare-toilet-brush-without-handle-for-102313060102313067102313057104113017104113107-black\/","name":"Spare toilet brush without handle for 102313060,102313067,102313057,104113017,104113107 black - Micasa","isPartOf":{"@id":"https:\/\/micasa.lv\/lv\/#website"},"primaryImageOfPage":{"@id":"https:\/\/micasa.lv\/lv\/spare-toilet-brush-without-handle-for-102313060102313067102313057104113017104113107-black\/#primaryimage"},"image":{"@id":"https:\/\/micasa.lv\/lv\/spare-toilet-brush-without-handle-for-102313060102313067102313057104113017104113107-black\/#primaryimage"},"thumbnailUrl":"https:\/\/micasa.lv\/wp-content\/uploads\/2025\/05\/a8409b1c13b5e0d57d0cafe391477ad6_131567008c-velky.jpg","datePublished":"2025-05-10T13:30:20+00:00","dateModified":"2025-06-13T07:17:32+00:00","breadcrumb":{"@id":"https:\/\/micasa.lv\/lv\/spare-toilet-brush-without-handle-for-102313060102313067102313057104113017104113107-black\/#breadcrumb"},"inLanguage":"lv-LV","potentialAction":[{"@type":"ReadAction","target":["https:\/\/micasa.lv\/lv\/spare-toilet-brush-without-handle-for-102313060102313067102313057104113017104113107-black\/"]}]},{"@type":"ImageObject","inLanguage":"lv-LV","@id":"https:\/\/micasa.lv\/lv\/spare-toilet-brush-without-handle-for-102313060102313067102313057104113017104113107-black\/#primaryimage","url":"https:\/\/micasa.lv\/wp-content\/uploads\/2025\/05\/a8409b1c13b5e0d57d0cafe391477ad6_131567008c-velky.jpg","contentUrl":"https:\/\/micasa.lv\/wp-content\/uploads\/2025\/05\/a8409b1c13b5e0d57d0cafe391477ad6_131567008c-velky.jpg","width":500,"height":500},{"@type":"BreadcrumbList","@id":"https:\/\/micasa.lv\/lv\/spare-toilet-brush-without-handle-for-102313060102313067102313057104113017104113107-black\/#breadcrumb","itemListElement":[{"@type":"ListItem","position":1,"name":"S\u0101kums","item":"https:\/\/micasa.lv\/lv\/micasa\/"},{"@type":"ListItem","position":2,"name":"Shop","item":"https:\/\/micasa.lv\/lv\/shop\/"},{"@type":"ListItem","position":3,"name":"Spare toilet brush without handle for 102313060,102313067,102313057,104113017,104113107 black"}]},{"@type":"WebSite","@id":"https:\/\/micasa.lv\/lv\/#website","url":"https:\/\/micasa.lv\/lv\/","name":"Micasa","description":"","potentialAction":[{"@type":"SearchAction","target":{"@type":"EntryPoint","urlTemplate":"https:\/\/micasa.lv\/lv\/?s={search_term_string}"},"query-input":{"@type":"PropertyValueSpecification","valueRequired":true,"valueName":"search_term_string"}}],"inLanguage":"lv-LV"}]}},"wcpa_form_fields":null,"_links":{"self":[{"href":"https:\/\/micasa.lv\/lv\/wp-json\/wp\/v2\/product\/34952","targetHints":{"allow":["GET"]}}],"collection":[{"href":"https:\/\/micasa.lv\/lv\/wp-json\/wp\/v2\/product"}],"about":[{"href":"https:\/\/micasa.lv\/lv\/wp-json\/wp\/v2\/types\/product"}],"version-history":[{"count":1,"href":"https:\/\/micasa.lv\/lv\/wp-json\/wp\/v2\/product\/34952\/revisions"}],"predecessor-version":[{"id":34981,"href":"https:\/\/micasa.lv\/lv\/wp-json\/wp\/v2\/product\/34952\/revisions\/34981"}],"wp:featuredmedia":[{"embeddable":true,"href":"https:\/\/micasa.lv\/lv\/wp-json\/wp\/v2\/media\/34512"}],"wp:attachment":[{"href":"https:\/\/micasa.lv\/lv\/wp-json\/wp\/v2\/media?parent=34952"}],"wp:term":[{"taxonomy":"product_brand","embeddable":true,"href":"https:\/\/micasa.lv\/lv\/wp-json\/wp\/v2\/product_brand?post=34952"},{"taxonomy":"product_cat","embeddable":true,"href":"https:\/\/micasa.lv\/lv\/wp-json\/wp\/v2\/product_cat?post=34952"},{"taxonomy":"product_tag","embeddable":true,"href":"https:\/\/micasa.lv\/lv\/wp-json\/wp\/v2\/product_tag?post=34952"}],"curies":[{"name":"wp","href":"https:\/\/api.w.org\/{rel}","templated":true}]}}