{"id":34961,"date":"2025-05-10T16:30:21","date_gmt":"2025-05-10T13:30:21","guid":{"rendered":"https:\/\/test.micasa.lv\/?post_type=product&#038;p=34961"},"modified":"2025-06-13T10:17:35","modified_gmt":"2025-06-13T07:17:35","slug":"spare-toilet-brush-with-handle-for-104113109-104113019102313079102313045-black","status":"publish","type":"product","link":"https:\/\/micasa.lv\/lv\/spare-toilet-brush-with-handle-for-104113109-104113019102313079102313045-black\/","title":{"rendered":"Spare toilet brush with handle for 104113109, 104113019,102313079,102313045, black"},"content":{"rendered":"<p>NEO &#8211; visliel\u0101k\u0101 NEREZ grezn\u012bba. NEO vannas istabas aksesu\u0101ri ir ner\u016bs\u0113jo\u0161\u0101 t\u0113rauda luksusa paraugs. Mat\u0113ta t\u0113rauda virsma ir \u013coti praktiska, t\u0101 izskat\u0101s t\u012bra, smalka un vienlaikus kvalitat\u012bva.<\/p>\n","protected":false},"excerpt":{"rendered":"<p>NEO &#8211; visliel\u0101k\u0101 NEREZ grezn\u012bba. NEO vannas istabas aksesu\u0101ri ir ner\u016bs\u0113jo\u0161\u0101 t\u0113rauda luksusa paraugs. Mat\u0113ta t\u0113rauda virsma ir \u013coti praktiska,<\/p>\n","protected":false},"featured_media":34494,"template":"","meta":[],"product_brand":[],"product_cat":[1528],"product_tag":[],"class_list":{"0":"post-34961","1":"product","2":"type-product","3":"status-publish","4":"has-post-thumbnail","6":"product_cat-vannas-istabas-aksesuari","7":"pa_brand-bemeta-lv","9":"first","10":"instock","11":"taxable","12":"shipping-taxable","13":"purchasable","14":"product-type-simple"},"yoast_head":"<!-- This site is optimized with the Yoast SEO plugin v27.4 - https:\/\/yoast.com\/product\/yoast-seo-wordpress\/ -->\n<title>Spare toilet brush with handle for 104113109, 104113019,102313079,102313045, black - Micasa<\/title>\n<meta name=\"robots\" content=\"index, follow, max-snippet:-1, max-image-preview:large, max-video-preview:-1\" \/>\n<link rel=\"canonical\" href=\"https:\/\/micasa.lv\/lv\/spare-toilet-brush-with-handle-for-104113109-104113019102313079102313045-black\/\" \/>\n<meta property=\"og:locale\" content=\"lv_LV\" \/>\n<meta property=\"og:type\" content=\"article\" \/>\n<meta property=\"og:title\" content=\"Spare toilet brush with handle for 104113109, 104113019,102313079,102313045, black - Micasa\" \/>\n<meta property=\"og:description\" content=\"NEO &#8211; visliel\u0101k\u0101 NEREZ grezn\u012bba. NEO vannas istabas aksesu\u0101ri ir ner\u016bs\u0113jo\u0161\u0101 t\u0113rauda luksusa paraugs. Mat\u0113ta t\u0113rauda virsma ir \u013coti praktiska,\" \/>\n<meta property=\"og:url\" content=\"https:\/\/micasa.lv\/lv\/spare-toilet-brush-with-handle-for-104113109-104113019102313079102313045-black\/\" \/>\n<meta property=\"og:site_name\" content=\"Micasa\" \/>\n<meta property=\"article:modified_time\" content=\"2025-06-13T07:17:35+00:00\" \/>\n<meta property=\"og:image\" content=\"https:\/\/micasa.lv\/wp-content\/uploads\/2025\/05\/5252177cf0ee8501f16c2c75815a3398_131567031c-velky.jpg\" \/>\n\t<meta property=\"og:image:width\" content=\"99\" \/>\n\t<meta property=\"og:image:height\" content=\"500\" \/>\n\t<meta property=\"og:image:type\" content=\"image\/jpeg\" \/>\n<meta name=\"twitter:card\" content=\"summary_large_image\" \/>\n<script type=\"application\/ld+json\" class=\"yoast-schema-graph\">{\"@context\":\"https:\\\/\\\/schema.org\",\"@graph\":[{\"@type\":\"WebPage\",\"@id\":\"https:\\\/\\\/micasa.lv\\\/lv\\\/spare-toilet-brush-with-handle-for-104113109-104113019102313079102313045-black\\\/\",\"url\":\"https:\\\/\\\/micasa.lv\\\/lv\\\/spare-toilet-brush-with-handle-for-104113109-104113019102313079102313045-black\\\/\",\"name\":\"Spare toilet brush with handle for 104113109, 104113019,102313079,102313045, black - Micasa\",\"isPartOf\":{\"@id\":\"https:\\\/\\\/micasa.lv\\\/lv\\\/#website\"},\"primaryImageOfPage\":{\"@id\":\"https:\\\/\\\/micasa.lv\\\/lv\\\/spare-toilet-brush-with-handle-for-104113109-104113019102313079102313045-black\\\/#primaryimage\"},\"image\":{\"@id\":\"https:\\\/\\\/micasa.lv\\\/lv\\\/spare-toilet-brush-with-handle-for-104113109-104113019102313079102313045-black\\\/#primaryimage\"},\"thumbnailUrl\":\"https:\\\/\\\/micasa.lv\\\/wp-content\\\/uploads\\\/2025\\\/05\\\/5252177cf0ee8501f16c2c75815a3398_131567031c-velky.jpg\",\"datePublished\":\"2025-05-10T13:30:21+00:00\",\"dateModified\":\"2025-06-13T07:17:35+00:00\",\"breadcrumb\":{\"@id\":\"https:\\\/\\\/micasa.lv\\\/lv\\\/spare-toilet-brush-with-handle-for-104113109-104113019102313079102313045-black\\\/#breadcrumb\"},\"inLanguage\":\"lv-LV\",\"potentialAction\":[{\"@type\":\"ReadAction\",\"target\":[\"https:\\\/\\\/micasa.lv\\\/lv\\\/spare-toilet-brush-with-handle-for-104113109-104113019102313079102313045-black\\\/\"]}]},{\"@type\":\"ImageObject\",\"inLanguage\":\"lv-LV\",\"@id\":\"https:\\\/\\\/micasa.lv\\\/lv\\\/spare-toilet-brush-with-handle-for-104113109-104113019102313079102313045-black\\\/#primaryimage\",\"url\":\"https:\\\/\\\/micasa.lv\\\/wp-content\\\/uploads\\\/2025\\\/05\\\/5252177cf0ee8501f16c2c75815a3398_131567031c-velky.jpg\",\"contentUrl\":\"https:\\\/\\\/micasa.lv\\\/wp-content\\\/uploads\\\/2025\\\/05\\\/5252177cf0ee8501f16c2c75815a3398_131567031c-velky.jpg\",\"width\":99,\"height\":500},{\"@type\":\"BreadcrumbList\",\"@id\":\"https:\\\/\\\/micasa.lv\\\/lv\\\/spare-toilet-brush-with-handle-for-104113109-104113019102313079102313045-black\\\/#breadcrumb\",\"itemListElement\":[{\"@type\":\"ListItem\",\"position\":1,\"name\":\"S\u0101kums\",\"item\":\"https:\\\/\\\/micasa.lv\\\/lv\\\/micasa\\\/\"},{\"@type\":\"ListItem\",\"position\":2,\"name\":\"Shop\",\"item\":\"https:\\\/\\\/micasa.lv\\\/lv\\\/shop\\\/\"},{\"@type\":\"ListItem\",\"position\":3,\"name\":\"Spare toilet brush with handle for 104113109, 104113019,102313079,102313045, black\"}]},{\"@type\":\"WebSite\",\"@id\":\"https:\\\/\\\/micasa.lv\\\/lv\\\/#website\",\"url\":\"https:\\\/\\\/micasa.lv\\\/lv\\\/\",\"name\":\"Micasa\",\"description\":\"\",\"potentialAction\":[{\"@type\":\"SearchAction\",\"target\":{\"@type\":\"EntryPoint\",\"urlTemplate\":\"https:\\\/\\\/micasa.lv\\\/lv\\\/?s={search_term_string}\"},\"query-input\":{\"@type\":\"PropertyValueSpecification\",\"valueRequired\":true,\"valueName\":\"search_term_string\"}}],\"inLanguage\":\"lv-LV\"}]}<\/script>\n<!-- \/ Yoast SEO plugin. -->","yoast_head_json":{"title":"Spare toilet brush with handle for 104113109, 104113019,102313079,102313045, black - Micasa","robots":{"index":"index","follow":"follow","max-snippet":"max-snippet:-1","max-image-preview":"max-image-preview:large","max-video-preview":"max-video-preview:-1"},"canonical":"https:\/\/micasa.lv\/lv\/spare-toilet-brush-with-handle-for-104113109-104113019102313079102313045-black\/","og_locale":"lv_LV","og_type":"article","og_title":"Spare toilet brush with handle for 104113109, 104113019,102313079,102313045, black - Micasa","og_description":"NEO &#8211; visliel\u0101k\u0101 NEREZ grezn\u012bba. NEO vannas istabas aksesu\u0101ri ir ner\u016bs\u0113jo\u0161\u0101 t\u0113rauda luksusa paraugs. Mat\u0113ta t\u0113rauda virsma ir \u013coti praktiska,","og_url":"https:\/\/micasa.lv\/lv\/spare-toilet-brush-with-handle-for-104113109-104113019102313079102313045-black\/","og_site_name":"Micasa","article_modified_time":"2025-06-13T07:17:35+00:00","og_image":[{"width":99,"height":500,"url":"https:\/\/micasa.lv\/wp-content\/uploads\/2025\/05\/5252177cf0ee8501f16c2c75815a3398_131567031c-velky.jpg","type":"image\/jpeg"}],"twitter_card":"summary_large_image","schema":{"@context":"https:\/\/schema.org","@graph":[{"@type":"WebPage","@id":"https:\/\/micasa.lv\/lv\/spare-toilet-brush-with-handle-for-104113109-104113019102313079102313045-black\/","url":"https:\/\/micasa.lv\/lv\/spare-toilet-brush-with-handle-for-104113109-104113019102313079102313045-black\/","name":"Spare toilet brush with handle for 104113109, 104113019,102313079,102313045, black - Micasa","isPartOf":{"@id":"https:\/\/micasa.lv\/lv\/#website"},"primaryImageOfPage":{"@id":"https:\/\/micasa.lv\/lv\/spare-toilet-brush-with-handle-for-104113109-104113019102313079102313045-black\/#primaryimage"},"image":{"@id":"https:\/\/micasa.lv\/lv\/spare-toilet-brush-with-handle-for-104113109-104113019102313079102313045-black\/#primaryimage"},"thumbnailUrl":"https:\/\/micasa.lv\/wp-content\/uploads\/2025\/05\/5252177cf0ee8501f16c2c75815a3398_131567031c-velky.jpg","datePublished":"2025-05-10T13:30:21+00:00","dateModified":"2025-06-13T07:17:35+00:00","breadcrumb":{"@id":"https:\/\/micasa.lv\/lv\/spare-toilet-brush-with-handle-for-104113109-104113019102313079102313045-black\/#breadcrumb"},"inLanguage":"lv-LV","potentialAction":[{"@type":"ReadAction","target":["https:\/\/micasa.lv\/lv\/spare-toilet-brush-with-handle-for-104113109-104113019102313079102313045-black\/"]}]},{"@type":"ImageObject","inLanguage":"lv-LV","@id":"https:\/\/micasa.lv\/lv\/spare-toilet-brush-with-handle-for-104113109-104113019102313079102313045-black\/#primaryimage","url":"https:\/\/micasa.lv\/wp-content\/uploads\/2025\/05\/5252177cf0ee8501f16c2c75815a3398_131567031c-velky.jpg","contentUrl":"https:\/\/micasa.lv\/wp-content\/uploads\/2025\/05\/5252177cf0ee8501f16c2c75815a3398_131567031c-velky.jpg","width":99,"height":500},{"@type":"BreadcrumbList","@id":"https:\/\/micasa.lv\/lv\/spare-toilet-brush-with-handle-for-104113109-104113019102313079102313045-black\/#breadcrumb","itemListElement":[{"@type":"ListItem","position":1,"name":"S\u0101kums","item":"https:\/\/micasa.lv\/lv\/micasa\/"},{"@type":"ListItem","position":2,"name":"Shop","item":"https:\/\/micasa.lv\/lv\/shop\/"},{"@type":"ListItem","position":3,"name":"Spare toilet brush with handle for 104113109, 104113019,102313079,102313045, black"}]},{"@type":"WebSite","@id":"https:\/\/micasa.lv\/lv\/#website","url":"https:\/\/micasa.lv\/lv\/","name":"Micasa","description":"","potentialAction":[{"@type":"SearchAction","target":{"@type":"EntryPoint","urlTemplate":"https:\/\/micasa.lv\/lv\/?s={search_term_string}"},"query-input":{"@type":"PropertyValueSpecification","valueRequired":true,"valueName":"search_term_string"}}],"inLanguage":"lv-LV"}]}},"wcpa_form_fields":null,"_links":{"self":[{"href":"https:\/\/micasa.lv\/lv\/wp-json\/wp\/v2\/product\/34961","targetHints":{"allow":["GET"]}}],"collection":[{"href":"https:\/\/micasa.lv\/lv\/wp-json\/wp\/v2\/product"}],"about":[{"href":"https:\/\/micasa.lv\/lv\/wp-json\/wp\/v2\/types\/product"}],"version-history":[{"count":1,"href":"https:\/\/micasa.lv\/lv\/wp-json\/wp\/v2\/product\/34961\/revisions"}],"predecessor-version":[{"id":34989,"href":"https:\/\/micasa.lv\/lv\/wp-json\/wp\/v2\/product\/34961\/revisions\/34989"}],"wp:featuredmedia":[{"embeddable":true,"href":"https:\/\/micasa.lv\/lv\/wp-json\/wp\/v2\/media\/34494"}],"wp:attachment":[{"href":"https:\/\/micasa.lv\/lv\/wp-json\/wp\/v2\/media?parent=34961"}],"wp:term":[{"taxonomy":"product_brand","embeddable":true,"href":"https:\/\/micasa.lv\/lv\/wp-json\/wp\/v2\/product_brand?post=34961"},{"taxonomy":"product_cat","embeddable":true,"href":"https:\/\/micasa.lv\/lv\/wp-json\/wp\/v2\/product_cat?post=34961"},{"taxonomy":"product_tag","embeddable":true,"href":"https:\/\/micasa.lv\/lv\/wp-json\/wp\/v2\/product_tag?post=34961"}],"curies":[{"name":"wp","href":"https:\/\/api.w.org\/{rel}","templated":true}]}}