{"id":35000,"date":"2025-05-10T16:30:35","date_gmt":"2025-05-10T13:30:35","guid":{"rendered":"https:\/\/test.micasa.lv\/?post_type=product&#038;p=35000"},"modified":"2025-06-13T10:17:39","modified_gmt":"2025-06-13T07:17:39","slug":"spare-bowl-for-wc-brush-102413012-102413010","status":"publish","type":"product","link":"https:\/\/micasa.lv\/lv\/spare-bowl-for-wc-brush-102413012-102413010\/","title":{"rendered":"Spare bowl for WC brush 102413012, 102413010"},"content":{"rendered":"<p>Matadors starp produktu kolekcij\u0101m. M\u016bsu vec\u0101k\u0101 s\u0113rija ALFA ir t\u012bra minim\u0101lisma dizaina sinon\u012bms, visbie\u017e\u0101k sudraba un balt\u0101 ton\u012b. Domin\u0113jo\u0161ie materi\u0101li ir stikls un hroms, kas pie\u0161\u0137ir izstr\u0101d\u0101jumiem greznuma piesk\u0101rienu. Kolekcij\u0101 ietilpst \u0161\u0137idro ziepju dozatori, ziepju trauci\u0146i un plaukti, k\u0101 ar\u012b tur\u0113t\u0101ji dvie\u013ciem, birst\u0113m un tualetes ru\u013c\u013ciem.<\/p>\n","protected":false},"excerpt":{"rendered":"<p>Matadors starp produktu kolekcij\u0101m. M\u016bsu vec\u0101k\u0101 s\u0113rija ALFA ir t\u012bra minim\u0101lisma dizaina sinon\u012bms, visbie\u017e\u0101k sudraba un balt\u0101 ton\u012b. Domin\u0113jo\u0161ie materi\u0101li<\/p>\n","protected":false},"featured_media":34419,"template":"","meta":[],"product_brand":[],"product_cat":[1891,1528],"product_tag":[],"class_list":{"0":"post-35000","1":"product","2":"type-product","3":"status-publish","4":"has-post-thumbnail","6":"product_cat-rezerves-dalas","7":"product_cat-vannas-istabas-aksesuari","8":"pa_brand-bemeta-lv","10":"first","11":"instock","12":"taxable","13":"shipping-taxable","14":"purchasable","15":"product-type-simple"},"yoast_head":"<!-- This site is optimized with the Yoast SEO plugin v27.4 - https:\/\/yoast.com\/product\/yoast-seo-wordpress\/ -->\n<title>Spare bowl for WC brush 102413012, 102413010 - Micasa<\/title>\n<meta name=\"robots\" content=\"index, follow, max-snippet:-1, max-image-preview:large, max-video-preview:-1\" \/>\n<link rel=\"canonical\" href=\"https:\/\/micasa.lv\/lv\/spare-bowl-for-wc-brush-102413012-102413010\/\" \/>\n<meta property=\"og:locale\" content=\"lv_LV\" \/>\n<meta property=\"og:type\" content=\"article\" \/>\n<meta property=\"og:title\" content=\"Spare bowl for WC brush 102413012, 102413010 - Micasa\" \/>\n<meta property=\"og:description\" content=\"Matadors starp produktu kolekcij\u0101m. M\u016bsu vec\u0101k\u0101 s\u0113rija ALFA ir t\u012bra minim\u0101lisma dizaina sinon\u012bms, visbie\u017e\u0101k sudraba un balt\u0101 ton\u012b. Domin\u0113jo\u0161ie materi\u0101li\" \/>\n<meta property=\"og:url\" content=\"https:\/\/micasa.lv\/lv\/spare-bowl-for-wc-brush-102413012-102413010\/\" \/>\n<meta property=\"og:site_name\" content=\"Micasa\" \/>\n<meta property=\"article:modified_time\" content=\"2025-06-13T07:17:39+00:00\" \/>\n<meta property=\"og:image\" content=\"https:\/\/micasa.lv\/wp-content\/uploads\/2025\/05\/9ef7d7e6910f1abfceb0ca657eb3bc56_131567113-velky.jpg\" \/>\n\t<meta property=\"og:image:width\" content=\"480\" \/>\n\t<meta property=\"og:image:height\" content=\"500\" \/>\n\t<meta property=\"og:image:type\" content=\"image\/jpeg\" \/>\n<meta name=\"twitter:card\" content=\"summary_large_image\" \/>\n<script type=\"application\/ld+json\" class=\"yoast-schema-graph\">{\"@context\":\"https:\\\/\\\/schema.org\",\"@graph\":[{\"@type\":\"WebPage\",\"@id\":\"https:\\\/\\\/micasa.lv\\\/lv\\\/spare-bowl-for-wc-brush-102413012-102413010\\\/\",\"url\":\"https:\\\/\\\/micasa.lv\\\/lv\\\/spare-bowl-for-wc-brush-102413012-102413010\\\/\",\"name\":\"Spare bowl for WC brush 102413012, 102413010 - Micasa\",\"isPartOf\":{\"@id\":\"https:\\\/\\\/micasa.lv\\\/lv\\\/#website\"},\"primaryImageOfPage\":{\"@id\":\"https:\\\/\\\/micasa.lv\\\/lv\\\/spare-bowl-for-wc-brush-102413012-102413010\\\/#primaryimage\"},\"image\":{\"@id\":\"https:\\\/\\\/micasa.lv\\\/lv\\\/spare-bowl-for-wc-brush-102413012-102413010\\\/#primaryimage\"},\"thumbnailUrl\":\"https:\\\/\\\/micasa.lv\\\/wp-content\\\/uploads\\\/2025\\\/05\\\/9ef7d7e6910f1abfceb0ca657eb3bc56_131567113-velky.jpg\",\"datePublished\":\"2025-05-10T13:30:35+00:00\",\"dateModified\":\"2025-06-13T07:17:39+00:00\",\"breadcrumb\":{\"@id\":\"https:\\\/\\\/micasa.lv\\\/lv\\\/spare-bowl-for-wc-brush-102413012-102413010\\\/#breadcrumb\"},\"inLanguage\":\"lv-LV\",\"potentialAction\":[{\"@type\":\"ReadAction\",\"target\":[\"https:\\\/\\\/micasa.lv\\\/lv\\\/spare-bowl-for-wc-brush-102413012-102413010\\\/\"]}]},{\"@type\":\"ImageObject\",\"inLanguage\":\"lv-LV\",\"@id\":\"https:\\\/\\\/micasa.lv\\\/lv\\\/spare-bowl-for-wc-brush-102413012-102413010\\\/#primaryimage\",\"url\":\"https:\\\/\\\/micasa.lv\\\/wp-content\\\/uploads\\\/2025\\\/05\\\/9ef7d7e6910f1abfceb0ca657eb3bc56_131567113-velky.jpg\",\"contentUrl\":\"https:\\\/\\\/micasa.lv\\\/wp-content\\\/uploads\\\/2025\\\/05\\\/9ef7d7e6910f1abfceb0ca657eb3bc56_131567113-velky.jpg\",\"width\":480,\"height\":500},{\"@type\":\"BreadcrumbList\",\"@id\":\"https:\\\/\\\/micasa.lv\\\/lv\\\/spare-bowl-for-wc-brush-102413012-102413010\\\/#breadcrumb\",\"itemListElement\":[{\"@type\":\"ListItem\",\"position\":1,\"name\":\"S\u0101kums\",\"item\":\"https:\\\/\\\/micasa.lv\\\/lv\\\/micasa\\\/\"},{\"@type\":\"ListItem\",\"position\":2,\"name\":\"Shop\",\"item\":\"https:\\\/\\\/micasa.lv\\\/lv\\\/shop\\\/\"},{\"@type\":\"ListItem\",\"position\":3,\"name\":\"Spare bowl for WC brush 102413012, 102413010\"}]},{\"@type\":\"WebSite\",\"@id\":\"https:\\\/\\\/micasa.lv\\\/lv\\\/#website\",\"url\":\"https:\\\/\\\/micasa.lv\\\/lv\\\/\",\"name\":\"Micasa\",\"description\":\"\",\"potentialAction\":[{\"@type\":\"SearchAction\",\"target\":{\"@type\":\"EntryPoint\",\"urlTemplate\":\"https:\\\/\\\/micasa.lv\\\/lv\\\/?s={search_term_string}\"},\"query-input\":{\"@type\":\"PropertyValueSpecification\",\"valueRequired\":true,\"valueName\":\"search_term_string\"}}],\"inLanguage\":\"lv-LV\"}]}<\/script>\n<!-- \/ Yoast SEO plugin. -->","yoast_head_json":{"title":"Spare bowl for WC brush 102413012, 102413010 - Micasa","robots":{"index":"index","follow":"follow","max-snippet":"max-snippet:-1","max-image-preview":"max-image-preview:large","max-video-preview":"max-video-preview:-1"},"canonical":"https:\/\/micasa.lv\/lv\/spare-bowl-for-wc-brush-102413012-102413010\/","og_locale":"lv_LV","og_type":"article","og_title":"Spare bowl for WC brush 102413012, 102413010 - Micasa","og_description":"Matadors starp produktu kolekcij\u0101m. M\u016bsu vec\u0101k\u0101 s\u0113rija ALFA ir t\u012bra minim\u0101lisma dizaina sinon\u012bms, visbie\u017e\u0101k sudraba un balt\u0101 ton\u012b. Domin\u0113jo\u0161ie materi\u0101li","og_url":"https:\/\/micasa.lv\/lv\/spare-bowl-for-wc-brush-102413012-102413010\/","og_site_name":"Micasa","article_modified_time":"2025-06-13T07:17:39+00:00","og_image":[{"width":480,"height":500,"url":"https:\/\/micasa.lv\/wp-content\/uploads\/2025\/05\/9ef7d7e6910f1abfceb0ca657eb3bc56_131567113-velky.jpg","type":"image\/jpeg"}],"twitter_card":"summary_large_image","schema":{"@context":"https:\/\/schema.org","@graph":[{"@type":"WebPage","@id":"https:\/\/micasa.lv\/lv\/spare-bowl-for-wc-brush-102413012-102413010\/","url":"https:\/\/micasa.lv\/lv\/spare-bowl-for-wc-brush-102413012-102413010\/","name":"Spare bowl for WC brush 102413012, 102413010 - Micasa","isPartOf":{"@id":"https:\/\/micasa.lv\/lv\/#website"},"primaryImageOfPage":{"@id":"https:\/\/micasa.lv\/lv\/spare-bowl-for-wc-brush-102413012-102413010\/#primaryimage"},"image":{"@id":"https:\/\/micasa.lv\/lv\/spare-bowl-for-wc-brush-102413012-102413010\/#primaryimage"},"thumbnailUrl":"https:\/\/micasa.lv\/wp-content\/uploads\/2025\/05\/9ef7d7e6910f1abfceb0ca657eb3bc56_131567113-velky.jpg","datePublished":"2025-05-10T13:30:35+00:00","dateModified":"2025-06-13T07:17:39+00:00","breadcrumb":{"@id":"https:\/\/micasa.lv\/lv\/spare-bowl-for-wc-brush-102413012-102413010\/#breadcrumb"},"inLanguage":"lv-LV","potentialAction":[{"@type":"ReadAction","target":["https:\/\/micasa.lv\/lv\/spare-bowl-for-wc-brush-102413012-102413010\/"]}]},{"@type":"ImageObject","inLanguage":"lv-LV","@id":"https:\/\/micasa.lv\/lv\/spare-bowl-for-wc-brush-102413012-102413010\/#primaryimage","url":"https:\/\/micasa.lv\/wp-content\/uploads\/2025\/05\/9ef7d7e6910f1abfceb0ca657eb3bc56_131567113-velky.jpg","contentUrl":"https:\/\/micasa.lv\/wp-content\/uploads\/2025\/05\/9ef7d7e6910f1abfceb0ca657eb3bc56_131567113-velky.jpg","width":480,"height":500},{"@type":"BreadcrumbList","@id":"https:\/\/micasa.lv\/lv\/spare-bowl-for-wc-brush-102413012-102413010\/#breadcrumb","itemListElement":[{"@type":"ListItem","position":1,"name":"S\u0101kums","item":"https:\/\/micasa.lv\/lv\/micasa\/"},{"@type":"ListItem","position":2,"name":"Shop","item":"https:\/\/micasa.lv\/lv\/shop\/"},{"@type":"ListItem","position":3,"name":"Spare bowl for WC brush 102413012, 102413010"}]},{"@type":"WebSite","@id":"https:\/\/micasa.lv\/lv\/#website","url":"https:\/\/micasa.lv\/lv\/","name":"Micasa","description":"","potentialAction":[{"@type":"SearchAction","target":{"@type":"EntryPoint","urlTemplate":"https:\/\/micasa.lv\/lv\/?s={search_term_string}"},"query-input":{"@type":"PropertyValueSpecification","valueRequired":true,"valueName":"search_term_string"}}],"inLanguage":"lv-LV"}]}},"wcpa_form_fields":null,"_links":{"self":[{"href":"https:\/\/micasa.lv\/lv\/wp-json\/wp\/v2\/product\/35000","targetHints":{"allow":["GET"]}}],"collection":[{"href":"https:\/\/micasa.lv\/lv\/wp-json\/wp\/v2\/product"}],"about":[{"href":"https:\/\/micasa.lv\/lv\/wp-json\/wp\/v2\/types\/product"}],"version-history":[{"count":1,"href":"https:\/\/micasa.lv\/lv\/wp-json\/wp\/v2\/product\/35000\/revisions"}],"predecessor-version":[{"id":35030,"href":"https:\/\/micasa.lv\/lv\/wp-json\/wp\/v2\/product\/35000\/revisions\/35030"}],"wp:featuredmedia":[{"embeddable":true,"href":"https:\/\/micasa.lv\/lv\/wp-json\/wp\/v2\/media\/34419"}],"wp:attachment":[{"href":"https:\/\/micasa.lv\/lv\/wp-json\/wp\/v2\/media?parent=35000"}],"wp:term":[{"taxonomy":"product_brand","embeddable":true,"href":"https:\/\/micasa.lv\/lv\/wp-json\/wp\/v2\/product_brand?post=35000"},{"taxonomy":"product_cat","embeddable":true,"href":"https:\/\/micasa.lv\/lv\/wp-json\/wp\/v2\/product_cat?post=35000"},{"taxonomy":"product_tag","embeddable":true,"href":"https:\/\/micasa.lv\/lv\/wp-json\/wp\/v2\/product_tag?post=35000"}],"curies":[{"name":"wp","href":"https:\/\/api.w.org\/{rel}","templated":true}]}}