{"id":35006,"date":"2025-05-10T16:30:36","date_gmt":"2025-05-10T13:30:36","guid":{"rendered":"https:\/\/test.micasa.lv\/?post_type=product&#038;p=35006"},"modified":"2025-06-13T10:17:40","modified_gmt":"2025-06-13T07:17:40","slug":"spare-bowl-for-soap-dispenser-with-pump-138709041-138109161-200-ml","status":"publish","type":"product","link":"https:\/\/micasa.lv\/lv\/spare-bowl-for-soap-dispenser-with-pump-138709041-138109161-200-ml\/","title":{"rendered":"Spare bowl for soap dispenser with pump 138709041, 138109161 200 ml"},"content":{"rendered":"<p>OMEGA produktu l\u012bnija ir vispla\u0161\u0101k\u0101 produktu skaita zi\u0146\u0101. T\u0101s elegantais izpild\u012bjums un dizains ne tikai izskat\u0101s m\u016bsdien\u012bgi un svaigi, bet ar\u012b iederas jebkur\u0101 stil\u012bg\u0101 vannas istab\u0101, kas balst\u0101s uz vienk\u0101r\u0161\u012bbu un minim\u0101lismu. Taj\u0101 pa\u0161\u0101 laik\u0101 t\u0101s izgatavo\u0161ana veicina vieglu apkopi. T\u0101tad, ja nev\u0113laties past\u0101v\u012bgi berz\u0113t vannas istabu, j\u016bs tikko esat atradis savu vietu.<\/p>\n","protected":false},"excerpt":{"rendered":"<p>OMEGA produktu l\u012bnija ir vispla\u0161\u0101k\u0101 produktu skaita zi\u0146\u0101. T\u0101s elegantais izpild\u012bjums un dizains ne tikai izskat\u0101s m\u016bsdien\u012bgi un svaigi, bet<\/p>\n","protected":false},"featured_media":34518,"template":"","meta":[],"product_brand":[],"product_cat":[1891,1528],"product_tag":[],"class_list":{"0":"post-35006","1":"product","2":"type-product","3":"status-publish","4":"has-post-thumbnail","6":"product_cat-rezerves-dalas","7":"product_cat-vannas-istabas-aksesuari","8":"pa_brand-bemeta-lv","10":"first","11":"instock","12":"taxable","13":"shipping-taxable","14":"purchasable","15":"product-type-simple"},"yoast_head":"<!-- This site is optimized with the Yoast SEO plugin v27.4 - https:\/\/yoast.com\/product\/yoast-seo-wordpress\/ -->\n<title>Spare bowl for soap dispenser with pump 138709041, 138109161 200 ml - Micasa<\/title>\n<meta name=\"robots\" content=\"index, follow, max-snippet:-1, max-image-preview:large, max-video-preview:-1\" \/>\n<link rel=\"canonical\" href=\"https:\/\/micasa.lv\/lv\/spare-bowl-for-soap-dispenser-with-pump-138709041-138109161-200-ml\/\" \/>\n<meta property=\"og:locale\" content=\"lv_LV\" \/>\n<meta property=\"og:type\" content=\"article\" \/>\n<meta property=\"og:title\" content=\"Spare bowl for soap dispenser with pump 138709041, 138109161 200 ml - Micasa\" \/>\n<meta property=\"og:description\" content=\"OMEGA produktu l\u012bnija ir vispla\u0161\u0101k\u0101 produktu skaita zi\u0146\u0101. T\u0101s elegantais izpild\u012bjums un dizains ne tikai izskat\u0101s m\u016bsdien\u012bgi un svaigi, bet\" \/>\n<meta property=\"og:url\" content=\"https:\/\/micasa.lv\/lv\/spare-bowl-for-soap-dispenser-with-pump-138709041-138109161-200-ml\/\" \/>\n<meta property=\"og:site_name\" content=\"Micasa\" \/>\n<meta property=\"article:modified_time\" content=\"2025-06-13T07:17:40+00:00\" \/>\n<meta property=\"og:image\" content=\"https:\/\/micasa.lv\/wp-content\/uploads\/2025\/05\/aae27b9fd3f758c62b94707232909165_131567147-velky.jpg\" \/>\n\t<meta property=\"og:image:width\" content=\"500\" \/>\n\t<meta property=\"og:image:height\" content=\"500\" \/>\n\t<meta property=\"og:image:type\" content=\"image\/jpeg\" \/>\n<meta name=\"twitter:card\" content=\"summary_large_image\" \/>\n<script type=\"application\/ld+json\" class=\"yoast-schema-graph\">{\"@context\":\"https:\\\/\\\/schema.org\",\"@graph\":[{\"@type\":\"WebPage\",\"@id\":\"https:\\\/\\\/micasa.lv\\\/lv\\\/spare-bowl-for-soap-dispenser-with-pump-138709041-138109161-200-ml\\\/\",\"url\":\"https:\\\/\\\/micasa.lv\\\/lv\\\/spare-bowl-for-soap-dispenser-with-pump-138709041-138109161-200-ml\\\/\",\"name\":\"Spare bowl for soap dispenser with pump 138709041, 138109161 200 ml - Micasa\",\"isPartOf\":{\"@id\":\"https:\\\/\\\/micasa.lv\\\/lv\\\/#website\"},\"primaryImageOfPage\":{\"@id\":\"https:\\\/\\\/micasa.lv\\\/lv\\\/spare-bowl-for-soap-dispenser-with-pump-138709041-138109161-200-ml\\\/#primaryimage\"},\"image\":{\"@id\":\"https:\\\/\\\/micasa.lv\\\/lv\\\/spare-bowl-for-soap-dispenser-with-pump-138709041-138109161-200-ml\\\/#primaryimage\"},\"thumbnailUrl\":\"https:\\\/\\\/micasa.lv\\\/wp-content\\\/uploads\\\/2025\\\/05\\\/aae27b9fd3f758c62b94707232909165_131567147-velky.jpg\",\"datePublished\":\"2025-05-10T13:30:36+00:00\",\"dateModified\":\"2025-06-13T07:17:40+00:00\",\"breadcrumb\":{\"@id\":\"https:\\\/\\\/micasa.lv\\\/lv\\\/spare-bowl-for-soap-dispenser-with-pump-138709041-138109161-200-ml\\\/#breadcrumb\"},\"inLanguage\":\"lv-LV\",\"potentialAction\":[{\"@type\":\"ReadAction\",\"target\":[\"https:\\\/\\\/micasa.lv\\\/lv\\\/spare-bowl-for-soap-dispenser-with-pump-138709041-138109161-200-ml\\\/\"]}]},{\"@type\":\"ImageObject\",\"inLanguage\":\"lv-LV\",\"@id\":\"https:\\\/\\\/micasa.lv\\\/lv\\\/spare-bowl-for-soap-dispenser-with-pump-138709041-138109161-200-ml\\\/#primaryimage\",\"url\":\"https:\\\/\\\/micasa.lv\\\/wp-content\\\/uploads\\\/2025\\\/05\\\/aae27b9fd3f758c62b94707232909165_131567147-velky.jpg\",\"contentUrl\":\"https:\\\/\\\/micasa.lv\\\/wp-content\\\/uploads\\\/2025\\\/05\\\/aae27b9fd3f758c62b94707232909165_131567147-velky.jpg\",\"width\":500,\"height\":500},{\"@type\":\"BreadcrumbList\",\"@id\":\"https:\\\/\\\/micasa.lv\\\/lv\\\/spare-bowl-for-soap-dispenser-with-pump-138709041-138109161-200-ml\\\/#breadcrumb\",\"itemListElement\":[{\"@type\":\"ListItem\",\"position\":1,\"name\":\"S\u0101kums\",\"item\":\"https:\\\/\\\/micasa.lv\\\/lv\\\/micasa\\\/\"},{\"@type\":\"ListItem\",\"position\":2,\"name\":\"Shop\",\"item\":\"https:\\\/\\\/micasa.lv\\\/lv\\\/shop\\\/\"},{\"@type\":\"ListItem\",\"position\":3,\"name\":\"Spare bowl for soap dispenser with pump 138709041, 138109161 200 ml\"}]},{\"@type\":\"WebSite\",\"@id\":\"https:\\\/\\\/micasa.lv\\\/lv\\\/#website\",\"url\":\"https:\\\/\\\/micasa.lv\\\/lv\\\/\",\"name\":\"Micasa\",\"description\":\"\",\"potentialAction\":[{\"@type\":\"SearchAction\",\"target\":{\"@type\":\"EntryPoint\",\"urlTemplate\":\"https:\\\/\\\/micasa.lv\\\/lv\\\/?s={search_term_string}\"},\"query-input\":{\"@type\":\"PropertyValueSpecification\",\"valueRequired\":true,\"valueName\":\"search_term_string\"}}],\"inLanguage\":\"lv-LV\"}]}<\/script>\n<!-- \/ Yoast SEO plugin. -->","yoast_head_json":{"title":"Spare bowl for soap dispenser with pump 138709041, 138109161 200 ml - Micasa","robots":{"index":"index","follow":"follow","max-snippet":"max-snippet:-1","max-image-preview":"max-image-preview:large","max-video-preview":"max-video-preview:-1"},"canonical":"https:\/\/micasa.lv\/lv\/spare-bowl-for-soap-dispenser-with-pump-138709041-138109161-200-ml\/","og_locale":"lv_LV","og_type":"article","og_title":"Spare bowl for soap dispenser with pump 138709041, 138109161 200 ml - Micasa","og_description":"OMEGA produktu l\u012bnija ir vispla\u0161\u0101k\u0101 produktu skaita zi\u0146\u0101. T\u0101s elegantais izpild\u012bjums un dizains ne tikai izskat\u0101s m\u016bsdien\u012bgi un svaigi, bet","og_url":"https:\/\/micasa.lv\/lv\/spare-bowl-for-soap-dispenser-with-pump-138709041-138109161-200-ml\/","og_site_name":"Micasa","article_modified_time":"2025-06-13T07:17:40+00:00","og_image":[{"width":500,"height":500,"url":"https:\/\/micasa.lv\/wp-content\/uploads\/2025\/05\/aae27b9fd3f758c62b94707232909165_131567147-velky.jpg","type":"image\/jpeg"}],"twitter_card":"summary_large_image","schema":{"@context":"https:\/\/schema.org","@graph":[{"@type":"WebPage","@id":"https:\/\/micasa.lv\/lv\/spare-bowl-for-soap-dispenser-with-pump-138709041-138109161-200-ml\/","url":"https:\/\/micasa.lv\/lv\/spare-bowl-for-soap-dispenser-with-pump-138709041-138109161-200-ml\/","name":"Spare bowl for soap dispenser with pump 138709041, 138109161 200 ml - Micasa","isPartOf":{"@id":"https:\/\/micasa.lv\/lv\/#website"},"primaryImageOfPage":{"@id":"https:\/\/micasa.lv\/lv\/spare-bowl-for-soap-dispenser-with-pump-138709041-138109161-200-ml\/#primaryimage"},"image":{"@id":"https:\/\/micasa.lv\/lv\/spare-bowl-for-soap-dispenser-with-pump-138709041-138109161-200-ml\/#primaryimage"},"thumbnailUrl":"https:\/\/micasa.lv\/wp-content\/uploads\/2025\/05\/aae27b9fd3f758c62b94707232909165_131567147-velky.jpg","datePublished":"2025-05-10T13:30:36+00:00","dateModified":"2025-06-13T07:17:40+00:00","breadcrumb":{"@id":"https:\/\/micasa.lv\/lv\/spare-bowl-for-soap-dispenser-with-pump-138709041-138109161-200-ml\/#breadcrumb"},"inLanguage":"lv-LV","potentialAction":[{"@type":"ReadAction","target":["https:\/\/micasa.lv\/lv\/spare-bowl-for-soap-dispenser-with-pump-138709041-138109161-200-ml\/"]}]},{"@type":"ImageObject","inLanguage":"lv-LV","@id":"https:\/\/micasa.lv\/lv\/spare-bowl-for-soap-dispenser-with-pump-138709041-138109161-200-ml\/#primaryimage","url":"https:\/\/micasa.lv\/wp-content\/uploads\/2025\/05\/aae27b9fd3f758c62b94707232909165_131567147-velky.jpg","contentUrl":"https:\/\/micasa.lv\/wp-content\/uploads\/2025\/05\/aae27b9fd3f758c62b94707232909165_131567147-velky.jpg","width":500,"height":500},{"@type":"BreadcrumbList","@id":"https:\/\/micasa.lv\/lv\/spare-bowl-for-soap-dispenser-with-pump-138709041-138109161-200-ml\/#breadcrumb","itemListElement":[{"@type":"ListItem","position":1,"name":"S\u0101kums","item":"https:\/\/micasa.lv\/lv\/micasa\/"},{"@type":"ListItem","position":2,"name":"Shop","item":"https:\/\/micasa.lv\/lv\/shop\/"},{"@type":"ListItem","position":3,"name":"Spare bowl for soap dispenser with pump 138709041, 138109161 200 ml"}]},{"@type":"WebSite","@id":"https:\/\/micasa.lv\/lv\/#website","url":"https:\/\/micasa.lv\/lv\/","name":"Micasa","description":"","potentialAction":[{"@type":"SearchAction","target":{"@type":"EntryPoint","urlTemplate":"https:\/\/micasa.lv\/lv\/?s={search_term_string}"},"query-input":{"@type":"PropertyValueSpecification","valueRequired":true,"valueName":"search_term_string"}}],"inLanguage":"lv-LV"}]}},"wcpa_form_fields":null,"_links":{"self":[{"href":"https:\/\/micasa.lv\/lv\/wp-json\/wp\/v2\/product\/35006","targetHints":{"allow":["GET"]}}],"collection":[{"href":"https:\/\/micasa.lv\/lv\/wp-json\/wp\/v2\/product"}],"about":[{"href":"https:\/\/micasa.lv\/lv\/wp-json\/wp\/v2\/types\/product"}],"version-history":[{"count":1,"href":"https:\/\/micasa.lv\/lv\/wp-json\/wp\/v2\/product\/35006\/revisions"}],"predecessor-version":[{"id":35036,"href":"https:\/\/micasa.lv\/lv\/wp-json\/wp\/v2\/product\/35006\/revisions\/35036"}],"wp:featuredmedia":[{"embeddable":true,"href":"https:\/\/micasa.lv\/lv\/wp-json\/wp\/v2\/media\/34518"}],"wp:attachment":[{"href":"https:\/\/micasa.lv\/lv\/wp-json\/wp\/v2\/media?parent=35006"}],"wp:term":[{"taxonomy":"product_brand","embeddable":true,"href":"https:\/\/micasa.lv\/lv\/wp-json\/wp\/v2\/product_brand?post=35006"},{"taxonomy":"product_cat","embeddable":true,"href":"https:\/\/micasa.lv\/lv\/wp-json\/wp\/v2\/product_cat?post=35006"},{"taxonomy":"product_tag","embeddable":true,"href":"https:\/\/micasa.lv\/lv\/wp-json\/wp\/v2\/product_tag?post=35006"}],"curies":[{"name":"wp","href":"https:\/\/api.w.org\/{rel}","templated":true}]}}