{"id":35726,"date":"2025-05-12T11:06:25","date_gmt":"2025-05-12T08:06:25","guid":{"rendered":"https:\/\/test.micasa.lv\/?post_type=product&#038;p=35726"},"modified":"2025-06-13T10:18:45","modified_gmt":"2025-06-13T07:18:45","slug":"help-aizmugurejais-vacins-montazai-pie-durvim-matets","status":"publish","type":"product","link":"https:\/\/micasa.lv\/lv\/help-aizmugurejais-vacins-montazai-pie-durvim-matets\/","title":{"rendered":"HELP: Aizmugur\u0113jais v\u0101ci\u0146\u0161 mont\u0101\u017eai pie durv\u012bm, mat\u0113ts"},"content":{"rendered":"<p>Vannas istabas dizains bez robe\u017e\u0101m un ierobe\u017eojumiem! HELP s\u0113rija sniedz pal\u012bdz\u012bgu roku tiem, kas ilgojas p\u0113c vannas istabas bez \u0161\u0137\u0113r\u0161\u013ciem, kur\u0101 katra kust\u012bba ir piepild\u012bta ar p\u0101rliec\u012bbu. Turkl\u0101t izstr\u0101d\u0101jumi ir p\u0101rkl\u0101ti ar antibakteri\u0101lu pulverveida p\u0101rkl\u0101jumu, kas atbilst pat visstingr\u0101kaj\u0101m higi\u0113nas pras\u012bb\u0101m.<\/p>\n","protected":false},"excerpt":{"rendered":"<p>Vannas istabas dizains bez robe\u017e\u0101m un ierobe\u017eojumiem! HELP s\u0113rija sniedz pal\u012bdz\u012bgu roku tiem, kas ilgojas p\u0113c vannas istabas bez \u0161\u0137\u0113r\u0161\u013ciem,<\/p>\n","protected":false},"featured_media":35395,"template":"","meta":[],"product_brand":[],"product_cat":[1891,1528],"product_tag":[],"class_list":{"0":"post-35726","1":"product","2":"type-product","3":"status-publish","4":"has-post-thumbnail","6":"product_cat-rezerves-dalas","7":"product_cat-vannas-istabas-aksesuari","8":"pa_brand-bemeta-lv","10":"first","11":"instock","12":"taxable","13":"shipping-taxable","14":"purchasable","15":"product-type-simple"},"yoast_head":"<!-- This site is optimized with the Yoast SEO plugin v27.4 - https:\/\/yoast.com\/product\/yoast-seo-wordpress\/ -->\n<title>HELP: Aizmugur\u0113jais v\u0101ci\u0146\u0161 mont\u0101\u017eai pie durv\u012bm, mat\u0113ts - Micasa<\/title>\n<meta name=\"robots\" content=\"index, follow, max-snippet:-1, max-image-preview:large, max-video-preview:-1\" \/>\n<link rel=\"canonical\" href=\"https:\/\/micasa.lv\/lv\/help-aizmugurejais-vacins-montazai-pie-durvim-matets\/\" \/>\n<meta property=\"og:locale\" content=\"lv_LV\" \/>\n<meta property=\"og:type\" content=\"article\" \/>\n<meta property=\"og:title\" content=\"HELP: Aizmugur\u0113jais v\u0101ci\u0146\u0161 mont\u0101\u017eai pie durv\u012bm, mat\u0113ts - Micasa\" \/>\n<meta property=\"og:description\" content=\"Vannas istabas dizains bez robe\u017e\u0101m un ierobe\u017eojumiem! HELP s\u0113rija sniedz pal\u012bdz\u012bgu roku tiem, kas ilgojas p\u0113c vannas istabas bez \u0161\u0137\u0113r\u0161\u013ciem,\" \/>\n<meta property=\"og:url\" content=\"https:\/\/micasa.lv\/lv\/help-aizmugurejais-vacins-montazai-pie-durvim-matets\/\" \/>\n<meta property=\"og:site_name\" content=\"Micasa\" \/>\n<meta property=\"article:modified_time\" content=\"2025-06-13T07:18:45+00:00\" \/>\n<meta property=\"og:image\" content=\"https:\/\/micasa.lv\/wp-content\/uploads\/2025\/05\/984bc4b50879d0b7f534652303f1db14_131567175-velky.jpg\" \/>\n\t<meta property=\"og:image:width\" content=\"500\" \/>\n\t<meta property=\"og:image:height\" content=\"500\" \/>\n\t<meta property=\"og:image:type\" content=\"image\/jpeg\" \/>\n<meta name=\"twitter:card\" content=\"summary_large_image\" \/>\n<script type=\"application\/ld+json\" class=\"yoast-schema-graph\">{\"@context\":\"https:\\\/\\\/schema.org\",\"@graph\":[{\"@type\":\"WebPage\",\"@id\":\"https:\\\/\\\/micasa.lv\\\/lv\\\/help-aizmugurejais-vacins-montazai-pie-durvim-matets\\\/\",\"url\":\"https:\\\/\\\/micasa.lv\\\/lv\\\/help-aizmugurejais-vacins-montazai-pie-durvim-matets\\\/\",\"name\":\"HELP: Aizmugur\u0113jais v\u0101ci\u0146\u0161 mont\u0101\u017eai pie durv\u012bm, mat\u0113ts - Micasa\",\"isPartOf\":{\"@id\":\"https:\\\/\\\/micasa.lv\\\/lv\\\/#website\"},\"primaryImageOfPage\":{\"@id\":\"https:\\\/\\\/micasa.lv\\\/lv\\\/help-aizmugurejais-vacins-montazai-pie-durvim-matets\\\/#primaryimage\"},\"image\":{\"@id\":\"https:\\\/\\\/micasa.lv\\\/lv\\\/help-aizmugurejais-vacins-montazai-pie-durvim-matets\\\/#primaryimage\"},\"thumbnailUrl\":\"https:\\\/\\\/micasa.lv\\\/wp-content\\\/uploads\\\/2025\\\/05\\\/984bc4b50879d0b7f534652303f1db14_131567175-velky.jpg\",\"datePublished\":\"2025-05-12T08:06:25+00:00\",\"dateModified\":\"2025-06-13T07:18:45+00:00\",\"breadcrumb\":{\"@id\":\"https:\\\/\\\/micasa.lv\\\/lv\\\/help-aizmugurejais-vacins-montazai-pie-durvim-matets\\\/#breadcrumb\"},\"inLanguage\":\"lv-LV\",\"potentialAction\":[{\"@type\":\"ReadAction\",\"target\":[\"https:\\\/\\\/micasa.lv\\\/lv\\\/help-aizmugurejais-vacins-montazai-pie-durvim-matets\\\/\"]}]},{\"@type\":\"ImageObject\",\"inLanguage\":\"lv-LV\",\"@id\":\"https:\\\/\\\/micasa.lv\\\/lv\\\/help-aizmugurejais-vacins-montazai-pie-durvim-matets\\\/#primaryimage\",\"url\":\"https:\\\/\\\/micasa.lv\\\/wp-content\\\/uploads\\\/2025\\\/05\\\/984bc4b50879d0b7f534652303f1db14_131567175-velky.jpg\",\"contentUrl\":\"https:\\\/\\\/micasa.lv\\\/wp-content\\\/uploads\\\/2025\\\/05\\\/984bc4b50879d0b7f534652303f1db14_131567175-velky.jpg\",\"width\":500,\"height\":500},{\"@type\":\"BreadcrumbList\",\"@id\":\"https:\\\/\\\/micasa.lv\\\/lv\\\/help-aizmugurejais-vacins-montazai-pie-durvim-matets\\\/#breadcrumb\",\"itemListElement\":[{\"@type\":\"ListItem\",\"position\":1,\"name\":\"S\u0101kums\",\"item\":\"https:\\\/\\\/micasa.lv\\\/lv\\\/micasa\\\/\"},{\"@type\":\"ListItem\",\"position\":2,\"name\":\"Shop\",\"item\":\"https:\\\/\\\/micasa.lv\\\/lv\\\/shop\\\/\"},{\"@type\":\"ListItem\",\"position\":3,\"name\":\"HELP: Aizmugur\u0113jais v\u0101ci\u0146\u0161 mont\u0101\u017eai pie durv\u012bm, mat\u0113ts\"}]},{\"@type\":\"WebSite\",\"@id\":\"https:\\\/\\\/micasa.lv\\\/lv\\\/#website\",\"url\":\"https:\\\/\\\/micasa.lv\\\/lv\\\/\",\"name\":\"Micasa\",\"description\":\"\",\"potentialAction\":[{\"@type\":\"SearchAction\",\"target\":{\"@type\":\"EntryPoint\",\"urlTemplate\":\"https:\\\/\\\/micasa.lv\\\/lv\\\/?s={search_term_string}\"},\"query-input\":{\"@type\":\"PropertyValueSpecification\",\"valueRequired\":true,\"valueName\":\"search_term_string\"}}],\"inLanguage\":\"lv-LV\"}]}<\/script>\n<!-- \/ Yoast SEO plugin. -->","yoast_head_json":{"title":"HELP: Aizmugur\u0113jais v\u0101ci\u0146\u0161 mont\u0101\u017eai pie durv\u012bm, mat\u0113ts - Micasa","robots":{"index":"index","follow":"follow","max-snippet":"max-snippet:-1","max-image-preview":"max-image-preview:large","max-video-preview":"max-video-preview:-1"},"canonical":"https:\/\/micasa.lv\/lv\/help-aizmugurejais-vacins-montazai-pie-durvim-matets\/","og_locale":"lv_LV","og_type":"article","og_title":"HELP: Aizmugur\u0113jais v\u0101ci\u0146\u0161 mont\u0101\u017eai pie durv\u012bm, mat\u0113ts - Micasa","og_description":"Vannas istabas dizains bez robe\u017e\u0101m un ierobe\u017eojumiem! HELP s\u0113rija sniedz pal\u012bdz\u012bgu roku tiem, kas ilgojas p\u0113c vannas istabas bez \u0161\u0137\u0113r\u0161\u013ciem,","og_url":"https:\/\/micasa.lv\/lv\/help-aizmugurejais-vacins-montazai-pie-durvim-matets\/","og_site_name":"Micasa","article_modified_time":"2025-06-13T07:18:45+00:00","og_image":[{"width":500,"height":500,"url":"https:\/\/micasa.lv\/wp-content\/uploads\/2025\/05\/984bc4b50879d0b7f534652303f1db14_131567175-velky.jpg","type":"image\/jpeg"}],"twitter_card":"summary_large_image","schema":{"@context":"https:\/\/schema.org","@graph":[{"@type":"WebPage","@id":"https:\/\/micasa.lv\/lv\/help-aizmugurejais-vacins-montazai-pie-durvim-matets\/","url":"https:\/\/micasa.lv\/lv\/help-aizmugurejais-vacins-montazai-pie-durvim-matets\/","name":"HELP: Aizmugur\u0113jais v\u0101ci\u0146\u0161 mont\u0101\u017eai pie durv\u012bm, mat\u0113ts - Micasa","isPartOf":{"@id":"https:\/\/micasa.lv\/lv\/#website"},"primaryImageOfPage":{"@id":"https:\/\/micasa.lv\/lv\/help-aizmugurejais-vacins-montazai-pie-durvim-matets\/#primaryimage"},"image":{"@id":"https:\/\/micasa.lv\/lv\/help-aizmugurejais-vacins-montazai-pie-durvim-matets\/#primaryimage"},"thumbnailUrl":"https:\/\/micasa.lv\/wp-content\/uploads\/2025\/05\/984bc4b50879d0b7f534652303f1db14_131567175-velky.jpg","datePublished":"2025-05-12T08:06:25+00:00","dateModified":"2025-06-13T07:18:45+00:00","breadcrumb":{"@id":"https:\/\/micasa.lv\/lv\/help-aizmugurejais-vacins-montazai-pie-durvim-matets\/#breadcrumb"},"inLanguage":"lv-LV","potentialAction":[{"@type":"ReadAction","target":["https:\/\/micasa.lv\/lv\/help-aizmugurejais-vacins-montazai-pie-durvim-matets\/"]}]},{"@type":"ImageObject","inLanguage":"lv-LV","@id":"https:\/\/micasa.lv\/lv\/help-aizmugurejais-vacins-montazai-pie-durvim-matets\/#primaryimage","url":"https:\/\/micasa.lv\/wp-content\/uploads\/2025\/05\/984bc4b50879d0b7f534652303f1db14_131567175-velky.jpg","contentUrl":"https:\/\/micasa.lv\/wp-content\/uploads\/2025\/05\/984bc4b50879d0b7f534652303f1db14_131567175-velky.jpg","width":500,"height":500},{"@type":"BreadcrumbList","@id":"https:\/\/micasa.lv\/lv\/help-aizmugurejais-vacins-montazai-pie-durvim-matets\/#breadcrumb","itemListElement":[{"@type":"ListItem","position":1,"name":"S\u0101kums","item":"https:\/\/micasa.lv\/lv\/micasa\/"},{"@type":"ListItem","position":2,"name":"Shop","item":"https:\/\/micasa.lv\/lv\/shop\/"},{"@type":"ListItem","position":3,"name":"HELP: Aizmugur\u0113jais v\u0101ci\u0146\u0161 mont\u0101\u017eai pie durv\u012bm, mat\u0113ts"}]},{"@type":"WebSite","@id":"https:\/\/micasa.lv\/lv\/#website","url":"https:\/\/micasa.lv\/lv\/","name":"Micasa","description":"","potentialAction":[{"@type":"SearchAction","target":{"@type":"EntryPoint","urlTemplate":"https:\/\/micasa.lv\/lv\/?s={search_term_string}"},"query-input":{"@type":"PropertyValueSpecification","valueRequired":true,"valueName":"search_term_string"}}],"inLanguage":"lv-LV"}]}},"wcpa_form_fields":null,"_links":{"self":[{"href":"https:\/\/micasa.lv\/lv\/wp-json\/wp\/v2\/product\/35726","targetHints":{"allow":["GET"]}}],"collection":[{"href":"https:\/\/micasa.lv\/lv\/wp-json\/wp\/v2\/product"}],"about":[{"href":"https:\/\/micasa.lv\/lv\/wp-json\/wp\/v2\/types\/product"}],"version-history":[{"count":1,"href":"https:\/\/micasa.lv\/lv\/wp-json\/wp\/v2\/product\/35726\/revisions"}],"predecessor-version":[{"id":35756,"href":"https:\/\/micasa.lv\/lv\/wp-json\/wp\/v2\/product\/35726\/revisions\/35756"}],"wp:featuredmedia":[{"embeddable":true,"href":"https:\/\/micasa.lv\/lv\/wp-json\/wp\/v2\/media\/35395"}],"wp:attachment":[{"href":"https:\/\/micasa.lv\/lv\/wp-json\/wp\/v2\/media?parent=35726"}],"wp:term":[{"taxonomy":"product_brand","embeddable":true,"href":"https:\/\/micasa.lv\/lv\/wp-json\/wp\/v2\/product_brand?post=35726"},{"taxonomy":"product_cat","embeddable":true,"href":"https:\/\/micasa.lv\/lv\/wp-json\/wp\/v2\/product_cat?post=35726"},{"taxonomy":"product_tag","embeddable":true,"href":"https:\/\/micasa.lv\/lv\/wp-json\/wp\/v2\/product_tag?post=35726"}],"curies":[{"name":"wp","href":"https:\/\/api.w.org\/{rel}","templated":true}]}}