{"id":35733,"date":"2025-05-12T11:06:26","date_gmt":"2025-05-12T08:06:26","guid":{"rendered":"https:\/\/test.micasa.lv\/?post_type=product&#038;p=35733"},"modified":"2025-06-13T10:18:47","modified_gmt":"2025-06-13T07:18:47","slug":"rezerves-suknis-ziepju-dozatoram-104109010104109100135009040104109230131567486","status":"publish","type":"product","link":"https:\/\/micasa.lv\/lv\/rezerves-suknis-ziepju-dozatoram-104109010104109100135009040104109230131567486\/","title":{"rendered":"Rezerves s\u016bknis ziepju dozatoram 104109010,104109100,135009040,104109230,131567486"},"content":{"rendered":"<p>K\u0101 jau nor\u0101da nosaukums, DARK s\u0113rija ir kr\u0101su spektra tum\u0161\u0101kaj\u0101 da\u013c\u0101. Galvenaj\u0101 lom\u0101 ir meln\u0101 kr\u0101sa. Kombin\u0101cij\u0101 ar lakotu apdari t\u0101 pie\u0161\u0137ir izstr\u0101d\u0101jumiem patiesi m\u016bsdien\u012bgu dizainu un izteiktu dinamiku. Kolekcija pied\u0101v\u0101 da\u017e\u0101dus tur\u0113t\u0101jus un pakaramos, tualetes birstes, ziepju traukus un dozatorus, salve\u0161u dozatorus un kosm\u0113tikas spogul\u012b\u0161us.<\/p>\n","protected":false},"excerpt":{"rendered":"<p>K\u0101 jau nor\u0101da nosaukums, DARK s\u0113rija ir kr\u0101su spektra tum\u0161\u0101kaj\u0101 da\u013c\u0101. Galvenaj\u0101 lom\u0101 ir meln\u0101 kr\u0101sa. Kombin\u0101cij\u0101 ar lakotu apdari<\/p>\n","protected":false},"featured_media":35350,"template":"","meta":[],"product_brand":[],"product_cat":[1891,1528],"product_tag":[],"class_list":{"0":"post-35733","1":"product","2":"type-product","3":"status-publish","4":"has-post-thumbnail","6":"product_cat-rezerves-dalas","7":"product_cat-vannas-istabas-aksesuari","8":"pa_brand-bemeta-lv","10":"first","11":"instock","12":"taxable","13":"shipping-taxable","14":"purchasable","15":"product-type-simple"},"yoast_head":"<!-- This site is optimized with the Yoast SEO plugin v27.4 - https:\/\/yoast.com\/product\/yoast-seo-wordpress\/ -->\n<title>Rezerves s\u016bknis ziepju dozatoram 104109010,104109100,135009040,104109230,131567486 - Micasa<\/title>\n<meta name=\"robots\" content=\"index, follow, max-snippet:-1, max-image-preview:large, max-video-preview:-1\" \/>\n<link rel=\"canonical\" href=\"https:\/\/micasa.lv\/lv\/rezerves-suknis-ziepju-dozatoram-104109010104109100135009040104109230131567486\/\" \/>\n<meta property=\"og:locale\" content=\"lv_LV\" \/>\n<meta property=\"og:type\" content=\"article\" \/>\n<meta property=\"og:title\" content=\"Rezerves s\u016bknis ziepju dozatoram 104109010,104109100,135009040,104109230,131567486 - Micasa\" \/>\n<meta property=\"og:description\" content=\"K\u0101 jau nor\u0101da nosaukums, DARK s\u0113rija ir kr\u0101su spektra tum\u0161\u0101kaj\u0101 da\u013c\u0101. Galvenaj\u0101 lom\u0101 ir meln\u0101 kr\u0101sa. Kombin\u0101cij\u0101 ar lakotu apdari\" \/>\n<meta property=\"og:url\" content=\"https:\/\/micasa.lv\/lv\/rezerves-suknis-ziepju-dozatoram-104109010104109100135009040104109230131567486\/\" \/>\n<meta property=\"og:site_name\" content=\"Micasa\" \/>\n<meta property=\"article:modified_time\" content=\"2025-06-13T07:18:47+00:00\" \/>\n<meta property=\"og:image\" content=\"https:\/\/micasa.lv\/wp-content\/uploads\/2025\/05\/52ec9b03e60a57932391a0acfb9c65ee_131567239-velky.jpg\" \/>\n\t<meta property=\"og:image:width\" content=\"358\" \/>\n\t<meta property=\"og:image:height\" content=\"600\" \/>\n\t<meta property=\"og:image:type\" content=\"image\/jpeg\" \/>\n<meta name=\"twitter:card\" content=\"summary_large_image\" \/>\n<script type=\"application\/ld+json\" class=\"yoast-schema-graph\">{\"@context\":\"https:\\\/\\\/schema.org\",\"@graph\":[{\"@type\":\"WebPage\",\"@id\":\"https:\\\/\\\/micasa.lv\\\/lv\\\/rezerves-suknis-ziepju-dozatoram-104109010104109100135009040104109230131567486\\\/\",\"url\":\"https:\\\/\\\/micasa.lv\\\/lv\\\/rezerves-suknis-ziepju-dozatoram-104109010104109100135009040104109230131567486\\\/\",\"name\":\"Rezerves s\u016bknis ziepju dozatoram 104109010,104109100,135009040,104109230,131567486 - Micasa\",\"isPartOf\":{\"@id\":\"https:\\\/\\\/micasa.lv\\\/lv\\\/#website\"},\"primaryImageOfPage\":{\"@id\":\"https:\\\/\\\/micasa.lv\\\/lv\\\/rezerves-suknis-ziepju-dozatoram-104109010104109100135009040104109230131567486\\\/#primaryimage\"},\"image\":{\"@id\":\"https:\\\/\\\/micasa.lv\\\/lv\\\/rezerves-suknis-ziepju-dozatoram-104109010104109100135009040104109230131567486\\\/#primaryimage\"},\"thumbnailUrl\":\"https:\\\/\\\/micasa.lv\\\/wp-content\\\/uploads\\\/2025\\\/05\\\/52ec9b03e60a57932391a0acfb9c65ee_131567239-velky.jpg\",\"datePublished\":\"2025-05-12T08:06:26+00:00\",\"dateModified\":\"2025-06-13T07:18:47+00:00\",\"breadcrumb\":{\"@id\":\"https:\\\/\\\/micasa.lv\\\/lv\\\/rezerves-suknis-ziepju-dozatoram-104109010104109100135009040104109230131567486\\\/#breadcrumb\"},\"inLanguage\":\"lv-LV\",\"potentialAction\":[{\"@type\":\"ReadAction\",\"target\":[\"https:\\\/\\\/micasa.lv\\\/lv\\\/rezerves-suknis-ziepju-dozatoram-104109010104109100135009040104109230131567486\\\/\"]}]},{\"@type\":\"ImageObject\",\"inLanguage\":\"lv-LV\",\"@id\":\"https:\\\/\\\/micasa.lv\\\/lv\\\/rezerves-suknis-ziepju-dozatoram-104109010104109100135009040104109230131567486\\\/#primaryimage\",\"url\":\"https:\\\/\\\/micasa.lv\\\/wp-content\\\/uploads\\\/2025\\\/05\\\/52ec9b03e60a57932391a0acfb9c65ee_131567239-velky.jpg\",\"contentUrl\":\"https:\\\/\\\/micasa.lv\\\/wp-content\\\/uploads\\\/2025\\\/05\\\/52ec9b03e60a57932391a0acfb9c65ee_131567239-velky.jpg\",\"width\":358,\"height\":600},{\"@type\":\"BreadcrumbList\",\"@id\":\"https:\\\/\\\/micasa.lv\\\/lv\\\/rezerves-suknis-ziepju-dozatoram-104109010104109100135009040104109230131567486\\\/#breadcrumb\",\"itemListElement\":[{\"@type\":\"ListItem\",\"position\":1,\"name\":\"S\u0101kums\",\"item\":\"https:\\\/\\\/micasa.lv\\\/lv\\\/micasa\\\/\"},{\"@type\":\"ListItem\",\"position\":2,\"name\":\"Shop\",\"item\":\"https:\\\/\\\/micasa.lv\\\/lv\\\/shop\\\/\"},{\"@type\":\"ListItem\",\"position\":3,\"name\":\"Rezerves s\u016bknis ziepju dozatoram 104109010,104109100,135009040,104109230,131567486\"}]},{\"@type\":\"WebSite\",\"@id\":\"https:\\\/\\\/micasa.lv\\\/lv\\\/#website\",\"url\":\"https:\\\/\\\/micasa.lv\\\/lv\\\/\",\"name\":\"Micasa\",\"description\":\"\",\"potentialAction\":[{\"@type\":\"SearchAction\",\"target\":{\"@type\":\"EntryPoint\",\"urlTemplate\":\"https:\\\/\\\/micasa.lv\\\/lv\\\/?s={search_term_string}\"},\"query-input\":{\"@type\":\"PropertyValueSpecification\",\"valueRequired\":true,\"valueName\":\"search_term_string\"}}],\"inLanguage\":\"lv-LV\"}]}<\/script>\n<!-- \/ Yoast SEO plugin. -->","yoast_head_json":{"title":"Rezerves s\u016bknis ziepju dozatoram 104109010,104109100,135009040,104109230,131567486 - Micasa","robots":{"index":"index","follow":"follow","max-snippet":"max-snippet:-1","max-image-preview":"max-image-preview:large","max-video-preview":"max-video-preview:-1"},"canonical":"https:\/\/micasa.lv\/lv\/rezerves-suknis-ziepju-dozatoram-104109010104109100135009040104109230131567486\/","og_locale":"lv_LV","og_type":"article","og_title":"Rezerves s\u016bknis ziepju dozatoram 104109010,104109100,135009040,104109230,131567486 - Micasa","og_description":"K\u0101 jau nor\u0101da nosaukums, DARK s\u0113rija ir kr\u0101su spektra tum\u0161\u0101kaj\u0101 da\u013c\u0101. Galvenaj\u0101 lom\u0101 ir meln\u0101 kr\u0101sa. Kombin\u0101cij\u0101 ar lakotu apdari","og_url":"https:\/\/micasa.lv\/lv\/rezerves-suknis-ziepju-dozatoram-104109010104109100135009040104109230131567486\/","og_site_name":"Micasa","article_modified_time":"2025-06-13T07:18:47+00:00","og_image":[{"width":358,"height":600,"url":"https:\/\/micasa.lv\/wp-content\/uploads\/2025\/05\/52ec9b03e60a57932391a0acfb9c65ee_131567239-velky.jpg","type":"image\/jpeg"}],"twitter_card":"summary_large_image","schema":{"@context":"https:\/\/schema.org","@graph":[{"@type":"WebPage","@id":"https:\/\/micasa.lv\/lv\/rezerves-suknis-ziepju-dozatoram-104109010104109100135009040104109230131567486\/","url":"https:\/\/micasa.lv\/lv\/rezerves-suknis-ziepju-dozatoram-104109010104109100135009040104109230131567486\/","name":"Rezerves s\u016bknis ziepju dozatoram 104109010,104109100,135009040,104109230,131567486 - Micasa","isPartOf":{"@id":"https:\/\/micasa.lv\/lv\/#website"},"primaryImageOfPage":{"@id":"https:\/\/micasa.lv\/lv\/rezerves-suknis-ziepju-dozatoram-104109010104109100135009040104109230131567486\/#primaryimage"},"image":{"@id":"https:\/\/micasa.lv\/lv\/rezerves-suknis-ziepju-dozatoram-104109010104109100135009040104109230131567486\/#primaryimage"},"thumbnailUrl":"https:\/\/micasa.lv\/wp-content\/uploads\/2025\/05\/52ec9b03e60a57932391a0acfb9c65ee_131567239-velky.jpg","datePublished":"2025-05-12T08:06:26+00:00","dateModified":"2025-06-13T07:18:47+00:00","breadcrumb":{"@id":"https:\/\/micasa.lv\/lv\/rezerves-suknis-ziepju-dozatoram-104109010104109100135009040104109230131567486\/#breadcrumb"},"inLanguage":"lv-LV","potentialAction":[{"@type":"ReadAction","target":["https:\/\/micasa.lv\/lv\/rezerves-suknis-ziepju-dozatoram-104109010104109100135009040104109230131567486\/"]}]},{"@type":"ImageObject","inLanguage":"lv-LV","@id":"https:\/\/micasa.lv\/lv\/rezerves-suknis-ziepju-dozatoram-104109010104109100135009040104109230131567486\/#primaryimage","url":"https:\/\/micasa.lv\/wp-content\/uploads\/2025\/05\/52ec9b03e60a57932391a0acfb9c65ee_131567239-velky.jpg","contentUrl":"https:\/\/micasa.lv\/wp-content\/uploads\/2025\/05\/52ec9b03e60a57932391a0acfb9c65ee_131567239-velky.jpg","width":358,"height":600},{"@type":"BreadcrumbList","@id":"https:\/\/micasa.lv\/lv\/rezerves-suknis-ziepju-dozatoram-104109010104109100135009040104109230131567486\/#breadcrumb","itemListElement":[{"@type":"ListItem","position":1,"name":"S\u0101kums","item":"https:\/\/micasa.lv\/lv\/micasa\/"},{"@type":"ListItem","position":2,"name":"Shop","item":"https:\/\/micasa.lv\/lv\/shop\/"},{"@type":"ListItem","position":3,"name":"Rezerves s\u016bknis ziepju dozatoram 104109010,104109100,135009040,104109230,131567486"}]},{"@type":"WebSite","@id":"https:\/\/micasa.lv\/lv\/#website","url":"https:\/\/micasa.lv\/lv\/","name":"Micasa","description":"","potentialAction":[{"@type":"SearchAction","target":{"@type":"EntryPoint","urlTemplate":"https:\/\/micasa.lv\/lv\/?s={search_term_string}"},"query-input":{"@type":"PropertyValueSpecification","valueRequired":true,"valueName":"search_term_string"}}],"inLanguage":"lv-LV"}]}},"wcpa_form_fields":null,"_links":{"self":[{"href":"https:\/\/micasa.lv\/lv\/wp-json\/wp\/v2\/product\/35733","targetHints":{"allow":["GET"]}}],"collection":[{"href":"https:\/\/micasa.lv\/lv\/wp-json\/wp\/v2\/product"}],"about":[{"href":"https:\/\/micasa.lv\/lv\/wp-json\/wp\/v2\/types\/product"}],"version-history":[{"count":1,"href":"https:\/\/micasa.lv\/lv\/wp-json\/wp\/v2\/product\/35733\/revisions"}],"predecessor-version":[{"id":35763,"href":"https:\/\/micasa.lv\/lv\/wp-json\/wp\/v2\/product\/35733\/revisions\/35763"}],"wp:featuredmedia":[{"embeddable":true,"href":"https:\/\/micasa.lv\/lv\/wp-json\/wp\/v2\/media\/35350"}],"wp:attachment":[{"href":"https:\/\/micasa.lv\/lv\/wp-json\/wp\/v2\/media?parent=35733"}],"wp:term":[{"taxonomy":"product_brand","embeddable":true,"href":"https:\/\/micasa.lv\/lv\/wp-json\/wp\/v2\/product_brand?post=35733"},{"taxonomy":"product_cat","embeddable":true,"href":"https:\/\/micasa.lv\/lv\/wp-json\/wp\/v2\/product_cat?post=35733"},{"taxonomy":"product_tag","embeddable":true,"href":"https:\/\/micasa.lv\/lv\/wp-json\/wp\/v2\/product_tag?post=35733"}],"curies":[{"name":"wp","href":"https:\/\/api.w.org\/{rel}","templated":true}]}}