{"id":35776,"date":"2025-05-12T11:06:28","date_gmt":"2025-05-12T08:06:28","guid":{"rendered":"https:\/\/test.micasa.lv\/?post_type=product&#038;p=35776"},"modified":"2025-06-13T10:18:52","modified_gmt":"2025-06-13T07:18:52","slug":"neo-stura-stikla-plaukts","status":"publish","type":"product","link":"https:\/\/micasa.lv\/lv\/neo-stura-stikla-plaukts\/","title":{"rendered":"NEO: St\u016bra stikla plaukts"},"content":{"rendered":"<p>Vannas istabas piederumi, kas sl\u0113pjas aiz nosaukuma NEO, ir izgatavoti no ner\u016bs\u0113jo\u0161\u0101 t\u0113rauda. Tas ir materi\u0101ls, kas lieliski iztur \u016bdeni un mitrumu, vienlaikus ar\u012b labi izskat\u0101s. T\u012brs un smalks. Gan sp\u012bd\u012bg\u0101, gan mat\u0113t\u0101 izpild\u012bjum\u0101. Sudraba kr\u0101sa tikai paspilgtina pietic\u012bgo kop\u0113jo dizainu. \u0160aj\u0101 kolekcij\u0101 atrad\u012bsiet atlas\u012btus priek\u0161metus, s\u0101kot no rokturiem un da\u017e\u0101diem pakaramo veidu pakaramajiem l\u012bdz dvie\u013cu plauktiem ar slied\u0113m, k\u0101 ar\u012b piekarin\u0101m\u0101m un br\u012bvi st\u0101vo\u0161\u0101m tualetes birst\u0113m.<\/p>\n","protected":false},"excerpt":{"rendered":"<p>Vannas istabas piederumi, kas sl\u0113pjas aiz nosaukuma NEO, ir izgatavoti no ner\u016bs\u0113jo\u0161\u0101 t\u0113rauda. Tas ir materi\u0101ls, kas lieliski iztur \u016bdeni<\/p>\n","protected":false},"featured_media":35404,"template":"","meta":[],"product_brand":[],"product_cat":[1841,1528],"product_tag":[],"class_list":{"0":"post-35776","1":"product","2":"type-product","3":"status-publish","4":"has-post-thumbnail","6":"product_cat-plaukti","7":"product_cat-vannas-istabas-aksesuari","8":"pa_brand-bemeta-lv","10":"first","11":"instock","12":"taxable","13":"shipping-taxable","14":"purchasable","15":"product-type-simple"},"yoast_head":"<!-- This site is optimized with the Yoast SEO plugin v27.4 - https:\/\/yoast.com\/product\/yoast-seo-wordpress\/ -->\n<title>NEO: St\u016bra stikla plaukts - Micasa<\/title>\n<meta name=\"robots\" content=\"index, follow, max-snippet:-1, max-image-preview:large, max-video-preview:-1\" \/>\n<link rel=\"canonical\" href=\"https:\/\/micasa.lv\/lv\/neo-stura-stikla-plaukts\/\" \/>\n<meta property=\"og:locale\" content=\"lv_LV\" \/>\n<meta property=\"og:type\" content=\"article\" \/>\n<meta property=\"og:title\" content=\"NEO: St\u016bra stikla plaukts - Micasa\" \/>\n<meta property=\"og:description\" content=\"Vannas istabas piederumi, kas sl\u0113pjas aiz nosaukuma NEO, ir izgatavoti no ner\u016bs\u0113jo\u0161\u0101 t\u0113rauda. Tas ir materi\u0101ls, kas lieliski iztur \u016bdeni\" \/>\n<meta property=\"og:url\" content=\"https:\/\/micasa.lv\/lv\/neo-stura-stikla-plaukts\/\" \/>\n<meta property=\"og:site_name\" content=\"Micasa\" \/>\n<meta property=\"article:modified_time\" content=\"2025-06-13T07:18:52+00:00\" \/>\n<meta property=\"og:image\" content=\"https:\/\/micasa.lv\/wp-content\/uploads\/2025\/05\/8987c35bafb487de0858c6d8e5f40c78_104102015-velky.jpg\" \/>\n\t<meta property=\"og:image:width\" content=\"500\" \/>\n\t<meta property=\"og:image:height\" content=\"166\" \/>\n\t<meta property=\"og:image:type\" content=\"image\/jpeg\" \/>\n<meta name=\"twitter:card\" content=\"summary_large_image\" \/>\n<script type=\"application\/ld+json\" class=\"yoast-schema-graph\">{\"@context\":\"https:\\\/\\\/schema.org\",\"@graph\":[{\"@type\":\"WebPage\",\"@id\":\"https:\\\/\\\/micasa.lv\\\/lv\\\/neo-stura-stikla-plaukts\\\/\",\"url\":\"https:\\\/\\\/micasa.lv\\\/lv\\\/neo-stura-stikla-plaukts\\\/\",\"name\":\"NEO: St\u016bra stikla plaukts - Micasa\",\"isPartOf\":{\"@id\":\"https:\\\/\\\/micasa.lv\\\/lv\\\/#website\"},\"primaryImageOfPage\":{\"@id\":\"https:\\\/\\\/micasa.lv\\\/lv\\\/neo-stura-stikla-plaukts\\\/#primaryimage\"},\"image\":{\"@id\":\"https:\\\/\\\/micasa.lv\\\/lv\\\/neo-stura-stikla-plaukts\\\/#primaryimage\"},\"thumbnailUrl\":\"https:\\\/\\\/micasa.lv\\\/wp-content\\\/uploads\\\/2025\\\/05\\\/8987c35bafb487de0858c6d8e5f40c78_104102015-velky.jpg\",\"datePublished\":\"2025-05-12T08:06:28+00:00\",\"dateModified\":\"2025-06-13T07:18:52+00:00\",\"breadcrumb\":{\"@id\":\"https:\\\/\\\/micasa.lv\\\/lv\\\/neo-stura-stikla-plaukts\\\/#breadcrumb\"},\"inLanguage\":\"lv-LV\",\"potentialAction\":[{\"@type\":\"ReadAction\",\"target\":[\"https:\\\/\\\/micasa.lv\\\/lv\\\/neo-stura-stikla-plaukts\\\/\"]}]},{\"@type\":\"ImageObject\",\"inLanguage\":\"lv-LV\",\"@id\":\"https:\\\/\\\/micasa.lv\\\/lv\\\/neo-stura-stikla-plaukts\\\/#primaryimage\",\"url\":\"https:\\\/\\\/micasa.lv\\\/wp-content\\\/uploads\\\/2025\\\/05\\\/8987c35bafb487de0858c6d8e5f40c78_104102015-velky.jpg\",\"contentUrl\":\"https:\\\/\\\/micasa.lv\\\/wp-content\\\/uploads\\\/2025\\\/05\\\/8987c35bafb487de0858c6d8e5f40c78_104102015-velky.jpg\",\"width\":500,\"height\":166},{\"@type\":\"BreadcrumbList\",\"@id\":\"https:\\\/\\\/micasa.lv\\\/lv\\\/neo-stura-stikla-plaukts\\\/#breadcrumb\",\"itemListElement\":[{\"@type\":\"ListItem\",\"position\":1,\"name\":\"S\u0101kums\",\"item\":\"https:\\\/\\\/micasa.lv\\\/lv\\\/micasa\\\/\"},{\"@type\":\"ListItem\",\"position\":2,\"name\":\"Shop\",\"item\":\"https:\\\/\\\/micasa.lv\\\/lv\\\/shop\\\/\"},{\"@type\":\"ListItem\",\"position\":3,\"name\":\"NEO: St\u016bra stikla plaukts\"}]},{\"@type\":\"WebSite\",\"@id\":\"https:\\\/\\\/micasa.lv\\\/lv\\\/#website\",\"url\":\"https:\\\/\\\/micasa.lv\\\/lv\\\/\",\"name\":\"Micasa\",\"description\":\"\",\"potentialAction\":[{\"@type\":\"SearchAction\",\"target\":{\"@type\":\"EntryPoint\",\"urlTemplate\":\"https:\\\/\\\/micasa.lv\\\/lv\\\/?s={search_term_string}\"},\"query-input\":{\"@type\":\"PropertyValueSpecification\",\"valueRequired\":true,\"valueName\":\"search_term_string\"}}],\"inLanguage\":\"lv-LV\"}]}<\/script>\n<!-- \/ Yoast SEO plugin. -->","yoast_head_json":{"title":"NEO: St\u016bra stikla plaukts - Micasa","robots":{"index":"index","follow":"follow","max-snippet":"max-snippet:-1","max-image-preview":"max-image-preview:large","max-video-preview":"max-video-preview:-1"},"canonical":"https:\/\/micasa.lv\/lv\/neo-stura-stikla-plaukts\/","og_locale":"lv_LV","og_type":"article","og_title":"NEO: St\u016bra stikla plaukts - Micasa","og_description":"Vannas istabas piederumi, kas sl\u0113pjas aiz nosaukuma NEO, ir izgatavoti no ner\u016bs\u0113jo\u0161\u0101 t\u0113rauda. Tas ir materi\u0101ls, kas lieliski iztur \u016bdeni","og_url":"https:\/\/micasa.lv\/lv\/neo-stura-stikla-plaukts\/","og_site_name":"Micasa","article_modified_time":"2025-06-13T07:18:52+00:00","og_image":[{"width":500,"height":166,"url":"https:\/\/micasa.lv\/wp-content\/uploads\/2025\/05\/8987c35bafb487de0858c6d8e5f40c78_104102015-velky.jpg","type":"image\/jpeg"}],"twitter_card":"summary_large_image","schema":{"@context":"https:\/\/schema.org","@graph":[{"@type":"WebPage","@id":"https:\/\/micasa.lv\/lv\/neo-stura-stikla-plaukts\/","url":"https:\/\/micasa.lv\/lv\/neo-stura-stikla-plaukts\/","name":"NEO: St\u016bra stikla plaukts - Micasa","isPartOf":{"@id":"https:\/\/micasa.lv\/lv\/#website"},"primaryImageOfPage":{"@id":"https:\/\/micasa.lv\/lv\/neo-stura-stikla-plaukts\/#primaryimage"},"image":{"@id":"https:\/\/micasa.lv\/lv\/neo-stura-stikla-plaukts\/#primaryimage"},"thumbnailUrl":"https:\/\/micasa.lv\/wp-content\/uploads\/2025\/05\/8987c35bafb487de0858c6d8e5f40c78_104102015-velky.jpg","datePublished":"2025-05-12T08:06:28+00:00","dateModified":"2025-06-13T07:18:52+00:00","breadcrumb":{"@id":"https:\/\/micasa.lv\/lv\/neo-stura-stikla-plaukts\/#breadcrumb"},"inLanguage":"lv-LV","potentialAction":[{"@type":"ReadAction","target":["https:\/\/micasa.lv\/lv\/neo-stura-stikla-plaukts\/"]}]},{"@type":"ImageObject","inLanguage":"lv-LV","@id":"https:\/\/micasa.lv\/lv\/neo-stura-stikla-plaukts\/#primaryimage","url":"https:\/\/micasa.lv\/wp-content\/uploads\/2025\/05\/8987c35bafb487de0858c6d8e5f40c78_104102015-velky.jpg","contentUrl":"https:\/\/micasa.lv\/wp-content\/uploads\/2025\/05\/8987c35bafb487de0858c6d8e5f40c78_104102015-velky.jpg","width":500,"height":166},{"@type":"BreadcrumbList","@id":"https:\/\/micasa.lv\/lv\/neo-stura-stikla-plaukts\/#breadcrumb","itemListElement":[{"@type":"ListItem","position":1,"name":"S\u0101kums","item":"https:\/\/micasa.lv\/lv\/micasa\/"},{"@type":"ListItem","position":2,"name":"Shop","item":"https:\/\/micasa.lv\/lv\/shop\/"},{"@type":"ListItem","position":3,"name":"NEO: St\u016bra stikla plaukts"}]},{"@type":"WebSite","@id":"https:\/\/micasa.lv\/lv\/#website","url":"https:\/\/micasa.lv\/lv\/","name":"Micasa","description":"","potentialAction":[{"@type":"SearchAction","target":{"@type":"EntryPoint","urlTemplate":"https:\/\/micasa.lv\/lv\/?s={search_term_string}"},"query-input":{"@type":"PropertyValueSpecification","valueRequired":true,"valueName":"search_term_string"}}],"inLanguage":"lv-LV"}]}},"wcpa_form_fields":null,"_links":{"self":[{"href":"https:\/\/micasa.lv\/lv\/wp-json\/wp\/v2\/product\/35776","targetHints":{"allow":["GET"]}}],"collection":[{"href":"https:\/\/micasa.lv\/lv\/wp-json\/wp\/v2\/product"}],"about":[{"href":"https:\/\/micasa.lv\/lv\/wp-json\/wp\/v2\/types\/product"}],"version-history":[{"count":1,"href":"https:\/\/micasa.lv\/lv\/wp-json\/wp\/v2\/product\/35776\/revisions"}],"predecessor-version":[{"id":35806,"href":"https:\/\/micasa.lv\/lv\/wp-json\/wp\/v2\/product\/35776\/revisions\/35806"}],"wp:featuredmedia":[{"embeddable":true,"href":"https:\/\/micasa.lv\/lv\/wp-json\/wp\/v2\/media\/35404"}],"wp:attachment":[{"href":"https:\/\/micasa.lv\/lv\/wp-json\/wp\/v2\/media?parent=35776"}],"wp:term":[{"taxonomy":"product_brand","embeddable":true,"href":"https:\/\/micasa.lv\/lv\/wp-json\/wp\/v2\/product_brand?post=35776"},{"taxonomy":"product_cat","embeddable":true,"href":"https:\/\/micasa.lv\/lv\/wp-json\/wp\/v2\/product_cat?post=35776"},{"taxonomy":"product_tag","embeddable":true,"href":"https:\/\/micasa.lv\/lv\/wp-json\/wp\/v2\/product_tag?post=35776"}],"curies":[{"name":"wp","href":"https:\/\/api.w.org\/{rel}","templated":true}]}}