{"id":35904,"date":"2025-05-12T11:07:13","date_gmt":"2025-05-12T08:07:13","guid":{"rendered":"https:\/\/test.micasa.lv\/?post_type=product&#038;p=35904"},"modified":"2025-06-13T10:19:15","modified_gmt":"2025-06-13T07:19:15","slug":"omega-ziepju-dozators-200ml","status":"publish","type":"product","link":"https:\/\/micasa.lv\/lv\/omega-ziepju-dozators-200ml\/","title":{"rendered":"OMEGA: Ziepju dozators 200ml"},"content":{"rendered":"<p>M\u016bsu \u010dempions skaitlisk\u0101 izteiksm\u0113. OMEGA ir m\u016bsu liel\u0101k\u0101 kolekcija, kas aptver pla\u0161u izstr\u0101d\u0101jumu kl\u0101stu, s\u0101kot no mini somu pakaramajiem, le\u0146\u0137veida rokturiem un \u0161\u0137idro ziepju dozatoriem ar magn\u0113tisko ziepju trauku l\u012bdz spir\u0101lveida matu f\u0113nu tur\u0113t\u0101jiem un stikla st\u016bra plauktiem. Tos visus raksturo minim\u0101lisma est\u0113tika, kas balst\u012bta uz hroma sp\u012bduma un mat\u0113ta stikla. \u0100tra un vienk\u0101r\u0161a apkope ir tikai v\u0113l viens b\u016btisks pluss.<\/p>\n","protected":false},"excerpt":{"rendered":"<p>M\u016bsu \u010dempions skaitlisk\u0101 izteiksm\u0113. OMEGA ir m\u016bsu liel\u0101k\u0101 kolekcija, kas aptver pla\u0161u izstr\u0101d\u0101jumu kl\u0101stu, s\u0101kot no mini somu pakaramajiem, le\u0146\u0137veida<\/p>\n","protected":false},"featured_media":35374,"template":"","meta":[],"product_brand":[],"product_cat":[1528],"product_tag":[],"class_list":{"0":"post-35904","1":"product","2":"type-product","3":"status-publish","4":"has-post-thumbnail","6":"product_cat-vannas-istabas-aksesuari","7":"pa_brand-bemeta-lv","9":"first","10":"instock","11":"taxable","12":"shipping-taxable","13":"purchasable","14":"product-type-simple"},"yoast_head":"<!-- This site is optimized with the Yoast SEO plugin v27.4 - https:\/\/yoast.com\/product\/yoast-seo-wordpress\/ -->\n<title>OMEGA: Ziepju dozators 200ml - Micasa<\/title>\n<meta name=\"robots\" content=\"index, follow, max-snippet:-1, max-image-preview:large, max-video-preview:-1\" \/>\n<link rel=\"canonical\" href=\"https:\/\/micasa.lv\/lv\/omega-ziepju-dozators-200ml\/\" \/>\n<meta property=\"og:locale\" content=\"lv_LV\" \/>\n<meta property=\"og:type\" content=\"article\" \/>\n<meta property=\"og:title\" content=\"OMEGA: Ziepju dozators 200ml - Micasa\" \/>\n<meta property=\"og:description\" content=\"M\u016bsu \u010dempions skaitlisk\u0101 izteiksm\u0113. OMEGA ir m\u016bsu liel\u0101k\u0101 kolekcija, kas aptver pla\u0161u izstr\u0101d\u0101jumu kl\u0101stu, s\u0101kot no mini somu pakaramajiem, le\u0146\u0137veida\" \/>\n<meta property=\"og:url\" content=\"https:\/\/micasa.lv\/lv\/omega-ziepju-dozators-200ml\/\" \/>\n<meta property=\"og:site_name\" content=\"Micasa\" \/>\n<meta property=\"article:modified_time\" content=\"2025-06-13T07:19:15+00:00\" \/>\n<meta property=\"og:image\" content=\"https:\/\/micasa.lv\/wp-content\/uploads\/2025\/05\/298d8847a07704ee80a8f7b7d7b164a9_104109102-velkyk.jpg\" \/>\n\t<meta property=\"og:image:width\" content=\"370\" \/>\n\t<meta property=\"og:image:height\" content=\"500\" \/>\n\t<meta property=\"og:image:type\" content=\"image\/jpeg\" \/>\n<meta name=\"twitter:card\" content=\"summary_large_image\" \/>\n<script type=\"application\/ld+json\" class=\"yoast-schema-graph\">{\"@context\":\"https:\\\/\\\/schema.org\",\"@graph\":[{\"@type\":\"WebPage\",\"@id\":\"https:\\\/\\\/micasa.lv\\\/lv\\\/omega-ziepju-dozators-200ml\\\/\",\"url\":\"https:\\\/\\\/micasa.lv\\\/lv\\\/omega-ziepju-dozators-200ml\\\/\",\"name\":\"OMEGA: Ziepju dozators 200ml - Micasa\",\"isPartOf\":{\"@id\":\"https:\\\/\\\/micasa.lv\\\/lv\\\/#website\"},\"primaryImageOfPage\":{\"@id\":\"https:\\\/\\\/micasa.lv\\\/lv\\\/omega-ziepju-dozators-200ml\\\/#primaryimage\"},\"image\":{\"@id\":\"https:\\\/\\\/micasa.lv\\\/lv\\\/omega-ziepju-dozators-200ml\\\/#primaryimage\"},\"thumbnailUrl\":\"https:\\\/\\\/micasa.lv\\\/wp-content\\\/uploads\\\/2025\\\/05\\\/298d8847a07704ee80a8f7b7d7b164a9_104109102-velkyk.jpg\",\"datePublished\":\"2025-05-12T08:07:13+00:00\",\"dateModified\":\"2025-06-13T07:19:15+00:00\",\"breadcrumb\":{\"@id\":\"https:\\\/\\\/micasa.lv\\\/lv\\\/omega-ziepju-dozators-200ml\\\/#breadcrumb\"},\"inLanguage\":\"lv-LV\",\"potentialAction\":[{\"@type\":\"ReadAction\",\"target\":[\"https:\\\/\\\/micasa.lv\\\/lv\\\/omega-ziepju-dozators-200ml\\\/\"]}]},{\"@type\":\"ImageObject\",\"inLanguage\":\"lv-LV\",\"@id\":\"https:\\\/\\\/micasa.lv\\\/lv\\\/omega-ziepju-dozators-200ml\\\/#primaryimage\",\"url\":\"https:\\\/\\\/micasa.lv\\\/wp-content\\\/uploads\\\/2025\\\/05\\\/298d8847a07704ee80a8f7b7d7b164a9_104109102-velkyk.jpg\",\"contentUrl\":\"https:\\\/\\\/micasa.lv\\\/wp-content\\\/uploads\\\/2025\\\/05\\\/298d8847a07704ee80a8f7b7d7b164a9_104109102-velkyk.jpg\",\"width\":370,\"height\":500},{\"@type\":\"BreadcrumbList\",\"@id\":\"https:\\\/\\\/micasa.lv\\\/lv\\\/omega-ziepju-dozators-200ml\\\/#breadcrumb\",\"itemListElement\":[{\"@type\":\"ListItem\",\"position\":1,\"name\":\"S\u0101kums\",\"item\":\"https:\\\/\\\/micasa.lv\\\/lv\\\/micasa\\\/\"},{\"@type\":\"ListItem\",\"position\":2,\"name\":\"Shop\",\"item\":\"https:\\\/\\\/micasa.lv\\\/lv\\\/shop\\\/\"},{\"@type\":\"ListItem\",\"position\":3,\"name\":\"OMEGA: Ziepju dozators 200ml\"}]},{\"@type\":\"WebSite\",\"@id\":\"https:\\\/\\\/micasa.lv\\\/lv\\\/#website\",\"url\":\"https:\\\/\\\/micasa.lv\\\/lv\\\/\",\"name\":\"Micasa\",\"description\":\"\",\"potentialAction\":[{\"@type\":\"SearchAction\",\"target\":{\"@type\":\"EntryPoint\",\"urlTemplate\":\"https:\\\/\\\/micasa.lv\\\/lv\\\/?s={search_term_string}\"},\"query-input\":{\"@type\":\"PropertyValueSpecification\",\"valueRequired\":true,\"valueName\":\"search_term_string\"}}],\"inLanguage\":\"lv-LV\"}]}<\/script>\n<!-- \/ Yoast SEO plugin. -->","yoast_head_json":{"title":"OMEGA: Ziepju dozators 200ml - Micasa","robots":{"index":"index","follow":"follow","max-snippet":"max-snippet:-1","max-image-preview":"max-image-preview:large","max-video-preview":"max-video-preview:-1"},"canonical":"https:\/\/micasa.lv\/lv\/omega-ziepju-dozators-200ml\/","og_locale":"lv_LV","og_type":"article","og_title":"OMEGA: Ziepju dozators 200ml - Micasa","og_description":"M\u016bsu \u010dempions skaitlisk\u0101 izteiksm\u0113. OMEGA ir m\u016bsu liel\u0101k\u0101 kolekcija, kas aptver pla\u0161u izstr\u0101d\u0101jumu kl\u0101stu, s\u0101kot no mini somu pakaramajiem, le\u0146\u0137veida","og_url":"https:\/\/micasa.lv\/lv\/omega-ziepju-dozators-200ml\/","og_site_name":"Micasa","article_modified_time":"2025-06-13T07:19:15+00:00","og_image":[{"width":370,"height":500,"url":"https:\/\/micasa.lv\/wp-content\/uploads\/2025\/05\/298d8847a07704ee80a8f7b7d7b164a9_104109102-velkyk.jpg","type":"image\/jpeg"}],"twitter_card":"summary_large_image","schema":{"@context":"https:\/\/schema.org","@graph":[{"@type":"WebPage","@id":"https:\/\/micasa.lv\/lv\/omega-ziepju-dozators-200ml\/","url":"https:\/\/micasa.lv\/lv\/omega-ziepju-dozators-200ml\/","name":"OMEGA: Ziepju dozators 200ml - Micasa","isPartOf":{"@id":"https:\/\/micasa.lv\/lv\/#website"},"primaryImageOfPage":{"@id":"https:\/\/micasa.lv\/lv\/omega-ziepju-dozators-200ml\/#primaryimage"},"image":{"@id":"https:\/\/micasa.lv\/lv\/omega-ziepju-dozators-200ml\/#primaryimage"},"thumbnailUrl":"https:\/\/micasa.lv\/wp-content\/uploads\/2025\/05\/298d8847a07704ee80a8f7b7d7b164a9_104109102-velkyk.jpg","datePublished":"2025-05-12T08:07:13+00:00","dateModified":"2025-06-13T07:19:15+00:00","breadcrumb":{"@id":"https:\/\/micasa.lv\/lv\/omega-ziepju-dozators-200ml\/#breadcrumb"},"inLanguage":"lv-LV","potentialAction":[{"@type":"ReadAction","target":["https:\/\/micasa.lv\/lv\/omega-ziepju-dozators-200ml\/"]}]},{"@type":"ImageObject","inLanguage":"lv-LV","@id":"https:\/\/micasa.lv\/lv\/omega-ziepju-dozators-200ml\/#primaryimage","url":"https:\/\/micasa.lv\/wp-content\/uploads\/2025\/05\/298d8847a07704ee80a8f7b7d7b164a9_104109102-velkyk.jpg","contentUrl":"https:\/\/micasa.lv\/wp-content\/uploads\/2025\/05\/298d8847a07704ee80a8f7b7d7b164a9_104109102-velkyk.jpg","width":370,"height":500},{"@type":"BreadcrumbList","@id":"https:\/\/micasa.lv\/lv\/omega-ziepju-dozators-200ml\/#breadcrumb","itemListElement":[{"@type":"ListItem","position":1,"name":"S\u0101kums","item":"https:\/\/micasa.lv\/lv\/micasa\/"},{"@type":"ListItem","position":2,"name":"Shop","item":"https:\/\/micasa.lv\/lv\/shop\/"},{"@type":"ListItem","position":3,"name":"OMEGA: Ziepju dozators 200ml"}]},{"@type":"WebSite","@id":"https:\/\/micasa.lv\/lv\/#website","url":"https:\/\/micasa.lv\/lv\/","name":"Micasa","description":"","potentialAction":[{"@type":"SearchAction","target":{"@type":"EntryPoint","urlTemplate":"https:\/\/micasa.lv\/lv\/?s={search_term_string}"},"query-input":{"@type":"PropertyValueSpecification","valueRequired":true,"valueName":"search_term_string"}}],"inLanguage":"lv-LV"}]}},"wcpa_form_fields":null,"_links":{"self":[{"href":"https:\/\/micasa.lv\/lv\/wp-json\/wp\/v2\/product\/35904","targetHints":{"allow":["GET"]}}],"collection":[{"href":"https:\/\/micasa.lv\/lv\/wp-json\/wp\/v2\/product"}],"about":[{"href":"https:\/\/micasa.lv\/lv\/wp-json\/wp\/v2\/types\/product"}],"version-history":[{"count":1,"href":"https:\/\/micasa.lv\/lv\/wp-json\/wp\/v2\/product\/35904\/revisions"}],"predecessor-version":[{"id":35934,"href":"https:\/\/micasa.lv\/lv\/wp-json\/wp\/v2\/product\/35904\/revisions\/35934"}],"wp:featuredmedia":[{"embeddable":true,"href":"https:\/\/micasa.lv\/lv\/wp-json\/wp\/v2\/media\/35374"}],"wp:attachment":[{"href":"https:\/\/micasa.lv\/lv\/wp-json\/wp\/v2\/media?parent=35904"}],"wp:term":[{"taxonomy":"product_brand","embeddable":true,"href":"https:\/\/micasa.lv\/lv\/wp-json\/wp\/v2\/product_brand?post=35904"},{"taxonomy":"product_cat","embeddable":true,"href":"https:\/\/micasa.lv\/lv\/wp-json\/wp\/v2\/product_cat?post=35904"},{"taxonomy":"product_tag","embeddable":true,"href":"https:\/\/micasa.lv\/lv\/wp-json\/wp\/v2\/product_tag?post=35904"}],"curies":[{"name":"wp","href":"https:\/\/api.w.org\/{rel}","templated":true}]}}