{"id":36740,"date":"2025-05-12T12:04:54","date_gmt":"2025-05-12T09:04:54","guid":{"rendered":"https:\/\/test.micasa.lv\/?post_type=product&#038;p=36740"},"modified":"2025-06-13T10:20:50","modified_gmt":"2025-06-13T07:20:50","slug":"beta-ziepju-trauks-3","status":"publish","type":"product","link":"https:\/\/micasa.lv\/lv\/beta-ziepju-trauks-3\/","title":{"rendered":"BETA: Ziepju trauks"},"content":{"rendered":"<p>M\u016b\u017e\u012bga est\u0113tika un perfektas formas. Divas galven\u0101s BETA produktu l\u012bnijas at\u0161\u0137ir\u012bbas iez\u012bmes. T\u0101s izstr\u0101d\u0101jumi priec\u0113 visas modern\u0101s vannas istabas, pie\u0161\u0137irot t\u0101m greznuma un harmonijas saj\u016btu. Kolekciju raksturo gai\u0161i to\u0146i, un taj\u0101 liel\u0101koties ir apvienots stikls ar hrom\u0113tu apdari. Konkr\u0113ti izstr\u0101d\u0101jumi ietver da\u017e\u0101da veida pakaramos, plauktus un tur\u0113t\u0101jus, ziepju traukus un dozatorus, tualetes birstes un kosm\u0113tikas spogu\u013cus.<\/p>\n","protected":false},"excerpt":{"rendered":"<p>M\u016b\u017e\u012bga est\u0113tika un perfektas formas. Divas galven\u0101s BETA produktu l\u012bnijas at\u0161\u0137ir\u012bbas iez\u012bmes. T\u0101s izstr\u0101d\u0101jumi priec\u0113 visas modern\u0101s vannas istabas, pie\u0161\u0137irot<\/p>\n","protected":false},"featured_media":36169,"template":"","meta":[],"product_brand":[],"product_cat":[1528],"product_tag":[],"class_list":{"0":"post-36740","1":"product","2":"type-product","3":"status-publish","4":"has-post-thumbnail","6":"product_cat-vannas-istabas-aksesuari","7":"pa_brand-bemeta-lv","9":"first","10":"instock","11":"taxable","12":"shipping-taxable","13":"purchasable","14":"product-type-simple"},"yoast_head":"<!-- This site is optimized with the Yoast SEO plugin v27.4 - https:\/\/yoast.com\/product\/yoast-seo-wordpress\/ -->\n<title>BETA: Ziepju trauks - Micasa<\/title>\n<meta name=\"robots\" content=\"index, follow, max-snippet:-1, max-image-preview:large, max-video-preview:-1\" \/>\n<link rel=\"canonical\" href=\"https:\/\/micasa.lv\/lv\/beta-ziepju-trauks-3\/\" \/>\n<meta property=\"og:locale\" content=\"lv_LV\" \/>\n<meta property=\"og:type\" content=\"article\" \/>\n<meta property=\"og:title\" content=\"BETA: Ziepju trauks - Micasa\" \/>\n<meta property=\"og:description\" content=\"M\u016b\u017e\u012bga est\u0113tika un perfektas formas. Divas galven\u0101s BETA produktu l\u012bnijas at\u0161\u0137ir\u012bbas iez\u012bmes. T\u0101s izstr\u0101d\u0101jumi priec\u0113 visas modern\u0101s vannas istabas, pie\u0161\u0137irot\" \/>\n<meta property=\"og:url\" content=\"https:\/\/micasa.lv\/lv\/beta-ziepju-trauks-3\/\" \/>\n<meta property=\"og:site_name\" content=\"Micasa\" \/>\n<meta property=\"article:modified_time\" content=\"2025-06-13T07:20:50+00:00\" \/>\n<meta property=\"og:image\" content=\"https:\/\/micasa.lv\/wp-content\/uploads\/2025\/05\/3bd0b49da5dacbd98ccc0a40a4afec13_132108162-velky.jpg\" \/>\n\t<meta property=\"og:image:width\" content=\"600\" \/>\n\t<meta property=\"og:image:height\" content=\"417\" \/>\n\t<meta property=\"og:image:type\" content=\"image\/jpeg\" \/>\n<meta name=\"twitter:card\" content=\"summary_large_image\" \/>\n<script type=\"application\/ld+json\" class=\"yoast-schema-graph\">{\"@context\":\"https:\\\/\\\/schema.org\",\"@graph\":[{\"@type\":\"WebPage\",\"@id\":\"https:\\\/\\\/micasa.lv\\\/lv\\\/beta-ziepju-trauks-3\\\/\",\"url\":\"https:\\\/\\\/micasa.lv\\\/lv\\\/beta-ziepju-trauks-3\\\/\",\"name\":\"BETA: Ziepju trauks - Micasa\",\"isPartOf\":{\"@id\":\"https:\\\/\\\/micasa.lv\\\/lv\\\/#website\"},\"primaryImageOfPage\":{\"@id\":\"https:\\\/\\\/micasa.lv\\\/lv\\\/beta-ziepju-trauks-3\\\/#primaryimage\"},\"image\":{\"@id\":\"https:\\\/\\\/micasa.lv\\\/lv\\\/beta-ziepju-trauks-3\\\/#primaryimage\"},\"thumbnailUrl\":\"https:\\\/\\\/micasa.lv\\\/wp-content\\\/uploads\\\/2025\\\/05\\\/3bd0b49da5dacbd98ccc0a40a4afec13_132108162-velky.jpg\",\"datePublished\":\"2025-05-12T09:04:54+00:00\",\"dateModified\":\"2025-06-13T07:20:50+00:00\",\"breadcrumb\":{\"@id\":\"https:\\\/\\\/micasa.lv\\\/lv\\\/beta-ziepju-trauks-3\\\/#breadcrumb\"},\"inLanguage\":\"lv-LV\",\"potentialAction\":[{\"@type\":\"ReadAction\",\"target\":[\"https:\\\/\\\/micasa.lv\\\/lv\\\/beta-ziepju-trauks-3\\\/\"]}]},{\"@type\":\"ImageObject\",\"inLanguage\":\"lv-LV\",\"@id\":\"https:\\\/\\\/micasa.lv\\\/lv\\\/beta-ziepju-trauks-3\\\/#primaryimage\",\"url\":\"https:\\\/\\\/micasa.lv\\\/wp-content\\\/uploads\\\/2025\\\/05\\\/3bd0b49da5dacbd98ccc0a40a4afec13_132108162-velky.jpg\",\"contentUrl\":\"https:\\\/\\\/micasa.lv\\\/wp-content\\\/uploads\\\/2025\\\/05\\\/3bd0b49da5dacbd98ccc0a40a4afec13_132108162-velky.jpg\",\"width\":600,\"height\":417},{\"@type\":\"BreadcrumbList\",\"@id\":\"https:\\\/\\\/micasa.lv\\\/lv\\\/beta-ziepju-trauks-3\\\/#breadcrumb\",\"itemListElement\":[{\"@type\":\"ListItem\",\"position\":1,\"name\":\"S\u0101kums\",\"item\":\"https:\\\/\\\/micasa.lv\\\/lv\\\/micasa\\\/\"},{\"@type\":\"ListItem\",\"position\":2,\"name\":\"Shop\",\"item\":\"https:\\\/\\\/micasa.lv\\\/lv\\\/shop\\\/\"},{\"@type\":\"ListItem\",\"position\":3,\"name\":\"BETA: Ziepju trauks\"}]},{\"@type\":\"WebSite\",\"@id\":\"https:\\\/\\\/micasa.lv\\\/lv\\\/#website\",\"url\":\"https:\\\/\\\/micasa.lv\\\/lv\\\/\",\"name\":\"Micasa\",\"description\":\"\",\"potentialAction\":[{\"@type\":\"SearchAction\",\"target\":{\"@type\":\"EntryPoint\",\"urlTemplate\":\"https:\\\/\\\/micasa.lv\\\/lv\\\/?s={search_term_string}\"},\"query-input\":{\"@type\":\"PropertyValueSpecification\",\"valueRequired\":true,\"valueName\":\"search_term_string\"}}],\"inLanguage\":\"lv-LV\"}]}<\/script>\n<!-- \/ Yoast SEO plugin. -->","yoast_head_json":{"title":"BETA: Ziepju trauks - Micasa","robots":{"index":"index","follow":"follow","max-snippet":"max-snippet:-1","max-image-preview":"max-image-preview:large","max-video-preview":"max-video-preview:-1"},"canonical":"https:\/\/micasa.lv\/lv\/beta-ziepju-trauks-3\/","og_locale":"lv_LV","og_type":"article","og_title":"BETA: Ziepju trauks - Micasa","og_description":"M\u016b\u017e\u012bga est\u0113tika un perfektas formas. Divas galven\u0101s BETA produktu l\u012bnijas at\u0161\u0137ir\u012bbas iez\u012bmes. T\u0101s izstr\u0101d\u0101jumi priec\u0113 visas modern\u0101s vannas istabas, pie\u0161\u0137irot","og_url":"https:\/\/micasa.lv\/lv\/beta-ziepju-trauks-3\/","og_site_name":"Micasa","article_modified_time":"2025-06-13T07:20:50+00:00","og_image":[{"width":600,"height":417,"url":"https:\/\/micasa.lv\/wp-content\/uploads\/2025\/05\/3bd0b49da5dacbd98ccc0a40a4afec13_132108162-velky.jpg","type":"image\/jpeg"}],"twitter_card":"summary_large_image","schema":{"@context":"https:\/\/schema.org","@graph":[{"@type":"WebPage","@id":"https:\/\/micasa.lv\/lv\/beta-ziepju-trauks-3\/","url":"https:\/\/micasa.lv\/lv\/beta-ziepju-trauks-3\/","name":"BETA: Ziepju trauks - Micasa","isPartOf":{"@id":"https:\/\/micasa.lv\/lv\/#website"},"primaryImageOfPage":{"@id":"https:\/\/micasa.lv\/lv\/beta-ziepju-trauks-3\/#primaryimage"},"image":{"@id":"https:\/\/micasa.lv\/lv\/beta-ziepju-trauks-3\/#primaryimage"},"thumbnailUrl":"https:\/\/micasa.lv\/wp-content\/uploads\/2025\/05\/3bd0b49da5dacbd98ccc0a40a4afec13_132108162-velky.jpg","datePublished":"2025-05-12T09:04:54+00:00","dateModified":"2025-06-13T07:20:50+00:00","breadcrumb":{"@id":"https:\/\/micasa.lv\/lv\/beta-ziepju-trauks-3\/#breadcrumb"},"inLanguage":"lv-LV","potentialAction":[{"@type":"ReadAction","target":["https:\/\/micasa.lv\/lv\/beta-ziepju-trauks-3\/"]}]},{"@type":"ImageObject","inLanguage":"lv-LV","@id":"https:\/\/micasa.lv\/lv\/beta-ziepju-trauks-3\/#primaryimage","url":"https:\/\/micasa.lv\/wp-content\/uploads\/2025\/05\/3bd0b49da5dacbd98ccc0a40a4afec13_132108162-velky.jpg","contentUrl":"https:\/\/micasa.lv\/wp-content\/uploads\/2025\/05\/3bd0b49da5dacbd98ccc0a40a4afec13_132108162-velky.jpg","width":600,"height":417},{"@type":"BreadcrumbList","@id":"https:\/\/micasa.lv\/lv\/beta-ziepju-trauks-3\/#breadcrumb","itemListElement":[{"@type":"ListItem","position":1,"name":"S\u0101kums","item":"https:\/\/micasa.lv\/lv\/micasa\/"},{"@type":"ListItem","position":2,"name":"Shop","item":"https:\/\/micasa.lv\/lv\/shop\/"},{"@type":"ListItem","position":3,"name":"BETA: Ziepju trauks"}]},{"@type":"WebSite","@id":"https:\/\/micasa.lv\/lv\/#website","url":"https:\/\/micasa.lv\/lv\/","name":"Micasa","description":"","potentialAction":[{"@type":"SearchAction","target":{"@type":"EntryPoint","urlTemplate":"https:\/\/micasa.lv\/lv\/?s={search_term_string}"},"query-input":{"@type":"PropertyValueSpecification","valueRequired":true,"valueName":"search_term_string"}}],"inLanguage":"lv-LV"}]}},"wcpa_form_fields":null,"_links":{"self":[{"href":"https:\/\/micasa.lv\/lv\/wp-json\/wp\/v2\/product\/36740","targetHints":{"allow":["GET"]}}],"collection":[{"href":"https:\/\/micasa.lv\/lv\/wp-json\/wp\/v2\/product"}],"about":[{"href":"https:\/\/micasa.lv\/lv\/wp-json\/wp\/v2\/types\/product"}],"version-history":[{"count":1,"href":"https:\/\/micasa.lv\/lv\/wp-json\/wp\/v2\/product\/36740\/revisions"}],"predecessor-version":[{"id":36770,"href":"https:\/\/micasa.lv\/lv\/wp-json\/wp\/v2\/product\/36740\/revisions\/36770"}],"wp:featuredmedia":[{"embeddable":true,"href":"https:\/\/micasa.lv\/lv\/wp-json\/wp\/v2\/media\/36169"}],"wp:attachment":[{"href":"https:\/\/micasa.lv\/lv\/wp-json\/wp\/v2\/media?parent=36740"}],"wp:term":[{"taxonomy":"product_brand","embeddable":true,"href":"https:\/\/micasa.lv\/lv\/wp-json\/wp\/v2\/product_brand?post=36740"},{"taxonomy":"product_cat","embeddable":true,"href":"https:\/\/micasa.lv\/lv\/wp-json\/wp\/v2\/product_cat?post=36740"},{"taxonomy":"product_tag","embeddable":true,"href":"https:\/\/micasa.lv\/lv\/wp-json\/wp\/v2\/product_tag?post=36740"}],"curies":[{"name":"wp","href":"https:\/\/api.w.org\/{rel}","templated":true}]}}