{"id":36745,"date":"2025-05-12T12:05:07","date_gmt":"2025-05-12T09:05:07","guid":{"rendered":"https:\/\/test.micasa.lv\/?post_type=product&#038;p=36745"},"modified":"2026-01-05T16:19:38","modified_gmt":"2026-01-05T13:19:38","slug":"omega-virtuves-dvielu-turetajs","status":"publish","type":"product","link":"https:\/\/micasa.lv\/lv\/omega-virtuves-dvielu-turetajs\/","title":{"rendered":"OMEGA: dvie\u013cu tur\u0113t\u0101js"},"content":{"rendered":"<p>M\u016bsu \u010dempions skait\u013cu zi\u0146\u0101. OMEGA ir m\u016bsu liel\u0101k\u0101 kolekcija, kas aptver pla\u0161u priek\u0161metu kl\u0101stu, s\u0101kot no mazo somi\u0146u pakaramajiem, le\u0146\u0137a rokturiem un \u0161\u0137idro ziepju dozatoriem ar magn\u0113tisko ziepju trauku, l\u012bdz spir\u0101lveida matu f\u0113na tur\u0113t\u0101jiem un stikla st\u016bra plauktiem.<br \/>Visus tos at\u0161\u0137ir minim\u0101listiska est\u0113tika, kas balst\u012bta uz hroma sp\u012bdumu un mat\u0113tu stiklu. \u0100tra un vienk\u0101r\u0161a kop\u0161ana ir tikai v\u0113l viens noz\u012bm\u012bgs pluss.   <\/p>\n","protected":false},"excerpt":{"rendered":"<p>M\u016bsu \u010dempions skait\u013cu zi\u0146\u0101. OMEGA ir m\u016bsu liel\u0101k\u0101 kolekcija, kas aptver pla\u0161u priek\u0161metu kl\u0101stu, s\u0101kot no mazo somi\u0146u pakaramajiem, le\u0146\u0137a<\/p>\n","protected":false},"featured_media":36328,"template":"","meta":[],"product_brand":[],"product_cat":[1859,1528],"product_tag":[],"class_list":{"0":"post-36745","1":"product","2":"type-product","3":"status-publish","4":"has-post-thumbnail","6":"product_cat-dvielu-turetaji","7":"product_cat-vannas-istabas-aksesuari","8":"pa_brand-bemeta-lv","10":"first","11":"instock","12":"taxable","13":"shipping-taxable","14":"purchasable","15":"product-type-simple"},"yoast_head":"<!-- This site is optimized with the Yoast SEO plugin v27.4 - https:\/\/yoast.com\/product\/yoast-seo-wordpress\/ -->\n<title>OMEGA: dvie\u013cu tur\u0113t\u0101js - Micasa<\/title>\n<meta name=\"robots\" content=\"index, follow, max-snippet:-1, max-image-preview:large, max-video-preview:-1\" \/>\n<link rel=\"canonical\" href=\"https:\/\/micasa.lv\/lv\/omega-virtuves-dvielu-turetajs\/\" \/>\n<meta property=\"og:locale\" content=\"lv_LV\" \/>\n<meta property=\"og:type\" content=\"article\" \/>\n<meta property=\"og:title\" content=\"OMEGA: dvie\u013cu tur\u0113t\u0101js - Micasa\" \/>\n<meta property=\"og:description\" content=\"M\u016bsu \u010dempions skait\u013cu zi\u0146\u0101. OMEGA ir m\u016bsu liel\u0101k\u0101 kolekcija, kas aptver pla\u0161u priek\u0161metu kl\u0101stu, s\u0101kot no mazo somi\u0146u pakaramajiem, le\u0146\u0137a\" \/>\n<meta property=\"og:url\" content=\"https:\/\/micasa.lv\/lv\/omega-virtuves-dvielu-turetajs\/\" \/>\n<meta property=\"og:site_name\" content=\"Micasa\" \/>\n<meta property=\"article:modified_time\" content=\"2026-01-05T13:19:38+00:00\" \/>\n<meta property=\"og:image\" content=\"https:\/\/micasa.lv\/wp-content\/uploads\/2025\/05\/4567276af0f76e9d058c28230df38f71_146403152-velky.jpg\" \/>\n\t<meta property=\"og:image:width\" content=\"500\" \/>\n\t<meta property=\"og:image:height\" content=\"316\" \/>\n\t<meta property=\"og:image:type\" content=\"image\/jpeg\" \/>\n<meta name=\"twitter:card\" content=\"summary_large_image\" \/>\n<script type=\"application\/ld+json\" class=\"yoast-schema-graph\">{\"@context\":\"https:\\\/\\\/schema.org\",\"@graph\":[{\"@type\":\"WebPage\",\"@id\":\"https:\\\/\\\/micasa.lv\\\/lv\\\/omega-virtuves-dvielu-turetajs\\\/\",\"url\":\"https:\\\/\\\/micasa.lv\\\/lv\\\/omega-virtuves-dvielu-turetajs\\\/\",\"name\":\"OMEGA: dvie\u013cu tur\u0113t\u0101js - Micasa\",\"isPartOf\":{\"@id\":\"https:\\\/\\\/micasa.lv\\\/lv\\\/#website\"},\"primaryImageOfPage\":{\"@id\":\"https:\\\/\\\/micasa.lv\\\/lv\\\/omega-virtuves-dvielu-turetajs\\\/#primaryimage\"},\"image\":{\"@id\":\"https:\\\/\\\/micasa.lv\\\/lv\\\/omega-virtuves-dvielu-turetajs\\\/#primaryimage\"},\"thumbnailUrl\":\"https:\\\/\\\/micasa.lv\\\/wp-content\\\/uploads\\\/2025\\\/05\\\/4567276af0f76e9d058c28230df38f71_146403152-velky.jpg\",\"datePublished\":\"2025-05-12T09:05:07+00:00\",\"dateModified\":\"2026-01-05T13:19:38+00:00\",\"breadcrumb\":{\"@id\":\"https:\\\/\\\/micasa.lv\\\/lv\\\/omega-virtuves-dvielu-turetajs\\\/#breadcrumb\"},\"inLanguage\":\"lv-LV\",\"potentialAction\":[{\"@type\":\"ReadAction\",\"target\":[\"https:\\\/\\\/micasa.lv\\\/lv\\\/omega-virtuves-dvielu-turetajs\\\/\"]}]},{\"@type\":\"ImageObject\",\"inLanguage\":\"lv-LV\",\"@id\":\"https:\\\/\\\/micasa.lv\\\/lv\\\/omega-virtuves-dvielu-turetajs\\\/#primaryimage\",\"url\":\"https:\\\/\\\/micasa.lv\\\/wp-content\\\/uploads\\\/2025\\\/05\\\/4567276af0f76e9d058c28230df38f71_146403152-velky.jpg\",\"contentUrl\":\"https:\\\/\\\/micasa.lv\\\/wp-content\\\/uploads\\\/2025\\\/05\\\/4567276af0f76e9d058c28230df38f71_146403152-velky.jpg\",\"width\":500,\"height\":316},{\"@type\":\"BreadcrumbList\",\"@id\":\"https:\\\/\\\/micasa.lv\\\/lv\\\/omega-virtuves-dvielu-turetajs\\\/#breadcrumb\",\"itemListElement\":[{\"@type\":\"ListItem\",\"position\":1,\"name\":\"S\u0101kums\",\"item\":\"https:\\\/\\\/micasa.lv\\\/lv\\\/micasa\\\/\"},{\"@type\":\"ListItem\",\"position\":2,\"name\":\"Shop\",\"item\":\"https:\\\/\\\/micasa.lv\\\/lv\\\/shop\\\/\"},{\"@type\":\"ListItem\",\"position\":3,\"name\":\"OMEGA: dvie\u013cu tur\u0113t\u0101js\"}]},{\"@type\":\"WebSite\",\"@id\":\"https:\\\/\\\/micasa.lv\\\/lv\\\/#website\",\"url\":\"https:\\\/\\\/micasa.lv\\\/lv\\\/\",\"name\":\"Micasa\",\"description\":\"\",\"potentialAction\":[{\"@type\":\"SearchAction\",\"target\":{\"@type\":\"EntryPoint\",\"urlTemplate\":\"https:\\\/\\\/micasa.lv\\\/lv\\\/?s={search_term_string}\"},\"query-input\":{\"@type\":\"PropertyValueSpecification\",\"valueRequired\":true,\"valueName\":\"search_term_string\"}}],\"inLanguage\":\"lv-LV\"}]}<\/script>\n<!-- \/ Yoast SEO plugin. -->","yoast_head_json":{"title":"OMEGA: dvie\u013cu tur\u0113t\u0101js - Micasa","robots":{"index":"index","follow":"follow","max-snippet":"max-snippet:-1","max-image-preview":"max-image-preview:large","max-video-preview":"max-video-preview:-1"},"canonical":"https:\/\/micasa.lv\/lv\/omega-virtuves-dvielu-turetajs\/","og_locale":"lv_LV","og_type":"article","og_title":"OMEGA: dvie\u013cu tur\u0113t\u0101js - Micasa","og_description":"M\u016bsu \u010dempions skait\u013cu zi\u0146\u0101. OMEGA ir m\u016bsu liel\u0101k\u0101 kolekcija, kas aptver pla\u0161u priek\u0161metu kl\u0101stu, s\u0101kot no mazo somi\u0146u pakaramajiem, le\u0146\u0137a","og_url":"https:\/\/micasa.lv\/lv\/omega-virtuves-dvielu-turetajs\/","og_site_name":"Micasa","article_modified_time":"2026-01-05T13:19:38+00:00","og_image":[{"width":500,"height":316,"url":"https:\/\/micasa.lv\/wp-content\/uploads\/2025\/05\/4567276af0f76e9d058c28230df38f71_146403152-velky.jpg","type":"image\/jpeg"}],"twitter_card":"summary_large_image","schema":{"@context":"https:\/\/schema.org","@graph":[{"@type":"WebPage","@id":"https:\/\/micasa.lv\/lv\/omega-virtuves-dvielu-turetajs\/","url":"https:\/\/micasa.lv\/lv\/omega-virtuves-dvielu-turetajs\/","name":"OMEGA: dvie\u013cu tur\u0113t\u0101js - Micasa","isPartOf":{"@id":"https:\/\/micasa.lv\/lv\/#website"},"primaryImageOfPage":{"@id":"https:\/\/micasa.lv\/lv\/omega-virtuves-dvielu-turetajs\/#primaryimage"},"image":{"@id":"https:\/\/micasa.lv\/lv\/omega-virtuves-dvielu-turetajs\/#primaryimage"},"thumbnailUrl":"https:\/\/micasa.lv\/wp-content\/uploads\/2025\/05\/4567276af0f76e9d058c28230df38f71_146403152-velky.jpg","datePublished":"2025-05-12T09:05:07+00:00","dateModified":"2026-01-05T13:19:38+00:00","breadcrumb":{"@id":"https:\/\/micasa.lv\/lv\/omega-virtuves-dvielu-turetajs\/#breadcrumb"},"inLanguage":"lv-LV","potentialAction":[{"@type":"ReadAction","target":["https:\/\/micasa.lv\/lv\/omega-virtuves-dvielu-turetajs\/"]}]},{"@type":"ImageObject","inLanguage":"lv-LV","@id":"https:\/\/micasa.lv\/lv\/omega-virtuves-dvielu-turetajs\/#primaryimage","url":"https:\/\/micasa.lv\/wp-content\/uploads\/2025\/05\/4567276af0f76e9d058c28230df38f71_146403152-velky.jpg","contentUrl":"https:\/\/micasa.lv\/wp-content\/uploads\/2025\/05\/4567276af0f76e9d058c28230df38f71_146403152-velky.jpg","width":500,"height":316},{"@type":"BreadcrumbList","@id":"https:\/\/micasa.lv\/lv\/omega-virtuves-dvielu-turetajs\/#breadcrumb","itemListElement":[{"@type":"ListItem","position":1,"name":"S\u0101kums","item":"https:\/\/micasa.lv\/lv\/micasa\/"},{"@type":"ListItem","position":2,"name":"Shop","item":"https:\/\/micasa.lv\/lv\/shop\/"},{"@type":"ListItem","position":3,"name":"OMEGA: dvie\u013cu tur\u0113t\u0101js"}]},{"@type":"WebSite","@id":"https:\/\/micasa.lv\/lv\/#website","url":"https:\/\/micasa.lv\/lv\/","name":"Micasa","description":"","potentialAction":[{"@type":"SearchAction","target":{"@type":"EntryPoint","urlTemplate":"https:\/\/micasa.lv\/lv\/?s={search_term_string}"},"query-input":{"@type":"PropertyValueSpecification","valueRequired":true,"valueName":"search_term_string"}}],"inLanguage":"lv-LV"}]}},"wcpa_form_fields":null,"_links":{"self":[{"href":"https:\/\/micasa.lv\/lv\/wp-json\/wp\/v2\/product\/36745","targetHints":{"allow":["GET"]}}],"collection":[{"href":"https:\/\/micasa.lv\/lv\/wp-json\/wp\/v2\/product"}],"about":[{"href":"https:\/\/micasa.lv\/lv\/wp-json\/wp\/v2\/types\/product"}],"version-history":[{"count":2,"href":"https:\/\/micasa.lv\/lv\/wp-json\/wp\/v2\/product\/36745\/revisions"}],"predecessor-version":[{"id":66098,"href":"https:\/\/micasa.lv\/lv\/wp-json\/wp\/v2\/product\/36745\/revisions\/66098"}],"wp:featuredmedia":[{"embeddable":true,"href":"https:\/\/micasa.lv\/lv\/wp-json\/wp\/v2\/media\/36328"}],"wp:attachment":[{"href":"https:\/\/micasa.lv\/lv\/wp-json\/wp\/v2\/media?parent=36745"}],"wp:term":[{"taxonomy":"product_brand","embeddable":true,"href":"https:\/\/micasa.lv\/lv\/wp-json\/wp\/v2\/product_brand?post=36745"},{"taxonomy":"product_cat","embeddable":true,"href":"https:\/\/micasa.lv\/lv\/wp-json\/wp\/v2\/product_cat?post=36745"},{"taxonomy":"product_tag","embeddable":true,"href":"https:\/\/micasa.lv\/lv\/wp-json\/wp\/v2\/product_tag?post=36745"}],"curies":[{"name":"wp","href":"https:\/\/api.w.org\/{rel}","templated":true}]}}