{"id":36754,"date":"2025-05-12T12:05:09","date_gmt":"2025-05-12T09:05:09","guid":{"rendered":"https:\/\/test.micasa.lv\/?post_type=product&#038;p=36754"},"modified":"2025-06-13T10:20:54","modified_gmt":"2025-06-13T07:20:54","slug":"ovals-zobu-birstes-turetajs","status":"publish","type":"product","link":"https:\/\/micasa.lv\/lv\/ovals-zobu-birstes-turetajs\/","title":{"rendered":"OV\u0100LS: Zobu birstes tur\u0113t\u0101js"},"content":{"rendered":"<p>Neesat komandas \u201cSquare\u201d vai \u201cCircle\u201d dal\u012bbnieks? Tad izm\u0113\u0123iniet OVAL. Kolekcija, kas p\u0101rsteidz ar ov\u0101lu rokturu un citu deta\u013cu dizainu. Jo deta\u013c\u0101m ir noz\u012bme. Sudraba tunings un hroma apdare veicina klasisku eleganci, b\u016btiski nepiev\u0113r\u0161ot sev uzman\u012bbu. T\u0101p\u0113c tie harmoniski iederas ikvien\u0101 vannas istab\u0101. Produktu kl\u0101st\u0101 galvenok\u0101rt ir da\u017e\u0101du veidu tur\u0113t\u0101ji un plaukti, ta\u010du \u0161eit atrad\u012bsiet ar\u012b tualetes birstes, ziepju traukus un dozatorus.<\/p>\n","protected":false},"excerpt":{"rendered":"<p>Neesat komandas \u201cSquare\u201d vai \u201cCircle\u201d dal\u012bbnieks? Tad izm\u0113\u0123iniet OVAL. Kolekcija, kas p\u0101rsteidz ar ov\u0101lu rokturu un citu deta\u013cu dizainu. Jo<\/p>\n","protected":false},"featured_media":36226,"template":"","meta":[],"product_brand":[],"product_cat":[1528,1857],"product_tag":[],"class_list":{"0":"post-36754","1":"product","2":"type-product","3":"status-publish","4":"has-post-thumbnail","6":"product_cat-vannas-istabas-aksesuari","7":"product_cat-zobu-birstes-turetaji","8":"pa_brand-bemeta-lv","10":"first","11":"instock","12":"taxable","13":"shipping-taxable","14":"purchasable","15":"product-type-simple"},"yoast_head":"<!-- This site is optimized with the Yoast SEO plugin v27.4 - https:\/\/yoast.com\/product\/yoast-seo-wordpress\/ -->\n<title>OV\u0100LS: Zobu birstes tur\u0113t\u0101js - Micasa<\/title>\n<meta name=\"robots\" content=\"index, follow, max-snippet:-1, max-image-preview:large, max-video-preview:-1\" \/>\n<link rel=\"canonical\" href=\"https:\/\/micasa.lv\/lv\/ovals-zobu-birstes-turetajs\/\" \/>\n<meta property=\"og:locale\" content=\"lv_LV\" \/>\n<meta property=\"og:type\" content=\"article\" \/>\n<meta property=\"og:title\" content=\"OV\u0100LS: Zobu birstes tur\u0113t\u0101js - Micasa\" \/>\n<meta property=\"og:description\" content=\"Neesat komandas \u201cSquare\u201d vai \u201cCircle\u201d dal\u012bbnieks? Tad izm\u0113\u0123iniet OVAL. Kolekcija, kas p\u0101rsteidz ar ov\u0101lu rokturu un citu deta\u013cu dizainu. Jo\" \/>\n<meta property=\"og:url\" content=\"https:\/\/micasa.lv\/lv\/ovals-zobu-birstes-turetajs\/\" \/>\n<meta property=\"og:site_name\" content=\"Micasa\" \/>\n<meta property=\"article:modified_time\" content=\"2025-06-13T07:20:54+00:00\" \/>\n<meta property=\"og:image\" content=\"https:\/\/micasa.lv\/wp-content\/uploads\/2025\/05\/027f0b5e2006e4e790c5df70213c4057_118410011-velky.jpg\" \/>\n\t<meta property=\"og:image:width\" content=\"397\" \/>\n\t<meta property=\"og:image:height\" content=\"500\" \/>\n\t<meta property=\"og:image:type\" content=\"image\/jpeg\" \/>\n<meta name=\"twitter:card\" content=\"summary_large_image\" \/>\n<script type=\"application\/ld+json\" class=\"yoast-schema-graph\">{\"@context\":\"https:\\\/\\\/schema.org\",\"@graph\":[{\"@type\":\"WebPage\",\"@id\":\"https:\\\/\\\/micasa.lv\\\/lv\\\/ovals-zobu-birstes-turetajs\\\/\",\"url\":\"https:\\\/\\\/micasa.lv\\\/lv\\\/ovals-zobu-birstes-turetajs\\\/\",\"name\":\"OV\u0100LS: Zobu birstes tur\u0113t\u0101js - Micasa\",\"isPartOf\":{\"@id\":\"https:\\\/\\\/micasa.lv\\\/lv\\\/#website\"},\"primaryImageOfPage\":{\"@id\":\"https:\\\/\\\/micasa.lv\\\/lv\\\/ovals-zobu-birstes-turetajs\\\/#primaryimage\"},\"image\":{\"@id\":\"https:\\\/\\\/micasa.lv\\\/lv\\\/ovals-zobu-birstes-turetajs\\\/#primaryimage\"},\"thumbnailUrl\":\"https:\\\/\\\/micasa.lv\\\/wp-content\\\/uploads\\\/2025\\\/05\\\/027f0b5e2006e4e790c5df70213c4057_118410011-velky.jpg\",\"datePublished\":\"2025-05-12T09:05:09+00:00\",\"dateModified\":\"2025-06-13T07:20:54+00:00\",\"breadcrumb\":{\"@id\":\"https:\\\/\\\/micasa.lv\\\/lv\\\/ovals-zobu-birstes-turetajs\\\/#breadcrumb\"},\"inLanguage\":\"lv-LV\",\"potentialAction\":[{\"@type\":\"ReadAction\",\"target\":[\"https:\\\/\\\/micasa.lv\\\/lv\\\/ovals-zobu-birstes-turetajs\\\/\"]}]},{\"@type\":\"ImageObject\",\"inLanguage\":\"lv-LV\",\"@id\":\"https:\\\/\\\/micasa.lv\\\/lv\\\/ovals-zobu-birstes-turetajs\\\/#primaryimage\",\"url\":\"https:\\\/\\\/micasa.lv\\\/wp-content\\\/uploads\\\/2025\\\/05\\\/027f0b5e2006e4e790c5df70213c4057_118410011-velky.jpg\",\"contentUrl\":\"https:\\\/\\\/micasa.lv\\\/wp-content\\\/uploads\\\/2025\\\/05\\\/027f0b5e2006e4e790c5df70213c4057_118410011-velky.jpg\",\"width\":397,\"height\":500},{\"@type\":\"BreadcrumbList\",\"@id\":\"https:\\\/\\\/micasa.lv\\\/lv\\\/ovals-zobu-birstes-turetajs\\\/#breadcrumb\",\"itemListElement\":[{\"@type\":\"ListItem\",\"position\":1,\"name\":\"S\u0101kums\",\"item\":\"https:\\\/\\\/micasa.lv\\\/lv\\\/micasa\\\/\"},{\"@type\":\"ListItem\",\"position\":2,\"name\":\"Shop\",\"item\":\"https:\\\/\\\/micasa.lv\\\/lv\\\/shop\\\/\"},{\"@type\":\"ListItem\",\"position\":3,\"name\":\"OV\u0100LS: Zobu birstes tur\u0113t\u0101js\"}]},{\"@type\":\"WebSite\",\"@id\":\"https:\\\/\\\/micasa.lv\\\/lv\\\/#website\",\"url\":\"https:\\\/\\\/micasa.lv\\\/lv\\\/\",\"name\":\"Micasa\",\"description\":\"\",\"potentialAction\":[{\"@type\":\"SearchAction\",\"target\":{\"@type\":\"EntryPoint\",\"urlTemplate\":\"https:\\\/\\\/micasa.lv\\\/lv\\\/?s={search_term_string}\"},\"query-input\":{\"@type\":\"PropertyValueSpecification\",\"valueRequired\":true,\"valueName\":\"search_term_string\"}}],\"inLanguage\":\"lv-LV\"}]}<\/script>\n<!-- \/ Yoast SEO plugin. -->","yoast_head_json":{"title":"OV\u0100LS: Zobu birstes tur\u0113t\u0101js - Micasa","robots":{"index":"index","follow":"follow","max-snippet":"max-snippet:-1","max-image-preview":"max-image-preview:large","max-video-preview":"max-video-preview:-1"},"canonical":"https:\/\/micasa.lv\/lv\/ovals-zobu-birstes-turetajs\/","og_locale":"lv_LV","og_type":"article","og_title":"OV\u0100LS: Zobu birstes tur\u0113t\u0101js - Micasa","og_description":"Neesat komandas \u201cSquare\u201d vai \u201cCircle\u201d dal\u012bbnieks? Tad izm\u0113\u0123iniet OVAL. Kolekcija, kas p\u0101rsteidz ar ov\u0101lu rokturu un citu deta\u013cu dizainu. Jo","og_url":"https:\/\/micasa.lv\/lv\/ovals-zobu-birstes-turetajs\/","og_site_name":"Micasa","article_modified_time":"2025-06-13T07:20:54+00:00","og_image":[{"width":397,"height":500,"url":"https:\/\/micasa.lv\/wp-content\/uploads\/2025\/05\/027f0b5e2006e4e790c5df70213c4057_118410011-velky.jpg","type":"image\/jpeg"}],"twitter_card":"summary_large_image","schema":{"@context":"https:\/\/schema.org","@graph":[{"@type":"WebPage","@id":"https:\/\/micasa.lv\/lv\/ovals-zobu-birstes-turetajs\/","url":"https:\/\/micasa.lv\/lv\/ovals-zobu-birstes-turetajs\/","name":"OV\u0100LS: Zobu birstes tur\u0113t\u0101js - Micasa","isPartOf":{"@id":"https:\/\/micasa.lv\/lv\/#website"},"primaryImageOfPage":{"@id":"https:\/\/micasa.lv\/lv\/ovals-zobu-birstes-turetajs\/#primaryimage"},"image":{"@id":"https:\/\/micasa.lv\/lv\/ovals-zobu-birstes-turetajs\/#primaryimage"},"thumbnailUrl":"https:\/\/micasa.lv\/wp-content\/uploads\/2025\/05\/027f0b5e2006e4e790c5df70213c4057_118410011-velky.jpg","datePublished":"2025-05-12T09:05:09+00:00","dateModified":"2025-06-13T07:20:54+00:00","breadcrumb":{"@id":"https:\/\/micasa.lv\/lv\/ovals-zobu-birstes-turetajs\/#breadcrumb"},"inLanguage":"lv-LV","potentialAction":[{"@type":"ReadAction","target":["https:\/\/micasa.lv\/lv\/ovals-zobu-birstes-turetajs\/"]}]},{"@type":"ImageObject","inLanguage":"lv-LV","@id":"https:\/\/micasa.lv\/lv\/ovals-zobu-birstes-turetajs\/#primaryimage","url":"https:\/\/micasa.lv\/wp-content\/uploads\/2025\/05\/027f0b5e2006e4e790c5df70213c4057_118410011-velky.jpg","contentUrl":"https:\/\/micasa.lv\/wp-content\/uploads\/2025\/05\/027f0b5e2006e4e790c5df70213c4057_118410011-velky.jpg","width":397,"height":500},{"@type":"BreadcrumbList","@id":"https:\/\/micasa.lv\/lv\/ovals-zobu-birstes-turetajs\/#breadcrumb","itemListElement":[{"@type":"ListItem","position":1,"name":"S\u0101kums","item":"https:\/\/micasa.lv\/lv\/micasa\/"},{"@type":"ListItem","position":2,"name":"Shop","item":"https:\/\/micasa.lv\/lv\/shop\/"},{"@type":"ListItem","position":3,"name":"OV\u0100LS: Zobu birstes tur\u0113t\u0101js"}]},{"@type":"WebSite","@id":"https:\/\/micasa.lv\/lv\/#website","url":"https:\/\/micasa.lv\/lv\/","name":"Micasa","description":"","potentialAction":[{"@type":"SearchAction","target":{"@type":"EntryPoint","urlTemplate":"https:\/\/micasa.lv\/lv\/?s={search_term_string}"},"query-input":{"@type":"PropertyValueSpecification","valueRequired":true,"valueName":"search_term_string"}}],"inLanguage":"lv-LV"}]}},"wcpa_form_fields":null,"_links":{"self":[{"href":"https:\/\/micasa.lv\/lv\/wp-json\/wp\/v2\/product\/36754","targetHints":{"allow":["GET"]}}],"collection":[{"href":"https:\/\/micasa.lv\/lv\/wp-json\/wp\/v2\/product"}],"about":[{"href":"https:\/\/micasa.lv\/lv\/wp-json\/wp\/v2\/types\/product"}],"version-history":[{"count":1,"href":"https:\/\/micasa.lv\/lv\/wp-json\/wp\/v2\/product\/36754\/revisions"}],"predecessor-version":[{"id":36784,"href":"https:\/\/micasa.lv\/lv\/wp-json\/wp\/v2\/product\/36754\/revisions\/36784"}],"wp:featuredmedia":[{"embeddable":true,"href":"https:\/\/micasa.lv\/lv\/wp-json\/wp\/v2\/media\/36226"}],"wp:attachment":[{"href":"https:\/\/micasa.lv\/lv\/wp-json\/wp\/v2\/media?parent=36754"}],"wp:term":[{"taxonomy":"product_brand","embeddable":true,"href":"https:\/\/micasa.lv\/lv\/wp-json\/wp\/v2\/product_brand?post=36754"},{"taxonomy":"product_cat","embeddable":true,"href":"https:\/\/micasa.lv\/lv\/wp-json\/wp\/v2\/product_cat?post=36754"},{"taxonomy":"product_tag","embeddable":true,"href":"https:\/\/micasa.lv\/lv\/wp-json\/wp\/v2\/product_tag?post=36754"}],"curies":[{"name":"wp","href":"https:\/\/api.w.org\/{rel}","templated":true}]}}