{"id":36799,"date":"2025-05-12T12:05:12","date_gmt":"2025-05-12T09:05:12","guid":{"rendered":"https:\/\/test.micasa.lv\/?post_type=product&#038;p=36799"},"modified":"2025-06-13T10:21:00","modified_gmt":"2025-06-13T07:21:00","slug":"plaza-brivi-stavoss-piekarinams-tualetes-birstes-turetajs","status":"publish","type":"product","link":"https:\/\/micasa.lv\/lv\/plaza-brivi-stavoss-piekarinams-tualetes-birstes-turetajs\/","title":{"rendered":"PLAZA: Br\u012bvi st\u0101vo\u0161s\/piekarin\u0101ms tualetes birstes tur\u0113t\u0101js"},"content":{"rendered":"<p>Aksesu\u0101ri tikai pras\u012bgiem klientiem. Luksus ir tikai viens! Un patiesi pras\u012bgi cilv\u0113ki izv\u0113las PLAZA vannas istabas piederumus, kas ietver m\u016bsu lab\u0101kos produktus. Eleganta dizaina tur\u0113t\u0101ji pieska\u0146o katru luksusa vannas istabu. PLAZA izstr\u0101d\u0101jumu kl\u0101sts ir izgatavots no hrom\u0113ta misi\u0146a un ir iztur\u012bgs pret skr\u0101p\u0113jumiem. Mazg\u0101jas \u0101tri un viegli. Hroma p\u0101rkl\u0101jums nodro\u0161ina sp\u012bdumu. Da\u017ei PLAZA izstr\u0101d\u0101jumi ir br\u012bvi st\u0101vo\u0161i, bet liel\u0101kajai da\u013cai ir taisnst\u016bra formas tur\u0113t\u0101js. P\u0113c tam v\u0101ks ir vienk\u0101r\u0161i piestiprin\u0101ms pie sienas \u0160\u012b mont\u0101\u017eas sist\u0113ma ir \u013coti praktiska un \u0113rta, jo stiprin\u0101jums nekur nav redzams.<\/p>\n","protected":false},"excerpt":{"rendered":"<p>Aksesu\u0101ri tikai pras\u012bgiem klientiem. Luksus ir tikai viens! Un patiesi pras\u012bgi cilv\u0113ki izv\u0113las PLAZA vannas istabas piederumus, kas ietver m\u016bsu<\/p>\n","protected":false},"featured_media":36157,"template":"","meta":[],"product_brand":[],"product_cat":[1853,1528],"product_tag":[],"class_list":{"0":"post-36799","1":"product","2":"type-product","3":"status-publish","4":"has-post-thumbnail","6":"product_cat-tualetes-birstes","7":"product_cat-vannas-istabas-aksesuari","8":"pa_brand-bemeta-lv","10":"first","11":"instock","12":"taxable","13":"shipping-taxable","14":"purchasable","15":"product-type-simple"},"yoast_head":"<!-- This site is optimized with the Yoast SEO plugin v27.4 - https:\/\/yoast.com\/product\/yoast-seo-wordpress\/ -->\n<title>PLAZA: Br\u012bvi st\u0101vo\u0161s\/piekarin\u0101ms tualetes birstes tur\u0113t\u0101js - Micasa<\/title>\n<meta name=\"robots\" content=\"index, follow, max-snippet:-1, max-image-preview:large, max-video-preview:-1\" \/>\n<link rel=\"canonical\" href=\"https:\/\/micasa.lv\/lv\/plaza-brivi-stavoss-piekarinams-tualetes-birstes-turetajs\/\" \/>\n<meta property=\"og:locale\" content=\"lv_LV\" \/>\n<meta property=\"og:type\" content=\"article\" \/>\n<meta property=\"og:title\" content=\"PLAZA: Br\u012bvi st\u0101vo\u0161s\/piekarin\u0101ms tualetes birstes tur\u0113t\u0101js - Micasa\" \/>\n<meta property=\"og:description\" content=\"Aksesu\u0101ri tikai pras\u012bgiem klientiem. Luksus ir tikai viens! Un patiesi pras\u012bgi cilv\u0113ki izv\u0113las PLAZA vannas istabas piederumus, kas ietver m\u016bsu\" \/>\n<meta property=\"og:url\" content=\"https:\/\/micasa.lv\/lv\/plaza-brivi-stavoss-piekarinams-tualetes-birstes-turetajs\/\" \/>\n<meta property=\"og:site_name\" content=\"Micasa\" \/>\n<meta property=\"article:modified_time\" content=\"2025-06-13T07:21:00+00:00\" \/>\n<meta property=\"og:image\" content=\"https:\/\/micasa.lv\/wp-content\/uploads\/2025\/05\/1ff1662f33651cdd71b9fdaee2df91d6_118113092-velky.jpg\" \/>\n\t<meta property=\"og:image:width\" content=\"133\" \/>\n\t<meta property=\"og:image:height\" content=\"500\" \/>\n\t<meta property=\"og:image:type\" content=\"image\/jpeg\" \/>\n<meta name=\"twitter:card\" content=\"summary_large_image\" \/>\n<meta name=\"twitter:label1\" content=\"Est. reading time\" \/>\n\t<meta name=\"twitter:data1\" content=\"1 minute\" \/>\n<script type=\"application\/ld+json\" class=\"yoast-schema-graph\">{\"@context\":\"https:\\\/\\\/schema.org\",\"@graph\":[{\"@type\":\"WebPage\",\"@id\":\"https:\\\/\\\/micasa.lv\\\/lv\\\/plaza-brivi-stavoss-piekarinams-tualetes-birstes-turetajs\\\/\",\"url\":\"https:\\\/\\\/micasa.lv\\\/lv\\\/plaza-brivi-stavoss-piekarinams-tualetes-birstes-turetajs\\\/\",\"name\":\"PLAZA: Br\u012bvi st\u0101vo\u0161s\\\/piekarin\u0101ms tualetes birstes tur\u0113t\u0101js - Micasa\",\"isPartOf\":{\"@id\":\"https:\\\/\\\/micasa.lv\\\/lv\\\/#website\"},\"primaryImageOfPage\":{\"@id\":\"https:\\\/\\\/micasa.lv\\\/lv\\\/plaza-brivi-stavoss-piekarinams-tualetes-birstes-turetajs\\\/#primaryimage\"},\"image\":{\"@id\":\"https:\\\/\\\/micasa.lv\\\/lv\\\/plaza-brivi-stavoss-piekarinams-tualetes-birstes-turetajs\\\/#primaryimage\"},\"thumbnailUrl\":\"https:\\\/\\\/micasa.lv\\\/wp-content\\\/uploads\\\/2025\\\/05\\\/1ff1662f33651cdd71b9fdaee2df91d6_118113092-velky.jpg\",\"datePublished\":\"2025-05-12T09:05:12+00:00\",\"dateModified\":\"2025-06-13T07:21:00+00:00\",\"breadcrumb\":{\"@id\":\"https:\\\/\\\/micasa.lv\\\/lv\\\/plaza-brivi-stavoss-piekarinams-tualetes-birstes-turetajs\\\/#breadcrumb\"},\"inLanguage\":\"lv-LV\",\"potentialAction\":[{\"@type\":\"ReadAction\",\"target\":[\"https:\\\/\\\/micasa.lv\\\/lv\\\/plaza-brivi-stavoss-piekarinams-tualetes-birstes-turetajs\\\/\"]}]},{\"@type\":\"ImageObject\",\"inLanguage\":\"lv-LV\",\"@id\":\"https:\\\/\\\/micasa.lv\\\/lv\\\/plaza-brivi-stavoss-piekarinams-tualetes-birstes-turetajs\\\/#primaryimage\",\"url\":\"https:\\\/\\\/micasa.lv\\\/wp-content\\\/uploads\\\/2025\\\/05\\\/1ff1662f33651cdd71b9fdaee2df91d6_118113092-velky.jpg\",\"contentUrl\":\"https:\\\/\\\/micasa.lv\\\/wp-content\\\/uploads\\\/2025\\\/05\\\/1ff1662f33651cdd71b9fdaee2df91d6_118113092-velky.jpg\",\"width\":133,\"height\":500},{\"@type\":\"BreadcrumbList\",\"@id\":\"https:\\\/\\\/micasa.lv\\\/lv\\\/plaza-brivi-stavoss-piekarinams-tualetes-birstes-turetajs\\\/#breadcrumb\",\"itemListElement\":[{\"@type\":\"ListItem\",\"position\":1,\"name\":\"S\u0101kums\",\"item\":\"https:\\\/\\\/micasa.lv\\\/lv\\\/micasa\\\/\"},{\"@type\":\"ListItem\",\"position\":2,\"name\":\"Shop\",\"item\":\"https:\\\/\\\/micasa.lv\\\/lv\\\/shop\\\/\"},{\"@type\":\"ListItem\",\"position\":3,\"name\":\"PLAZA: Br\u012bvi st\u0101vo\u0161s\\\/piekarin\u0101ms tualetes birstes tur\u0113t\u0101js\"}]},{\"@type\":\"WebSite\",\"@id\":\"https:\\\/\\\/micasa.lv\\\/lv\\\/#website\",\"url\":\"https:\\\/\\\/micasa.lv\\\/lv\\\/\",\"name\":\"Micasa\",\"description\":\"\",\"potentialAction\":[{\"@type\":\"SearchAction\",\"target\":{\"@type\":\"EntryPoint\",\"urlTemplate\":\"https:\\\/\\\/micasa.lv\\\/lv\\\/?s={search_term_string}\"},\"query-input\":{\"@type\":\"PropertyValueSpecification\",\"valueRequired\":true,\"valueName\":\"search_term_string\"}}],\"inLanguage\":\"lv-LV\"}]}<\/script>\n<!-- \/ Yoast SEO plugin. -->","yoast_head_json":{"title":"PLAZA: Br\u012bvi st\u0101vo\u0161s\/piekarin\u0101ms tualetes birstes tur\u0113t\u0101js - Micasa","robots":{"index":"index","follow":"follow","max-snippet":"max-snippet:-1","max-image-preview":"max-image-preview:large","max-video-preview":"max-video-preview:-1"},"canonical":"https:\/\/micasa.lv\/lv\/plaza-brivi-stavoss-piekarinams-tualetes-birstes-turetajs\/","og_locale":"lv_LV","og_type":"article","og_title":"PLAZA: Br\u012bvi st\u0101vo\u0161s\/piekarin\u0101ms tualetes birstes tur\u0113t\u0101js - Micasa","og_description":"Aksesu\u0101ri tikai pras\u012bgiem klientiem. Luksus ir tikai viens! Un patiesi pras\u012bgi cilv\u0113ki izv\u0113las PLAZA vannas istabas piederumus, kas ietver m\u016bsu","og_url":"https:\/\/micasa.lv\/lv\/plaza-brivi-stavoss-piekarinams-tualetes-birstes-turetajs\/","og_site_name":"Micasa","article_modified_time":"2025-06-13T07:21:00+00:00","og_image":[{"width":133,"height":500,"url":"https:\/\/micasa.lv\/wp-content\/uploads\/2025\/05\/1ff1662f33651cdd71b9fdaee2df91d6_118113092-velky.jpg","type":"image\/jpeg"}],"twitter_card":"summary_large_image","twitter_misc":{"Est. reading time":"1 minute"},"schema":{"@context":"https:\/\/schema.org","@graph":[{"@type":"WebPage","@id":"https:\/\/micasa.lv\/lv\/plaza-brivi-stavoss-piekarinams-tualetes-birstes-turetajs\/","url":"https:\/\/micasa.lv\/lv\/plaza-brivi-stavoss-piekarinams-tualetes-birstes-turetajs\/","name":"PLAZA: Br\u012bvi st\u0101vo\u0161s\/piekarin\u0101ms tualetes birstes tur\u0113t\u0101js - Micasa","isPartOf":{"@id":"https:\/\/micasa.lv\/lv\/#website"},"primaryImageOfPage":{"@id":"https:\/\/micasa.lv\/lv\/plaza-brivi-stavoss-piekarinams-tualetes-birstes-turetajs\/#primaryimage"},"image":{"@id":"https:\/\/micasa.lv\/lv\/plaza-brivi-stavoss-piekarinams-tualetes-birstes-turetajs\/#primaryimage"},"thumbnailUrl":"https:\/\/micasa.lv\/wp-content\/uploads\/2025\/05\/1ff1662f33651cdd71b9fdaee2df91d6_118113092-velky.jpg","datePublished":"2025-05-12T09:05:12+00:00","dateModified":"2025-06-13T07:21:00+00:00","breadcrumb":{"@id":"https:\/\/micasa.lv\/lv\/plaza-brivi-stavoss-piekarinams-tualetes-birstes-turetajs\/#breadcrumb"},"inLanguage":"lv-LV","potentialAction":[{"@type":"ReadAction","target":["https:\/\/micasa.lv\/lv\/plaza-brivi-stavoss-piekarinams-tualetes-birstes-turetajs\/"]}]},{"@type":"ImageObject","inLanguage":"lv-LV","@id":"https:\/\/micasa.lv\/lv\/plaza-brivi-stavoss-piekarinams-tualetes-birstes-turetajs\/#primaryimage","url":"https:\/\/micasa.lv\/wp-content\/uploads\/2025\/05\/1ff1662f33651cdd71b9fdaee2df91d6_118113092-velky.jpg","contentUrl":"https:\/\/micasa.lv\/wp-content\/uploads\/2025\/05\/1ff1662f33651cdd71b9fdaee2df91d6_118113092-velky.jpg","width":133,"height":500},{"@type":"BreadcrumbList","@id":"https:\/\/micasa.lv\/lv\/plaza-brivi-stavoss-piekarinams-tualetes-birstes-turetajs\/#breadcrumb","itemListElement":[{"@type":"ListItem","position":1,"name":"S\u0101kums","item":"https:\/\/micasa.lv\/lv\/micasa\/"},{"@type":"ListItem","position":2,"name":"Shop","item":"https:\/\/micasa.lv\/lv\/shop\/"},{"@type":"ListItem","position":3,"name":"PLAZA: Br\u012bvi st\u0101vo\u0161s\/piekarin\u0101ms tualetes birstes tur\u0113t\u0101js"}]},{"@type":"WebSite","@id":"https:\/\/micasa.lv\/lv\/#website","url":"https:\/\/micasa.lv\/lv\/","name":"Micasa","description":"","potentialAction":[{"@type":"SearchAction","target":{"@type":"EntryPoint","urlTemplate":"https:\/\/micasa.lv\/lv\/?s={search_term_string}"},"query-input":{"@type":"PropertyValueSpecification","valueRequired":true,"valueName":"search_term_string"}}],"inLanguage":"lv-LV"}]}},"wcpa_form_fields":null,"_links":{"self":[{"href":"https:\/\/micasa.lv\/lv\/wp-json\/wp\/v2\/product\/36799","targetHints":{"allow":["GET"]}}],"collection":[{"href":"https:\/\/micasa.lv\/lv\/wp-json\/wp\/v2\/product"}],"about":[{"href":"https:\/\/micasa.lv\/lv\/wp-json\/wp\/v2\/types\/product"}],"version-history":[{"count":1,"href":"https:\/\/micasa.lv\/lv\/wp-json\/wp\/v2\/product\/36799\/revisions"}],"predecessor-version":[{"id":36829,"href":"https:\/\/micasa.lv\/lv\/wp-json\/wp\/v2\/product\/36799\/revisions\/36829"}],"wp:featuredmedia":[{"embeddable":true,"href":"https:\/\/micasa.lv\/lv\/wp-json\/wp\/v2\/media\/36157"}],"wp:attachment":[{"href":"https:\/\/micasa.lv\/lv\/wp-json\/wp\/v2\/media?parent=36799"}],"wp:term":[{"taxonomy":"product_brand","embeddable":true,"href":"https:\/\/micasa.lv\/lv\/wp-json\/wp\/v2\/product_brand?post=36799"},{"taxonomy":"product_cat","embeddable":true,"href":"https:\/\/micasa.lv\/lv\/wp-json\/wp\/v2\/product_cat?post=36799"},{"taxonomy":"product_tag","embeddable":true,"href":"https:\/\/micasa.lv\/lv\/wp-json\/wp\/v2\/product_tag?post=36799"}],"curies":[{"name":"wp","href":"https:\/\/api.w.org\/{rel}","templated":true}]}}