{"id":36810,"date":"2025-05-12T12:05:26","date_gmt":"2025-05-12T09:05:26","guid":{"rendered":"https:\/\/test.micasa.lv\/?post_type=product&#038;p=36810"},"modified":"2025-06-13T10:21:04","modified_gmt":"2025-06-13T07:21:04","slug":"rawell-radiatora-vienvietigais-halata-akis-balts","status":"publish","type":"product","link":"https:\/\/micasa.lv\/lv\/rawell-radiatora-vienvietigais-halata-akis-balts\/","title":{"rendered":"RAWELL: Radiatora vienviet\u012bgais hal\u0101ta \u0101\u0137is, balts"},"content":{"rendered":"<p>RAWELL ir iedvesmojies no v\u0101rda \u201cizsmalcin\u0101t\u012bba\u201d. Kolekcij\u0101 ir ar\u012b dvie\u013cu tur\u0113t\u0101ji, kurus var novietot tie\u0161i uz vannas istabas radiatora. Tos var piestiprin\u0101t, izmantojot pievelkamus \u0101\u0137us, vai vienk\u0101r\u0161i piestiprin\u0101t pie radiatora. Tie ar\u012b ietaupa vietu, t\u0101p\u0113c maz\u0101s vannasistabas var priec\u0101ties. Papildus to augstajai efektivit\u0101tei tie izce\u013cas ar prec\u012bzu apstr\u0101di. Izv\u0113lieties misi\u0146a un hroma kombin\u0101ciju vai variantu ar baltu dekoru.<\/p>\n","protected":false},"excerpt":{"rendered":"<p>RAWELL ir iedvesmojies no v\u0101rda \u201cizsmalcin\u0101t\u012bba\u201d. Kolekcij\u0101 ir ar\u012b dvie\u013cu tur\u0113t\u0101ji, kurus var novietot tie\u0161i uz vannas istabas radiatora. Tos<\/p>\n","protected":false},"featured_media":36391,"template":"","meta":[],"product_brand":[],"product_cat":[1835,1528],"product_tag":[],"class_list":{"0":"post-36810","1":"product","2":"type-product","3":"status-publish","4":"has-post-thumbnail","6":"product_cat-aki-un-pakaramie","7":"product_cat-vannas-istabas-aksesuari","8":"pa_brand-bemeta-lv","10":"first","11":"instock","12":"taxable","13":"shipping-taxable","14":"purchasable","15":"product-type-simple"},"yoast_head":"<!-- This site is optimized with the Yoast SEO plugin v27.4 - https:\/\/yoast.com\/product\/yoast-seo-wordpress\/ -->\n<title>RAWELL: Radiatora vienviet\u012bgais hal\u0101ta \u0101\u0137is, balts - Micasa<\/title>\n<meta name=\"robots\" content=\"index, follow, max-snippet:-1, max-image-preview:large, max-video-preview:-1\" \/>\n<link rel=\"canonical\" href=\"https:\/\/micasa.lv\/lv\/rawell-radiatora-vienvietigais-halata-akis-balts\/\" \/>\n<meta property=\"og:locale\" content=\"lv_LV\" \/>\n<meta property=\"og:type\" content=\"article\" \/>\n<meta property=\"og:title\" content=\"RAWELL: Radiatora vienviet\u012bgais hal\u0101ta \u0101\u0137is, balts - Micasa\" \/>\n<meta property=\"og:description\" content=\"RAWELL ir iedvesmojies no v\u0101rda \u201cizsmalcin\u0101t\u012bba\u201d. Kolekcij\u0101 ir ar\u012b dvie\u013cu tur\u0113t\u0101ji, kurus var novietot tie\u0161i uz vannas istabas radiatora. Tos\" \/>\n<meta property=\"og:url\" content=\"https:\/\/micasa.lv\/lv\/rawell-radiatora-vienvietigais-halata-akis-balts\/\" \/>\n<meta property=\"og:site_name\" content=\"Micasa\" \/>\n<meta property=\"article:modified_time\" content=\"2025-06-13T07:21:04+00:00\" \/>\n<meta property=\"og:image\" content=\"https:\/\/micasa.lv\/wp-content\/uploads\/2025\/05\/d57be1181b1ce3d2918b05a38250c36d_104506124-velky.jpg\" \/>\n\t<meta property=\"og:image:width\" content=\"500\" \/>\n\t<meta property=\"og:image:height\" content=\"212\" \/>\n\t<meta property=\"og:image:type\" content=\"image\/jpeg\" \/>\n<meta name=\"twitter:card\" content=\"summary_large_image\" \/>\n<script type=\"application\/ld+json\" class=\"yoast-schema-graph\">{\"@context\":\"https:\\\/\\\/schema.org\",\"@graph\":[{\"@type\":\"WebPage\",\"@id\":\"https:\\\/\\\/micasa.lv\\\/lv\\\/rawell-radiatora-vienvietigais-halata-akis-balts\\\/\",\"url\":\"https:\\\/\\\/micasa.lv\\\/lv\\\/rawell-radiatora-vienvietigais-halata-akis-balts\\\/\",\"name\":\"RAWELL: Radiatora vienviet\u012bgais hal\u0101ta \u0101\u0137is, balts - Micasa\",\"isPartOf\":{\"@id\":\"https:\\\/\\\/micasa.lv\\\/lv\\\/#website\"},\"primaryImageOfPage\":{\"@id\":\"https:\\\/\\\/micasa.lv\\\/lv\\\/rawell-radiatora-vienvietigais-halata-akis-balts\\\/#primaryimage\"},\"image\":{\"@id\":\"https:\\\/\\\/micasa.lv\\\/lv\\\/rawell-radiatora-vienvietigais-halata-akis-balts\\\/#primaryimage\"},\"thumbnailUrl\":\"https:\\\/\\\/micasa.lv\\\/wp-content\\\/uploads\\\/2025\\\/05\\\/d57be1181b1ce3d2918b05a38250c36d_104506124-velky.jpg\",\"datePublished\":\"2025-05-12T09:05:26+00:00\",\"dateModified\":\"2025-06-13T07:21:04+00:00\",\"breadcrumb\":{\"@id\":\"https:\\\/\\\/micasa.lv\\\/lv\\\/rawell-radiatora-vienvietigais-halata-akis-balts\\\/#breadcrumb\"},\"inLanguage\":\"lv-LV\",\"potentialAction\":[{\"@type\":\"ReadAction\",\"target\":[\"https:\\\/\\\/micasa.lv\\\/lv\\\/rawell-radiatora-vienvietigais-halata-akis-balts\\\/\"]}]},{\"@type\":\"ImageObject\",\"inLanguage\":\"lv-LV\",\"@id\":\"https:\\\/\\\/micasa.lv\\\/lv\\\/rawell-radiatora-vienvietigais-halata-akis-balts\\\/#primaryimage\",\"url\":\"https:\\\/\\\/micasa.lv\\\/wp-content\\\/uploads\\\/2025\\\/05\\\/d57be1181b1ce3d2918b05a38250c36d_104506124-velky.jpg\",\"contentUrl\":\"https:\\\/\\\/micasa.lv\\\/wp-content\\\/uploads\\\/2025\\\/05\\\/d57be1181b1ce3d2918b05a38250c36d_104506124-velky.jpg\",\"width\":500,\"height\":212},{\"@type\":\"BreadcrumbList\",\"@id\":\"https:\\\/\\\/micasa.lv\\\/lv\\\/rawell-radiatora-vienvietigais-halata-akis-balts\\\/#breadcrumb\",\"itemListElement\":[{\"@type\":\"ListItem\",\"position\":1,\"name\":\"S\u0101kums\",\"item\":\"https:\\\/\\\/micasa.lv\\\/lv\\\/micasa\\\/\"},{\"@type\":\"ListItem\",\"position\":2,\"name\":\"Shop\",\"item\":\"https:\\\/\\\/micasa.lv\\\/lv\\\/shop\\\/\"},{\"@type\":\"ListItem\",\"position\":3,\"name\":\"RAWELL: Radiatora vienviet\u012bgais hal\u0101ta \u0101\u0137is, balts\"}]},{\"@type\":\"WebSite\",\"@id\":\"https:\\\/\\\/micasa.lv\\\/lv\\\/#website\",\"url\":\"https:\\\/\\\/micasa.lv\\\/lv\\\/\",\"name\":\"Micasa\",\"description\":\"\",\"potentialAction\":[{\"@type\":\"SearchAction\",\"target\":{\"@type\":\"EntryPoint\",\"urlTemplate\":\"https:\\\/\\\/micasa.lv\\\/lv\\\/?s={search_term_string}\"},\"query-input\":{\"@type\":\"PropertyValueSpecification\",\"valueRequired\":true,\"valueName\":\"search_term_string\"}}],\"inLanguage\":\"lv-LV\"}]}<\/script>\n<!-- \/ Yoast SEO plugin. -->","yoast_head_json":{"title":"RAWELL: Radiatora vienviet\u012bgais hal\u0101ta \u0101\u0137is, balts - Micasa","robots":{"index":"index","follow":"follow","max-snippet":"max-snippet:-1","max-image-preview":"max-image-preview:large","max-video-preview":"max-video-preview:-1"},"canonical":"https:\/\/micasa.lv\/lv\/rawell-radiatora-vienvietigais-halata-akis-balts\/","og_locale":"lv_LV","og_type":"article","og_title":"RAWELL: Radiatora vienviet\u012bgais hal\u0101ta \u0101\u0137is, balts - Micasa","og_description":"RAWELL ir iedvesmojies no v\u0101rda \u201cizsmalcin\u0101t\u012bba\u201d. Kolekcij\u0101 ir ar\u012b dvie\u013cu tur\u0113t\u0101ji, kurus var novietot tie\u0161i uz vannas istabas radiatora. Tos","og_url":"https:\/\/micasa.lv\/lv\/rawell-radiatora-vienvietigais-halata-akis-balts\/","og_site_name":"Micasa","article_modified_time":"2025-06-13T07:21:04+00:00","og_image":[{"width":500,"height":212,"url":"https:\/\/micasa.lv\/wp-content\/uploads\/2025\/05\/d57be1181b1ce3d2918b05a38250c36d_104506124-velky.jpg","type":"image\/jpeg"}],"twitter_card":"summary_large_image","schema":{"@context":"https:\/\/schema.org","@graph":[{"@type":"WebPage","@id":"https:\/\/micasa.lv\/lv\/rawell-radiatora-vienvietigais-halata-akis-balts\/","url":"https:\/\/micasa.lv\/lv\/rawell-radiatora-vienvietigais-halata-akis-balts\/","name":"RAWELL: Radiatora vienviet\u012bgais hal\u0101ta \u0101\u0137is, balts - Micasa","isPartOf":{"@id":"https:\/\/micasa.lv\/lv\/#website"},"primaryImageOfPage":{"@id":"https:\/\/micasa.lv\/lv\/rawell-radiatora-vienvietigais-halata-akis-balts\/#primaryimage"},"image":{"@id":"https:\/\/micasa.lv\/lv\/rawell-radiatora-vienvietigais-halata-akis-balts\/#primaryimage"},"thumbnailUrl":"https:\/\/micasa.lv\/wp-content\/uploads\/2025\/05\/d57be1181b1ce3d2918b05a38250c36d_104506124-velky.jpg","datePublished":"2025-05-12T09:05:26+00:00","dateModified":"2025-06-13T07:21:04+00:00","breadcrumb":{"@id":"https:\/\/micasa.lv\/lv\/rawell-radiatora-vienvietigais-halata-akis-balts\/#breadcrumb"},"inLanguage":"lv-LV","potentialAction":[{"@type":"ReadAction","target":["https:\/\/micasa.lv\/lv\/rawell-radiatora-vienvietigais-halata-akis-balts\/"]}]},{"@type":"ImageObject","inLanguage":"lv-LV","@id":"https:\/\/micasa.lv\/lv\/rawell-radiatora-vienvietigais-halata-akis-balts\/#primaryimage","url":"https:\/\/micasa.lv\/wp-content\/uploads\/2025\/05\/d57be1181b1ce3d2918b05a38250c36d_104506124-velky.jpg","contentUrl":"https:\/\/micasa.lv\/wp-content\/uploads\/2025\/05\/d57be1181b1ce3d2918b05a38250c36d_104506124-velky.jpg","width":500,"height":212},{"@type":"BreadcrumbList","@id":"https:\/\/micasa.lv\/lv\/rawell-radiatora-vienvietigais-halata-akis-balts\/#breadcrumb","itemListElement":[{"@type":"ListItem","position":1,"name":"S\u0101kums","item":"https:\/\/micasa.lv\/lv\/micasa\/"},{"@type":"ListItem","position":2,"name":"Shop","item":"https:\/\/micasa.lv\/lv\/shop\/"},{"@type":"ListItem","position":3,"name":"RAWELL: Radiatora vienviet\u012bgais hal\u0101ta \u0101\u0137is, balts"}]},{"@type":"WebSite","@id":"https:\/\/micasa.lv\/lv\/#website","url":"https:\/\/micasa.lv\/lv\/","name":"Micasa","description":"","potentialAction":[{"@type":"SearchAction","target":{"@type":"EntryPoint","urlTemplate":"https:\/\/micasa.lv\/lv\/?s={search_term_string}"},"query-input":{"@type":"PropertyValueSpecification","valueRequired":true,"valueName":"search_term_string"}}],"inLanguage":"lv-LV"}]}},"wcpa_form_fields":null,"_links":{"self":[{"href":"https:\/\/micasa.lv\/lv\/wp-json\/wp\/v2\/product\/36810","targetHints":{"allow":["GET"]}}],"collection":[{"href":"https:\/\/micasa.lv\/lv\/wp-json\/wp\/v2\/product"}],"about":[{"href":"https:\/\/micasa.lv\/lv\/wp-json\/wp\/v2\/types\/product"}],"version-history":[{"count":1,"href":"https:\/\/micasa.lv\/lv\/wp-json\/wp\/v2\/product\/36810\/revisions"}],"predecessor-version":[{"id":36840,"href":"https:\/\/micasa.lv\/lv\/wp-json\/wp\/v2\/product\/36810\/revisions\/36840"}],"wp:featuredmedia":[{"embeddable":true,"href":"https:\/\/micasa.lv\/lv\/wp-json\/wp\/v2\/media\/36391"}],"wp:attachment":[{"href":"https:\/\/micasa.lv\/lv\/wp-json\/wp\/v2\/media?parent=36810"}],"wp:term":[{"taxonomy":"product_brand","embeddable":true,"href":"https:\/\/micasa.lv\/lv\/wp-json\/wp\/v2\/product_brand?post=36810"},{"taxonomy":"product_cat","embeddable":true,"href":"https:\/\/micasa.lv\/lv\/wp-json\/wp\/v2\/product_cat?post=36810"},{"taxonomy":"product_tag","embeddable":true,"href":"https:\/\/micasa.lv\/lv\/wp-json\/wp\/v2\/product_tag?post=36810"}],"curies":[{"name":"wp","href":"https:\/\/api.w.org\/{rel}","templated":true}]}}