{"id":37530,"date":"2025-05-12T12:56:23","date_gmt":"2025-05-12T09:56:23","guid":{"rendered":"https:\/\/test.micasa.lv\/?post_type=product&#038;p=37530"},"modified":"2025-06-13T10:22:17","modified_gmt":"2025-06-13T07:22:17","slug":"retro-bronze-dvielu-pakaramais-ar-stienu-605-mm","status":"publish","type":"product","link":"https:\/\/micasa.lv\/lv\/retro-bronze-dvielu-pakaramais-ar-stienu-605-mm\/","title":{"rendered":"RETRO bronze: Dvie\u013cu pakaramais ar stie\u0146u, 605 mm"},"content":{"rendered":"<p>RETRO nostiprina un ieg\u016bst bronzas kont\u016bras. \u012apa\u0161a produktu l\u012bnija piev\u0113r\u0161 skatienu vecajiem laikiem. Bet neuztraucieties, t\u0101 atsaucas tikai uz pag\u0101tni ar savu izsmalcin\u0101to est\u0113tiku, meistar\u012bba ir piln\u012bgi jauna un augstas kvalit\u0101tes. Ir pieejami da\u017e\u0101du veidu plaukti vannas istabas piederumu glab\u0101\u0161anai, dvie\u013cu pakaramie un tur\u0113t\u0101ji, zobu birstes trauki un \u0161\u0137idro ziepju dozatori. Portfel\u012b ir v\u0113l divi RETRO varianti &#8211; hrom\u0101 un zelta\/hroma kr\u0101s\u0101.<\/p>\n","protected":false},"excerpt":{"rendered":"<p>RETRO nostiprina un ieg\u016bst bronzas kont\u016bras. \u012apa\u0161a produktu l\u012bnija piev\u0113r\u0161 skatienu vecajiem laikiem. Bet neuztraucieties, t\u0101 atsaucas tikai uz pag\u0101tni<\/p>\n","protected":false},"featured_media":37288,"template":"","meta":[],"product_brand":[],"product_cat":[1841,1528],"product_tag":[],"class_list":{"0":"post-37530","1":"product","2":"type-product","3":"status-publish","4":"has-post-thumbnail","6":"product_cat-plaukti","7":"product_cat-vannas-istabas-aksesuari","8":"pa_brand-bemeta-lv","10":"first","11":"instock","12":"taxable","13":"shipping-taxable","14":"purchasable","15":"product-type-simple"},"yoast_head":"<!-- This site is optimized with the Yoast SEO plugin v27.4 - https:\/\/yoast.com\/product\/yoast-seo-wordpress\/ -->\n<title>RETRO bronze: Dvie\u013cu pakaramais ar stie\u0146u, 605 mm - Micasa<\/title>\n<meta name=\"robots\" content=\"index, follow, max-snippet:-1, max-image-preview:large, max-video-preview:-1\" \/>\n<link rel=\"canonical\" href=\"https:\/\/micasa.lv\/lv\/retro-bronze-dvielu-pakaramais-ar-stienu-605-mm\/\" \/>\n<meta property=\"og:locale\" content=\"lv_LV\" \/>\n<meta property=\"og:type\" content=\"article\" \/>\n<meta property=\"og:title\" content=\"RETRO bronze: Dvie\u013cu pakaramais ar stie\u0146u, 605 mm - Micasa\" \/>\n<meta property=\"og:description\" content=\"RETRO nostiprina un ieg\u016bst bronzas kont\u016bras. \u012apa\u0161a produktu l\u012bnija piev\u0113r\u0161 skatienu vecajiem laikiem. Bet neuztraucieties, t\u0101 atsaucas tikai uz pag\u0101tni\" \/>\n<meta property=\"og:url\" content=\"https:\/\/micasa.lv\/lv\/retro-bronze-dvielu-pakaramais-ar-stienu-605-mm\/\" \/>\n<meta property=\"og:site_name\" content=\"Micasa\" \/>\n<meta property=\"article:modified_time\" content=\"2025-06-13T07:22:17+00:00\" \/>\n<meta property=\"og:image\" content=\"https:\/\/micasa.lv\/wp-content\/uploads\/2025\/05\/d048e2117c317dac0a62e2338ebd15b0_144102257-velky.jpg\" \/>\n\t<meta property=\"og:image:width\" content=\"500\" \/>\n\t<meta property=\"og:image:height\" content=\"239\" \/>\n\t<meta property=\"og:image:type\" content=\"image\/jpeg\" \/>\n<meta name=\"twitter:card\" content=\"summary_large_image\" \/>\n<script type=\"application\/ld+json\" class=\"yoast-schema-graph\">{\"@context\":\"https:\\\/\\\/schema.org\",\"@graph\":[{\"@type\":\"WebPage\",\"@id\":\"https:\\\/\\\/micasa.lv\\\/lv\\\/retro-bronze-dvielu-pakaramais-ar-stienu-605-mm\\\/\",\"url\":\"https:\\\/\\\/micasa.lv\\\/lv\\\/retro-bronze-dvielu-pakaramais-ar-stienu-605-mm\\\/\",\"name\":\"RETRO bronze: Dvie\u013cu pakaramais ar stie\u0146u, 605 mm - Micasa\",\"isPartOf\":{\"@id\":\"https:\\\/\\\/micasa.lv\\\/lv\\\/#website\"},\"primaryImageOfPage\":{\"@id\":\"https:\\\/\\\/micasa.lv\\\/lv\\\/retro-bronze-dvielu-pakaramais-ar-stienu-605-mm\\\/#primaryimage\"},\"image\":{\"@id\":\"https:\\\/\\\/micasa.lv\\\/lv\\\/retro-bronze-dvielu-pakaramais-ar-stienu-605-mm\\\/#primaryimage\"},\"thumbnailUrl\":\"https:\\\/\\\/micasa.lv\\\/wp-content\\\/uploads\\\/2025\\\/05\\\/d048e2117c317dac0a62e2338ebd15b0_144102257-velky.jpg\",\"datePublished\":\"2025-05-12T09:56:23+00:00\",\"dateModified\":\"2025-06-13T07:22:17+00:00\",\"breadcrumb\":{\"@id\":\"https:\\\/\\\/micasa.lv\\\/lv\\\/retro-bronze-dvielu-pakaramais-ar-stienu-605-mm\\\/#breadcrumb\"},\"inLanguage\":\"lv-LV\",\"potentialAction\":[{\"@type\":\"ReadAction\",\"target\":[\"https:\\\/\\\/micasa.lv\\\/lv\\\/retro-bronze-dvielu-pakaramais-ar-stienu-605-mm\\\/\"]}]},{\"@type\":\"ImageObject\",\"inLanguage\":\"lv-LV\",\"@id\":\"https:\\\/\\\/micasa.lv\\\/lv\\\/retro-bronze-dvielu-pakaramais-ar-stienu-605-mm\\\/#primaryimage\",\"url\":\"https:\\\/\\\/micasa.lv\\\/wp-content\\\/uploads\\\/2025\\\/05\\\/d048e2117c317dac0a62e2338ebd15b0_144102257-velky.jpg\",\"contentUrl\":\"https:\\\/\\\/micasa.lv\\\/wp-content\\\/uploads\\\/2025\\\/05\\\/d048e2117c317dac0a62e2338ebd15b0_144102257-velky.jpg\",\"width\":500,\"height\":239},{\"@type\":\"BreadcrumbList\",\"@id\":\"https:\\\/\\\/micasa.lv\\\/lv\\\/retro-bronze-dvielu-pakaramais-ar-stienu-605-mm\\\/#breadcrumb\",\"itemListElement\":[{\"@type\":\"ListItem\",\"position\":1,\"name\":\"S\u0101kums\",\"item\":\"https:\\\/\\\/micasa.lv\\\/lv\\\/micasa\\\/\"},{\"@type\":\"ListItem\",\"position\":2,\"name\":\"Shop\",\"item\":\"https:\\\/\\\/micasa.lv\\\/lv\\\/shop\\\/\"},{\"@type\":\"ListItem\",\"position\":3,\"name\":\"RETRO bronze: Dvie\u013cu pakaramais ar stie\u0146u, 605 mm\"}]},{\"@type\":\"WebSite\",\"@id\":\"https:\\\/\\\/micasa.lv\\\/lv\\\/#website\",\"url\":\"https:\\\/\\\/micasa.lv\\\/lv\\\/\",\"name\":\"Micasa\",\"description\":\"\",\"potentialAction\":[{\"@type\":\"SearchAction\",\"target\":{\"@type\":\"EntryPoint\",\"urlTemplate\":\"https:\\\/\\\/micasa.lv\\\/lv\\\/?s={search_term_string}\"},\"query-input\":{\"@type\":\"PropertyValueSpecification\",\"valueRequired\":true,\"valueName\":\"search_term_string\"}}],\"inLanguage\":\"lv-LV\"}]}<\/script>\n<!-- \/ Yoast SEO plugin. -->","yoast_head_json":{"title":"RETRO bronze: Dvie\u013cu pakaramais ar stie\u0146u, 605 mm - Micasa","robots":{"index":"index","follow":"follow","max-snippet":"max-snippet:-1","max-image-preview":"max-image-preview:large","max-video-preview":"max-video-preview:-1"},"canonical":"https:\/\/micasa.lv\/lv\/retro-bronze-dvielu-pakaramais-ar-stienu-605-mm\/","og_locale":"lv_LV","og_type":"article","og_title":"RETRO bronze: Dvie\u013cu pakaramais ar stie\u0146u, 605 mm - Micasa","og_description":"RETRO nostiprina un ieg\u016bst bronzas kont\u016bras. \u012apa\u0161a produktu l\u012bnija piev\u0113r\u0161 skatienu vecajiem laikiem. Bet neuztraucieties, t\u0101 atsaucas tikai uz pag\u0101tni","og_url":"https:\/\/micasa.lv\/lv\/retro-bronze-dvielu-pakaramais-ar-stienu-605-mm\/","og_site_name":"Micasa","article_modified_time":"2025-06-13T07:22:17+00:00","og_image":[{"width":500,"height":239,"url":"https:\/\/micasa.lv\/wp-content\/uploads\/2025\/05\/d048e2117c317dac0a62e2338ebd15b0_144102257-velky.jpg","type":"image\/jpeg"}],"twitter_card":"summary_large_image","schema":{"@context":"https:\/\/schema.org","@graph":[{"@type":"WebPage","@id":"https:\/\/micasa.lv\/lv\/retro-bronze-dvielu-pakaramais-ar-stienu-605-mm\/","url":"https:\/\/micasa.lv\/lv\/retro-bronze-dvielu-pakaramais-ar-stienu-605-mm\/","name":"RETRO bronze: Dvie\u013cu pakaramais ar stie\u0146u, 605 mm - Micasa","isPartOf":{"@id":"https:\/\/micasa.lv\/lv\/#website"},"primaryImageOfPage":{"@id":"https:\/\/micasa.lv\/lv\/retro-bronze-dvielu-pakaramais-ar-stienu-605-mm\/#primaryimage"},"image":{"@id":"https:\/\/micasa.lv\/lv\/retro-bronze-dvielu-pakaramais-ar-stienu-605-mm\/#primaryimage"},"thumbnailUrl":"https:\/\/micasa.lv\/wp-content\/uploads\/2025\/05\/d048e2117c317dac0a62e2338ebd15b0_144102257-velky.jpg","datePublished":"2025-05-12T09:56:23+00:00","dateModified":"2025-06-13T07:22:17+00:00","breadcrumb":{"@id":"https:\/\/micasa.lv\/lv\/retro-bronze-dvielu-pakaramais-ar-stienu-605-mm\/#breadcrumb"},"inLanguage":"lv-LV","potentialAction":[{"@type":"ReadAction","target":["https:\/\/micasa.lv\/lv\/retro-bronze-dvielu-pakaramais-ar-stienu-605-mm\/"]}]},{"@type":"ImageObject","inLanguage":"lv-LV","@id":"https:\/\/micasa.lv\/lv\/retro-bronze-dvielu-pakaramais-ar-stienu-605-mm\/#primaryimage","url":"https:\/\/micasa.lv\/wp-content\/uploads\/2025\/05\/d048e2117c317dac0a62e2338ebd15b0_144102257-velky.jpg","contentUrl":"https:\/\/micasa.lv\/wp-content\/uploads\/2025\/05\/d048e2117c317dac0a62e2338ebd15b0_144102257-velky.jpg","width":500,"height":239},{"@type":"BreadcrumbList","@id":"https:\/\/micasa.lv\/lv\/retro-bronze-dvielu-pakaramais-ar-stienu-605-mm\/#breadcrumb","itemListElement":[{"@type":"ListItem","position":1,"name":"S\u0101kums","item":"https:\/\/micasa.lv\/lv\/micasa\/"},{"@type":"ListItem","position":2,"name":"Shop","item":"https:\/\/micasa.lv\/lv\/shop\/"},{"@type":"ListItem","position":3,"name":"RETRO bronze: Dvie\u013cu pakaramais ar stie\u0146u, 605 mm"}]},{"@type":"WebSite","@id":"https:\/\/micasa.lv\/lv\/#website","url":"https:\/\/micasa.lv\/lv\/","name":"Micasa","description":"","potentialAction":[{"@type":"SearchAction","target":{"@type":"EntryPoint","urlTemplate":"https:\/\/micasa.lv\/lv\/?s={search_term_string}"},"query-input":{"@type":"PropertyValueSpecification","valueRequired":true,"valueName":"search_term_string"}}],"inLanguage":"lv-LV"}]}},"wcpa_form_fields":null,"_links":{"self":[{"href":"https:\/\/micasa.lv\/lv\/wp-json\/wp\/v2\/product\/37530","targetHints":{"allow":["GET"]}}],"collection":[{"href":"https:\/\/micasa.lv\/lv\/wp-json\/wp\/v2\/product"}],"about":[{"href":"https:\/\/micasa.lv\/lv\/wp-json\/wp\/v2\/types\/product"}],"version-history":[{"count":1,"href":"https:\/\/micasa.lv\/lv\/wp-json\/wp\/v2\/product\/37530\/revisions"}],"predecessor-version":[{"id":37560,"href":"https:\/\/micasa.lv\/lv\/wp-json\/wp\/v2\/product\/37530\/revisions\/37560"}],"wp:featuredmedia":[{"embeddable":true,"href":"https:\/\/micasa.lv\/lv\/wp-json\/wp\/v2\/media\/37288"}],"wp:attachment":[{"href":"https:\/\/micasa.lv\/lv\/wp-json\/wp\/v2\/media?parent=37530"}],"wp:term":[{"taxonomy":"product_brand","embeddable":true,"href":"https:\/\/micasa.lv\/lv\/wp-json\/wp\/v2\/product_brand?post=37530"},{"taxonomy":"product_cat","embeddable":true,"href":"https:\/\/micasa.lv\/lv\/wp-json\/wp\/v2\/product_cat?post=37530"},{"taxonomy":"product_tag","embeddable":true,"href":"https:\/\/micasa.lv\/lv\/wp-json\/wp\/v2\/product_tag?post=37530"}],"curies":[{"name":"wp","href":"https:\/\/api.w.org\/{rel}","templated":true}]}}