{"id":37579,"date":"2025-05-12T12:56:26","date_gmt":"2025-05-12T09:56:26","guid":{"rendered":"https:\/\/test.micasa.lv\/?post_type=product&#038;p=37579"},"modified":"2025-06-13T10:22:25","modified_gmt":"2025-06-13T07:22:25","slug":"retro-bronze-sienas-tualetes-birstes-turetajs","status":"publish","type":"product","link":"https:\/\/micasa.lv\/lv\/retro-bronze-sienas-tualetes-birstes-turetajs\/","title":{"rendered":"RETRO bronze: Sienas tualetes birstes tur\u0113t\u0101js"},"content":{"rendered":"<p>RETRO ir nostiprin\u0101ts un ieguvis bronzas kont\u016bras. \u0160\u012b \u012bpa\u0161\u0101 produktu l\u012bnija aizved\u012bs j\u016bs atpaka\u013c senatn\u0113. Bet neuztraucieties. Lai gan t\u0101s izsmalcin\u0101t\u0101 est\u0113tika atg\u0101din\u0101s par pag\u0101tni, pa\u0161i produkti ir piln\u012bgi jauni un augstas kvalit\u0101tes. Produktu l\u012bnij\u0101 ir vieta da\u017e\u0101du veidu plauktiem vannas istabas piederumu glab\u0101\u0161anai, pakaramajiem un dvie\u013cu tur\u0113t\u0101jiem, zobu birst\u0113m paredz\u0113tiem kr\u016bz\u012bt\u0113m un \u0161\u0137idro ziepju dozatoriem. M\u016bsu portfel\u012b ir v\u0113l divi RETRO varianti \u2013 hroma un zelta\/hroma.<\/p>\n","protected":false},"excerpt":{"rendered":"<p>RETRO ir nostiprin\u0101ts un ieguvis bronzas kont\u016bras. \u0160\u012b \u012bpa\u0161\u0101 produktu l\u012bnija aizved\u012bs j\u016bs atpaka\u013c senatn\u0113. Bet neuztraucieties. Lai gan t\u0101s<\/p>\n","protected":false},"featured_media":37039,"template":"","meta":[],"product_brand":[],"product_cat":[1853,1528],"product_tag":[],"class_list":{"0":"post-37579","1":"product","2":"type-product","3":"status-publish","4":"has-post-thumbnail","6":"product_cat-tualetes-birstes","7":"product_cat-vannas-istabas-aksesuari","8":"pa_brand-bemeta-lv","10":"first","11":"instock","12":"taxable","13":"shipping-taxable","14":"purchasable","15":"product-type-simple"},"yoast_head":"<!-- This site is optimized with the Yoast SEO plugin v27.4 - https:\/\/yoast.com\/product\/yoast-seo-wordpress\/ -->\n<title>RETRO bronze: Sienas tualetes birstes tur\u0113t\u0101js - Micasa<\/title>\n<meta name=\"robots\" content=\"index, follow, max-snippet:-1, max-image-preview:large, max-video-preview:-1\" \/>\n<link rel=\"canonical\" href=\"https:\/\/micasa.lv\/lv\/retro-bronze-sienas-tualetes-birstes-turetajs\/\" \/>\n<meta property=\"og:locale\" content=\"lv_LV\" \/>\n<meta property=\"og:type\" content=\"article\" \/>\n<meta property=\"og:title\" content=\"RETRO bronze: Sienas tualetes birstes tur\u0113t\u0101js - Micasa\" \/>\n<meta property=\"og:description\" content=\"RETRO ir nostiprin\u0101ts un ieguvis bronzas kont\u016bras. \u0160\u012b \u012bpa\u0161\u0101 produktu l\u012bnija aizved\u012bs j\u016bs atpaka\u013c senatn\u0113. Bet neuztraucieties. Lai gan t\u0101s\" \/>\n<meta property=\"og:url\" content=\"https:\/\/micasa.lv\/lv\/retro-bronze-sienas-tualetes-birstes-turetajs\/\" \/>\n<meta property=\"og:site_name\" content=\"Micasa\" \/>\n<meta property=\"article:modified_time\" content=\"2025-06-13T07:22:25+00:00\" \/>\n<meta property=\"og:image\" content=\"https:\/\/micasa.lv\/wp-content\/uploads\/2025\/05\/0ad8d19134ef15e8b5ac640433f00140_144113017-velky.jpg\" \/>\n\t<meta property=\"og:image:width\" content=\"186\" \/>\n\t<meta property=\"og:image:height\" content=\"500\" \/>\n\t<meta property=\"og:image:type\" content=\"image\/jpeg\" \/>\n<meta name=\"twitter:card\" content=\"summary_large_image\" \/>\n<script type=\"application\/ld+json\" class=\"yoast-schema-graph\">{\"@context\":\"https:\\\/\\\/schema.org\",\"@graph\":[{\"@type\":\"WebPage\",\"@id\":\"https:\\\/\\\/micasa.lv\\\/lv\\\/retro-bronze-sienas-tualetes-birstes-turetajs\\\/\",\"url\":\"https:\\\/\\\/micasa.lv\\\/lv\\\/retro-bronze-sienas-tualetes-birstes-turetajs\\\/\",\"name\":\"RETRO bronze: Sienas tualetes birstes tur\u0113t\u0101js - Micasa\",\"isPartOf\":{\"@id\":\"https:\\\/\\\/micasa.lv\\\/lv\\\/#website\"},\"primaryImageOfPage\":{\"@id\":\"https:\\\/\\\/micasa.lv\\\/lv\\\/retro-bronze-sienas-tualetes-birstes-turetajs\\\/#primaryimage\"},\"image\":{\"@id\":\"https:\\\/\\\/micasa.lv\\\/lv\\\/retro-bronze-sienas-tualetes-birstes-turetajs\\\/#primaryimage\"},\"thumbnailUrl\":\"https:\\\/\\\/micasa.lv\\\/wp-content\\\/uploads\\\/2025\\\/05\\\/0ad8d19134ef15e8b5ac640433f00140_144113017-velky.jpg\",\"datePublished\":\"2025-05-12T09:56:26+00:00\",\"dateModified\":\"2025-06-13T07:22:25+00:00\",\"breadcrumb\":{\"@id\":\"https:\\\/\\\/micasa.lv\\\/lv\\\/retro-bronze-sienas-tualetes-birstes-turetajs\\\/#breadcrumb\"},\"inLanguage\":\"lv-LV\",\"potentialAction\":[{\"@type\":\"ReadAction\",\"target\":[\"https:\\\/\\\/micasa.lv\\\/lv\\\/retro-bronze-sienas-tualetes-birstes-turetajs\\\/\"]}]},{\"@type\":\"ImageObject\",\"inLanguage\":\"lv-LV\",\"@id\":\"https:\\\/\\\/micasa.lv\\\/lv\\\/retro-bronze-sienas-tualetes-birstes-turetajs\\\/#primaryimage\",\"url\":\"https:\\\/\\\/micasa.lv\\\/wp-content\\\/uploads\\\/2025\\\/05\\\/0ad8d19134ef15e8b5ac640433f00140_144113017-velky.jpg\",\"contentUrl\":\"https:\\\/\\\/micasa.lv\\\/wp-content\\\/uploads\\\/2025\\\/05\\\/0ad8d19134ef15e8b5ac640433f00140_144113017-velky.jpg\",\"width\":186,\"height\":500},{\"@type\":\"BreadcrumbList\",\"@id\":\"https:\\\/\\\/micasa.lv\\\/lv\\\/retro-bronze-sienas-tualetes-birstes-turetajs\\\/#breadcrumb\",\"itemListElement\":[{\"@type\":\"ListItem\",\"position\":1,\"name\":\"S\u0101kums\",\"item\":\"https:\\\/\\\/micasa.lv\\\/lv\\\/micasa\\\/\"},{\"@type\":\"ListItem\",\"position\":2,\"name\":\"Shop\",\"item\":\"https:\\\/\\\/micasa.lv\\\/lv\\\/shop\\\/\"},{\"@type\":\"ListItem\",\"position\":3,\"name\":\"RETRO bronze: Sienas tualetes birstes tur\u0113t\u0101js\"}]},{\"@type\":\"WebSite\",\"@id\":\"https:\\\/\\\/micasa.lv\\\/lv\\\/#website\",\"url\":\"https:\\\/\\\/micasa.lv\\\/lv\\\/\",\"name\":\"Micasa\",\"description\":\"\",\"potentialAction\":[{\"@type\":\"SearchAction\",\"target\":{\"@type\":\"EntryPoint\",\"urlTemplate\":\"https:\\\/\\\/micasa.lv\\\/lv\\\/?s={search_term_string}\"},\"query-input\":{\"@type\":\"PropertyValueSpecification\",\"valueRequired\":true,\"valueName\":\"search_term_string\"}}],\"inLanguage\":\"lv-LV\"}]}<\/script>\n<!-- \/ Yoast SEO plugin. -->","yoast_head_json":{"title":"RETRO bronze: Sienas tualetes birstes tur\u0113t\u0101js - Micasa","robots":{"index":"index","follow":"follow","max-snippet":"max-snippet:-1","max-image-preview":"max-image-preview:large","max-video-preview":"max-video-preview:-1"},"canonical":"https:\/\/micasa.lv\/lv\/retro-bronze-sienas-tualetes-birstes-turetajs\/","og_locale":"lv_LV","og_type":"article","og_title":"RETRO bronze: Sienas tualetes birstes tur\u0113t\u0101js - Micasa","og_description":"RETRO ir nostiprin\u0101ts un ieguvis bronzas kont\u016bras. \u0160\u012b \u012bpa\u0161\u0101 produktu l\u012bnija aizved\u012bs j\u016bs atpaka\u013c senatn\u0113. Bet neuztraucieties. Lai gan t\u0101s","og_url":"https:\/\/micasa.lv\/lv\/retro-bronze-sienas-tualetes-birstes-turetajs\/","og_site_name":"Micasa","article_modified_time":"2025-06-13T07:22:25+00:00","og_image":[{"width":186,"height":500,"url":"https:\/\/micasa.lv\/wp-content\/uploads\/2025\/05\/0ad8d19134ef15e8b5ac640433f00140_144113017-velky.jpg","type":"image\/jpeg"}],"twitter_card":"summary_large_image","schema":{"@context":"https:\/\/schema.org","@graph":[{"@type":"WebPage","@id":"https:\/\/micasa.lv\/lv\/retro-bronze-sienas-tualetes-birstes-turetajs\/","url":"https:\/\/micasa.lv\/lv\/retro-bronze-sienas-tualetes-birstes-turetajs\/","name":"RETRO bronze: Sienas tualetes birstes tur\u0113t\u0101js - Micasa","isPartOf":{"@id":"https:\/\/micasa.lv\/lv\/#website"},"primaryImageOfPage":{"@id":"https:\/\/micasa.lv\/lv\/retro-bronze-sienas-tualetes-birstes-turetajs\/#primaryimage"},"image":{"@id":"https:\/\/micasa.lv\/lv\/retro-bronze-sienas-tualetes-birstes-turetajs\/#primaryimage"},"thumbnailUrl":"https:\/\/micasa.lv\/wp-content\/uploads\/2025\/05\/0ad8d19134ef15e8b5ac640433f00140_144113017-velky.jpg","datePublished":"2025-05-12T09:56:26+00:00","dateModified":"2025-06-13T07:22:25+00:00","breadcrumb":{"@id":"https:\/\/micasa.lv\/lv\/retro-bronze-sienas-tualetes-birstes-turetajs\/#breadcrumb"},"inLanguage":"lv-LV","potentialAction":[{"@type":"ReadAction","target":["https:\/\/micasa.lv\/lv\/retro-bronze-sienas-tualetes-birstes-turetajs\/"]}]},{"@type":"ImageObject","inLanguage":"lv-LV","@id":"https:\/\/micasa.lv\/lv\/retro-bronze-sienas-tualetes-birstes-turetajs\/#primaryimage","url":"https:\/\/micasa.lv\/wp-content\/uploads\/2025\/05\/0ad8d19134ef15e8b5ac640433f00140_144113017-velky.jpg","contentUrl":"https:\/\/micasa.lv\/wp-content\/uploads\/2025\/05\/0ad8d19134ef15e8b5ac640433f00140_144113017-velky.jpg","width":186,"height":500},{"@type":"BreadcrumbList","@id":"https:\/\/micasa.lv\/lv\/retro-bronze-sienas-tualetes-birstes-turetajs\/#breadcrumb","itemListElement":[{"@type":"ListItem","position":1,"name":"S\u0101kums","item":"https:\/\/micasa.lv\/lv\/micasa\/"},{"@type":"ListItem","position":2,"name":"Shop","item":"https:\/\/micasa.lv\/lv\/shop\/"},{"@type":"ListItem","position":3,"name":"RETRO bronze: Sienas tualetes birstes tur\u0113t\u0101js"}]},{"@type":"WebSite","@id":"https:\/\/micasa.lv\/lv\/#website","url":"https:\/\/micasa.lv\/lv\/","name":"Micasa","description":"","potentialAction":[{"@type":"SearchAction","target":{"@type":"EntryPoint","urlTemplate":"https:\/\/micasa.lv\/lv\/?s={search_term_string}"},"query-input":{"@type":"PropertyValueSpecification","valueRequired":true,"valueName":"search_term_string"}}],"inLanguage":"lv-LV"}]}},"wcpa_form_fields":null,"_links":{"self":[{"href":"https:\/\/micasa.lv\/lv\/wp-json\/wp\/v2\/product\/37579","targetHints":{"allow":["GET"]}}],"collection":[{"href":"https:\/\/micasa.lv\/lv\/wp-json\/wp\/v2\/product"}],"about":[{"href":"https:\/\/micasa.lv\/lv\/wp-json\/wp\/v2\/types\/product"}],"version-history":[{"count":1,"href":"https:\/\/micasa.lv\/lv\/wp-json\/wp\/v2\/product\/37579\/revisions"}],"predecessor-version":[{"id":37609,"href":"https:\/\/micasa.lv\/lv\/wp-json\/wp\/v2\/product\/37579\/revisions\/37609"}],"wp:featuredmedia":[{"embeddable":true,"href":"https:\/\/micasa.lv\/lv\/wp-json\/wp\/v2\/media\/37039"}],"wp:attachment":[{"href":"https:\/\/micasa.lv\/lv\/wp-json\/wp\/v2\/media?parent=37579"}],"wp:term":[{"taxonomy":"product_brand","embeddable":true,"href":"https:\/\/micasa.lv\/lv\/wp-json\/wp\/v2\/product_brand?post=37579"},{"taxonomy":"product_cat","embeddable":true,"href":"https:\/\/micasa.lv\/lv\/wp-json\/wp\/v2\/product_cat?post=37579"},{"taxonomy":"product_tag","embeddable":true,"href":"https:\/\/micasa.lv\/lv\/wp-json\/wp\/v2\/product_tag?post=37579"}],"curies":[{"name":"wp","href":"https:\/\/api.w.org\/{rel}","templated":true}]}}