{"id":37710,"date":"2025-05-12T12:57:14","date_gmt":"2025-05-12T09:57:14","guid":{"rendered":"https:\/\/test.micasa.lv\/?post_type=product&#038;p=37710"},"modified":"2025-06-13T10:22:50","modified_gmt":"2025-06-13T07:22:50","slug":"via-pie-sienas-stiprinams-tualetes-birstes-turetajs","status":"publish","type":"product","link":"https:\/\/micasa.lv\/lv\/via-pie-sienas-stiprinams-tualetes-birstes-turetajs\/","title":{"rendered":"VIA: Pie sienas stiprin\u0101ms tualetes birstes tur\u0113t\u0101js"},"content":{"rendered":"<p>VIA stils, \u012bsi sakot, ir funkcionalit\u0101te. Jo dizainam ir j\u0101b\u016bt ne tikai vizu\u0101li pievilc\u012bgam, bet ar\u012b efekt\u012bvi funkcion\u0113jo\u0161am. Kolekcija, kas piepild\u012bta ar m\u016b\u017e\u012bgu noform\u0113jumu, t\u012br\u0101m l\u012bnij\u0101m un praktiskiem risin\u0101jumiem. T\u0101di materi\u0101li k\u0101 stikls, hroma apdare un gai\u0161i to\u0146i veicina diskr\u0113tu est\u0113tiku, kas netrauc\u0113s jebkuras vannas istabas interjeru. Taj\u0101 ir iek\u013cauts pilns produktu kl\u0101sts \u2013 pakaramie, rokturi, plaukti, tur\u0113t\u0101ji, ziepju trauki, dozatori un tualetes birstes.<\/p>\n","protected":false},"excerpt":{"rendered":"<p>VIA stils, \u012bsi sakot, ir funkcionalit\u0101te. Jo dizainam ir j\u0101b\u016bt ne tikai vizu\u0101li pievilc\u012bgam, bet ar\u012b efekt\u012bvi funkcion\u0113jo\u0161am. Kolekcija, kas<\/p>\n","protected":false},"featured_media":37126,"template":"","meta":[],"product_brand":[],"product_cat":[1853,1528],"product_tag":[],"class_list":{"0":"post-37710","1":"product","2":"type-product","3":"status-publish","4":"has-post-thumbnail","6":"product_cat-tualetes-birstes","7":"product_cat-vannas-istabas-aksesuari","8":"pa_brand-bemeta-lv","10":"first","11":"instock","12":"taxable","13":"shipping-taxable","14":"purchasable","15":"product-type-simple"},"yoast_head":"<!-- This site is optimized with the Yoast SEO plugin v27.4 - https:\/\/yoast.com\/product\/yoast-seo-wordpress\/ -->\n<title>VIA: Pie sienas stiprin\u0101ms tualetes birstes tur\u0113t\u0101js - Micasa<\/title>\n<meta name=\"robots\" content=\"index, follow, max-snippet:-1, max-image-preview:large, max-video-preview:-1\" \/>\n<link rel=\"canonical\" href=\"https:\/\/micasa.lv\/lv\/via-pie-sienas-stiprinams-tualetes-birstes-turetajs\/\" \/>\n<meta property=\"og:locale\" content=\"lv_LV\" \/>\n<meta property=\"og:type\" content=\"article\" \/>\n<meta property=\"og:title\" content=\"VIA: Pie sienas stiprin\u0101ms tualetes birstes tur\u0113t\u0101js - Micasa\" \/>\n<meta property=\"og:description\" content=\"VIA stils, \u012bsi sakot, ir funkcionalit\u0101te. Jo dizainam ir j\u0101b\u016bt ne tikai vizu\u0101li pievilc\u012bgam, bet ar\u012b efekt\u012bvi funkcion\u0113jo\u0161am. Kolekcija, kas\" \/>\n<meta property=\"og:url\" content=\"https:\/\/micasa.lv\/lv\/via-pie-sienas-stiprinams-tualetes-birstes-turetajs\/\" \/>\n<meta property=\"og:site_name\" content=\"Micasa\" \/>\n<meta property=\"article:modified_time\" content=\"2025-06-13T07:22:50+00:00\" \/>\n<meta property=\"og:image\" content=\"https:\/\/micasa.lv\/wp-content\/uploads\/2025\/05\/27b7174e6db9fd744fb0340404d21699_135013012-velky.jpg\" \/>\n\t<meta property=\"og:image:width\" content=\"152\" \/>\n\t<meta property=\"og:image:height\" content=\"500\" \/>\n\t<meta property=\"og:image:type\" content=\"image\/jpeg\" \/>\n<meta name=\"twitter:card\" content=\"summary_large_image\" \/>\n<script type=\"application\/ld+json\" class=\"yoast-schema-graph\">{\"@context\":\"https:\\\/\\\/schema.org\",\"@graph\":[{\"@type\":\"WebPage\",\"@id\":\"https:\\\/\\\/micasa.lv\\\/lv\\\/via-pie-sienas-stiprinams-tualetes-birstes-turetajs\\\/\",\"url\":\"https:\\\/\\\/micasa.lv\\\/lv\\\/via-pie-sienas-stiprinams-tualetes-birstes-turetajs\\\/\",\"name\":\"VIA: Pie sienas stiprin\u0101ms tualetes birstes tur\u0113t\u0101js - Micasa\",\"isPartOf\":{\"@id\":\"https:\\\/\\\/micasa.lv\\\/lv\\\/#website\"},\"primaryImageOfPage\":{\"@id\":\"https:\\\/\\\/micasa.lv\\\/lv\\\/via-pie-sienas-stiprinams-tualetes-birstes-turetajs\\\/#primaryimage\"},\"image\":{\"@id\":\"https:\\\/\\\/micasa.lv\\\/lv\\\/via-pie-sienas-stiprinams-tualetes-birstes-turetajs\\\/#primaryimage\"},\"thumbnailUrl\":\"https:\\\/\\\/micasa.lv\\\/wp-content\\\/uploads\\\/2025\\\/05\\\/27b7174e6db9fd744fb0340404d21699_135013012-velky.jpg\",\"datePublished\":\"2025-05-12T09:57:14+00:00\",\"dateModified\":\"2025-06-13T07:22:50+00:00\",\"breadcrumb\":{\"@id\":\"https:\\\/\\\/micasa.lv\\\/lv\\\/via-pie-sienas-stiprinams-tualetes-birstes-turetajs\\\/#breadcrumb\"},\"inLanguage\":\"lv-LV\",\"potentialAction\":[{\"@type\":\"ReadAction\",\"target\":[\"https:\\\/\\\/micasa.lv\\\/lv\\\/via-pie-sienas-stiprinams-tualetes-birstes-turetajs\\\/\"]}]},{\"@type\":\"ImageObject\",\"inLanguage\":\"lv-LV\",\"@id\":\"https:\\\/\\\/micasa.lv\\\/lv\\\/via-pie-sienas-stiprinams-tualetes-birstes-turetajs\\\/#primaryimage\",\"url\":\"https:\\\/\\\/micasa.lv\\\/wp-content\\\/uploads\\\/2025\\\/05\\\/27b7174e6db9fd744fb0340404d21699_135013012-velky.jpg\",\"contentUrl\":\"https:\\\/\\\/micasa.lv\\\/wp-content\\\/uploads\\\/2025\\\/05\\\/27b7174e6db9fd744fb0340404d21699_135013012-velky.jpg\",\"width\":152,\"height\":500},{\"@type\":\"BreadcrumbList\",\"@id\":\"https:\\\/\\\/micasa.lv\\\/lv\\\/via-pie-sienas-stiprinams-tualetes-birstes-turetajs\\\/#breadcrumb\",\"itemListElement\":[{\"@type\":\"ListItem\",\"position\":1,\"name\":\"S\u0101kums\",\"item\":\"https:\\\/\\\/micasa.lv\\\/lv\\\/micasa\\\/\"},{\"@type\":\"ListItem\",\"position\":2,\"name\":\"Shop\",\"item\":\"https:\\\/\\\/micasa.lv\\\/lv\\\/shop\\\/\"},{\"@type\":\"ListItem\",\"position\":3,\"name\":\"VIA: Pie sienas stiprin\u0101ms tualetes birstes tur\u0113t\u0101js\"}]},{\"@type\":\"WebSite\",\"@id\":\"https:\\\/\\\/micasa.lv\\\/lv\\\/#website\",\"url\":\"https:\\\/\\\/micasa.lv\\\/lv\\\/\",\"name\":\"Micasa\",\"description\":\"\",\"potentialAction\":[{\"@type\":\"SearchAction\",\"target\":{\"@type\":\"EntryPoint\",\"urlTemplate\":\"https:\\\/\\\/micasa.lv\\\/lv\\\/?s={search_term_string}\"},\"query-input\":{\"@type\":\"PropertyValueSpecification\",\"valueRequired\":true,\"valueName\":\"search_term_string\"}}],\"inLanguage\":\"lv-LV\"}]}<\/script>\n<!-- \/ Yoast SEO plugin. -->","yoast_head_json":{"title":"VIA: Pie sienas stiprin\u0101ms tualetes birstes tur\u0113t\u0101js - Micasa","robots":{"index":"index","follow":"follow","max-snippet":"max-snippet:-1","max-image-preview":"max-image-preview:large","max-video-preview":"max-video-preview:-1"},"canonical":"https:\/\/micasa.lv\/lv\/via-pie-sienas-stiprinams-tualetes-birstes-turetajs\/","og_locale":"lv_LV","og_type":"article","og_title":"VIA: Pie sienas stiprin\u0101ms tualetes birstes tur\u0113t\u0101js - Micasa","og_description":"VIA stils, \u012bsi sakot, ir funkcionalit\u0101te. Jo dizainam ir j\u0101b\u016bt ne tikai vizu\u0101li pievilc\u012bgam, bet ar\u012b efekt\u012bvi funkcion\u0113jo\u0161am. Kolekcija, kas","og_url":"https:\/\/micasa.lv\/lv\/via-pie-sienas-stiprinams-tualetes-birstes-turetajs\/","og_site_name":"Micasa","article_modified_time":"2025-06-13T07:22:50+00:00","og_image":[{"width":152,"height":500,"url":"https:\/\/micasa.lv\/wp-content\/uploads\/2025\/05\/27b7174e6db9fd744fb0340404d21699_135013012-velky.jpg","type":"image\/jpeg"}],"twitter_card":"summary_large_image","schema":{"@context":"https:\/\/schema.org","@graph":[{"@type":"WebPage","@id":"https:\/\/micasa.lv\/lv\/via-pie-sienas-stiprinams-tualetes-birstes-turetajs\/","url":"https:\/\/micasa.lv\/lv\/via-pie-sienas-stiprinams-tualetes-birstes-turetajs\/","name":"VIA: Pie sienas stiprin\u0101ms tualetes birstes tur\u0113t\u0101js - Micasa","isPartOf":{"@id":"https:\/\/micasa.lv\/lv\/#website"},"primaryImageOfPage":{"@id":"https:\/\/micasa.lv\/lv\/via-pie-sienas-stiprinams-tualetes-birstes-turetajs\/#primaryimage"},"image":{"@id":"https:\/\/micasa.lv\/lv\/via-pie-sienas-stiprinams-tualetes-birstes-turetajs\/#primaryimage"},"thumbnailUrl":"https:\/\/micasa.lv\/wp-content\/uploads\/2025\/05\/27b7174e6db9fd744fb0340404d21699_135013012-velky.jpg","datePublished":"2025-05-12T09:57:14+00:00","dateModified":"2025-06-13T07:22:50+00:00","breadcrumb":{"@id":"https:\/\/micasa.lv\/lv\/via-pie-sienas-stiprinams-tualetes-birstes-turetajs\/#breadcrumb"},"inLanguage":"lv-LV","potentialAction":[{"@type":"ReadAction","target":["https:\/\/micasa.lv\/lv\/via-pie-sienas-stiprinams-tualetes-birstes-turetajs\/"]}]},{"@type":"ImageObject","inLanguage":"lv-LV","@id":"https:\/\/micasa.lv\/lv\/via-pie-sienas-stiprinams-tualetes-birstes-turetajs\/#primaryimage","url":"https:\/\/micasa.lv\/wp-content\/uploads\/2025\/05\/27b7174e6db9fd744fb0340404d21699_135013012-velky.jpg","contentUrl":"https:\/\/micasa.lv\/wp-content\/uploads\/2025\/05\/27b7174e6db9fd744fb0340404d21699_135013012-velky.jpg","width":152,"height":500},{"@type":"BreadcrumbList","@id":"https:\/\/micasa.lv\/lv\/via-pie-sienas-stiprinams-tualetes-birstes-turetajs\/#breadcrumb","itemListElement":[{"@type":"ListItem","position":1,"name":"S\u0101kums","item":"https:\/\/micasa.lv\/lv\/micasa\/"},{"@type":"ListItem","position":2,"name":"Shop","item":"https:\/\/micasa.lv\/lv\/shop\/"},{"@type":"ListItem","position":3,"name":"VIA: Pie sienas stiprin\u0101ms tualetes birstes tur\u0113t\u0101js"}]},{"@type":"WebSite","@id":"https:\/\/micasa.lv\/lv\/#website","url":"https:\/\/micasa.lv\/lv\/","name":"Micasa","description":"","potentialAction":[{"@type":"SearchAction","target":{"@type":"EntryPoint","urlTemplate":"https:\/\/micasa.lv\/lv\/?s={search_term_string}"},"query-input":{"@type":"PropertyValueSpecification","valueRequired":true,"valueName":"search_term_string"}}],"inLanguage":"lv-LV"}]}},"wcpa_form_fields":null,"_links":{"self":[{"href":"https:\/\/micasa.lv\/lv\/wp-json\/wp\/v2\/product\/37710","targetHints":{"allow":["GET"]}}],"collection":[{"href":"https:\/\/micasa.lv\/lv\/wp-json\/wp\/v2\/product"}],"about":[{"href":"https:\/\/micasa.lv\/lv\/wp-json\/wp\/v2\/types\/product"}],"version-history":[{"count":1,"href":"https:\/\/micasa.lv\/lv\/wp-json\/wp\/v2\/product\/37710\/revisions"}],"predecessor-version":[{"id":37740,"href":"https:\/\/micasa.lv\/lv\/wp-json\/wp\/v2\/product\/37710\/revisions\/37740"}],"wp:featuredmedia":[{"embeddable":true,"href":"https:\/\/micasa.lv\/lv\/wp-json\/wp\/v2\/media\/37126"}],"wp:attachment":[{"href":"https:\/\/micasa.lv\/lv\/wp-json\/wp\/v2\/media?parent=37710"}],"wp:term":[{"taxonomy":"product_brand","embeddable":true,"href":"https:\/\/micasa.lv\/lv\/wp-json\/wp\/v2\/product_brand?post=37710"},{"taxonomy":"product_cat","embeddable":true,"href":"https:\/\/micasa.lv\/lv\/wp-json\/wp\/v2\/product_cat?post=37710"},{"taxonomy":"product_tag","embeddable":true,"href":"https:\/\/micasa.lv\/lv\/wp-json\/wp\/v2\/product_tag?post=37710"}],"curies":[{"name":"wp","href":"https:\/\/api.w.org\/{rel}","templated":true}]}}