{"id":37715,"date":"2025-05-12T12:57:15","date_gmt":"2025-05-12T09:57:15","guid":{"rendered":"https:\/\/test.micasa.lv\/?post_type=product&#038;p=37715"},"modified":"2025-06-13T10:22:52","modified_gmt":"2025-06-13T07:22:52","slug":"niki-dubultais-dvielu-turetajs-450-mm","status":"publish","type":"product","link":"https:\/\/micasa.lv\/lv\/niki-dubultais-dvielu-turetajs-450-mm\/","title":{"rendered":"NIKI: Dubultais dvie\u013cu tur\u0113t\u0101js, 450 mm"},"content":{"rendered":"<p>Minim\u0101listiskas preces par izdev\u012bgu cenu. NIKI ir ide\u0101li piem\u0113rotas visiem viegluma un vienk\u0101r\u0161\u012bbas cien\u012bt\u0101jiem bez liekas dekor\u0101cijas. Kolekciju papildina sudrabains tonis un hroma sp\u012bdums, ko bie\u017ei papildina mat\u0113ts stikls. Pateicoties augstas kvalit\u0101tes materi\u0101liem, produkti ir \u013coti iztur\u012bgi pret nodilumu un viegli saliekami un kopjami. Sortiment\u0101 domin\u0113 dvie\u013cu, zobu birstu un tualetes pap\u012bra tur\u0113t\u0101ji.<\/p>\n","protected":false},"excerpt":{"rendered":"<p>Minim\u0101listiskas preces par izdev\u012bgu cenu. NIKI ir ide\u0101li piem\u0113rotas visiem viegluma un vienk\u0101r\u0161\u012bbas cien\u012bt\u0101jiem bez liekas dekor\u0101cijas. Kolekciju papildina sudrabains<\/p>\n","protected":false},"featured_media":37132,"template":"","meta":[],"product_brand":[],"product_cat":[1859,1528],"product_tag":[],"class_list":{"0":"post-37715","1":"product","2":"type-product","3":"status-publish","4":"has-post-thumbnail","6":"product_cat-dvielu-turetaji","7":"product_cat-vannas-istabas-aksesuari","8":"pa_brand-bemeta-lv","10":"first","11":"instock","12":"taxable","13":"shipping-taxable","14":"purchasable","15":"product-type-simple"},"yoast_head":"<!-- This site is optimized with the Yoast SEO plugin v27.4 - https:\/\/yoast.com\/product\/yoast-seo-wordpress\/ -->\n<title>NIKI: Dubultais dvie\u013cu tur\u0113t\u0101js, 450 mm - Micasa<\/title>\n<meta name=\"robots\" content=\"index, follow, max-snippet:-1, max-image-preview:large, max-video-preview:-1\" \/>\n<link rel=\"canonical\" href=\"https:\/\/micasa.lv\/lv\/niki-dubultais-dvielu-turetajs-450-mm\/\" \/>\n<meta property=\"og:locale\" content=\"lv_LV\" \/>\n<meta property=\"og:type\" content=\"article\" \/>\n<meta property=\"og:title\" content=\"NIKI: Dubultais dvie\u013cu tur\u0113t\u0101js, 450 mm - Micasa\" \/>\n<meta property=\"og:description\" content=\"Minim\u0101listiskas preces par izdev\u012bgu cenu. NIKI ir ide\u0101li piem\u0113rotas visiem viegluma un vienk\u0101r\u0161\u012bbas cien\u012bt\u0101jiem bez liekas dekor\u0101cijas. Kolekciju papildina sudrabains\" \/>\n<meta property=\"og:url\" content=\"https:\/\/micasa.lv\/lv\/niki-dubultais-dvielu-turetajs-450-mm\/\" \/>\n<meta property=\"og:site_name\" content=\"Micasa\" \/>\n<meta property=\"article:modified_time\" content=\"2025-06-13T07:22:52+00:00\" \/>\n<meta property=\"og:image\" content=\"https:\/\/micasa.lv\/wp-content\/uploads\/2025\/05\/57b3e758c065ec05326c7047abb351f5_153104052-velky.jpg\" \/>\n\t<meta property=\"og:image:width\" content=\"500\" \/>\n\t<meta property=\"og:image:height\" content=\"131\" \/>\n\t<meta property=\"og:image:type\" content=\"image\/jpeg\" \/>\n<meta name=\"twitter:card\" content=\"summary_large_image\" \/>\n<script type=\"application\/ld+json\" class=\"yoast-schema-graph\">{\"@context\":\"https:\\\/\\\/schema.org\",\"@graph\":[{\"@type\":\"WebPage\",\"@id\":\"https:\\\/\\\/micasa.lv\\\/lv\\\/niki-dubultais-dvielu-turetajs-450-mm\\\/\",\"url\":\"https:\\\/\\\/micasa.lv\\\/lv\\\/niki-dubultais-dvielu-turetajs-450-mm\\\/\",\"name\":\"NIKI: Dubultais dvie\u013cu tur\u0113t\u0101js, 450 mm - Micasa\",\"isPartOf\":{\"@id\":\"https:\\\/\\\/micasa.lv\\\/lv\\\/#website\"},\"primaryImageOfPage\":{\"@id\":\"https:\\\/\\\/micasa.lv\\\/lv\\\/niki-dubultais-dvielu-turetajs-450-mm\\\/#primaryimage\"},\"image\":{\"@id\":\"https:\\\/\\\/micasa.lv\\\/lv\\\/niki-dubultais-dvielu-turetajs-450-mm\\\/#primaryimage\"},\"thumbnailUrl\":\"https:\\\/\\\/micasa.lv\\\/wp-content\\\/uploads\\\/2025\\\/05\\\/57b3e758c065ec05326c7047abb351f5_153104052-velky.jpg\",\"datePublished\":\"2025-05-12T09:57:15+00:00\",\"dateModified\":\"2025-06-13T07:22:52+00:00\",\"breadcrumb\":{\"@id\":\"https:\\\/\\\/micasa.lv\\\/lv\\\/niki-dubultais-dvielu-turetajs-450-mm\\\/#breadcrumb\"},\"inLanguage\":\"lv-LV\",\"potentialAction\":[{\"@type\":\"ReadAction\",\"target\":[\"https:\\\/\\\/micasa.lv\\\/lv\\\/niki-dubultais-dvielu-turetajs-450-mm\\\/\"]}]},{\"@type\":\"ImageObject\",\"inLanguage\":\"lv-LV\",\"@id\":\"https:\\\/\\\/micasa.lv\\\/lv\\\/niki-dubultais-dvielu-turetajs-450-mm\\\/#primaryimage\",\"url\":\"https:\\\/\\\/micasa.lv\\\/wp-content\\\/uploads\\\/2025\\\/05\\\/57b3e758c065ec05326c7047abb351f5_153104052-velky.jpg\",\"contentUrl\":\"https:\\\/\\\/micasa.lv\\\/wp-content\\\/uploads\\\/2025\\\/05\\\/57b3e758c065ec05326c7047abb351f5_153104052-velky.jpg\",\"width\":500,\"height\":131},{\"@type\":\"BreadcrumbList\",\"@id\":\"https:\\\/\\\/micasa.lv\\\/lv\\\/niki-dubultais-dvielu-turetajs-450-mm\\\/#breadcrumb\",\"itemListElement\":[{\"@type\":\"ListItem\",\"position\":1,\"name\":\"S\u0101kums\",\"item\":\"https:\\\/\\\/micasa.lv\\\/lv\\\/micasa\\\/\"},{\"@type\":\"ListItem\",\"position\":2,\"name\":\"Shop\",\"item\":\"https:\\\/\\\/micasa.lv\\\/lv\\\/shop\\\/\"},{\"@type\":\"ListItem\",\"position\":3,\"name\":\"NIKI: Dubultais dvie\u013cu tur\u0113t\u0101js, 450 mm\"}]},{\"@type\":\"WebSite\",\"@id\":\"https:\\\/\\\/micasa.lv\\\/lv\\\/#website\",\"url\":\"https:\\\/\\\/micasa.lv\\\/lv\\\/\",\"name\":\"Micasa\",\"description\":\"\",\"potentialAction\":[{\"@type\":\"SearchAction\",\"target\":{\"@type\":\"EntryPoint\",\"urlTemplate\":\"https:\\\/\\\/micasa.lv\\\/lv\\\/?s={search_term_string}\"},\"query-input\":{\"@type\":\"PropertyValueSpecification\",\"valueRequired\":true,\"valueName\":\"search_term_string\"}}],\"inLanguage\":\"lv-LV\"}]}<\/script>\n<!-- \/ Yoast SEO plugin. -->","yoast_head_json":{"title":"NIKI: Dubultais dvie\u013cu tur\u0113t\u0101js, 450 mm - Micasa","robots":{"index":"index","follow":"follow","max-snippet":"max-snippet:-1","max-image-preview":"max-image-preview:large","max-video-preview":"max-video-preview:-1"},"canonical":"https:\/\/micasa.lv\/lv\/niki-dubultais-dvielu-turetajs-450-mm\/","og_locale":"lv_LV","og_type":"article","og_title":"NIKI: Dubultais dvie\u013cu tur\u0113t\u0101js, 450 mm - Micasa","og_description":"Minim\u0101listiskas preces par izdev\u012bgu cenu. NIKI ir ide\u0101li piem\u0113rotas visiem viegluma un vienk\u0101r\u0161\u012bbas cien\u012bt\u0101jiem bez liekas dekor\u0101cijas. Kolekciju papildina sudrabains","og_url":"https:\/\/micasa.lv\/lv\/niki-dubultais-dvielu-turetajs-450-mm\/","og_site_name":"Micasa","article_modified_time":"2025-06-13T07:22:52+00:00","og_image":[{"width":500,"height":131,"url":"https:\/\/micasa.lv\/wp-content\/uploads\/2025\/05\/57b3e758c065ec05326c7047abb351f5_153104052-velky.jpg","type":"image\/jpeg"}],"twitter_card":"summary_large_image","schema":{"@context":"https:\/\/schema.org","@graph":[{"@type":"WebPage","@id":"https:\/\/micasa.lv\/lv\/niki-dubultais-dvielu-turetajs-450-mm\/","url":"https:\/\/micasa.lv\/lv\/niki-dubultais-dvielu-turetajs-450-mm\/","name":"NIKI: Dubultais dvie\u013cu tur\u0113t\u0101js, 450 mm - Micasa","isPartOf":{"@id":"https:\/\/micasa.lv\/lv\/#website"},"primaryImageOfPage":{"@id":"https:\/\/micasa.lv\/lv\/niki-dubultais-dvielu-turetajs-450-mm\/#primaryimage"},"image":{"@id":"https:\/\/micasa.lv\/lv\/niki-dubultais-dvielu-turetajs-450-mm\/#primaryimage"},"thumbnailUrl":"https:\/\/micasa.lv\/wp-content\/uploads\/2025\/05\/57b3e758c065ec05326c7047abb351f5_153104052-velky.jpg","datePublished":"2025-05-12T09:57:15+00:00","dateModified":"2025-06-13T07:22:52+00:00","breadcrumb":{"@id":"https:\/\/micasa.lv\/lv\/niki-dubultais-dvielu-turetajs-450-mm\/#breadcrumb"},"inLanguage":"lv-LV","potentialAction":[{"@type":"ReadAction","target":["https:\/\/micasa.lv\/lv\/niki-dubultais-dvielu-turetajs-450-mm\/"]}]},{"@type":"ImageObject","inLanguage":"lv-LV","@id":"https:\/\/micasa.lv\/lv\/niki-dubultais-dvielu-turetajs-450-mm\/#primaryimage","url":"https:\/\/micasa.lv\/wp-content\/uploads\/2025\/05\/57b3e758c065ec05326c7047abb351f5_153104052-velky.jpg","contentUrl":"https:\/\/micasa.lv\/wp-content\/uploads\/2025\/05\/57b3e758c065ec05326c7047abb351f5_153104052-velky.jpg","width":500,"height":131},{"@type":"BreadcrumbList","@id":"https:\/\/micasa.lv\/lv\/niki-dubultais-dvielu-turetajs-450-mm\/#breadcrumb","itemListElement":[{"@type":"ListItem","position":1,"name":"S\u0101kums","item":"https:\/\/micasa.lv\/lv\/micasa\/"},{"@type":"ListItem","position":2,"name":"Shop","item":"https:\/\/micasa.lv\/lv\/shop\/"},{"@type":"ListItem","position":3,"name":"NIKI: Dubultais dvie\u013cu tur\u0113t\u0101js, 450 mm"}]},{"@type":"WebSite","@id":"https:\/\/micasa.lv\/lv\/#website","url":"https:\/\/micasa.lv\/lv\/","name":"Micasa","description":"","potentialAction":[{"@type":"SearchAction","target":{"@type":"EntryPoint","urlTemplate":"https:\/\/micasa.lv\/lv\/?s={search_term_string}"},"query-input":{"@type":"PropertyValueSpecification","valueRequired":true,"valueName":"search_term_string"}}],"inLanguage":"lv-LV"}]}},"wcpa_form_fields":null,"_links":{"self":[{"href":"https:\/\/micasa.lv\/lv\/wp-json\/wp\/v2\/product\/37715","targetHints":{"allow":["GET"]}}],"collection":[{"href":"https:\/\/micasa.lv\/lv\/wp-json\/wp\/v2\/product"}],"about":[{"href":"https:\/\/micasa.lv\/lv\/wp-json\/wp\/v2\/types\/product"}],"version-history":[{"count":1,"href":"https:\/\/micasa.lv\/lv\/wp-json\/wp\/v2\/product\/37715\/revisions"}],"predecessor-version":[{"id":37745,"href":"https:\/\/micasa.lv\/lv\/wp-json\/wp\/v2\/product\/37715\/revisions\/37745"}],"wp:featuredmedia":[{"embeddable":true,"href":"https:\/\/micasa.lv\/lv\/wp-json\/wp\/v2\/media\/37132"}],"wp:attachment":[{"href":"https:\/\/micasa.lv\/lv\/wp-json\/wp\/v2\/media?parent=37715"}],"wp:term":[{"taxonomy":"product_brand","embeddable":true,"href":"https:\/\/micasa.lv\/lv\/wp-json\/wp\/v2\/product_brand?post=37715"},{"taxonomy":"product_cat","embeddable":true,"href":"https:\/\/micasa.lv\/lv\/wp-json\/wp\/v2\/product_cat?post=37715"},{"taxonomy":"product_tag","embeddable":true,"href":"https:\/\/micasa.lv\/lv\/wp-json\/wp\/v2\/product_tag?post=37715"}],"curies":[{"name":"wp","href":"https:\/\/api.w.org\/{rel}","templated":true}]}}