{"id":38544,"date":"2025-05-12T14:05:06","date_gmt":"2025-05-12T11:05:06","guid":{"rendered":"https:\/\/test.micasa.lv\/?post_type=product&#038;p=38544"},"modified":"2025-06-13T10:24:16","modified_gmt":"2025-06-13T07:24:16","slug":"atkritumu-skirosanas-tvertne-2x15-l","status":"publish","type":"product","link":"https:\/\/micasa.lv\/lv\/atkritumu-skirosanas-tvertne-2x15-l\/","title":{"rendered":"Atkritumu \u0161\u0137iro\u0161anas tvertne, 2&#215;15 l"},"content":{"rendered":"<p>Atkritumu \u0161\u0137iro\u0161ana nekad nav bijusi tik vienk\u0101r\u0161a! \u267b\ufe0f Ner\u016bs\u0113jo\u0161\u0101 t\u0113rauda EKO atkritumu tvertne ar 15l + 15l konteineriem. \u2714\ufe0f ped\u0101\u013ca atv\u0113r\u0161ana \u2714\ufe0f m\u012bksta aizv\u0113r\u0161ana \u2714\ufe0f pirkstu nospiedumu iztur\u012bgs \u2714\ufe0f BEZMAKSAS PIEG\u0100DE<\/p>\n","protected":false},"excerpt":{"rendered":"<p>Atkritumu \u0161\u0137iro\u0161ana nekad nav bijusi tik vienk\u0101r\u0161a! \u267b\ufe0f Ner\u016bs\u0113jo\u0161\u0101 t\u0113rauda EKO atkritumu tvertne ar 15l + 15l konteineriem. \u2714\ufe0f ped\u0101\u013ca<\/p>\n","protected":false},"featured_media":38125,"template":"","meta":[],"product_brand":[],"product_cat":[1879,1528],"product_tag":[],"class_list":{"0":"post-38544","1":"product","2":"type-product","3":"status-publish","4":"has-post-thumbnail","6":"product_cat-atkritumu-tvertnes","7":"product_cat-vannas-istabas-aksesuari","8":"pa_brand-bemeta-lv","10":"first","11":"instock","12":"taxable","13":"shipping-taxable","14":"purchasable","15":"product-type-simple"},"yoast_head":"<!-- This site is optimized with the Yoast SEO plugin v27.4 - https:\/\/yoast.com\/product\/yoast-seo-wordpress\/ -->\n<title>Atkritumu \u0161\u0137iro\u0161anas tvertne, 2x15 l - Micasa<\/title>\n<meta name=\"robots\" content=\"index, follow, max-snippet:-1, max-image-preview:large, max-video-preview:-1\" \/>\n<link rel=\"canonical\" href=\"https:\/\/micasa.lv\/lv\/atkritumu-skirosanas-tvertne-2x15-l\/\" \/>\n<meta property=\"og:locale\" content=\"lv_LV\" \/>\n<meta property=\"og:type\" content=\"article\" \/>\n<meta property=\"og:title\" content=\"Atkritumu \u0161\u0137iro\u0161anas tvertne, 2x15 l - Micasa\" \/>\n<meta property=\"og:description\" content=\"Atkritumu \u0161\u0137iro\u0161ana nekad nav bijusi tik vienk\u0101r\u0161a! \u267b\ufe0f Ner\u016bs\u0113jo\u0161\u0101 t\u0113rauda EKO atkritumu tvertne ar 15l + 15l konteineriem. \u2714\ufe0f ped\u0101\u013ca\" \/>\n<meta property=\"og:url\" content=\"https:\/\/micasa.lv\/lv\/atkritumu-skirosanas-tvertne-2x15-l\/\" \/>\n<meta property=\"og:site_name\" content=\"Micasa\" \/>\n<meta property=\"article:modified_time\" content=\"2025-06-13T07:24:16+00:00\" \/>\n<meta property=\"og:image\" content=\"https:\/\/micasa.lv\/wp-content\/uploads\/2025\/05\/b980d41bf938b335ce6ad359d5a48541_137115165-velky.jpg\" \/>\n\t<meta property=\"og:image:width\" content=\"404\" \/>\n\t<meta property=\"og:image:height\" content=\"500\" \/>\n\t<meta property=\"og:image:type\" content=\"image\/jpeg\" \/>\n<meta name=\"twitter:card\" content=\"summary_large_image\" \/>\n<script type=\"application\/ld+json\" class=\"yoast-schema-graph\">{\"@context\":\"https:\\\/\\\/schema.org\",\"@graph\":[{\"@type\":\"WebPage\",\"@id\":\"https:\\\/\\\/micasa.lv\\\/lv\\\/atkritumu-skirosanas-tvertne-2x15-l\\\/\",\"url\":\"https:\\\/\\\/micasa.lv\\\/lv\\\/atkritumu-skirosanas-tvertne-2x15-l\\\/\",\"name\":\"Atkritumu \u0161\u0137iro\u0161anas tvertne, 2x15 l - Micasa\",\"isPartOf\":{\"@id\":\"https:\\\/\\\/micasa.lv\\\/lv\\\/#website\"},\"primaryImageOfPage\":{\"@id\":\"https:\\\/\\\/micasa.lv\\\/lv\\\/atkritumu-skirosanas-tvertne-2x15-l\\\/#primaryimage\"},\"image\":{\"@id\":\"https:\\\/\\\/micasa.lv\\\/lv\\\/atkritumu-skirosanas-tvertne-2x15-l\\\/#primaryimage\"},\"thumbnailUrl\":\"https:\\\/\\\/micasa.lv\\\/wp-content\\\/uploads\\\/2025\\\/05\\\/b980d41bf938b335ce6ad359d5a48541_137115165-velky.jpg\",\"datePublished\":\"2025-05-12T11:05:06+00:00\",\"dateModified\":\"2025-06-13T07:24:16+00:00\",\"breadcrumb\":{\"@id\":\"https:\\\/\\\/micasa.lv\\\/lv\\\/atkritumu-skirosanas-tvertne-2x15-l\\\/#breadcrumb\"},\"inLanguage\":\"lv-LV\",\"potentialAction\":[{\"@type\":\"ReadAction\",\"target\":[\"https:\\\/\\\/micasa.lv\\\/lv\\\/atkritumu-skirosanas-tvertne-2x15-l\\\/\"]}]},{\"@type\":\"ImageObject\",\"inLanguage\":\"lv-LV\",\"@id\":\"https:\\\/\\\/micasa.lv\\\/lv\\\/atkritumu-skirosanas-tvertne-2x15-l\\\/#primaryimage\",\"url\":\"https:\\\/\\\/micasa.lv\\\/wp-content\\\/uploads\\\/2025\\\/05\\\/b980d41bf938b335ce6ad359d5a48541_137115165-velky.jpg\",\"contentUrl\":\"https:\\\/\\\/micasa.lv\\\/wp-content\\\/uploads\\\/2025\\\/05\\\/b980d41bf938b335ce6ad359d5a48541_137115165-velky.jpg\",\"width\":404,\"height\":500},{\"@type\":\"BreadcrumbList\",\"@id\":\"https:\\\/\\\/micasa.lv\\\/lv\\\/atkritumu-skirosanas-tvertne-2x15-l\\\/#breadcrumb\",\"itemListElement\":[{\"@type\":\"ListItem\",\"position\":1,\"name\":\"S\u0101kums\",\"item\":\"https:\\\/\\\/micasa.lv\\\/lv\\\/micasa\\\/\"},{\"@type\":\"ListItem\",\"position\":2,\"name\":\"Shop\",\"item\":\"https:\\\/\\\/micasa.lv\\\/lv\\\/shop\\\/\"},{\"@type\":\"ListItem\",\"position\":3,\"name\":\"Atkritumu \u0161\u0137iro\u0161anas tvertne, 2&#215;15 l\"}]},{\"@type\":\"WebSite\",\"@id\":\"https:\\\/\\\/micasa.lv\\\/lv\\\/#website\",\"url\":\"https:\\\/\\\/micasa.lv\\\/lv\\\/\",\"name\":\"Micasa\",\"description\":\"\",\"potentialAction\":[{\"@type\":\"SearchAction\",\"target\":{\"@type\":\"EntryPoint\",\"urlTemplate\":\"https:\\\/\\\/micasa.lv\\\/lv\\\/?s={search_term_string}\"},\"query-input\":{\"@type\":\"PropertyValueSpecification\",\"valueRequired\":true,\"valueName\":\"search_term_string\"}}],\"inLanguage\":\"lv-LV\"}]}<\/script>\n<!-- \/ Yoast SEO plugin. -->","yoast_head_json":{"title":"Atkritumu \u0161\u0137iro\u0161anas tvertne, 2x15 l - Micasa","robots":{"index":"index","follow":"follow","max-snippet":"max-snippet:-1","max-image-preview":"max-image-preview:large","max-video-preview":"max-video-preview:-1"},"canonical":"https:\/\/micasa.lv\/lv\/atkritumu-skirosanas-tvertne-2x15-l\/","og_locale":"lv_LV","og_type":"article","og_title":"Atkritumu \u0161\u0137iro\u0161anas tvertne, 2x15 l - Micasa","og_description":"Atkritumu \u0161\u0137iro\u0161ana nekad nav bijusi tik vienk\u0101r\u0161a! \u267b\ufe0f Ner\u016bs\u0113jo\u0161\u0101 t\u0113rauda EKO atkritumu tvertne ar 15l + 15l konteineriem. \u2714\ufe0f ped\u0101\u013ca","og_url":"https:\/\/micasa.lv\/lv\/atkritumu-skirosanas-tvertne-2x15-l\/","og_site_name":"Micasa","article_modified_time":"2025-06-13T07:24:16+00:00","og_image":[{"width":404,"height":500,"url":"https:\/\/micasa.lv\/wp-content\/uploads\/2025\/05\/b980d41bf938b335ce6ad359d5a48541_137115165-velky.jpg","type":"image\/jpeg"}],"twitter_card":"summary_large_image","schema":{"@context":"https:\/\/schema.org","@graph":[{"@type":"WebPage","@id":"https:\/\/micasa.lv\/lv\/atkritumu-skirosanas-tvertne-2x15-l\/","url":"https:\/\/micasa.lv\/lv\/atkritumu-skirosanas-tvertne-2x15-l\/","name":"Atkritumu \u0161\u0137iro\u0161anas tvertne, 2x15 l - Micasa","isPartOf":{"@id":"https:\/\/micasa.lv\/lv\/#website"},"primaryImageOfPage":{"@id":"https:\/\/micasa.lv\/lv\/atkritumu-skirosanas-tvertne-2x15-l\/#primaryimage"},"image":{"@id":"https:\/\/micasa.lv\/lv\/atkritumu-skirosanas-tvertne-2x15-l\/#primaryimage"},"thumbnailUrl":"https:\/\/micasa.lv\/wp-content\/uploads\/2025\/05\/b980d41bf938b335ce6ad359d5a48541_137115165-velky.jpg","datePublished":"2025-05-12T11:05:06+00:00","dateModified":"2025-06-13T07:24:16+00:00","breadcrumb":{"@id":"https:\/\/micasa.lv\/lv\/atkritumu-skirosanas-tvertne-2x15-l\/#breadcrumb"},"inLanguage":"lv-LV","potentialAction":[{"@type":"ReadAction","target":["https:\/\/micasa.lv\/lv\/atkritumu-skirosanas-tvertne-2x15-l\/"]}]},{"@type":"ImageObject","inLanguage":"lv-LV","@id":"https:\/\/micasa.lv\/lv\/atkritumu-skirosanas-tvertne-2x15-l\/#primaryimage","url":"https:\/\/micasa.lv\/wp-content\/uploads\/2025\/05\/b980d41bf938b335ce6ad359d5a48541_137115165-velky.jpg","contentUrl":"https:\/\/micasa.lv\/wp-content\/uploads\/2025\/05\/b980d41bf938b335ce6ad359d5a48541_137115165-velky.jpg","width":404,"height":500},{"@type":"BreadcrumbList","@id":"https:\/\/micasa.lv\/lv\/atkritumu-skirosanas-tvertne-2x15-l\/#breadcrumb","itemListElement":[{"@type":"ListItem","position":1,"name":"S\u0101kums","item":"https:\/\/micasa.lv\/lv\/micasa\/"},{"@type":"ListItem","position":2,"name":"Shop","item":"https:\/\/micasa.lv\/lv\/shop\/"},{"@type":"ListItem","position":3,"name":"Atkritumu \u0161\u0137iro\u0161anas tvertne, 2&#215;15 l"}]},{"@type":"WebSite","@id":"https:\/\/micasa.lv\/lv\/#website","url":"https:\/\/micasa.lv\/lv\/","name":"Micasa","description":"","potentialAction":[{"@type":"SearchAction","target":{"@type":"EntryPoint","urlTemplate":"https:\/\/micasa.lv\/lv\/?s={search_term_string}"},"query-input":{"@type":"PropertyValueSpecification","valueRequired":true,"valueName":"search_term_string"}}],"inLanguage":"lv-LV"}]}},"wcpa_form_fields":null,"_links":{"self":[{"href":"https:\/\/micasa.lv\/lv\/wp-json\/wp\/v2\/product\/38544","targetHints":{"allow":["GET"]}}],"collection":[{"href":"https:\/\/micasa.lv\/lv\/wp-json\/wp\/v2\/product"}],"about":[{"href":"https:\/\/micasa.lv\/lv\/wp-json\/wp\/v2\/types\/product"}],"version-history":[{"count":1,"href":"https:\/\/micasa.lv\/lv\/wp-json\/wp\/v2\/product\/38544\/revisions"}],"predecessor-version":[{"id":38574,"href":"https:\/\/micasa.lv\/lv\/wp-json\/wp\/v2\/product\/38544\/revisions\/38574"}],"wp:featuredmedia":[{"embeddable":true,"href":"https:\/\/micasa.lv\/lv\/wp-json\/wp\/v2\/media\/38125"}],"wp:attachment":[{"href":"https:\/\/micasa.lv\/lv\/wp-json\/wp\/v2\/media?parent=38544"}],"wp:term":[{"taxonomy":"product_brand","embeddable":true,"href":"https:\/\/micasa.lv\/lv\/wp-json\/wp\/v2\/product_brand?post=38544"},{"taxonomy":"product_cat","embeddable":true,"href":"https:\/\/micasa.lv\/lv\/wp-json\/wp\/v2\/product_cat?post=38544"},{"taxonomy":"product_tag","embeddable":true,"href":"https:\/\/micasa.lv\/lv\/wp-json\/wp\/v2\/product_tag?post=38544"}],"curies":[{"name":"wp","href":"https:\/\/api.w.org\/{rel}","templated":true}]}}