{"id":38548,"date":"2025-05-12T14:05:07","date_gmt":"2025-05-12T11:05:07","guid":{"rendered":"https:\/\/test.micasa.lv\/?post_type=product&#038;p=38548"},"modified":"2025-06-13T10:24:17","modified_gmt":"2025-06-13T07:24:17","slug":"retro-bronze-atkritumu-tvertne-3-l","status":"publish","type":"product","link":"https:\/\/micasa.lv\/lv\/retro-bronze-atkritumu-tvertne-3-l\/","title":{"rendered":"RETRO bronze: Atkritumu tvertne, 3 l"},"content":{"rendered":"<p>\u0160is ir \u012bsts \u010dempions visiem labo veco laiku cien\u012bt\u0101jiem. Izv\u0113lieties vannas istabas aksesu\u0101rus no RETRO kl\u0101sta, un j\u016bsu vannas istaba p\u0101rv\u0113rt\u012bsies par apsl\u0113ptu Versa\u013cas pils budu\u0101ru. Izv\u0113lieties no trim apdar\u0113m: misi\u0146a, hroma, zelta\/hroma.<\/p>\n","protected":false},"excerpt":{"rendered":"<p>\u0160is ir \u012bsts \u010dempions visiem labo veco laiku cien\u012bt\u0101jiem. Izv\u0113lieties vannas istabas aksesu\u0101rus no RETRO kl\u0101sta, un j\u016bsu vannas istaba<\/p>\n","protected":false},"featured_media":38032,"template":"","meta":[],"product_brand":[],"product_cat":[1879,1528],"product_tag":[],"class_list":{"0":"post-38548","1":"product","2":"type-product","3":"status-publish","4":"has-post-thumbnail","6":"product_cat-atkritumu-tvertnes","7":"product_cat-vannas-istabas-aksesuari","8":"pa_brand-bemeta-lv","10":"first","11":"instock","12":"taxable","13":"shipping-taxable","14":"purchasable","15":"product-type-simple"},"yoast_head":"<!-- This site is optimized with the Yoast SEO plugin v27.4 - https:\/\/yoast.com\/product\/yoast-seo-wordpress\/ -->\n<title>RETRO bronze: Atkritumu tvertne, 3 l - Micasa<\/title>\n<meta name=\"robots\" content=\"index, follow, max-snippet:-1, max-image-preview:large, max-video-preview:-1\" \/>\n<link rel=\"canonical\" href=\"https:\/\/micasa.lv\/lv\/retro-bronze-atkritumu-tvertne-3-l\/\" \/>\n<meta property=\"og:locale\" content=\"lv_LV\" \/>\n<meta property=\"og:type\" content=\"article\" \/>\n<meta property=\"og:title\" content=\"RETRO bronze: Atkritumu tvertne, 3 l - Micasa\" \/>\n<meta property=\"og:description\" content=\"\u0160is ir \u012bsts \u010dempions visiem labo veco laiku cien\u012bt\u0101jiem. Izv\u0113lieties vannas istabas aksesu\u0101rus no RETRO kl\u0101sta, un j\u016bsu vannas istaba\" \/>\n<meta property=\"og:url\" content=\"https:\/\/micasa.lv\/lv\/retro-bronze-atkritumu-tvertne-3-l\/\" \/>\n<meta property=\"og:site_name\" content=\"Micasa\" \/>\n<meta property=\"article:modified_time\" content=\"2025-06-13T07:24:17+00:00\" \/>\n<meta property=\"og:image\" content=\"https:\/\/micasa.lv\/wp-content\/uploads\/2025\/05\/73b0513a18ec6091ae12a7636b91cada_104315023-velky.jpg\" \/>\n\t<meta property=\"og:image:width\" content=\"307\" \/>\n\t<meta property=\"og:image:height\" content=\"500\" \/>\n\t<meta property=\"og:image:type\" content=\"image\/jpeg\" \/>\n<meta name=\"twitter:card\" content=\"summary_large_image\" \/>\n<script type=\"application\/ld+json\" class=\"yoast-schema-graph\">{\"@context\":\"https:\\\/\\\/schema.org\",\"@graph\":[{\"@type\":\"WebPage\",\"@id\":\"https:\\\/\\\/micasa.lv\\\/lv\\\/retro-bronze-atkritumu-tvertne-3-l\\\/\",\"url\":\"https:\\\/\\\/micasa.lv\\\/lv\\\/retro-bronze-atkritumu-tvertne-3-l\\\/\",\"name\":\"RETRO bronze: Atkritumu tvertne, 3 l - Micasa\",\"isPartOf\":{\"@id\":\"https:\\\/\\\/micasa.lv\\\/lv\\\/#website\"},\"primaryImageOfPage\":{\"@id\":\"https:\\\/\\\/micasa.lv\\\/lv\\\/retro-bronze-atkritumu-tvertne-3-l\\\/#primaryimage\"},\"image\":{\"@id\":\"https:\\\/\\\/micasa.lv\\\/lv\\\/retro-bronze-atkritumu-tvertne-3-l\\\/#primaryimage\"},\"thumbnailUrl\":\"https:\\\/\\\/micasa.lv\\\/wp-content\\\/uploads\\\/2025\\\/05\\\/73b0513a18ec6091ae12a7636b91cada_104315023-velky.jpg\",\"datePublished\":\"2025-05-12T11:05:07+00:00\",\"dateModified\":\"2025-06-13T07:24:17+00:00\",\"breadcrumb\":{\"@id\":\"https:\\\/\\\/micasa.lv\\\/lv\\\/retro-bronze-atkritumu-tvertne-3-l\\\/#breadcrumb\"},\"inLanguage\":\"lv-LV\",\"potentialAction\":[{\"@type\":\"ReadAction\",\"target\":[\"https:\\\/\\\/micasa.lv\\\/lv\\\/retro-bronze-atkritumu-tvertne-3-l\\\/\"]}]},{\"@type\":\"ImageObject\",\"inLanguage\":\"lv-LV\",\"@id\":\"https:\\\/\\\/micasa.lv\\\/lv\\\/retro-bronze-atkritumu-tvertne-3-l\\\/#primaryimage\",\"url\":\"https:\\\/\\\/micasa.lv\\\/wp-content\\\/uploads\\\/2025\\\/05\\\/73b0513a18ec6091ae12a7636b91cada_104315023-velky.jpg\",\"contentUrl\":\"https:\\\/\\\/micasa.lv\\\/wp-content\\\/uploads\\\/2025\\\/05\\\/73b0513a18ec6091ae12a7636b91cada_104315023-velky.jpg\",\"width\":307,\"height\":500},{\"@type\":\"BreadcrumbList\",\"@id\":\"https:\\\/\\\/micasa.lv\\\/lv\\\/retro-bronze-atkritumu-tvertne-3-l\\\/#breadcrumb\",\"itemListElement\":[{\"@type\":\"ListItem\",\"position\":1,\"name\":\"S\u0101kums\",\"item\":\"https:\\\/\\\/micasa.lv\\\/lv\\\/micasa\\\/\"},{\"@type\":\"ListItem\",\"position\":2,\"name\":\"Shop\",\"item\":\"https:\\\/\\\/micasa.lv\\\/lv\\\/shop\\\/\"},{\"@type\":\"ListItem\",\"position\":3,\"name\":\"RETRO bronze: Atkritumu tvertne, 3 l\"}]},{\"@type\":\"WebSite\",\"@id\":\"https:\\\/\\\/micasa.lv\\\/lv\\\/#website\",\"url\":\"https:\\\/\\\/micasa.lv\\\/lv\\\/\",\"name\":\"Micasa\",\"description\":\"\",\"potentialAction\":[{\"@type\":\"SearchAction\",\"target\":{\"@type\":\"EntryPoint\",\"urlTemplate\":\"https:\\\/\\\/micasa.lv\\\/lv\\\/?s={search_term_string}\"},\"query-input\":{\"@type\":\"PropertyValueSpecification\",\"valueRequired\":true,\"valueName\":\"search_term_string\"}}],\"inLanguage\":\"lv-LV\"}]}<\/script>\n<!-- \/ Yoast SEO plugin. -->","yoast_head_json":{"title":"RETRO bronze: Atkritumu tvertne, 3 l - Micasa","robots":{"index":"index","follow":"follow","max-snippet":"max-snippet:-1","max-image-preview":"max-image-preview:large","max-video-preview":"max-video-preview:-1"},"canonical":"https:\/\/micasa.lv\/lv\/retro-bronze-atkritumu-tvertne-3-l\/","og_locale":"lv_LV","og_type":"article","og_title":"RETRO bronze: Atkritumu tvertne, 3 l - Micasa","og_description":"\u0160is ir \u012bsts \u010dempions visiem labo veco laiku cien\u012bt\u0101jiem. Izv\u0113lieties vannas istabas aksesu\u0101rus no RETRO kl\u0101sta, un j\u016bsu vannas istaba","og_url":"https:\/\/micasa.lv\/lv\/retro-bronze-atkritumu-tvertne-3-l\/","og_site_name":"Micasa","article_modified_time":"2025-06-13T07:24:17+00:00","og_image":[{"width":307,"height":500,"url":"https:\/\/micasa.lv\/wp-content\/uploads\/2025\/05\/73b0513a18ec6091ae12a7636b91cada_104315023-velky.jpg","type":"image\/jpeg"}],"twitter_card":"summary_large_image","schema":{"@context":"https:\/\/schema.org","@graph":[{"@type":"WebPage","@id":"https:\/\/micasa.lv\/lv\/retro-bronze-atkritumu-tvertne-3-l\/","url":"https:\/\/micasa.lv\/lv\/retro-bronze-atkritumu-tvertne-3-l\/","name":"RETRO bronze: Atkritumu tvertne, 3 l - Micasa","isPartOf":{"@id":"https:\/\/micasa.lv\/lv\/#website"},"primaryImageOfPage":{"@id":"https:\/\/micasa.lv\/lv\/retro-bronze-atkritumu-tvertne-3-l\/#primaryimage"},"image":{"@id":"https:\/\/micasa.lv\/lv\/retro-bronze-atkritumu-tvertne-3-l\/#primaryimage"},"thumbnailUrl":"https:\/\/micasa.lv\/wp-content\/uploads\/2025\/05\/73b0513a18ec6091ae12a7636b91cada_104315023-velky.jpg","datePublished":"2025-05-12T11:05:07+00:00","dateModified":"2025-06-13T07:24:17+00:00","breadcrumb":{"@id":"https:\/\/micasa.lv\/lv\/retro-bronze-atkritumu-tvertne-3-l\/#breadcrumb"},"inLanguage":"lv-LV","potentialAction":[{"@type":"ReadAction","target":["https:\/\/micasa.lv\/lv\/retro-bronze-atkritumu-tvertne-3-l\/"]}]},{"@type":"ImageObject","inLanguage":"lv-LV","@id":"https:\/\/micasa.lv\/lv\/retro-bronze-atkritumu-tvertne-3-l\/#primaryimage","url":"https:\/\/micasa.lv\/wp-content\/uploads\/2025\/05\/73b0513a18ec6091ae12a7636b91cada_104315023-velky.jpg","contentUrl":"https:\/\/micasa.lv\/wp-content\/uploads\/2025\/05\/73b0513a18ec6091ae12a7636b91cada_104315023-velky.jpg","width":307,"height":500},{"@type":"BreadcrumbList","@id":"https:\/\/micasa.lv\/lv\/retro-bronze-atkritumu-tvertne-3-l\/#breadcrumb","itemListElement":[{"@type":"ListItem","position":1,"name":"S\u0101kums","item":"https:\/\/micasa.lv\/lv\/micasa\/"},{"@type":"ListItem","position":2,"name":"Shop","item":"https:\/\/micasa.lv\/lv\/shop\/"},{"@type":"ListItem","position":3,"name":"RETRO bronze: Atkritumu tvertne, 3 l"}]},{"@type":"WebSite","@id":"https:\/\/micasa.lv\/lv\/#website","url":"https:\/\/micasa.lv\/lv\/","name":"Micasa","description":"","potentialAction":[{"@type":"SearchAction","target":{"@type":"EntryPoint","urlTemplate":"https:\/\/micasa.lv\/lv\/?s={search_term_string}"},"query-input":{"@type":"PropertyValueSpecification","valueRequired":true,"valueName":"search_term_string"}}],"inLanguage":"lv-LV"}]}},"wcpa_form_fields":null,"_links":{"self":[{"href":"https:\/\/micasa.lv\/lv\/wp-json\/wp\/v2\/product\/38548","targetHints":{"allow":["GET"]}}],"collection":[{"href":"https:\/\/micasa.lv\/lv\/wp-json\/wp\/v2\/product"}],"about":[{"href":"https:\/\/micasa.lv\/lv\/wp-json\/wp\/v2\/types\/product"}],"version-history":[{"count":1,"href":"https:\/\/micasa.lv\/lv\/wp-json\/wp\/v2\/product\/38548\/revisions"}],"predecessor-version":[{"id":38578,"href":"https:\/\/micasa.lv\/lv\/wp-json\/wp\/v2\/product\/38548\/revisions\/38578"}],"wp:featuredmedia":[{"embeddable":true,"href":"https:\/\/micasa.lv\/lv\/wp-json\/wp\/v2\/media\/38032"}],"wp:attachment":[{"href":"https:\/\/micasa.lv\/lv\/wp-json\/wp\/v2\/media?parent=38548"}],"wp:term":[{"taxonomy":"product_brand","embeddable":true,"href":"https:\/\/micasa.lv\/lv\/wp-json\/wp\/v2\/product_brand?post=38548"},{"taxonomy":"product_cat","embeddable":true,"href":"https:\/\/micasa.lv\/lv\/wp-json\/wp\/v2\/product_cat?post=38548"},{"taxonomy":"product_tag","embeddable":true,"href":"https:\/\/micasa.lv\/lv\/wp-json\/wp\/v2\/product_tag?post=38548"}],"curies":[{"name":"wp","href":"https:\/\/api.w.org\/{rel}","templated":true}]}}