{"id":38564,"date":"2025-05-12T14:05:23","date_gmt":"2025-05-12T11:05:23","guid":{"rendered":"https:\/\/test.micasa.lv\/?post_type=product&#038;p=38564"},"modified":"2025-06-13T10:24:22","modified_gmt":"2025-06-13T07:24:22","slug":"rezerves-tualetes-birste-ar-rokturi-modelim-118113012-melna","status":"publish","type":"product","link":"https:\/\/micasa.lv\/lv\/rezerves-tualetes-birste-ar-rokturi-modelim-118113012-melna\/","title":{"rendered":"Rezerves tualetes birste ar rokturi modelim 118113012, melna"},"content":{"rendered":"<p>Aksesu\u0101ri tikai pras\u012bgiem cilv\u0113kiem. Grezn\u012bba ir tikai viena iesp\u0113ja! Patiesi pras\u012bgie izv\u0113las no PLAZA vannas istabas aksesu\u0101ru kl\u0101sta Bemeta veikal\u0101, kur\u0101 iek\u013cauti m\u016bsu lab\u0101kie produkti. Elegantais rokturu dizains izcels jebkuru luksusa vannas istabu. PLAZA kl\u0101sta izstr\u0101d\u0101jumi ir izgatavoti no hrom\u0113ta misi\u0146a, un tie ir iztur\u012bgi pret skr\u0101p\u0113jumiem. Viegli un \u0101tri mazg\u0101jami. Hroma p\u0101rkl\u0101jums nodro\u0161ina ilgsto\u0161i sp\u012bd\u012bgu efektu. Da\u017ei no PLAZA kl\u0101sta izstr\u0101d\u0101jumiem ir br\u012bvi st\u0101vo\u0161i, bet liel\u0101kajai da\u013cai ir apa\u013c\u0161 rokturis. P\u0113c tam v\u0101ku vienk\u0101r\u0161i piestiprina pie sienas. \u0160\u012b stiprin\u0101juma sist\u0113ma ir gan \u013coti praktiska, gan \u0113rta, jo stiprin\u0101jums nekur nav paman\u0101ms.<\/p>\n","protected":false},"excerpt":{"rendered":"<p>Aksesu\u0101ri tikai pras\u012bgiem cilv\u0113kiem. Grezn\u012bba ir tikai viena iesp\u0113ja! Patiesi pras\u012bgie izv\u0113las no PLAZA vannas istabas aksesu\u0101ru kl\u0101sta Bemeta veikal\u0101,<\/p>\n","protected":false},"featured_media":37993,"template":"","meta":[],"product_brand":[],"product_cat":[1528],"product_tag":[],"class_list":{"0":"post-38564","1":"product","2":"type-product","3":"status-publish","4":"has-post-thumbnail","6":"product_cat-vannas-istabas-aksesuari","7":"pa_brand-bemeta-lv","9":"first","10":"instock","11":"taxable","12":"shipping-taxable","13":"purchasable","14":"product-type-simple"},"yoast_head":"<!-- This site is optimized with the Yoast SEO plugin v27.4 - https:\/\/yoast.com\/product\/yoast-seo-wordpress\/ -->\n<title>Rezerves tualetes birste ar rokturi modelim 118113012, melna - Micasa<\/title>\n<meta name=\"robots\" content=\"index, follow, max-snippet:-1, max-image-preview:large, max-video-preview:-1\" \/>\n<link rel=\"canonical\" href=\"https:\/\/micasa.lv\/lv\/rezerves-tualetes-birste-ar-rokturi-modelim-118113012-melna\/\" \/>\n<meta property=\"og:locale\" content=\"lv_LV\" \/>\n<meta property=\"og:type\" content=\"article\" \/>\n<meta property=\"og:title\" content=\"Rezerves tualetes birste ar rokturi modelim 118113012, melna - Micasa\" \/>\n<meta property=\"og:description\" content=\"Aksesu\u0101ri tikai pras\u012bgiem cilv\u0113kiem. Grezn\u012bba ir tikai viena iesp\u0113ja! Patiesi pras\u012bgie izv\u0113las no PLAZA vannas istabas aksesu\u0101ru kl\u0101sta Bemeta veikal\u0101,\" \/>\n<meta property=\"og:url\" content=\"https:\/\/micasa.lv\/lv\/rezerves-tualetes-birste-ar-rokturi-modelim-118113012-melna\/\" \/>\n<meta property=\"og:site_name\" content=\"Micasa\" \/>\n<meta property=\"article:modified_time\" content=\"2025-06-13T07:24:22+00:00\" \/>\n<meta property=\"og:image\" content=\"https:\/\/micasa.lv\/wp-content\/uploads\/2025\/05\/7ffc81ca9050b98fa6edb0c920b107d6_131567198c-velky.jpg\" \/>\n\t<meta property=\"og:image:width\" content=\"500\" \/>\n\t<meta property=\"og:image:height\" content=\"500\" \/>\n\t<meta property=\"og:image:type\" content=\"image\/jpeg\" \/>\n<meta name=\"twitter:card\" content=\"summary_large_image\" \/>\n<meta name=\"twitter:label1\" content=\"Est. reading time\" \/>\n\t<meta name=\"twitter:data1\" content=\"1 minute\" \/>\n<script type=\"application\/ld+json\" class=\"yoast-schema-graph\">{\"@context\":\"https:\\\/\\\/schema.org\",\"@graph\":[{\"@type\":\"WebPage\",\"@id\":\"https:\\\/\\\/micasa.lv\\\/lv\\\/rezerves-tualetes-birste-ar-rokturi-modelim-118113012-melna\\\/\",\"url\":\"https:\\\/\\\/micasa.lv\\\/lv\\\/rezerves-tualetes-birste-ar-rokturi-modelim-118113012-melna\\\/\",\"name\":\"Rezerves tualetes birste ar rokturi modelim 118113012, melna - Micasa\",\"isPartOf\":{\"@id\":\"https:\\\/\\\/micasa.lv\\\/lv\\\/#website\"},\"primaryImageOfPage\":{\"@id\":\"https:\\\/\\\/micasa.lv\\\/lv\\\/rezerves-tualetes-birste-ar-rokturi-modelim-118113012-melna\\\/#primaryimage\"},\"image\":{\"@id\":\"https:\\\/\\\/micasa.lv\\\/lv\\\/rezerves-tualetes-birste-ar-rokturi-modelim-118113012-melna\\\/#primaryimage\"},\"thumbnailUrl\":\"https:\\\/\\\/micasa.lv\\\/wp-content\\\/uploads\\\/2025\\\/05\\\/7ffc81ca9050b98fa6edb0c920b107d6_131567198c-velky.jpg\",\"datePublished\":\"2025-05-12T11:05:23+00:00\",\"dateModified\":\"2025-06-13T07:24:22+00:00\",\"breadcrumb\":{\"@id\":\"https:\\\/\\\/micasa.lv\\\/lv\\\/rezerves-tualetes-birste-ar-rokturi-modelim-118113012-melna\\\/#breadcrumb\"},\"inLanguage\":\"lv-LV\",\"potentialAction\":[{\"@type\":\"ReadAction\",\"target\":[\"https:\\\/\\\/micasa.lv\\\/lv\\\/rezerves-tualetes-birste-ar-rokturi-modelim-118113012-melna\\\/\"]}]},{\"@type\":\"ImageObject\",\"inLanguage\":\"lv-LV\",\"@id\":\"https:\\\/\\\/micasa.lv\\\/lv\\\/rezerves-tualetes-birste-ar-rokturi-modelim-118113012-melna\\\/#primaryimage\",\"url\":\"https:\\\/\\\/micasa.lv\\\/wp-content\\\/uploads\\\/2025\\\/05\\\/7ffc81ca9050b98fa6edb0c920b107d6_131567198c-velky.jpg\",\"contentUrl\":\"https:\\\/\\\/micasa.lv\\\/wp-content\\\/uploads\\\/2025\\\/05\\\/7ffc81ca9050b98fa6edb0c920b107d6_131567198c-velky.jpg\",\"width\":500,\"height\":500},{\"@type\":\"BreadcrumbList\",\"@id\":\"https:\\\/\\\/micasa.lv\\\/lv\\\/rezerves-tualetes-birste-ar-rokturi-modelim-118113012-melna\\\/#breadcrumb\",\"itemListElement\":[{\"@type\":\"ListItem\",\"position\":1,\"name\":\"S\u0101kums\",\"item\":\"https:\\\/\\\/micasa.lv\\\/lv\\\/micasa\\\/\"},{\"@type\":\"ListItem\",\"position\":2,\"name\":\"Shop\",\"item\":\"https:\\\/\\\/micasa.lv\\\/lv\\\/shop\\\/\"},{\"@type\":\"ListItem\",\"position\":3,\"name\":\"Rezerves tualetes birste ar rokturi modelim 118113012, melna\"}]},{\"@type\":\"WebSite\",\"@id\":\"https:\\\/\\\/micasa.lv\\\/lv\\\/#website\",\"url\":\"https:\\\/\\\/micasa.lv\\\/lv\\\/\",\"name\":\"Micasa\",\"description\":\"\",\"potentialAction\":[{\"@type\":\"SearchAction\",\"target\":{\"@type\":\"EntryPoint\",\"urlTemplate\":\"https:\\\/\\\/micasa.lv\\\/lv\\\/?s={search_term_string}\"},\"query-input\":{\"@type\":\"PropertyValueSpecification\",\"valueRequired\":true,\"valueName\":\"search_term_string\"}}],\"inLanguage\":\"lv-LV\"}]}<\/script>\n<!-- \/ Yoast SEO plugin. -->","yoast_head_json":{"title":"Rezerves tualetes birste ar rokturi modelim 118113012, melna - Micasa","robots":{"index":"index","follow":"follow","max-snippet":"max-snippet:-1","max-image-preview":"max-image-preview:large","max-video-preview":"max-video-preview:-1"},"canonical":"https:\/\/micasa.lv\/lv\/rezerves-tualetes-birste-ar-rokturi-modelim-118113012-melna\/","og_locale":"lv_LV","og_type":"article","og_title":"Rezerves tualetes birste ar rokturi modelim 118113012, melna - Micasa","og_description":"Aksesu\u0101ri tikai pras\u012bgiem cilv\u0113kiem. Grezn\u012bba ir tikai viena iesp\u0113ja! Patiesi pras\u012bgie izv\u0113las no PLAZA vannas istabas aksesu\u0101ru kl\u0101sta Bemeta veikal\u0101,","og_url":"https:\/\/micasa.lv\/lv\/rezerves-tualetes-birste-ar-rokturi-modelim-118113012-melna\/","og_site_name":"Micasa","article_modified_time":"2025-06-13T07:24:22+00:00","og_image":[{"width":500,"height":500,"url":"https:\/\/micasa.lv\/wp-content\/uploads\/2025\/05\/7ffc81ca9050b98fa6edb0c920b107d6_131567198c-velky.jpg","type":"image\/jpeg"}],"twitter_card":"summary_large_image","twitter_misc":{"Est. reading time":"1 minute"},"schema":{"@context":"https:\/\/schema.org","@graph":[{"@type":"WebPage","@id":"https:\/\/micasa.lv\/lv\/rezerves-tualetes-birste-ar-rokturi-modelim-118113012-melna\/","url":"https:\/\/micasa.lv\/lv\/rezerves-tualetes-birste-ar-rokturi-modelim-118113012-melna\/","name":"Rezerves tualetes birste ar rokturi modelim 118113012, melna - Micasa","isPartOf":{"@id":"https:\/\/micasa.lv\/lv\/#website"},"primaryImageOfPage":{"@id":"https:\/\/micasa.lv\/lv\/rezerves-tualetes-birste-ar-rokturi-modelim-118113012-melna\/#primaryimage"},"image":{"@id":"https:\/\/micasa.lv\/lv\/rezerves-tualetes-birste-ar-rokturi-modelim-118113012-melna\/#primaryimage"},"thumbnailUrl":"https:\/\/micasa.lv\/wp-content\/uploads\/2025\/05\/7ffc81ca9050b98fa6edb0c920b107d6_131567198c-velky.jpg","datePublished":"2025-05-12T11:05:23+00:00","dateModified":"2025-06-13T07:24:22+00:00","breadcrumb":{"@id":"https:\/\/micasa.lv\/lv\/rezerves-tualetes-birste-ar-rokturi-modelim-118113012-melna\/#breadcrumb"},"inLanguage":"lv-LV","potentialAction":[{"@type":"ReadAction","target":["https:\/\/micasa.lv\/lv\/rezerves-tualetes-birste-ar-rokturi-modelim-118113012-melna\/"]}]},{"@type":"ImageObject","inLanguage":"lv-LV","@id":"https:\/\/micasa.lv\/lv\/rezerves-tualetes-birste-ar-rokturi-modelim-118113012-melna\/#primaryimage","url":"https:\/\/micasa.lv\/wp-content\/uploads\/2025\/05\/7ffc81ca9050b98fa6edb0c920b107d6_131567198c-velky.jpg","contentUrl":"https:\/\/micasa.lv\/wp-content\/uploads\/2025\/05\/7ffc81ca9050b98fa6edb0c920b107d6_131567198c-velky.jpg","width":500,"height":500},{"@type":"BreadcrumbList","@id":"https:\/\/micasa.lv\/lv\/rezerves-tualetes-birste-ar-rokturi-modelim-118113012-melna\/#breadcrumb","itemListElement":[{"@type":"ListItem","position":1,"name":"S\u0101kums","item":"https:\/\/micasa.lv\/lv\/micasa\/"},{"@type":"ListItem","position":2,"name":"Shop","item":"https:\/\/micasa.lv\/lv\/shop\/"},{"@type":"ListItem","position":3,"name":"Rezerves tualetes birste ar rokturi modelim 118113012, melna"}]},{"@type":"WebSite","@id":"https:\/\/micasa.lv\/lv\/#website","url":"https:\/\/micasa.lv\/lv\/","name":"Micasa","description":"","potentialAction":[{"@type":"SearchAction","target":{"@type":"EntryPoint","urlTemplate":"https:\/\/micasa.lv\/lv\/?s={search_term_string}"},"query-input":{"@type":"PropertyValueSpecification","valueRequired":true,"valueName":"search_term_string"}}],"inLanguage":"lv-LV"}]}},"wcpa_form_fields":null,"_links":{"self":[{"href":"https:\/\/micasa.lv\/lv\/wp-json\/wp\/v2\/product\/38564","targetHints":{"allow":["GET"]}}],"collection":[{"href":"https:\/\/micasa.lv\/lv\/wp-json\/wp\/v2\/product"}],"about":[{"href":"https:\/\/micasa.lv\/lv\/wp-json\/wp\/v2\/types\/product"}],"version-history":[{"count":1,"href":"https:\/\/micasa.lv\/lv\/wp-json\/wp\/v2\/product\/38564\/revisions"}],"predecessor-version":[{"id":38594,"href":"https:\/\/micasa.lv\/lv\/wp-json\/wp\/v2\/product\/38564\/revisions\/38594"}],"wp:featuredmedia":[{"embeddable":true,"href":"https:\/\/micasa.lv\/lv\/wp-json\/wp\/v2\/media\/37993"}],"wp:attachment":[{"href":"https:\/\/micasa.lv\/lv\/wp-json\/wp\/v2\/media?parent=38564"}],"wp:term":[{"taxonomy":"product_brand","embeddable":true,"href":"https:\/\/micasa.lv\/lv\/wp-json\/wp\/v2\/product_brand?post=38564"},{"taxonomy":"product_cat","embeddable":true,"href":"https:\/\/micasa.lv\/lv\/wp-json\/wp\/v2\/product_cat?post=38564"},{"taxonomy":"product_tag","embeddable":true,"href":"https:\/\/micasa.lv\/lv\/wp-json\/wp\/v2\/product_tag?post=38564"}],"curies":[{"name":"wp","href":"https:\/\/api.w.org\/{rel}","templated":true}]}}