{"id":38566,"date":"2025-05-12T14:05:23","date_gmt":"2025-05-12T11:05:23","guid":{"rendered":"https:\/\/test.micasa.lv\/?post_type=product&#038;p=38566"},"modified":"2025-06-13T10:24:23","modified_gmt":"2025-06-13T07:24:23","slug":"plaza-dvielu-turetajs-300-mm","status":"publish","type":"product","link":"https:\/\/micasa.lv\/lv\/plaza-dvielu-turetajs-300-mm\/","title":{"rendered":"PLAZA: Dvie\u013cu tur\u0113t\u0101js, 300 mm"},"content":{"rendered":"<p>Aksesu\u0101ri tikai pras\u012bgiem klientiem. Grezn\u012bba ir tikai viena lieta! Patiesi pras\u012bgi cilv\u0113ki izv\u0113las PLAZA vannas istabas aksesu\u0101rus, tostarp m\u016bsu lab\u0101kos produktus. Eleganti dizaina tur\u0113t\u0101ji pieska\u0146os katru luksusa vannas istabu. PLAZA kl\u0101sts ir izgatavots no hrom\u0113ta misi\u0146a un ir iztur\u012bgs pret skr\u0101p\u0113jumiem. \u0100tri un viegli mazg\u0101jams. Hroma p\u0101rkl\u0101jums nodro\u0161ina sp\u012bd\u012bgu efektu. Da\u017ei PLAZA produkti ir br\u012bvi st\u0101vo\u0161i, bet liel\u0101kajai da\u013cai ir taisnst\u016brveida tur\u0113t\u0101js. P\u0113c tam v\u0101ku vienk\u0101r\u0161\u0101 veid\u0101 piestiprina pie sienas. \u0160\u012b stiprin\u0101juma sist\u0113ma ir \u013coti praktiska un \u0113rta, jo stiprin\u0101jums nekur nav redzams.<\/p>\n","protected":false},"excerpt":{"rendered":"<p>Aksesu\u0101ri tikai pras\u012bgiem klientiem. Grezn\u012bba ir tikai viena lieta! Patiesi pras\u012bgi cilv\u0113ki izv\u0113las PLAZA vannas istabas aksesu\u0101rus, tostarp m\u016bsu lab\u0101kos<\/p>\n","protected":false},"featured_media":38119,"template":"","meta":[],"product_brand":[],"product_cat":[1859,1528],"product_tag":[],"class_list":{"0":"post-38566","1":"product","2":"type-product","3":"status-publish","4":"has-post-thumbnail","6":"product_cat-dvielu-turetaji","7":"product_cat-vannas-istabas-aksesuari","8":"pa_brand-bemeta-lv","10":"first","11":"instock","12":"taxable","13":"shipping-taxable","14":"purchasable","15":"product-type-simple"},"yoast_head":"<!-- This site is optimized with the Yoast SEO plugin v27.4 - https:\/\/yoast.com\/product\/yoast-seo-wordpress\/ -->\n<title>PLAZA: Dvie\u013cu tur\u0113t\u0101js, 300 mm - Micasa<\/title>\n<meta name=\"robots\" content=\"index, follow, max-snippet:-1, max-image-preview:large, max-video-preview:-1\" \/>\n<link rel=\"canonical\" href=\"https:\/\/micasa.lv\/lv\/plaza-dvielu-turetajs-300-mm\/\" \/>\n<meta property=\"og:locale\" content=\"lv_LV\" \/>\n<meta property=\"og:type\" content=\"article\" \/>\n<meta property=\"og:title\" content=\"PLAZA: Dvie\u013cu tur\u0113t\u0101js, 300 mm - Micasa\" \/>\n<meta property=\"og:description\" content=\"Aksesu\u0101ri tikai pras\u012bgiem klientiem. Grezn\u012bba ir tikai viena lieta! Patiesi pras\u012bgi cilv\u0113ki izv\u0113las PLAZA vannas istabas aksesu\u0101rus, tostarp m\u016bsu lab\u0101kos\" \/>\n<meta property=\"og:url\" content=\"https:\/\/micasa.lv\/lv\/plaza-dvielu-turetajs-300-mm\/\" \/>\n<meta property=\"og:site_name\" content=\"Micasa\" \/>\n<meta property=\"article:modified_time\" content=\"2025-06-13T07:24:23+00:00\" \/>\n<meta property=\"og:image\" content=\"https:\/\/micasa.lv\/wp-content\/uploads\/2025\/05\/b86f7a9e1443006fabd8151147fb038a_118104252-velky.jpg\" \/>\n\t<meta property=\"og:image:width\" content=\"500\" \/>\n\t<meta property=\"og:image:height\" content=\"500\" \/>\n\t<meta property=\"og:image:type\" content=\"image\/jpeg\" \/>\n<meta name=\"twitter:card\" content=\"summary_large_image\" \/>\n<meta name=\"twitter:label1\" content=\"Est. reading time\" \/>\n\t<meta name=\"twitter:data1\" content=\"1 minute\" \/>\n<script type=\"application\/ld+json\" class=\"yoast-schema-graph\">{\"@context\":\"https:\\\/\\\/schema.org\",\"@graph\":[{\"@type\":\"WebPage\",\"@id\":\"https:\\\/\\\/micasa.lv\\\/lv\\\/plaza-dvielu-turetajs-300-mm\\\/\",\"url\":\"https:\\\/\\\/micasa.lv\\\/lv\\\/plaza-dvielu-turetajs-300-mm\\\/\",\"name\":\"PLAZA: Dvie\u013cu tur\u0113t\u0101js, 300 mm - Micasa\",\"isPartOf\":{\"@id\":\"https:\\\/\\\/micasa.lv\\\/lv\\\/#website\"},\"primaryImageOfPage\":{\"@id\":\"https:\\\/\\\/micasa.lv\\\/lv\\\/plaza-dvielu-turetajs-300-mm\\\/#primaryimage\"},\"image\":{\"@id\":\"https:\\\/\\\/micasa.lv\\\/lv\\\/plaza-dvielu-turetajs-300-mm\\\/#primaryimage\"},\"thumbnailUrl\":\"https:\\\/\\\/micasa.lv\\\/wp-content\\\/uploads\\\/2025\\\/05\\\/b86f7a9e1443006fabd8151147fb038a_118104252-velky.jpg\",\"datePublished\":\"2025-05-12T11:05:23+00:00\",\"dateModified\":\"2025-06-13T07:24:23+00:00\",\"breadcrumb\":{\"@id\":\"https:\\\/\\\/micasa.lv\\\/lv\\\/plaza-dvielu-turetajs-300-mm\\\/#breadcrumb\"},\"inLanguage\":\"lv-LV\",\"potentialAction\":[{\"@type\":\"ReadAction\",\"target\":[\"https:\\\/\\\/micasa.lv\\\/lv\\\/plaza-dvielu-turetajs-300-mm\\\/\"]}]},{\"@type\":\"ImageObject\",\"inLanguage\":\"lv-LV\",\"@id\":\"https:\\\/\\\/micasa.lv\\\/lv\\\/plaza-dvielu-turetajs-300-mm\\\/#primaryimage\",\"url\":\"https:\\\/\\\/micasa.lv\\\/wp-content\\\/uploads\\\/2025\\\/05\\\/b86f7a9e1443006fabd8151147fb038a_118104252-velky.jpg\",\"contentUrl\":\"https:\\\/\\\/micasa.lv\\\/wp-content\\\/uploads\\\/2025\\\/05\\\/b86f7a9e1443006fabd8151147fb038a_118104252-velky.jpg\",\"width\":500,\"height\":500},{\"@type\":\"BreadcrumbList\",\"@id\":\"https:\\\/\\\/micasa.lv\\\/lv\\\/plaza-dvielu-turetajs-300-mm\\\/#breadcrumb\",\"itemListElement\":[{\"@type\":\"ListItem\",\"position\":1,\"name\":\"S\u0101kums\",\"item\":\"https:\\\/\\\/micasa.lv\\\/lv\\\/micasa\\\/\"},{\"@type\":\"ListItem\",\"position\":2,\"name\":\"Shop\",\"item\":\"https:\\\/\\\/micasa.lv\\\/lv\\\/shop\\\/\"},{\"@type\":\"ListItem\",\"position\":3,\"name\":\"PLAZA: Dvie\u013cu tur\u0113t\u0101js, 300 mm\"}]},{\"@type\":\"WebSite\",\"@id\":\"https:\\\/\\\/micasa.lv\\\/lv\\\/#website\",\"url\":\"https:\\\/\\\/micasa.lv\\\/lv\\\/\",\"name\":\"Micasa\",\"description\":\"\",\"potentialAction\":[{\"@type\":\"SearchAction\",\"target\":{\"@type\":\"EntryPoint\",\"urlTemplate\":\"https:\\\/\\\/micasa.lv\\\/lv\\\/?s={search_term_string}\"},\"query-input\":{\"@type\":\"PropertyValueSpecification\",\"valueRequired\":true,\"valueName\":\"search_term_string\"}}],\"inLanguage\":\"lv-LV\"}]}<\/script>\n<!-- \/ Yoast SEO plugin. -->","yoast_head_json":{"title":"PLAZA: Dvie\u013cu tur\u0113t\u0101js, 300 mm - Micasa","robots":{"index":"index","follow":"follow","max-snippet":"max-snippet:-1","max-image-preview":"max-image-preview:large","max-video-preview":"max-video-preview:-1"},"canonical":"https:\/\/micasa.lv\/lv\/plaza-dvielu-turetajs-300-mm\/","og_locale":"lv_LV","og_type":"article","og_title":"PLAZA: Dvie\u013cu tur\u0113t\u0101js, 300 mm - Micasa","og_description":"Aksesu\u0101ri tikai pras\u012bgiem klientiem. Grezn\u012bba ir tikai viena lieta! Patiesi pras\u012bgi cilv\u0113ki izv\u0113las PLAZA vannas istabas aksesu\u0101rus, tostarp m\u016bsu lab\u0101kos","og_url":"https:\/\/micasa.lv\/lv\/plaza-dvielu-turetajs-300-mm\/","og_site_name":"Micasa","article_modified_time":"2025-06-13T07:24:23+00:00","og_image":[{"width":500,"height":500,"url":"https:\/\/micasa.lv\/wp-content\/uploads\/2025\/05\/b86f7a9e1443006fabd8151147fb038a_118104252-velky.jpg","type":"image\/jpeg"}],"twitter_card":"summary_large_image","twitter_misc":{"Est. reading time":"1 minute"},"schema":{"@context":"https:\/\/schema.org","@graph":[{"@type":"WebPage","@id":"https:\/\/micasa.lv\/lv\/plaza-dvielu-turetajs-300-mm\/","url":"https:\/\/micasa.lv\/lv\/plaza-dvielu-turetajs-300-mm\/","name":"PLAZA: Dvie\u013cu tur\u0113t\u0101js, 300 mm - Micasa","isPartOf":{"@id":"https:\/\/micasa.lv\/lv\/#website"},"primaryImageOfPage":{"@id":"https:\/\/micasa.lv\/lv\/plaza-dvielu-turetajs-300-mm\/#primaryimage"},"image":{"@id":"https:\/\/micasa.lv\/lv\/plaza-dvielu-turetajs-300-mm\/#primaryimage"},"thumbnailUrl":"https:\/\/micasa.lv\/wp-content\/uploads\/2025\/05\/b86f7a9e1443006fabd8151147fb038a_118104252-velky.jpg","datePublished":"2025-05-12T11:05:23+00:00","dateModified":"2025-06-13T07:24:23+00:00","breadcrumb":{"@id":"https:\/\/micasa.lv\/lv\/plaza-dvielu-turetajs-300-mm\/#breadcrumb"},"inLanguage":"lv-LV","potentialAction":[{"@type":"ReadAction","target":["https:\/\/micasa.lv\/lv\/plaza-dvielu-turetajs-300-mm\/"]}]},{"@type":"ImageObject","inLanguage":"lv-LV","@id":"https:\/\/micasa.lv\/lv\/plaza-dvielu-turetajs-300-mm\/#primaryimage","url":"https:\/\/micasa.lv\/wp-content\/uploads\/2025\/05\/b86f7a9e1443006fabd8151147fb038a_118104252-velky.jpg","contentUrl":"https:\/\/micasa.lv\/wp-content\/uploads\/2025\/05\/b86f7a9e1443006fabd8151147fb038a_118104252-velky.jpg","width":500,"height":500},{"@type":"BreadcrumbList","@id":"https:\/\/micasa.lv\/lv\/plaza-dvielu-turetajs-300-mm\/#breadcrumb","itemListElement":[{"@type":"ListItem","position":1,"name":"S\u0101kums","item":"https:\/\/micasa.lv\/lv\/micasa\/"},{"@type":"ListItem","position":2,"name":"Shop","item":"https:\/\/micasa.lv\/lv\/shop\/"},{"@type":"ListItem","position":3,"name":"PLAZA: Dvie\u013cu tur\u0113t\u0101js, 300 mm"}]},{"@type":"WebSite","@id":"https:\/\/micasa.lv\/lv\/#website","url":"https:\/\/micasa.lv\/lv\/","name":"Micasa","description":"","potentialAction":[{"@type":"SearchAction","target":{"@type":"EntryPoint","urlTemplate":"https:\/\/micasa.lv\/lv\/?s={search_term_string}"},"query-input":{"@type":"PropertyValueSpecification","valueRequired":true,"valueName":"search_term_string"}}],"inLanguage":"lv-LV"}]}},"wcpa_form_fields":null,"_links":{"self":[{"href":"https:\/\/micasa.lv\/lv\/wp-json\/wp\/v2\/product\/38566","targetHints":{"allow":["GET"]}}],"collection":[{"href":"https:\/\/micasa.lv\/lv\/wp-json\/wp\/v2\/product"}],"about":[{"href":"https:\/\/micasa.lv\/lv\/wp-json\/wp\/v2\/types\/product"}],"version-history":[{"count":1,"href":"https:\/\/micasa.lv\/lv\/wp-json\/wp\/v2\/product\/38566\/revisions"}],"predecessor-version":[{"id":38596,"href":"https:\/\/micasa.lv\/lv\/wp-json\/wp\/v2\/product\/38566\/revisions\/38596"}],"wp:featuredmedia":[{"embeddable":true,"href":"https:\/\/micasa.lv\/lv\/wp-json\/wp\/v2\/media\/38119"}],"wp:attachment":[{"href":"https:\/\/micasa.lv\/lv\/wp-json\/wp\/v2\/media?parent=38566"}],"wp:term":[{"taxonomy":"product_brand","embeddable":true,"href":"https:\/\/micasa.lv\/lv\/wp-json\/wp\/v2\/product_brand?post=38566"},{"taxonomy":"product_cat","embeddable":true,"href":"https:\/\/micasa.lv\/lv\/wp-json\/wp\/v2\/product_cat?post=38566"},{"taxonomy":"product_tag","embeddable":true,"href":"https:\/\/micasa.lv\/lv\/wp-json\/wp\/v2\/product_tag?post=38566"}],"curies":[{"name":"wp","href":"https:\/\/api.w.org\/{rel}","templated":true}]}}