{"id":38616,"date":"2025-05-12T14:05:39","date_gmt":"2025-05-12T11:05:39","guid":{"rendered":"https:\/\/test.micasa.lv\/?post_type=product&#038;p=38616"},"modified":"2025-06-13T10:24:29","modified_gmt":"2025-06-13T07:24:29","slug":"rawell-magnetiskais-halata-akis-vienam-cilvekam","status":"publish","type":"product","link":"https:\/\/micasa.lv\/lv\/rawell-magnetiskais-halata-akis-vienam-cilvekam\/","title":{"rendered":"RAWELL: Magn\u0113tiskais hal\u0101ta \u0101\u0137is vienam cilv\u0113kam"},"content":{"rendered":"<p>RAWELL iedvesmo v\u0101rds \u201cizsmalcin\u0101t\u012bba\u201d. Kolekcij\u0101 ir iek\u013cauti ar\u012b dvie\u013cu tur\u0113t\u0101ji, kas novietojami tie\u0161i uz vannas istabas radiatora. Tos var piestiprin\u0101t, izmantojot pievilk\u0161anas \u0101\u0137us, vai vienk\u0101r\u0161i uz\u0101\u0137\u0113t uz radiatora. Tie ar\u012b ietaupa vietu, t\u0101p\u0113c maz\u0101kas vannas istabas var priec\u0101ties. Papildus augstajai efektivit\u0101tei tie izce\u013cas ar prec\u012bzu apstr\u0101di. Izv\u0113lieties misi\u0146a un hroma kombin\u0101ciju vai variantu ar baltu dekoru.<\/p>\n","protected":false},"excerpt":{"rendered":"<p>RAWELL iedvesmo v\u0101rds \u201cizsmalcin\u0101t\u012bba\u201d. Kolekcij\u0101 ir iek\u013cauti ar\u012b dvie\u013cu tur\u0113t\u0101ji, kas novietojami tie\u0161i uz vannas istabas radiatora. Tos var piestiprin\u0101t,<\/p>\n","protected":false},"featured_media":38140,"template":"","meta":[],"product_brand":[],"product_cat":[1835,1528],"product_tag":[],"class_list":{"0":"post-38616","1":"product","2":"type-product","3":"status-publish","4":"has-post-thumbnail","6":"product_cat-aki-un-pakaramie","7":"product_cat-vannas-istabas-aksesuari","8":"pa_brand-bemeta-lv","10":"first","11":"instock","12":"taxable","13":"shipping-taxable","14":"purchasable","15":"product-type-simple"},"yoast_head":"<!-- This site is optimized with the Yoast SEO plugin v27.4 - https:\/\/yoast.com\/product\/yoast-seo-wordpress\/ -->\n<title>RAWELL: Magn\u0113tiskais hal\u0101ta \u0101\u0137is vienam cilv\u0113kam - Micasa<\/title>\n<meta name=\"robots\" content=\"index, follow, max-snippet:-1, max-image-preview:large, max-video-preview:-1\" \/>\n<link rel=\"canonical\" href=\"https:\/\/micasa.lv\/lv\/rawell-magnetiskais-halata-akis-vienam-cilvekam\/\" \/>\n<meta property=\"og:locale\" content=\"lv_LV\" \/>\n<meta property=\"og:type\" content=\"article\" \/>\n<meta property=\"og:title\" content=\"RAWELL: Magn\u0113tiskais hal\u0101ta \u0101\u0137is vienam cilv\u0113kam - Micasa\" \/>\n<meta property=\"og:description\" content=\"RAWELL iedvesmo v\u0101rds \u201cizsmalcin\u0101t\u012bba\u201d. Kolekcij\u0101 ir iek\u013cauti ar\u012b dvie\u013cu tur\u0113t\u0101ji, kas novietojami tie\u0161i uz vannas istabas radiatora. Tos var piestiprin\u0101t,\" \/>\n<meta property=\"og:url\" content=\"https:\/\/micasa.lv\/lv\/rawell-magnetiskais-halata-akis-vienam-cilvekam\/\" \/>\n<meta property=\"og:site_name\" content=\"Micasa\" \/>\n<meta property=\"article:modified_time\" content=\"2025-06-13T07:24:29+00:00\" \/>\n<meta property=\"og:image\" content=\"https:\/\/micasa.lv\/wp-content\/uploads\/2025\/05\/be2aa0156cac126fa38e975dd9fc5b43_104106182-velky.jpg\" \/>\n\t<meta property=\"og:image:width\" content=\"600\" \/>\n\t<meta property=\"og:image:height\" content=\"515\" \/>\n\t<meta property=\"og:image:type\" content=\"image\/jpeg\" \/>\n<meta name=\"twitter:card\" content=\"summary_large_image\" \/>\n<script type=\"application\/ld+json\" class=\"yoast-schema-graph\">{\"@context\":\"https:\\\/\\\/schema.org\",\"@graph\":[{\"@type\":\"WebPage\",\"@id\":\"https:\\\/\\\/micasa.lv\\\/lv\\\/rawell-magnetiskais-halata-akis-vienam-cilvekam\\\/\",\"url\":\"https:\\\/\\\/micasa.lv\\\/lv\\\/rawell-magnetiskais-halata-akis-vienam-cilvekam\\\/\",\"name\":\"RAWELL: Magn\u0113tiskais hal\u0101ta \u0101\u0137is vienam cilv\u0113kam - Micasa\",\"isPartOf\":{\"@id\":\"https:\\\/\\\/micasa.lv\\\/lv\\\/#website\"},\"primaryImageOfPage\":{\"@id\":\"https:\\\/\\\/micasa.lv\\\/lv\\\/rawell-magnetiskais-halata-akis-vienam-cilvekam\\\/#primaryimage\"},\"image\":{\"@id\":\"https:\\\/\\\/micasa.lv\\\/lv\\\/rawell-magnetiskais-halata-akis-vienam-cilvekam\\\/#primaryimage\"},\"thumbnailUrl\":\"https:\\\/\\\/micasa.lv\\\/wp-content\\\/uploads\\\/2025\\\/05\\\/be2aa0156cac126fa38e975dd9fc5b43_104106182-velky.jpg\",\"datePublished\":\"2025-05-12T11:05:39+00:00\",\"dateModified\":\"2025-06-13T07:24:29+00:00\",\"breadcrumb\":{\"@id\":\"https:\\\/\\\/micasa.lv\\\/lv\\\/rawell-magnetiskais-halata-akis-vienam-cilvekam\\\/#breadcrumb\"},\"inLanguage\":\"lv-LV\",\"potentialAction\":[{\"@type\":\"ReadAction\",\"target\":[\"https:\\\/\\\/micasa.lv\\\/lv\\\/rawell-magnetiskais-halata-akis-vienam-cilvekam\\\/\"]}]},{\"@type\":\"ImageObject\",\"inLanguage\":\"lv-LV\",\"@id\":\"https:\\\/\\\/micasa.lv\\\/lv\\\/rawell-magnetiskais-halata-akis-vienam-cilvekam\\\/#primaryimage\",\"url\":\"https:\\\/\\\/micasa.lv\\\/wp-content\\\/uploads\\\/2025\\\/05\\\/be2aa0156cac126fa38e975dd9fc5b43_104106182-velky.jpg\",\"contentUrl\":\"https:\\\/\\\/micasa.lv\\\/wp-content\\\/uploads\\\/2025\\\/05\\\/be2aa0156cac126fa38e975dd9fc5b43_104106182-velky.jpg\",\"width\":600,\"height\":515},{\"@type\":\"BreadcrumbList\",\"@id\":\"https:\\\/\\\/micasa.lv\\\/lv\\\/rawell-magnetiskais-halata-akis-vienam-cilvekam\\\/#breadcrumb\",\"itemListElement\":[{\"@type\":\"ListItem\",\"position\":1,\"name\":\"S\u0101kums\",\"item\":\"https:\\\/\\\/micasa.lv\\\/lv\\\/micasa\\\/\"},{\"@type\":\"ListItem\",\"position\":2,\"name\":\"Shop\",\"item\":\"https:\\\/\\\/micasa.lv\\\/lv\\\/shop\\\/\"},{\"@type\":\"ListItem\",\"position\":3,\"name\":\"RAWELL: Magn\u0113tiskais hal\u0101ta \u0101\u0137is vienam cilv\u0113kam\"}]},{\"@type\":\"WebSite\",\"@id\":\"https:\\\/\\\/micasa.lv\\\/lv\\\/#website\",\"url\":\"https:\\\/\\\/micasa.lv\\\/lv\\\/\",\"name\":\"Micasa\",\"description\":\"\",\"potentialAction\":[{\"@type\":\"SearchAction\",\"target\":{\"@type\":\"EntryPoint\",\"urlTemplate\":\"https:\\\/\\\/micasa.lv\\\/lv\\\/?s={search_term_string}\"},\"query-input\":{\"@type\":\"PropertyValueSpecification\",\"valueRequired\":true,\"valueName\":\"search_term_string\"}}],\"inLanguage\":\"lv-LV\"}]}<\/script>\n<!-- \/ Yoast SEO plugin. -->","yoast_head_json":{"title":"RAWELL: Magn\u0113tiskais hal\u0101ta \u0101\u0137is vienam cilv\u0113kam - Micasa","robots":{"index":"index","follow":"follow","max-snippet":"max-snippet:-1","max-image-preview":"max-image-preview:large","max-video-preview":"max-video-preview:-1"},"canonical":"https:\/\/micasa.lv\/lv\/rawell-magnetiskais-halata-akis-vienam-cilvekam\/","og_locale":"lv_LV","og_type":"article","og_title":"RAWELL: Magn\u0113tiskais hal\u0101ta \u0101\u0137is vienam cilv\u0113kam - Micasa","og_description":"RAWELL iedvesmo v\u0101rds \u201cizsmalcin\u0101t\u012bba\u201d. Kolekcij\u0101 ir iek\u013cauti ar\u012b dvie\u013cu tur\u0113t\u0101ji, kas novietojami tie\u0161i uz vannas istabas radiatora. Tos var piestiprin\u0101t,","og_url":"https:\/\/micasa.lv\/lv\/rawell-magnetiskais-halata-akis-vienam-cilvekam\/","og_site_name":"Micasa","article_modified_time":"2025-06-13T07:24:29+00:00","og_image":[{"width":600,"height":515,"url":"https:\/\/micasa.lv\/wp-content\/uploads\/2025\/05\/be2aa0156cac126fa38e975dd9fc5b43_104106182-velky.jpg","type":"image\/jpeg"}],"twitter_card":"summary_large_image","schema":{"@context":"https:\/\/schema.org","@graph":[{"@type":"WebPage","@id":"https:\/\/micasa.lv\/lv\/rawell-magnetiskais-halata-akis-vienam-cilvekam\/","url":"https:\/\/micasa.lv\/lv\/rawell-magnetiskais-halata-akis-vienam-cilvekam\/","name":"RAWELL: Magn\u0113tiskais hal\u0101ta \u0101\u0137is vienam cilv\u0113kam - Micasa","isPartOf":{"@id":"https:\/\/micasa.lv\/lv\/#website"},"primaryImageOfPage":{"@id":"https:\/\/micasa.lv\/lv\/rawell-magnetiskais-halata-akis-vienam-cilvekam\/#primaryimage"},"image":{"@id":"https:\/\/micasa.lv\/lv\/rawell-magnetiskais-halata-akis-vienam-cilvekam\/#primaryimage"},"thumbnailUrl":"https:\/\/micasa.lv\/wp-content\/uploads\/2025\/05\/be2aa0156cac126fa38e975dd9fc5b43_104106182-velky.jpg","datePublished":"2025-05-12T11:05:39+00:00","dateModified":"2025-06-13T07:24:29+00:00","breadcrumb":{"@id":"https:\/\/micasa.lv\/lv\/rawell-magnetiskais-halata-akis-vienam-cilvekam\/#breadcrumb"},"inLanguage":"lv-LV","potentialAction":[{"@type":"ReadAction","target":["https:\/\/micasa.lv\/lv\/rawell-magnetiskais-halata-akis-vienam-cilvekam\/"]}]},{"@type":"ImageObject","inLanguage":"lv-LV","@id":"https:\/\/micasa.lv\/lv\/rawell-magnetiskais-halata-akis-vienam-cilvekam\/#primaryimage","url":"https:\/\/micasa.lv\/wp-content\/uploads\/2025\/05\/be2aa0156cac126fa38e975dd9fc5b43_104106182-velky.jpg","contentUrl":"https:\/\/micasa.lv\/wp-content\/uploads\/2025\/05\/be2aa0156cac126fa38e975dd9fc5b43_104106182-velky.jpg","width":600,"height":515},{"@type":"BreadcrumbList","@id":"https:\/\/micasa.lv\/lv\/rawell-magnetiskais-halata-akis-vienam-cilvekam\/#breadcrumb","itemListElement":[{"@type":"ListItem","position":1,"name":"S\u0101kums","item":"https:\/\/micasa.lv\/lv\/micasa\/"},{"@type":"ListItem","position":2,"name":"Shop","item":"https:\/\/micasa.lv\/lv\/shop\/"},{"@type":"ListItem","position":3,"name":"RAWELL: Magn\u0113tiskais hal\u0101ta \u0101\u0137is vienam cilv\u0113kam"}]},{"@type":"WebSite","@id":"https:\/\/micasa.lv\/lv\/#website","url":"https:\/\/micasa.lv\/lv\/","name":"Micasa","description":"","potentialAction":[{"@type":"SearchAction","target":{"@type":"EntryPoint","urlTemplate":"https:\/\/micasa.lv\/lv\/?s={search_term_string}"},"query-input":{"@type":"PropertyValueSpecification","valueRequired":true,"valueName":"search_term_string"}}],"inLanguage":"lv-LV"}]}},"wcpa_form_fields":null,"_links":{"self":[{"href":"https:\/\/micasa.lv\/lv\/wp-json\/wp\/v2\/product\/38616","targetHints":{"allow":["GET"]}}],"collection":[{"href":"https:\/\/micasa.lv\/lv\/wp-json\/wp\/v2\/product"}],"about":[{"href":"https:\/\/micasa.lv\/lv\/wp-json\/wp\/v2\/types\/product"}],"version-history":[{"count":1,"href":"https:\/\/micasa.lv\/lv\/wp-json\/wp\/v2\/product\/38616\/revisions"}],"predecessor-version":[{"id":38646,"href":"https:\/\/micasa.lv\/lv\/wp-json\/wp\/v2\/product\/38616\/revisions\/38646"}],"wp:featuredmedia":[{"embeddable":true,"href":"https:\/\/micasa.lv\/lv\/wp-json\/wp\/v2\/media\/38140"}],"wp:attachment":[{"href":"https:\/\/micasa.lv\/lv\/wp-json\/wp\/v2\/media?parent=38616"}],"wp:term":[{"taxonomy":"product_brand","embeddable":true,"href":"https:\/\/micasa.lv\/lv\/wp-json\/wp\/v2\/product_brand?post=38616"},{"taxonomy":"product_cat","embeddable":true,"href":"https:\/\/micasa.lv\/lv\/wp-json\/wp\/v2\/product_cat?post=38616"},{"taxonomy":"product_tag","embeddable":true,"href":"https:\/\/micasa.lv\/lv\/wp-json\/wp\/v2\/product_tag?post=38616"}],"curies":[{"name":"wp","href":"https:\/\/api.w.org\/{rel}","templated":true}]}}