{"id":39340,"date":"2025-05-12T14:46:35","date_gmt":"2025-05-12T11:46:35","guid":{"rendered":"https:\/\/test.micasa.lv\/?post_type=product&#038;p=39340"},"modified":"2025-06-13T10:25:40","modified_gmt":"2025-06-13T07:25:40","slug":"rawell-radiatora-dubultais-dvielu-turetajs-600-mm-pulets","status":"publish","type":"product","link":"https:\/\/micasa.lv\/lv\/rawell-radiatora-dubultais-dvielu-turetajs-600-mm-pulets\/","title":{"rendered":"RAWELL: Radiatora dubultais dvie\u013cu tur\u0113t\u0101js 600 mm, pul\u0113ts"},"content":{"rendered":"<p>RAWELL is inspired by the word refinement. Indeed, the collection includes towel holders to be placed directly on the bathroom radiator. They can be either mounted using tightening hooks or simply hooked onto the radiator. They also save space, so smaller bathrooms can rejoice. In addition to their high efficiency, they excel with precise processing. Choose from a combination of brass and chrome or a variant with a white d\u00e9cor.<\/p>\n","protected":false},"excerpt":{"rendered":"<p>RAWELL is inspired by the word refinement. Indeed, the collection includes towel holders to be placed directly on the bathroom<\/p>\n","protected":false},"featured_media":39130,"template":"","meta":[],"product_brand":[],"product_cat":[1859,1528],"product_tag":[],"class_list":{"0":"post-39340","1":"product","2":"type-product","3":"status-publish","4":"has-post-thumbnail","6":"product_cat-dvielu-turetaji","7":"product_cat-vannas-istabas-aksesuari","8":"pa_brand-bemeta-lv","10":"first","11":"instock","12":"taxable","13":"shipping-taxable","14":"purchasable","15":"product-type-simple"},"yoast_head":"<!-- This site is optimized with the Yoast SEO plugin v27.4 - https:\/\/yoast.com\/product\/yoast-seo-wordpress\/ -->\n<title>RAWELL: Radiatora dubultais dvie\u013cu tur\u0113t\u0101js 600 mm, pul\u0113ts - Micasa<\/title>\n<meta name=\"robots\" content=\"index, follow, max-snippet:-1, max-image-preview:large, max-video-preview:-1\" \/>\n<link rel=\"canonical\" href=\"https:\/\/micasa.lv\/lv\/rawell-radiatora-dubultais-dvielu-turetajs-600-mm-pulets\/\" \/>\n<meta property=\"og:locale\" content=\"lv_LV\" \/>\n<meta property=\"og:type\" content=\"article\" \/>\n<meta property=\"og:title\" content=\"RAWELL: Radiatora dubultais dvie\u013cu tur\u0113t\u0101js 600 mm, pul\u0113ts - Micasa\" \/>\n<meta property=\"og:description\" content=\"RAWELL is inspired by the word refinement. Indeed, the collection includes towel holders to be placed directly on the bathroom\" \/>\n<meta property=\"og:url\" content=\"https:\/\/micasa.lv\/lv\/rawell-radiatora-dubultais-dvielu-turetajs-600-mm-pulets\/\" \/>\n<meta property=\"og:site_name\" content=\"Micasa\" \/>\n<meta property=\"article:modified_time\" content=\"2025-06-13T07:25:40+00:00\" \/>\n<meta property=\"og:image\" content=\"https:\/\/micasa.lv\/wp-content\/uploads\/2025\/05\/f583bbeae8ea1e72378ed7ec7b6de81b_134504232-velky.jpg\" \/>\n\t<meta property=\"og:image:width\" content=\"500\" \/>\n\t<meta property=\"og:image:height\" content=\"190\" \/>\n\t<meta property=\"og:image:type\" content=\"image\/jpeg\" \/>\n<meta name=\"twitter:card\" content=\"summary_large_image\" \/>\n<script type=\"application\/ld+json\" class=\"yoast-schema-graph\">{\"@context\":\"https:\\\/\\\/schema.org\",\"@graph\":[{\"@type\":\"WebPage\",\"@id\":\"https:\\\/\\\/micasa.lv\\\/lv\\\/rawell-radiatora-dubultais-dvielu-turetajs-600-mm-pulets\\\/\",\"url\":\"https:\\\/\\\/micasa.lv\\\/lv\\\/rawell-radiatora-dubultais-dvielu-turetajs-600-mm-pulets\\\/\",\"name\":\"RAWELL: Radiatora dubultais dvie\u013cu tur\u0113t\u0101js 600 mm, pul\u0113ts - Micasa\",\"isPartOf\":{\"@id\":\"https:\\\/\\\/micasa.lv\\\/lv\\\/#website\"},\"primaryImageOfPage\":{\"@id\":\"https:\\\/\\\/micasa.lv\\\/lv\\\/rawell-radiatora-dubultais-dvielu-turetajs-600-mm-pulets\\\/#primaryimage\"},\"image\":{\"@id\":\"https:\\\/\\\/micasa.lv\\\/lv\\\/rawell-radiatora-dubultais-dvielu-turetajs-600-mm-pulets\\\/#primaryimage\"},\"thumbnailUrl\":\"https:\\\/\\\/micasa.lv\\\/wp-content\\\/uploads\\\/2025\\\/05\\\/f583bbeae8ea1e72378ed7ec7b6de81b_134504232-velky.jpg\",\"datePublished\":\"2025-05-12T11:46:35+00:00\",\"dateModified\":\"2025-06-13T07:25:40+00:00\",\"breadcrumb\":{\"@id\":\"https:\\\/\\\/micasa.lv\\\/lv\\\/rawell-radiatora-dubultais-dvielu-turetajs-600-mm-pulets\\\/#breadcrumb\"},\"inLanguage\":\"lv-LV\",\"potentialAction\":[{\"@type\":\"ReadAction\",\"target\":[\"https:\\\/\\\/micasa.lv\\\/lv\\\/rawell-radiatora-dubultais-dvielu-turetajs-600-mm-pulets\\\/\"]}]},{\"@type\":\"ImageObject\",\"inLanguage\":\"lv-LV\",\"@id\":\"https:\\\/\\\/micasa.lv\\\/lv\\\/rawell-radiatora-dubultais-dvielu-turetajs-600-mm-pulets\\\/#primaryimage\",\"url\":\"https:\\\/\\\/micasa.lv\\\/wp-content\\\/uploads\\\/2025\\\/05\\\/f583bbeae8ea1e72378ed7ec7b6de81b_134504232-velky.jpg\",\"contentUrl\":\"https:\\\/\\\/micasa.lv\\\/wp-content\\\/uploads\\\/2025\\\/05\\\/f583bbeae8ea1e72378ed7ec7b6de81b_134504232-velky.jpg\",\"width\":500,\"height\":190},{\"@type\":\"BreadcrumbList\",\"@id\":\"https:\\\/\\\/micasa.lv\\\/lv\\\/rawell-radiatora-dubultais-dvielu-turetajs-600-mm-pulets\\\/#breadcrumb\",\"itemListElement\":[{\"@type\":\"ListItem\",\"position\":1,\"name\":\"S\u0101kums\",\"item\":\"https:\\\/\\\/micasa.lv\\\/lv\\\/micasa\\\/\"},{\"@type\":\"ListItem\",\"position\":2,\"name\":\"Shop\",\"item\":\"https:\\\/\\\/micasa.lv\\\/lv\\\/shop\\\/\"},{\"@type\":\"ListItem\",\"position\":3,\"name\":\"RAWELL: Radiatora dubultais dvie\u013cu tur\u0113t\u0101js 600 mm, pul\u0113ts\"}]},{\"@type\":\"WebSite\",\"@id\":\"https:\\\/\\\/micasa.lv\\\/lv\\\/#website\",\"url\":\"https:\\\/\\\/micasa.lv\\\/lv\\\/\",\"name\":\"Micasa\",\"description\":\"\",\"potentialAction\":[{\"@type\":\"SearchAction\",\"target\":{\"@type\":\"EntryPoint\",\"urlTemplate\":\"https:\\\/\\\/micasa.lv\\\/lv\\\/?s={search_term_string}\"},\"query-input\":{\"@type\":\"PropertyValueSpecification\",\"valueRequired\":true,\"valueName\":\"search_term_string\"}}],\"inLanguage\":\"lv-LV\"}]}<\/script>\n<!-- \/ Yoast SEO plugin. -->","yoast_head_json":{"title":"RAWELL: Radiatora dubultais dvie\u013cu tur\u0113t\u0101js 600 mm, pul\u0113ts - Micasa","robots":{"index":"index","follow":"follow","max-snippet":"max-snippet:-1","max-image-preview":"max-image-preview:large","max-video-preview":"max-video-preview:-1"},"canonical":"https:\/\/micasa.lv\/lv\/rawell-radiatora-dubultais-dvielu-turetajs-600-mm-pulets\/","og_locale":"lv_LV","og_type":"article","og_title":"RAWELL: Radiatora dubultais dvie\u013cu tur\u0113t\u0101js 600 mm, pul\u0113ts - Micasa","og_description":"RAWELL is inspired by the word refinement. Indeed, the collection includes towel holders to be placed directly on the bathroom","og_url":"https:\/\/micasa.lv\/lv\/rawell-radiatora-dubultais-dvielu-turetajs-600-mm-pulets\/","og_site_name":"Micasa","article_modified_time":"2025-06-13T07:25:40+00:00","og_image":[{"width":500,"height":190,"url":"https:\/\/micasa.lv\/wp-content\/uploads\/2025\/05\/f583bbeae8ea1e72378ed7ec7b6de81b_134504232-velky.jpg","type":"image\/jpeg"}],"twitter_card":"summary_large_image","schema":{"@context":"https:\/\/schema.org","@graph":[{"@type":"WebPage","@id":"https:\/\/micasa.lv\/lv\/rawell-radiatora-dubultais-dvielu-turetajs-600-mm-pulets\/","url":"https:\/\/micasa.lv\/lv\/rawell-radiatora-dubultais-dvielu-turetajs-600-mm-pulets\/","name":"RAWELL: Radiatora dubultais dvie\u013cu tur\u0113t\u0101js 600 mm, pul\u0113ts - Micasa","isPartOf":{"@id":"https:\/\/micasa.lv\/lv\/#website"},"primaryImageOfPage":{"@id":"https:\/\/micasa.lv\/lv\/rawell-radiatora-dubultais-dvielu-turetajs-600-mm-pulets\/#primaryimage"},"image":{"@id":"https:\/\/micasa.lv\/lv\/rawell-radiatora-dubultais-dvielu-turetajs-600-mm-pulets\/#primaryimage"},"thumbnailUrl":"https:\/\/micasa.lv\/wp-content\/uploads\/2025\/05\/f583bbeae8ea1e72378ed7ec7b6de81b_134504232-velky.jpg","datePublished":"2025-05-12T11:46:35+00:00","dateModified":"2025-06-13T07:25:40+00:00","breadcrumb":{"@id":"https:\/\/micasa.lv\/lv\/rawell-radiatora-dubultais-dvielu-turetajs-600-mm-pulets\/#breadcrumb"},"inLanguage":"lv-LV","potentialAction":[{"@type":"ReadAction","target":["https:\/\/micasa.lv\/lv\/rawell-radiatora-dubultais-dvielu-turetajs-600-mm-pulets\/"]}]},{"@type":"ImageObject","inLanguage":"lv-LV","@id":"https:\/\/micasa.lv\/lv\/rawell-radiatora-dubultais-dvielu-turetajs-600-mm-pulets\/#primaryimage","url":"https:\/\/micasa.lv\/wp-content\/uploads\/2025\/05\/f583bbeae8ea1e72378ed7ec7b6de81b_134504232-velky.jpg","contentUrl":"https:\/\/micasa.lv\/wp-content\/uploads\/2025\/05\/f583bbeae8ea1e72378ed7ec7b6de81b_134504232-velky.jpg","width":500,"height":190},{"@type":"BreadcrumbList","@id":"https:\/\/micasa.lv\/lv\/rawell-radiatora-dubultais-dvielu-turetajs-600-mm-pulets\/#breadcrumb","itemListElement":[{"@type":"ListItem","position":1,"name":"S\u0101kums","item":"https:\/\/micasa.lv\/lv\/micasa\/"},{"@type":"ListItem","position":2,"name":"Shop","item":"https:\/\/micasa.lv\/lv\/shop\/"},{"@type":"ListItem","position":3,"name":"RAWELL: Radiatora dubultais dvie\u013cu tur\u0113t\u0101js 600 mm, pul\u0113ts"}]},{"@type":"WebSite","@id":"https:\/\/micasa.lv\/lv\/#website","url":"https:\/\/micasa.lv\/lv\/","name":"Micasa","description":"","potentialAction":[{"@type":"SearchAction","target":{"@type":"EntryPoint","urlTemplate":"https:\/\/micasa.lv\/lv\/?s={search_term_string}"},"query-input":{"@type":"PropertyValueSpecification","valueRequired":true,"valueName":"search_term_string"}}],"inLanguage":"lv-LV"}]}},"wcpa_form_fields":null,"_links":{"self":[{"href":"https:\/\/micasa.lv\/lv\/wp-json\/wp\/v2\/product\/39340","targetHints":{"allow":["GET"]}}],"collection":[{"href":"https:\/\/micasa.lv\/lv\/wp-json\/wp\/v2\/product"}],"about":[{"href":"https:\/\/micasa.lv\/lv\/wp-json\/wp\/v2\/types\/product"}],"version-history":[{"count":1,"href":"https:\/\/micasa.lv\/lv\/wp-json\/wp\/v2\/product\/39340\/revisions"}],"predecessor-version":[{"id":39370,"href":"https:\/\/micasa.lv\/lv\/wp-json\/wp\/v2\/product\/39340\/revisions\/39370"}],"wp:featuredmedia":[{"embeddable":true,"href":"https:\/\/micasa.lv\/lv\/wp-json\/wp\/v2\/media\/39130"}],"wp:attachment":[{"href":"https:\/\/micasa.lv\/lv\/wp-json\/wp\/v2\/media?parent=39340"}],"wp:term":[{"taxonomy":"product_brand","embeddable":true,"href":"https:\/\/micasa.lv\/lv\/wp-json\/wp\/v2\/product_brand?post=39340"},{"taxonomy":"product_cat","embeddable":true,"href":"https:\/\/micasa.lv\/lv\/wp-json\/wp\/v2\/product_cat?post=39340"},{"taxonomy":"product_tag","embeddable":true,"href":"https:\/\/micasa.lv\/lv\/wp-json\/wp\/v2\/product_tag?post=39340"}],"curies":[{"name":"wp","href":"https:\/\/api.w.org\/{rel}","templated":true}]}}