{"id":39394,"date":"2025-05-12T14:46:50","date_gmt":"2025-05-12T11:46:50","guid":{"rendered":"https:\/\/test.micasa.lv\/?post_type=product&#038;p=39394"},"modified":"2025-06-13T10:25:48","modified_gmt":"2025-06-13T07:25:48","slug":"help-salokams-u-veida-rokturis-stiprinams-pie-zemes-750-mm-nerusejosais-terauds-matets-bez-parsega","status":"publish","type":"product","link":"https:\/\/micasa.lv\/lv\/help-salokams-u-veida-rokturis-stiprinams-pie-zemes-750-mm-nerusejosais-terauds-matets-bez-parsega\/","title":{"rendered":"HELP: Salok\u0101ms U veida rokturis, stiprin\u0101ms pie zemes 750 mm, ner\u016bs\u0113jo\u0161ais t\u0113rauds, mat\u0113ts, bez p\u0101rsega"},"content":{"rendered":"<p>A bathroom design with no boundaries and limitations! The HELP series furnishes a helping hand to those who long for a barrier-free bathroom in which every move is filled with certainty. In addition, the products are provided with an antibacterial powder coating, meeting even the strictest of the hygienic requirements.<\/p>\n","protected":false},"excerpt":{"rendered":"<p>A bathroom design with no boundaries and limitations! The HELP series furnishes a helping hand to those who long for<\/p>\n","protected":false},"featured_media":38878,"template":"","meta":[],"product_brand":[],"product_cat":[1889,1528],"product_tag":[],"class_list":{"0":"post-39394","1":"product","2":"type-product","3":"status-publish","4":"has-post-thumbnail","6":"product_cat-atbalsta-rokturi","7":"product_cat-vannas-istabas-aksesuari","8":"pa_brand-bemeta-lv","10":"first","11":"instock","12":"taxable","13":"shipping-taxable","14":"purchasable","15":"product-type-simple"},"yoast_head":"<!-- This site is optimized with the Yoast SEO plugin v27.4 - https:\/\/yoast.com\/product\/yoast-seo-wordpress\/ -->\n<title>HELP: Salok\u0101ms U veida rokturis, stiprin\u0101ms pie zemes 750 mm, ner\u016bs\u0113jo\u0161ais t\u0113rauds, mat\u0113ts, bez p\u0101rsega - Micasa<\/title>\n<meta name=\"robots\" content=\"index, follow, max-snippet:-1, max-image-preview:large, max-video-preview:-1\" \/>\n<link rel=\"canonical\" href=\"https:\/\/micasa.lv\/lv\/help-salokams-u-veida-rokturis-stiprinams-pie-zemes-750-mm-nerusejosais-terauds-matets-bez-parsega\/\" \/>\n<meta property=\"og:locale\" content=\"lv_LV\" \/>\n<meta property=\"og:type\" content=\"article\" \/>\n<meta property=\"og:title\" content=\"HELP: Salok\u0101ms U veida rokturis, stiprin\u0101ms pie zemes 750 mm, ner\u016bs\u0113jo\u0161ais t\u0113rauds, mat\u0113ts, bez p\u0101rsega - Micasa\" \/>\n<meta property=\"og:description\" content=\"A bathroom design with no boundaries and limitations! The HELP series furnishes a helping hand to those who long for\" \/>\n<meta property=\"og:url\" content=\"https:\/\/micasa.lv\/lv\/help-salokams-u-veida-rokturis-stiprinams-pie-zemes-750-mm-nerusejosais-terauds-matets-bez-parsega\/\" \/>\n<meta property=\"og:site_name\" content=\"Micasa\" \/>\n<meta property=\"article:modified_time\" content=\"2025-06-13T07:25:48+00:00\" \/>\n<meta property=\"og:image\" content=\"https:\/\/micasa.lv\/wp-content\/uploads\/2025\/05\/6d3af6be2e91e9a5fe0983d243cf18ae_301107302-velky.jpg\" \/>\n\t<meta property=\"og:image:width\" content=\"500\" \/>\n\t<meta property=\"og:image:height\" content=\"500\" \/>\n\t<meta property=\"og:image:type\" content=\"image\/jpeg\" \/>\n<meta name=\"twitter:card\" content=\"summary_large_image\" \/>\n<script type=\"application\/ld+json\" class=\"yoast-schema-graph\">{\"@context\":\"https:\\\/\\\/schema.org\",\"@graph\":[{\"@type\":\"WebPage\",\"@id\":\"https:\\\/\\\/micasa.lv\\\/lv\\\/help-salokams-u-veida-rokturis-stiprinams-pie-zemes-750-mm-nerusejosais-terauds-matets-bez-parsega\\\/\",\"url\":\"https:\\\/\\\/micasa.lv\\\/lv\\\/help-salokams-u-veida-rokturis-stiprinams-pie-zemes-750-mm-nerusejosais-terauds-matets-bez-parsega\\\/\",\"name\":\"HELP: Salok\u0101ms U veida rokturis, stiprin\u0101ms pie zemes 750 mm, ner\u016bs\u0113jo\u0161ais t\u0113rauds, mat\u0113ts, bez p\u0101rsega - Micasa\",\"isPartOf\":{\"@id\":\"https:\\\/\\\/micasa.lv\\\/lv\\\/#website\"},\"primaryImageOfPage\":{\"@id\":\"https:\\\/\\\/micasa.lv\\\/lv\\\/help-salokams-u-veida-rokturis-stiprinams-pie-zemes-750-mm-nerusejosais-terauds-matets-bez-parsega\\\/#primaryimage\"},\"image\":{\"@id\":\"https:\\\/\\\/micasa.lv\\\/lv\\\/help-salokams-u-veida-rokturis-stiprinams-pie-zemes-750-mm-nerusejosais-terauds-matets-bez-parsega\\\/#primaryimage\"},\"thumbnailUrl\":\"https:\\\/\\\/micasa.lv\\\/wp-content\\\/uploads\\\/2025\\\/05\\\/6d3af6be2e91e9a5fe0983d243cf18ae_301107302-velky.jpg\",\"datePublished\":\"2025-05-12T11:46:50+00:00\",\"dateModified\":\"2025-06-13T07:25:48+00:00\",\"breadcrumb\":{\"@id\":\"https:\\\/\\\/micasa.lv\\\/lv\\\/help-salokams-u-veida-rokturis-stiprinams-pie-zemes-750-mm-nerusejosais-terauds-matets-bez-parsega\\\/#breadcrumb\"},\"inLanguage\":\"lv-LV\",\"potentialAction\":[{\"@type\":\"ReadAction\",\"target\":[\"https:\\\/\\\/micasa.lv\\\/lv\\\/help-salokams-u-veida-rokturis-stiprinams-pie-zemes-750-mm-nerusejosais-terauds-matets-bez-parsega\\\/\"]}]},{\"@type\":\"ImageObject\",\"inLanguage\":\"lv-LV\",\"@id\":\"https:\\\/\\\/micasa.lv\\\/lv\\\/help-salokams-u-veida-rokturis-stiprinams-pie-zemes-750-mm-nerusejosais-terauds-matets-bez-parsega\\\/#primaryimage\",\"url\":\"https:\\\/\\\/micasa.lv\\\/wp-content\\\/uploads\\\/2025\\\/05\\\/6d3af6be2e91e9a5fe0983d243cf18ae_301107302-velky.jpg\",\"contentUrl\":\"https:\\\/\\\/micasa.lv\\\/wp-content\\\/uploads\\\/2025\\\/05\\\/6d3af6be2e91e9a5fe0983d243cf18ae_301107302-velky.jpg\",\"width\":500,\"height\":500},{\"@type\":\"BreadcrumbList\",\"@id\":\"https:\\\/\\\/micasa.lv\\\/lv\\\/help-salokams-u-veida-rokturis-stiprinams-pie-zemes-750-mm-nerusejosais-terauds-matets-bez-parsega\\\/#breadcrumb\",\"itemListElement\":[{\"@type\":\"ListItem\",\"position\":1,\"name\":\"S\u0101kums\",\"item\":\"https:\\\/\\\/micasa.lv\\\/lv\\\/micasa\\\/\"},{\"@type\":\"ListItem\",\"position\":2,\"name\":\"Shop\",\"item\":\"https:\\\/\\\/micasa.lv\\\/lv\\\/shop\\\/\"},{\"@type\":\"ListItem\",\"position\":3,\"name\":\"HELP: Salok\u0101ms U veida rokturis, stiprin\u0101ms pie zemes 750 mm, ner\u016bs\u0113jo\u0161ais t\u0113rauds, mat\u0113ts, bez p\u0101rsega\"}]},{\"@type\":\"WebSite\",\"@id\":\"https:\\\/\\\/micasa.lv\\\/lv\\\/#website\",\"url\":\"https:\\\/\\\/micasa.lv\\\/lv\\\/\",\"name\":\"Micasa\",\"description\":\"\",\"potentialAction\":[{\"@type\":\"SearchAction\",\"target\":{\"@type\":\"EntryPoint\",\"urlTemplate\":\"https:\\\/\\\/micasa.lv\\\/lv\\\/?s={search_term_string}\"},\"query-input\":{\"@type\":\"PropertyValueSpecification\",\"valueRequired\":true,\"valueName\":\"search_term_string\"}}],\"inLanguage\":\"lv-LV\"}]}<\/script>\n<!-- \/ Yoast SEO plugin. -->","yoast_head_json":{"title":"HELP: Salok\u0101ms U veida rokturis, stiprin\u0101ms pie zemes 750 mm, ner\u016bs\u0113jo\u0161ais t\u0113rauds, mat\u0113ts, bez p\u0101rsega - Micasa","robots":{"index":"index","follow":"follow","max-snippet":"max-snippet:-1","max-image-preview":"max-image-preview:large","max-video-preview":"max-video-preview:-1"},"canonical":"https:\/\/micasa.lv\/lv\/help-salokams-u-veida-rokturis-stiprinams-pie-zemes-750-mm-nerusejosais-terauds-matets-bez-parsega\/","og_locale":"lv_LV","og_type":"article","og_title":"HELP: Salok\u0101ms U veida rokturis, stiprin\u0101ms pie zemes 750 mm, ner\u016bs\u0113jo\u0161ais t\u0113rauds, mat\u0113ts, bez p\u0101rsega - Micasa","og_description":"A bathroom design with no boundaries and limitations! The HELP series furnishes a helping hand to those who long for","og_url":"https:\/\/micasa.lv\/lv\/help-salokams-u-veida-rokturis-stiprinams-pie-zemes-750-mm-nerusejosais-terauds-matets-bez-parsega\/","og_site_name":"Micasa","article_modified_time":"2025-06-13T07:25:48+00:00","og_image":[{"width":500,"height":500,"url":"https:\/\/micasa.lv\/wp-content\/uploads\/2025\/05\/6d3af6be2e91e9a5fe0983d243cf18ae_301107302-velky.jpg","type":"image\/jpeg"}],"twitter_card":"summary_large_image","schema":{"@context":"https:\/\/schema.org","@graph":[{"@type":"WebPage","@id":"https:\/\/micasa.lv\/lv\/help-salokams-u-veida-rokturis-stiprinams-pie-zemes-750-mm-nerusejosais-terauds-matets-bez-parsega\/","url":"https:\/\/micasa.lv\/lv\/help-salokams-u-veida-rokturis-stiprinams-pie-zemes-750-mm-nerusejosais-terauds-matets-bez-parsega\/","name":"HELP: Salok\u0101ms U veida rokturis, stiprin\u0101ms pie zemes 750 mm, ner\u016bs\u0113jo\u0161ais t\u0113rauds, mat\u0113ts, bez p\u0101rsega - Micasa","isPartOf":{"@id":"https:\/\/micasa.lv\/lv\/#website"},"primaryImageOfPage":{"@id":"https:\/\/micasa.lv\/lv\/help-salokams-u-veida-rokturis-stiprinams-pie-zemes-750-mm-nerusejosais-terauds-matets-bez-parsega\/#primaryimage"},"image":{"@id":"https:\/\/micasa.lv\/lv\/help-salokams-u-veida-rokturis-stiprinams-pie-zemes-750-mm-nerusejosais-terauds-matets-bez-parsega\/#primaryimage"},"thumbnailUrl":"https:\/\/micasa.lv\/wp-content\/uploads\/2025\/05\/6d3af6be2e91e9a5fe0983d243cf18ae_301107302-velky.jpg","datePublished":"2025-05-12T11:46:50+00:00","dateModified":"2025-06-13T07:25:48+00:00","breadcrumb":{"@id":"https:\/\/micasa.lv\/lv\/help-salokams-u-veida-rokturis-stiprinams-pie-zemes-750-mm-nerusejosais-terauds-matets-bez-parsega\/#breadcrumb"},"inLanguage":"lv-LV","potentialAction":[{"@type":"ReadAction","target":["https:\/\/micasa.lv\/lv\/help-salokams-u-veida-rokturis-stiprinams-pie-zemes-750-mm-nerusejosais-terauds-matets-bez-parsega\/"]}]},{"@type":"ImageObject","inLanguage":"lv-LV","@id":"https:\/\/micasa.lv\/lv\/help-salokams-u-veida-rokturis-stiprinams-pie-zemes-750-mm-nerusejosais-terauds-matets-bez-parsega\/#primaryimage","url":"https:\/\/micasa.lv\/wp-content\/uploads\/2025\/05\/6d3af6be2e91e9a5fe0983d243cf18ae_301107302-velky.jpg","contentUrl":"https:\/\/micasa.lv\/wp-content\/uploads\/2025\/05\/6d3af6be2e91e9a5fe0983d243cf18ae_301107302-velky.jpg","width":500,"height":500},{"@type":"BreadcrumbList","@id":"https:\/\/micasa.lv\/lv\/help-salokams-u-veida-rokturis-stiprinams-pie-zemes-750-mm-nerusejosais-terauds-matets-bez-parsega\/#breadcrumb","itemListElement":[{"@type":"ListItem","position":1,"name":"S\u0101kums","item":"https:\/\/micasa.lv\/lv\/micasa\/"},{"@type":"ListItem","position":2,"name":"Shop","item":"https:\/\/micasa.lv\/lv\/shop\/"},{"@type":"ListItem","position":3,"name":"HELP: Salok\u0101ms U veida rokturis, stiprin\u0101ms pie zemes 750 mm, ner\u016bs\u0113jo\u0161ais t\u0113rauds, mat\u0113ts, bez p\u0101rsega"}]},{"@type":"WebSite","@id":"https:\/\/micasa.lv\/lv\/#website","url":"https:\/\/micasa.lv\/lv\/","name":"Micasa","description":"","potentialAction":[{"@type":"SearchAction","target":{"@type":"EntryPoint","urlTemplate":"https:\/\/micasa.lv\/lv\/?s={search_term_string}"},"query-input":{"@type":"PropertyValueSpecification","valueRequired":true,"valueName":"search_term_string"}}],"inLanguage":"lv-LV"}]}},"wcpa_form_fields":null,"_links":{"self":[{"href":"https:\/\/micasa.lv\/lv\/wp-json\/wp\/v2\/product\/39394","targetHints":{"allow":["GET"]}}],"collection":[{"href":"https:\/\/micasa.lv\/lv\/wp-json\/wp\/v2\/product"}],"about":[{"href":"https:\/\/micasa.lv\/lv\/wp-json\/wp\/v2\/types\/product"}],"version-history":[{"count":1,"href":"https:\/\/micasa.lv\/lv\/wp-json\/wp\/v2\/product\/39394\/revisions"}],"predecessor-version":[{"id":39424,"href":"https:\/\/micasa.lv\/lv\/wp-json\/wp\/v2\/product\/39394\/revisions\/39424"}],"wp:featuredmedia":[{"embeddable":true,"href":"https:\/\/micasa.lv\/lv\/wp-json\/wp\/v2\/media\/38878"}],"wp:attachment":[{"href":"https:\/\/micasa.lv\/lv\/wp-json\/wp\/v2\/media?parent=39394"}],"wp:term":[{"taxonomy":"product_brand","embeddable":true,"href":"https:\/\/micasa.lv\/lv\/wp-json\/wp\/v2\/product_brand?post=39394"},{"taxonomy":"product_cat","embeddable":true,"href":"https:\/\/micasa.lv\/lv\/wp-json\/wp\/v2\/product_cat?post=39394"},{"taxonomy":"product_tag","embeddable":true,"href":"https:\/\/micasa.lv\/lv\/wp-json\/wp\/v2\/product_tag?post=39394"}],"curies":[{"name":"wp","href":"https:\/\/api.w.org\/{rel}","templated":true}]}}