{"id":39463,"date":"2025-05-12T14:47:10","date_gmt":"2025-05-12T11:47:10","guid":{"rendered":"https:\/\/test.micasa.lv\/?post_type=product&#038;p=39463"},"modified":"2025-06-13T10:26:01","modified_gmt":"2025-06-13T07:26:01","slug":"beta-dvielu-turetajs-ar-divam-supolem-420-mm","status":"publish","type":"product","link":"https:\/\/micasa.lv\/lv\/beta-dvielu-turetajs-ar-divam-supolem-420-mm\/","title":{"rendered":"BETA: Dvie\u013cu tur\u0113t\u0101js ar div\u0101m \u0161\u016bpol\u0113m, 420 mm"},"content":{"rendered":"<p>Timeless aesthetics and perfect shapes. The two main distinguishing features of the BETA product line. Its products are a delight for all modern bathrooms, giving them a sense of luxury and harmony. The collection is marked by light tones and largely combines glass with a chrome finish. Specific products include various types of hangers, shelves and holders, soap dishes and dispensers, toilet brushes and make-up mirrors.<\/p>\n","protected":false},"excerpt":{"rendered":"<p>Timeless aesthetics and perfect shapes. The two main distinguishing features of the BETA product line. Its products are a delight<\/p>\n","protected":false},"featured_media":38896,"template":"","meta":[],"product_brand":[],"product_cat":[1859,1528],"product_tag":[],"class_list":{"0":"post-39463","1":"product","2":"type-product","3":"status-publish","4":"has-post-thumbnail","6":"product_cat-dvielu-turetaji","7":"product_cat-vannas-istabas-aksesuari","8":"pa_brand-bemeta-lv","10":"first","11":"instock","12":"taxable","13":"shipping-taxable","14":"purchasable","15":"product-type-simple"},"yoast_head":"<!-- This site is optimized with the Yoast SEO plugin v27.4 - https:\/\/yoast.com\/product\/yoast-seo-wordpress\/ -->\n<title>BETA: Dvie\u013cu tur\u0113t\u0101js ar div\u0101m \u0161\u016bpol\u0113m, 420 mm - Micasa<\/title>\n<meta name=\"robots\" content=\"index, follow, max-snippet:-1, max-image-preview:large, max-video-preview:-1\" \/>\n<link rel=\"canonical\" href=\"https:\/\/micasa.lv\/lv\/beta-dvielu-turetajs-ar-divam-supolem-420-mm\/\" \/>\n<meta property=\"og:locale\" content=\"lv_LV\" \/>\n<meta property=\"og:type\" content=\"article\" \/>\n<meta property=\"og:title\" content=\"BETA: Dvie\u013cu tur\u0113t\u0101js ar div\u0101m \u0161\u016bpol\u0113m, 420 mm - Micasa\" \/>\n<meta property=\"og:description\" content=\"Timeless aesthetics and perfect shapes. The two main distinguishing features of the BETA product line. Its products are a delight\" \/>\n<meta property=\"og:url\" content=\"https:\/\/micasa.lv\/lv\/beta-dvielu-turetajs-ar-divam-supolem-420-mm\/\" \/>\n<meta property=\"og:site_name\" content=\"Micasa\" \/>\n<meta property=\"article:modified_time\" content=\"2025-06-13T07:26:01+00:00\" \/>\n<meta property=\"og:image\" content=\"https:\/\/micasa.lv\/wp-content\/uploads\/2025\/05\/8b3831f39761cfa1fd1651fe7df9fbed_132204191-velky.jpg\" \/>\n\t<meta property=\"og:image:width\" content=\"500\" \/>\n\t<meta property=\"og:image:height\" content=\"135\" \/>\n\t<meta property=\"og:image:type\" content=\"image\/jpeg\" \/>\n<meta name=\"twitter:card\" content=\"summary_large_image\" \/>\n<script type=\"application\/ld+json\" class=\"yoast-schema-graph\">{\"@context\":\"https:\\\/\\\/schema.org\",\"@graph\":[{\"@type\":\"WebPage\",\"@id\":\"https:\\\/\\\/micasa.lv\\\/lv\\\/beta-dvielu-turetajs-ar-divam-supolem-420-mm\\\/\",\"url\":\"https:\\\/\\\/micasa.lv\\\/lv\\\/beta-dvielu-turetajs-ar-divam-supolem-420-mm\\\/\",\"name\":\"BETA: Dvie\u013cu tur\u0113t\u0101js ar div\u0101m \u0161\u016bpol\u0113m, 420 mm - Micasa\",\"isPartOf\":{\"@id\":\"https:\\\/\\\/micasa.lv\\\/lv\\\/#website\"},\"primaryImageOfPage\":{\"@id\":\"https:\\\/\\\/micasa.lv\\\/lv\\\/beta-dvielu-turetajs-ar-divam-supolem-420-mm\\\/#primaryimage\"},\"image\":{\"@id\":\"https:\\\/\\\/micasa.lv\\\/lv\\\/beta-dvielu-turetajs-ar-divam-supolem-420-mm\\\/#primaryimage\"},\"thumbnailUrl\":\"https:\\\/\\\/micasa.lv\\\/wp-content\\\/uploads\\\/2025\\\/05\\\/8b3831f39761cfa1fd1651fe7df9fbed_132204191-velky.jpg\",\"datePublished\":\"2025-05-12T11:47:10+00:00\",\"dateModified\":\"2025-06-13T07:26:01+00:00\",\"breadcrumb\":{\"@id\":\"https:\\\/\\\/micasa.lv\\\/lv\\\/beta-dvielu-turetajs-ar-divam-supolem-420-mm\\\/#breadcrumb\"},\"inLanguage\":\"lv-LV\",\"potentialAction\":[{\"@type\":\"ReadAction\",\"target\":[\"https:\\\/\\\/micasa.lv\\\/lv\\\/beta-dvielu-turetajs-ar-divam-supolem-420-mm\\\/\"]}]},{\"@type\":\"ImageObject\",\"inLanguage\":\"lv-LV\",\"@id\":\"https:\\\/\\\/micasa.lv\\\/lv\\\/beta-dvielu-turetajs-ar-divam-supolem-420-mm\\\/#primaryimage\",\"url\":\"https:\\\/\\\/micasa.lv\\\/wp-content\\\/uploads\\\/2025\\\/05\\\/8b3831f39761cfa1fd1651fe7df9fbed_132204191-velky.jpg\",\"contentUrl\":\"https:\\\/\\\/micasa.lv\\\/wp-content\\\/uploads\\\/2025\\\/05\\\/8b3831f39761cfa1fd1651fe7df9fbed_132204191-velky.jpg\",\"width\":500,\"height\":135},{\"@type\":\"BreadcrumbList\",\"@id\":\"https:\\\/\\\/micasa.lv\\\/lv\\\/beta-dvielu-turetajs-ar-divam-supolem-420-mm\\\/#breadcrumb\",\"itemListElement\":[{\"@type\":\"ListItem\",\"position\":1,\"name\":\"S\u0101kums\",\"item\":\"https:\\\/\\\/micasa.lv\\\/lv\\\/micasa\\\/\"},{\"@type\":\"ListItem\",\"position\":2,\"name\":\"Shop\",\"item\":\"https:\\\/\\\/micasa.lv\\\/lv\\\/shop\\\/\"},{\"@type\":\"ListItem\",\"position\":3,\"name\":\"BETA: Dvie\u013cu tur\u0113t\u0101js ar div\u0101m \u0161\u016bpol\u0113m, 420 mm\"}]},{\"@type\":\"WebSite\",\"@id\":\"https:\\\/\\\/micasa.lv\\\/lv\\\/#website\",\"url\":\"https:\\\/\\\/micasa.lv\\\/lv\\\/\",\"name\":\"Micasa\",\"description\":\"\",\"potentialAction\":[{\"@type\":\"SearchAction\",\"target\":{\"@type\":\"EntryPoint\",\"urlTemplate\":\"https:\\\/\\\/micasa.lv\\\/lv\\\/?s={search_term_string}\"},\"query-input\":{\"@type\":\"PropertyValueSpecification\",\"valueRequired\":true,\"valueName\":\"search_term_string\"}}],\"inLanguage\":\"lv-LV\"}]}<\/script>\n<!-- \/ Yoast SEO plugin. -->","yoast_head_json":{"title":"BETA: Dvie\u013cu tur\u0113t\u0101js ar div\u0101m \u0161\u016bpol\u0113m, 420 mm - Micasa","robots":{"index":"index","follow":"follow","max-snippet":"max-snippet:-1","max-image-preview":"max-image-preview:large","max-video-preview":"max-video-preview:-1"},"canonical":"https:\/\/micasa.lv\/lv\/beta-dvielu-turetajs-ar-divam-supolem-420-mm\/","og_locale":"lv_LV","og_type":"article","og_title":"BETA: Dvie\u013cu tur\u0113t\u0101js ar div\u0101m \u0161\u016bpol\u0113m, 420 mm - Micasa","og_description":"Timeless aesthetics and perfect shapes. The two main distinguishing features of the BETA product line. Its products are a delight","og_url":"https:\/\/micasa.lv\/lv\/beta-dvielu-turetajs-ar-divam-supolem-420-mm\/","og_site_name":"Micasa","article_modified_time":"2025-06-13T07:26:01+00:00","og_image":[{"width":500,"height":135,"url":"https:\/\/micasa.lv\/wp-content\/uploads\/2025\/05\/8b3831f39761cfa1fd1651fe7df9fbed_132204191-velky.jpg","type":"image\/jpeg"}],"twitter_card":"summary_large_image","schema":{"@context":"https:\/\/schema.org","@graph":[{"@type":"WebPage","@id":"https:\/\/micasa.lv\/lv\/beta-dvielu-turetajs-ar-divam-supolem-420-mm\/","url":"https:\/\/micasa.lv\/lv\/beta-dvielu-turetajs-ar-divam-supolem-420-mm\/","name":"BETA: Dvie\u013cu tur\u0113t\u0101js ar div\u0101m \u0161\u016bpol\u0113m, 420 mm - Micasa","isPartOf":{"@id":"https:\/\/micasa.lv\/lv\/#website"},"primaryImageOfPage":{"@id":"https:\/\/micasa.lv\/lv\/beta-dvielu-turetajs-ar-divam-supolem-420-mm\/#primaryimage"},"image":{"@id":"https:\/\/micasa.lv\/lv\/beta-dvielu-turetajs-ar-divam-supolem-420-mm\/#primaryimage"},"thumbnailUrl":"https:\/\/micasa.lv\/wp-content\/uploads\/2025\/05\/8b3831f39761cfa1fd1651fe7df9fbed_132204191-velky.jpg","datePublished":"2025-05-12T11:47:10+00:00","dateModified":"2025-06-13T07:26:01+00:00","breadcrumb":{"@id":"https:\/\/micasa.lv\/lv\/beta-dvielu-turetajs-ar-divam-supolem-420-mm\/#breadcrumb"},"inLanguage":"lv-LV","potentialAction":[{"@type":"ReadAction","target":["https:\/\/micasa.lv\/lv\/beta-dvielu-turetajs-ar-divam-supolem-420-mm\/"]}]},{"@type":"ImageObject","inLanguage":"lv-LV","@id":"https:\/\/micasa.lv\/lv\/beta-dvielu-turetajs-ar-divam-supolem-420-mm\/#primaryimage","url":"https:\/\/micasa.lv\/wp-content\/uploads\/2025\/05\/8b3831f39761cfa1fd1651fe7df9fbed_132204191-velky.jpg","contentUrl":"https:\/\/micasa.lv\/wp-content\/uploads\/2025\/05\/8b3831f39761cfa1fd1651fe7df9fbed_132204191-velky.jpg","width":500,"height":135},{"@type":"BreadcrumbList","@id":"https:\/\/micasa.lv\/lv\/beta-dvielu-turetajs-ar-divam-supolem-420-mm\/#breadcrumb","itemListElement":[{"@type":"ListItem","position":1,"name":"S\u0101kums","item":"https:\/\/micasa.lv\/lv\/micasa\/"},{"@type":"ListItem","position":2,"name":"Shop","item":"https:\/\/micasa.lv\/lv\/shop\/"},{"@type":"ListItem","position":3,"name":"BETA: Dvie\u013cu tur\u0113t\u0101js ar div\u0101m \u0161\u016bpol\u0113m, 420 mm"}]},{"@type":"WebSite","@id":"https:\/\/micasa.lv\/lv\/#website","url":"https:\/\/micasa.lv\/lv\/","name":"Micasa","description":"","potentialAction":[{"@type":"SearchAction","target":{"@type":"EntryPoint","urlTemplate":"https:\/\/micasa.lv\/lv\/?s={search_term_string}"},"query-input":{"@type":"PropertyValueSpecification","valueRequired":true,"valueName":"search_term_string"}}],"inLanguage":"lv-LV"}]}},"wcpa_form_fields":null,"_links":{"self":[{"href":"https:\/\/micasa.lv\/lv\/wp-json\/wp\/v2\/product\/39463","targetHints":{"allow":["GET"]}}],"collection":[{"href":"https:\/\/micasa.lv\/lv\/wp-json\/wp\/v2\/product"}],"about":[{"href":"https:\/\/micasa.lv\/lv\/wp-json\/wp\/v2\/types\/product"}],"version-history":[{"count":1,"href":"https:\/\/micasa.lv\/lv\/wp-json\/wp\/v2\/product\/39463\/revisions"}],"predecessor-version":[{"id":39493,"href":"https:\/\/micasa.lv\/lv\/wp-json\/wp\/v2\/product\/39463\/revisions\/39493"}],"wp:featuredmedia":[{"embeddable":true,"href":"https:\/\/micasa.lv\/lv\/wp-json\/wp\/v2\/media\/38896"}],"wp:attachment":[{"href":"https:\/\/micasa.lv\/lv\/wp-json\/wp\/v2\/media?parent=39463"}],"wp:term":[{"taxonomy":"product_brand","embeddable":true,"href":"https:\/\/micasa.lv\/lv\/wp-json\/wp\/v2\/product_brand?post=39463"},{"taxonomy":"product_cat","embeddable":true,"href":"https:\/\/micasa.lv\/lv\/wp-json\/wp\/v2\/product_cat?post=39463"},{"taxonomy":"product_tag","embeddable":true,"href":"https:\/\/micasa.lv\/lv\/wp-json\/wp\/v2\/product_tag?post=39463"}],"curies":[{"name":"wp","href":"https:\/\/api.w.org\/{rel}","templated":true}]}}