{"id":40238,"date":"2025-05-12T16:10:45","date_gmt":"2025-05-12T13:10:45","guid":{"rendered":"https:\/\/test.micasa.lv\/?post_type=product&#038;p=40238"},"modified":"2025-06-13T10:27:14","modified_gmt":"2025-06-13T07:27:14","slug":"help-rokturis-ar-dvielu-turetaju-labais-white-ar-parsega-atloku","status":"publish","type":"product","link":"https:\/\/micasa.lv\/lv\/help-rokturis-ar-dvielu-turetaju-labais-white-ar-parsega-atloku\/","title":{"rendered":"HELP: Rokturis ar dvie\u013cu tur\u0113t\u0101ju, labais, WHITE ar p\u0101rsega atloku"},"content":{"rendered":"<p>Vannas istabas dizains bez robe\u017e\u0101m un ierobe\u017eojumiem! HELP s\u0113rija sniedz pal\u012bdz\u012bgu roku tiem, kas ilgojas p\u0113c vannas istabas bez barjer\u0101m, kur\u0101 katra kust\u012bba ir piepild\u012bta ar p\u0101rliec\u012bbu. Turkl\u0101t produkti ir p\u0101rkl\u0101ti ar antibakteri\u0101lu pulverkr\u0101su, kas atbilst pat visstingr\u0101kaj\u0101m higi\u0113nas pras\u012bb\u0101m.<\/p>\n","protected":false},"excerpt":{"rendered":"<p>Vannas istabas dizains bez robe\u017e\u0101m un ierobe\u017eojumiem! HELP s\u0113rija sniedz pal\u012bdz\u012bgu roku tiem, kas ilgojas p\u0113c vannas istabas bez barjer\u0101m,<\/p>\n","protected":false},"featured_media":39763,"template":"","meta":[],"product_brand":[],"product_cat":[1528],"product_tag":[],"class_list":{"0":"post-40238","1":"product","2":"type-product","3":"status-publish","4":"has-post-thumbnail","6":"product_cat-vannas-istabas-aksesuari","7":"pa_brand-bemeta-lv","9":"first","10":"instock","11":"taxable","12":"shipping-taxable","13":"purchasable","14":"product-type-simple"},"yoast_head":"<!-- This site is optimized with the Yoast SEO plugin v27.4 - https:\/\/yoast.com\/product\/yoast-seo-wordpress\/ -->\n<title>HELP: Rokturis ar dvie\u013cu tur\u0113t\u0101ju, labais, WHITE ar p\u0101rsega atloku - Micasa<\/title>\n<meta name=\"robots\" content=\"index, follow, max-snippet:-1, max-image-preview:large, max-video-preview:-1\" \/>\n<link rel=\"canonical\" href=\"https:\/\/micasa.lv\/lv\/help-rokturis-ar-dvielu-turetaju-labais-white-ar-parsega-atloku\/\" \/>\n<meta property=\"og:locale\" content=\"lv_LV\" \/>\n<meta property=\"og:type\" content=\"article\" \/>\n<meta property=\"og:title\" content=\"HELP: Rokturis ar dvie\u013cu tur\u0113t\u0101ju, labais, WHITE ar p\u0101rsega atloku - Micasa\" \/>\n<meta property=\"og:description\" content=\"Vannas istabas dizains bez robe\u017e\u0101m un ierobe\u017eojumiem! HELP s\u0113rija sniedz pal\u012bdz\u012bgu roku tiem, kas ilgojas p\u0113c vannas istabas bez barjer\u0101m,\" \/>\n<meta property=\"og:url\" content=\"https:\/\/micasa.lv\/lv\/help-rokturis-ar-dvielu-turetaju-labais-white-ar-parsega-atloku\/\" \/>\n<meta property=\"og:site_name\" content=\"Micasa\" \/>\n<meta property=\"article:modified_time\" content=\"2025-06-13T07:27:14+00:00\" \/>\n<meta property=\"og:image\" content=\"https:\/\/micasa.lv\/wp-content\/uploads\/2025\/05\/6a4f09abcd7ff0325b699ca4dfe6b00a_301122113-velky.jpg\" \/>\n\t<meta property=\"og:image:width\" content=\"500\" \/>\n\t<meta property=\"og:image:height\" content=\"500\" \/>\n\t<meta property=\"og:image:type\" content=\"image\/jpeg\" \/>\n<meta name=\"twitter:card\" content=\"summary_large_image\" \/>\n<script type=\"application\/ld+json\" class=\"yoast-schema-graph\">{\"@context\":\"https:\\\/\\\/schema.org\",\"@graph\":[{\"@type\":\"WebPage\",\"@id\":\"https:\\\/\\\/micasa.lv\\\/lv\\\/help-rokturis-ar-dvielu-turetaju-labais-white-ar-parsega-atloku\\\/\",\"url\":\"https:\\\/\\\/micasa.lv\\\/lv\\\/help-rokturis-ar-dvielu-turetaju-labais-white-ar-parsega-atloku\\\/\",\"name\":\"HELP: Rokturis ar dvie\u013cu tur\u0113t\u0101ju, labais, WHITE ar p\u0101rsega atloku - Micasa\",\"isPartOf\":{\"@id\":\"https:\\\/\\\/micasa.lv\\\/lv\\\/#website\"},\"primaryImageOfPage\":{\"@id\":\"https:\\\/\\\/micasa.lv\\\/lv\\\/help-rokturis-ar-dvielu-turetaju-labais-white-ar-parsega-atloku\\\/#primaryimage\"},\"image\":{\"@id\":\"https:\\\/\\\/micasa.lv\\\/lv\\\/help-rokturis-ar-dvielu-turetaju-labais-white-ar-parsega-atloku\\\/#primaryimage\"},\"thumbnailUrl\":\"https:\\\/\\\/micasa.lv\\\/wp-content\\\/uploads\\\/2025\\\/05\\\/6a4f09abcd7ff0325b699ca4dfe6b00a_301122113-velky.jpg\",\"datePublished\":\"2025-05-12T13:10:45+00:00\",\"dateModified\":\"2025-06-13T07:27:14+00:00\",\"breadcrumb\":{\"@id\":\"https:\\\/\\\/micasa.lv\\\/lv\\\/help-rokturis-ar-dvielu-turetaju-labais-white-ar-parsega-atloku\\\/#breadcrumb\"},\"inLanguage\":\"lv-LV\",\"potentialAction\":[{\"@type\":\"ReadAction\",\"target\":[\"https:\\\/\\\/micasa.lv\\\/lv\\\/help-rokturis-ar-dvielu-turetaju-labais-white-ar-parsega-atloku\\\/\"]}]},{\"@type\":\"ImageObject\",\"inLanguage\":\"lv-LV\",\"@id\":\"https:\\\/\\\/micasa.lv\\\/lv\\\/help-rokturis-ar-dvielu-turetaju-labais-white-ar-parsega-atloku\\\/#primaryimage\",\"url\":\"https:\\\/\\\/micasa.lv\\\/wp-content\\\/uploads\\\/2025\\\/05\\\/6a4f09abcd7ff0325b699ca4dfe6b00a_301122113-velky.jpg\",\"contentUrl\":\"https:\\\/\\\/micasa.lv\\\/wp-content\\\/uploads\\\/2025\\\/05\\\/6a4f09abcd7ff0325b699ca4dfe6b00a_301122113-velky.jpg\",\"width\":500,\"height\":500},{\"@type\":\"BreadcrumbList\",\"@id\":\"https:\\\/\\\/micasa.lv\\\/lv\\\/help-rokturis-ar-dvielu-turetaju-labais-white-ar-parsega-atloku\\\/#breadcrumb\",\"itemListElement\":[{\"@type\":\"ListItem\",\"position\":1,\"name\":\"S\u0101kums\",\"item\":\"https:\\\/\\\/micasa.lv\\\/lv\\\/micasa\\\/\"},{\"@type\":\"ListItem\",\"position\":2,\"name\":\"Shop\",\"item\":\"https:\\\/\\\/micasa.lv\\\/lv\\\/shop\\\/\"},{\"@type\":\"ListItem\",\"position\":3,\"name\":\"HELP: Rokturis ar dvie\u013cu tur\u0113t\u0101ju, labais, WHITE ar p\u0101rsega atloku\"}]},{\"@type\":\"WebSite\",\"@id\":\"https:\\\/\\\/micasa.lv\\\/lv\\\/#website\",\"url\":\"https:\\\/\\\/micasa.lv\\\/lv\\\/\",\"name\":\"Micasa\",\"description\":\"\",\"potentialAction\":[{\"@type\":\"SearchAction\",\"target\":{\"@type\":\"EntryPoint\",\"urlTemplate\":\"https:\\\/\\\/micasa.lv\\\/lv\\\/?s={search_term_string}\"},\"query-input\":{\"@type\":\"PropertyValueSpecification\",\"valueRequired\":true,\"valueName\":\"search_term_string\"}}],\"inLanguage\":\"lv-LV\"}]}<\/script>\n<!-- \/ Yoast SEO plugin. -->","yoast_head_json":{"title":"HELP: Rokturis ar dvie\u013cu tur\u0113t\u0101ju, labais, WHITE ar p\u0101rsega atloku - Micasa","robots":{"index":"index","follow":"follow","max-snippet":"max-snippet:-1","max-image-preview":"max-image-preview:large","max-video-preview":"max-video-preview:-1"},"canonical":"https:\/\/micasa.lv\/lv\/help-rokturis-ar-dvielu-turetaju-labais-white-ar-parsega-atloku\/","og_locale":"lv_LV","og_type":"article","og_title":"HELP: Rokturis ar dvie\u013cu tur\u0113t\u0101ju, labais, WHITE ar p\u0101rsega atloku - Micasa","og_description":"Vannas istabas dizains bez robe\u017e\u0101m un ierobe\u017eojumiem! HELP s\u0113rija sniedz pal\u012bdz\u012bgu roku tiem, kas ilgojas p\u0113c vannas istabas bez barjer\u0101m,","og_url":"https:\/\/micasa.lv\/lv\/help-rokturis-ar-dvielu-turetaju-labais-white-ar-parsega-atloku\/","og_site_name":"Micasa","article_modified_time":"2025-06-13T07:27:14+00:00","og_image":[{"width":500,"height":500,"url":"https:\/\/micasa.lv\/wp-content\/uploads\/2025\/05\/6a4f09abcd7ff0325b699ca4dfe6b00a_301122113-velky.jpg","type":"image\/jpeg"}],"twitter_card":"summary_large_image","schema":{"@context":"https:\/\/schema.org","@graph":[{"@type":"WebPage","@id":"https:\/\/micasa.lv\/lv\/help-rokturis-ar-dvielu-turetaju-labais-white-ar-parsega-atloku\/","url":"https:\/\/micasa.lv\/lv\/help-rokturis-ar-dvielu-turetaju-labais-white-ar-parsega-atloku\/","name":"HELP: Rokturis ar dvie\u013cu tur\u0113t\u0101ju, labais, WHITE ar p\u0101rsega atloku - Micasa","isPartOf":{"@id":"https:\/\/micasa.lv\/lv\/#website"},"primaryImageOfPage":{"@id":"https:\/\/micasa.lv\/lv\/help-rokturis-ar-dvielu-turetaju-labais-white-ar-parsega-atloku\/#primaryimage"},"image":{"@id":"https:\/\/micasa.lv\/lv\/help-rokturis-ar-dvielu-turetaju-labais-white-ar-parsega-atloku\/#primaryimage"},"thumbnailUrl":"https:\/\/micasa.lv\/wp-content\/uploads\/2025\/05\/6a4f09abcd7ff0325b699ca4dfe6b00a_301122113-velky.jpg","datePublished":"2025-05-12T13:10:45+00:00","dateModified":"2025-06-13T07:27:14+00:00","breadcrumb":{"@id":"https:\/\/micasa.lv\/lv\/help-rokturis-ar-dvielu-turetaju-labais-white-ar-parsega-atloku\/#breadcrumb"},"inLanguage":"lv-LV","potentialAction":[{"@type":"ReadAction","target":["https:\/\/micasa.lv\/lv\/help-rokturis-ar-dvielu-turetaju-labais-white-ar-parsega-atloku\/"]}]},{"@type":"ImageObject","inLanguage":"lv-LV","@id":"https:\/\/micasa.lv\/lv\/help-rokturis-ar-dvielu-turetaju-labais-white-ar-parsega-atloku\/#primaryimage","url":"https:\/\/micasa.lv\/wp-content\/uploads\/2025\/05\/6a4f09abcd7ff0325b699ca4dfe6b00a_301122113-velky.jpg","contentUrl":"https:\/\/micasa.lv\/wp-content\/uploads\/2025\/05\/6a4f09abcd7ff0325b699ca4dfe6b00a_301122113-velky.jpg","width":500,"height":500},{"@type":"BreadcrumbList","@id":"https:\/\/micasa.lv\/lv\/help-rokturis-ar-dvielu-turetaju-labais-white-ar-parsega-atloku\/#breadcrumb","itemListElement":[{"@type":"ListItem","position":1,"name":"S\u0101kums","item":"https:\/\/micasa.lv\/lv\/micasa\/"},{"@type":"ListItem","position":2,"name":"Shop","item":"https:\/\/micasa.lv\/lv\/shop\/"},{"@type":"ListItem","position":3,"name":"HELP: Rokturis ar dvie\u013cu tur\u0113t\u0101ju, labais, WHITE ar p\u0101rsega atloku"}]},{"@type":"WebSite","@id":"https:\/\/micasa.lv\/lv\/#website","url":"https:\/\/micasa.lv\/lv\/","name":"Micasa","description":"","potentialAction":[{"@type":"SearchAction","target":{"@type":"EntryPoint","urlTemplate":"https:\/\/micasa.lv\/lv\/?s={search_term_string}"},"query-input":{"@type":"PropertyValueSpecification","valueRequired":true,"valueName":"search_term_string"}}],"inLanguage":"lv-LV"}]}},"wcpa_form_fields":null,"_links":{"self":[{"href":"https:\/\/micasa.lv\/lv\/wp-json\/wp\/v2\/product\/40238","targetHints":{"allow":["GET"]}}],"collection":[{"href":"https:\/\/micasa.lv\/lv\/wp-json\/wp\/v2\/product"}],"about":[{"href":"https:\/\/micasa.lv\/lv\/wp-json\/wp\/v2\/types\/product"}],"version-history":[{"count":1,"href":"https:\/\/micasa.lv\/lv\/wp-json\/wp\/v2\/product\/40238\/revisions"}],"predecessor-version":[{"id":40268,"href":"https:\/\/micasa.lv\/lv\/wp-json\/wp\/v2\/product\/40238\/revisions\/40268"}],"wp:featuredmedia":[{"embeddable":true,"href":"https:\/\/micasa.lv\/lv\/wp-json\/wp\/v2\/media\/39763"}],"wp:attachment":[{"href":"https:\/\/micasa.lv\/lv\/wp-json\/wp\/v2\/media?parent=40238"}],"wp:term":[{"taxonomy":"product_brand","embeddable":true,"href":"https:\/\/micasa.lv\/lv\/wp-json\/wp\/v2\/product_brand?post=40238"},{"taxonomy":"product_cat","embeddable":true,"href":"https:\/\/micasa.lv\/lv\/wp-json\/wp\/v2\/product_cat?post=40238"},{"taxonomy":"product_tag","embeddable":true,"href":"https:\/\/micasa.lv\/lv\/wp-json\/wp\/v2\/product_tag?post=40238"}],"curies":[{"name":"wp","href":"https:\/\/api.w.org\/{rel}","templated":true}]}}