{"id":40244,"date":"2025-05-12T16:10:46","date_gmt":"2025-05-12T13:10:46","guid":{"rendered":"https:\/\/test.micasa.lv\/?post_type=product&#038;p=40244"},"modified":"2025-06-13T10:27:16","modified_gmt":"2025-06-13T07:27:16","slug":"rezerves-tualetes-birste-ar-rokturi-paredzeta-104113010-104913090-melna","status":"publish","type":"product","link":"https:\/\/micasa.lv\/lv\/rezerves-tualetes-birste-ar-rokturi-paredzeta-104113010-104913090-melna\/","title":{"rendered":"Rezerves tualetes birste ar rokturi, paredz\u0113ta 104113010, 104913090, melna"},"content":{"rendered":"<p>M\u016b\u017e\u012bga, eleganta, vara, zelta un meln\u0101s kr\u0101sas kombin\u0101cija ir vienk\u0101r\u0161i lieliska<\/p>\n","protected":false},"excerpt":{"rendered":"<p>M\u016b\u017e\u012bga, eleganta, vara, zelta un meln\u0101s kr\u0101sas kombin\u0101cija ir vienk\u0101r\u0161i lieliska<\/p>\n","protected":false},"featured_media":39799,"template":"","meta":[],"product_brand":[],"product_cat":[1891,1528],"product_tag":[],"class_list":{"0":"post-40244","1":"product","2":"type-product","3":"status-publish","4":"has-post-thumbnail","6":"product_cat-rezerves-dalas","7":"product_cat-vannas-istabas-aksesuari","8":"pa_brand-bemeta-lv","10":"first","11":"instock","12":"taxable","13":"shipping-taxable","14":"purchasable","15":"product-type-simple"},"yoast_head":"<!-- This site is optimized with the Yoast SEO plugin v27.4 - https:\/\/yoast.com\/product\/yoast-seo-wordpress\/ -->\n<title>Rezerves tualetes birste ar rokturi, paredz\u0113ta 104113010, 104913090, melna - Micasa<\/title>\n<meta name=\"robots\" content=\"index, follow, max-snippet:-1, max-image-preview:large, max-video-preview:-1\" \/>\n<link rel=\"canonical\" href=\"https:\/\/micasa.lv\/lv\/rezerves-tualetes-birste-ar-rokturi-paredzeta-104113010-104913090-melna\/\" \/>\n<meta property=\"og:locale\" content=\"lv_LV\" \/>\n<meta property=\"og:type\" content=\"article\" \/>\n<meta property=\"og:title\" content=\"Rezerves tualetes birste ar rokturi, paredz\u0113ta 104113010, 104913090, melna - Micasa\" \/>\n<meta property=\"og:description\" content=\"M\u016b\u017e\u012bga, eleganta, vara, zelta un meln\u0101s kr\u0101sas kombin\u0101cija ir vienk\u0101r\u0161i lieliska\" \/>\n<meta property=\"og:url\" content=\"https:\/\/micasa.lv\/lv\/rezerves-tualetes-birste-ar-rokturi-paredzeta-104113010-104913090-melna\/\" \/>\n<meta property=\"og:site_name\" content=\"Micasa\" \/>\n<meta property=\"article:modified_time\" content=\"2025-06-13T07:27:16+00:00\" \/>\n<meta property=\"og:image\" content=\"https:\/\/micasa.lv\/wp-content\/uploads\/2025\/05\/8df9eccb678a6a126ebe6a41e2e036ec_131567404-velky.jpg\" \/>\n\t<meta property=\"og:image:width\" content=\"500\" \/>\n\t<meta property=\"og:image:height\" content=\"500\" \/>\n\t<meta property=\"og:image:type\" content=\"image\/jpeg\" \/>\n<meta name=\"twitter:card\" content=\"summary_large_image\" \/>\n<script type=\"application\/ld+json\" class=\"yoast-schema-graph\">{\"@context\":\"https:\\\/\\\/schema.org\",\"@graph\":[{\"@type\":\"WebPage\",\"@id\":\"https:\\\/\\\/micasa.lv\\\/lv\\\/rezerves-tualetes-birste-ar-rokturi-paredzeta-104113010-104913090-melna\\\/\",\"url\":\"https:\\\/\\\/micasa.lv\\\/lv\\\/rezerves-tualetes-birste-ar-rokturi-paredzeta-104113010-104913090-melna\\\/\",\"name\":\"Rezerves tualetes birste ar rokturi, paredz\u0113ta 104113010, 104913090, melna - Micasa\",\"isPartOf\":{\"@id\":\"https:\\\/\\\/micasa.lv\\\/lv\\\/#website\"},\"primaryImageOfPage\":{\"@id\":\"https:\\\/\\\/micasa.lv\\\/lv\\\/rezerves-tualetes-birste-ar-rokturi-paredzeta-104113010-104913090-melna\\\/#primaryimage\"},\"image\":{\"@id\":\"https:\\\/\\\/micasa.lv\\\/lv\\\/rezerves-tualetes-birste-ar-rokturi-paredzeta-104113010-104913090-melna\\\/#primaryimage\"},\"thumbnailUrl\":\"https:\\\/\\\/micasa.lv\\\/wp-content\\\/uploads\\\/2025\\\/05\\\/8df9eccb678a6a126ebe6a41e2e036ec_131567404-velky.jpg\",\"datePublished\":\"2025-05-12T13:10:46+00:00\",\"dateModified\":\"2025-06-13T07:27:16+00:00\",\"breadcrumb\":{\"@id\":\"https:\\\/\\\/micasa.lv\\\/lv\\\/rezerves-tualetes-birste-ar-rokturi-paredzeta-104113010-104913090-melna\\\/#breadcrumb\"},\"inLanguage\":\"lv-LV\",\"potentialAction\":[{\"@type\":\"ReadAction\",\"target\":[\"https:\\\/\\\/micasa.lv\\\/lv\\\/rezerves-tualetes-birste-ar-rokturi-paredzeta-104113010-104913090-melna\\\/\"]}]},{\"@type\":\"ImageObject\",\"inLanguage\":\"lv-LV\",\"@id\":\"https:\\\/\\\/micasa.lv\\\/lv\\\/rezerves-tualetes-birste-ar-rokturi-paredzeta-104113010-104913090-melna\\\/#primaryimage\",\"url\":\"https:\\\/\\\/micasa.lv\\\/wp-content\\\/uploads\\\/2025\\\/05\\\/8df9eccb678a6a126ebe6a41e2e036ec_131567404-velky.jpg\",\"contentUrl\":\"https:\\\/\\\/micasa.lv\\\/wp-content\\\/uploads\\\/2025\\\/05\\\/8df9eccb678a6a126ebe6a41e2e036ec_131567404-velky.jpg\",\"width\":500,\"height\":500},{\"@type\":\"BreadcrumbList\",\"@id\":\"https:\\\/\\\/micasa.lv\\\/lv\\\/rezerves-tualetes-birste-ar-rokturi-paredzeta-104113010-104913090-melna\\\/#breadcrumb\",\"itemListElement\":[{\"@type\":\"ListItem\",\"position\":1,\"name\":\"S\u0101kums\",\"item\":\"https:\\\/\\\/micasa.lv\\\/lv\\\/micasa\\\/\"},{\"@type\":\"ListItem\",\"position\":2,\"name\":\"Shop\",\"item\":\"https:\\\/\\\/micasa.lv\\\/lv\\\/shop\\\/\"},{\"@type\":\"ListItem\",\"position\":3,\"name\":\"Rezerves tualetes birste ar rokturi, paredz\u0113ta 104113010, 104913090, melna\"}]},{\"@type\":\"WebSite\",\"@id\":\"https:\\\/\\\/micasa.lv\\\/lv\\\/#website\",\"url\":\"https:\\\/\\\/micasa.lv\\\/lv\\\/\",\"name\":\"Micasa\",\"description\":\"\",\"potentialAction\":[{\"@type\":\"SearchAction\",\"target\":{\"@type\":\"EntryPoint\",\"urlTemplate\":\"https:\\\/\\\/micasa.lv\\\/lv\\\/?s={search_term_string}\"},\"query-input\":{\"@type\":\"PropertyValueSpecification\",\"valueRequired\":true,\"valueName\":\"search_term_string\"}}],\"inLanguage\":\"lv-LV\"}]}<\/script>\n<!-- \/ Yoast SEO plugin. -->","yoast_head_json":{"title":"Rezerves tualetes birste ar rokturi, paredz\u0113ta 104113010, 104913090, melna - Micasa","robots":{"index":"index","follow":"follow","max-snippet":"max-snippet:-1","max-image-preview":"max-image-preview:large","max-video-preview":"max-video-preview:-1"},"canonical":"https:\/\/micasa.lv\/lv\/rezerves-tualetes-birste-ar-rokturi-paredzeta-104113010-104913090-melna\/","og_locale":"lv_LV","og_type":"article","og_title":"Rezerves tualetes birste ar rokturi, paredz\u0113ta 104113010, 104913090, melna - Micasa","og_description":"M\u016b\u017e\u012bga, eleganta, vara, zelta un meln\u0101s kr\u0101sas kombin\u0101cija ir vienk\u0101r\u0161i lieliska","og_url":"https:\/\/micasa.lv\/lv\/rezerves-tualetes-birste-ar-rokturi-paredzeta-104113010-104913090-melna\/","og_site_name":"Micasa","article_modified_time":"2025-06-13T07:27:16+00:00","og_image":[{"width":500,"height":500,"url":"https:\/\/micasa.lv\/wp-content\/uploads\/2025\/05\/8df9eccb678a6a126ebe6a41e2e036ec_131567404-velky.jpg","type":"image\/jpeg"}],"twitter_card":"summary_large_image","schema":{"@context":"https:\/\/schema.org","@graph":[{"@type":"WebPage","@id":"https:\/\/micasa.lv\/lv\/rezerves-tualetes-birste-ar-rokturi-paredzeta-104113010-104913090-melna\/","url":"https:\/\/micasa.lv\/lv\/rezerves-tualetes-birste-ar-rokturi-paredzeta-104113010-104913090-melna\/","name":"Rezerves tualetes birste ar rokturi, paredz\u0113ta 104113010, 104913090, melna - Micasa","isPartOf":{"@id":"https:\/\/micasa.lv\/lv\/#website"},"primaryImageOfPage":{"@id":"https:\/\/micasa.lv\/lv\/rezerves-tualetes-birste-ar-rokturi-paredzeta-104113010-104913090-melna\/#primaryimage"},"image":{"@id":"https:\/\/micasa.lv\/lv\/rezerves-tualetes-birste-ar-rokturi-paredzeta-104113010-104913090-melna\/#primaryimage"},"thumbnailUrl":"https:\/\/micasa.lv\/wp-content\/uploads\/2025\/05\/8df9eccb678a6a126ebe6a41e2e036ec_131567404-velky.jpg","datePublished":"2025-05-12T13:10:46+00:00","dateModified":"2025-06-13T07:27:16+00:00","breadcrumb":{"@id":"https:\/\/micasa.lv\/lv\/rezerves-tualetes-birste-ar-rokturi-paredzeta-104113010-104913090-melna\/#breadcrumb"},"inLanguage":"lv-LV","potentialAction":[{"@type":"ReadAction","target":["https:\/\/micasa.lv\/lv\/rezerves-tualetes-birste-ar-rokturi-paredzeta-104113010-104913090-melna\/"]}]},{"@type":"ImageObject","inLanguage":"lv-LV","@id":"https:\/\/micasa.lv\/lv\/rezerves-tualetes-birste-ar-rokturi-paredzeta-104113010-104913090-melna\/#primaryimage","url":"https:\/\/micasa.lv\/wp-content\/uploads\/2025\/05\/8df9eccb678a6a126ebe6a41e2e036ec_131567404-velky.jpg","contentUrl":"https:\/\/micasa.lv\/wp-content\/uploads\/2025\/05\/8df9eccb678a6a126ebe6a41e2e036ec_131567404-velky.jpg","width":500,"height":500},{"@type":"BreadcrumbList","@id":"https:\/\/micasa.lv\/lv\/rezerves-tualetes-birste-ar-rokturi-paredzeta-104113010-104913090-melna\/#breadcrumb","itemListElement":[{"@type":"ListItem","position":1,"name":"S\u0101kums","item":"https:\/\/micasa.lv\/lv\/micasa\/"},{"@type":"ListItem","position":2,"name":"Shop","item":"https:\/\/micasa.lv\/lv\/shop\/"},{"@type":"ListItem","position":3,"name":"Rezerves tualetes birste ar rokturi, paredz\u0113ta 104113010, 104913090, melna"}]},{"@type":"WebSite","@id":"https:\/\/micasa.lv\/lv\/#website","url":"https:\/\/micasa.lv\/lv\/","name":"Micasa","description":"","potentialAction":[{"@type":"SearchAction","target":{"@type":"EntryPoint","urlTemplate":"https:\/\/micasa.lv\/lv\/?s={search_term_string}"},"query-input":{"@type":"PropertyValueSpecification","valueRequired":true,"valueName":"search_term_string"}}],"inLanguage":"lv-LV"}]}},"wcpa_form_fields":null,"_links":{"self":[{"href":"https:\/\/micasa.lv\/lv\/wp-json\/wp\/v2\/product\/40244","targetHints":{"allow":["GET"]}}],"collection":[{"href":"https:\/\/micasa.lv\/lv\/wp-json\/wp\/v2\/product"}],"about":[{"href":"https:\/\/micasa.lv\/lv\/wp-json\/wp\/v2\/types\/product"}],"version-history":[{"count":1,"href":"https:\/\/micasa.lv\/lv\/wp-json\/wp\/v2\/product\/40244\/revisions"}],"predecessor-version":[{"id":40274,"href":"https:\/\/micasa.lv\/lv\/wp-json\/wp\/v2\/product\/40244\/revisions\/40274"}],"wp:featuredmedia":[{"embeddable":true,"href":"https:\/\/micasa.lv\/lv\/wp-json\/wp\/v2\/media\/39799"}],"wp:attachment":[{"href":"https:\/\/micasa.lv\/lv\/wp-json\/wp\/v2\/media?parent=40244"}],"wp:term":[{"taxonomy":"product_brand","embeddable":true,"href":"https:\/\/micasa.lv\/lv\/wp-json\/wp\/v2\/product_brand?post=40244"},{"taxonomy":"product_cat","embeddable":true,"href":"https:\/\/micasa.lv\/lv\/wp-json\/wp\/v2\/product_cat?post=40244"},{"taxonomy":"product_tag","embeddable":true,"href":"https:\/\/micasa.lv\/lv\/wp-json\/wp\/v2\/product_tag?post=40244"}],"curies":[{"name":"wp","href":"https:\/\/api.w.org\/{rel}","templated":true}]}}