{"id":40352,"date":"2025-05-12T16:11:05","date_gmt":"2025-05-12T13:11:05","guid":{"rendered":"https:\/\/test.micasa.lv\/?post_type=product&#038;p=40352"},"modified":"2025-06-13T10:27:33","modified_gmt":"2025-06-13T07:27:33","slug":"tasi-stikla-plaukts-600-mm","status":"publish","type":"product","link":"https:\/\/micasa.lv\/lv\/tasi-stikla-plaukts-600-mm\/","title":{"rendered":"TASI: Stikla plaukts, 600 mm"},"content":{"rendered":"<p>Le\u0146\u0137iskas un noapa\u013cotas malas. Tas ir TASI. Univers\u0101li aksesu\u0101ri, kas neap\u0161aub\u0101mi pier\u0101da, ka vannas istabas pilnveido\u0161ana l\u012bdz piln\u012bbai nav probl\u0113ma. Kolekcija uzrun\u0101 j\u016bs ar elegantu un funkcion\u0101lu koncepciju, bez nepiecie\u0161am\u012bbas p\u0113c ko\u0161\u0101m kr\u0101s\u0101m vai ekstravagant\u0101m konstrukcij\u0101m. T\u0101s skaistums sl\u0113pjas vienk\u0101r\u0161\u012bb\u0101. J\u016bs atrad\u012bsiet plauktus, pakaramos un tur\u0113t\u0101jus roku dvie\u013ciem vai vannas dvie\u013ciem, ziepju traukus un dozatorus, k\u0101 ar\u012b tualetes birstes.<\/p>\n","protected":false},"excerpt":{"rendered":"<p>Le\u0146\u0137iskas un noapa\u013cotas malas. Tas ir TASI. Univers\u0101li aksesu\u0101ri, kas neap\u0161aub\u0101mi pier\u0101da, ka vannas istabas pilnveido\u0161ana l\u012bdz piln\u012bbai nav probl\u0113ma.<\/p>\n","protected":false},"featured_media":39955,"template":"","meta":[],"product_brand":[],"product_cat":[1841,1528],"product_tag":[],"class_list":{"0":"post-40352","1":"product","2":"type-product","3":"status-publish","4":"has-post-thumbnail","6":"product_cat-plaukti","7":"product_cat-vannas-istabas-aksesuari","8":"pa_brand-bemeta-lv","10":"first","11":"instock","12":"taxable","13":"shipping-taxable","14":"purchasable","15":"product-type-simple"},"yoast_head":"<!-- This site is optimized with the Yoast SEO plugin v27.4 - https:\/\/yoast.com\/product\/yoast-seo-wordpress\/ -->\n<title>TASI: Stikla plaukts, 600 mm - Micasa<\/title>\n<meta name=\"robots\" content=\"index, follow, max-snippet:-1, max-image-preview:large, max-video-preview:-1\" \/>\n<link rel=\"canonical\" href=\"https:\/\/micasa.lv\/lv\/tasi-stikla-plaukts-600-mm\/\" \/>\n<meta property=\"og:locale\" content=\"lv_LV\" \/>\n<meta property=\"og:type\" content=\"article\" \/>\n<meta property=\"og:title\" content=\"TASI: Stikla plaukts, 600 mm - Micasa\" \/>\n<meta property=\"og:description\" content=\"Le\u0146\u0137iskas un noapa\u013cotas malas. Tas ir TASI. Univers\u0101li aksesu\u0101ri, kas neap\u0161aub\u0101mi pier\u0101da, ka vannas istabas pilnveido\u0161ana l\u012bdz piln\u012bbai nav probl\u0113ma.\" \/>\n<meta property=\"og:url\" content=\"https:\/\/micasa.lv\/lv\/tasi-stikla-plaukts-600-mm\/\" \/>\n<meta property=\"og:site_name\" content=\"Micasa\" \/>\n<meta property=\"article:modified_time\" content=\"2025-06-13T07:27:33+00:00\" \/>\n<meta property=\"og:image\" content=\"https:\/\/micasa.lv\/wp-content\/uploads\/2025\/05\/d9acf7fbf791e3ffc7f58d532ceea057_154102242-velky.jpg\" \/>\n\t<meta property=\"og:image:width\" content=\"500\" \/>\n\t<meta property=\"og:image:height\" content=\"144\" \/>\n\t<meta property=\"og:image:type\" content=\"image\/jpeg\" \/>\n<meta name=\"twitter:card\" content=\"summary_large_image\" \/>\n<script type=\"application\/ld+json\" class=\"yoast-schema-graph\">{\"@context\":\"https:\\\/\\\/schema.org\",\"@graph\":[{\"@type\":\"WebPage\",\"@id\":\"https:\\\/\\\/micasa.lv\\\/lv\\\/tasi-stikla-plaukts-600-mm\\\/\",\"url\":\"https:\\\/\\\/micasa.lv\\\/lv\\\/tasi-stikla-plaukts-600-mm\\\/\",\"name\":\"TASI: Stikla plaukts, 600 mm - Micasa\",\"isPartOf\":{\"@id\":\"https:\\\/\\\/micasa.lv\\\/lv\\\/#website\"},\"primaryImageOfPage\":{\"@id\":\"https:\\\/\\\/micasa.lv\\\/lv\\\/tasi-stikla-plaukts-600-mm\\\/#primaryimage\"},\"image\":{\"@id\":\"https:\\\/\\\/micasa.lv\\\/lv\\\/tasi-stikla-plaukts-600-mm\\\/#primaryimage\"},\"thumbnailUrl\":\"https:\\\/\\\/micasa.lv\\\/wp-content\\\/uploads\\\/2025\\\/05\\\/d9acf7fbf791e3ffc7f58d532ceea057_154102242-velky.jpg\",\"datePublished\":\"2025-05-12T13:11:05+00:00\",\"dateModified\":\"2025-06-13T07:27:33+00:00\",\"breadcrumb\":{\"@id\":\"https:\\\/\\\/micasa.lv\\\/lv\\\/tasi-stikla-plaukts-600-mm\\\/#breadcrumb\"},\"inLanguage\":\"lv-LV\",\"potentialAction\":[{\"@type\":\"ReadAction\",\"target\":[\"https:\\\/\\\/micasa.lv\\\/lv\\\/tasi-stikla-plaukts-600-mm\\\/\"]}]},{\"@type\":\"ImageObject\",\"inLanguage\":\"lv-LV\",\"@id\":\"https:\\\/\\\/micasa.lv\\\/lv\\\/tasi-stikla-plaukts-600-mm\\\/#primaryimage\",\"url\":\"https:\\\/\\\/micasa.lv\\\/wp-content\\\/uploads\\\/2025\\\/05\\\/d9acf7fbf791e3ffc7f58d532ceea057_154102242-velky.jpg\",\"contentUrl\":\"https:\\\/\\\/micasa.lv\\\/wp-content\\\/uploads\\\/2025\\\/05\\\/d9acf7fbf791e3ffc7f58d532ceea057_154102242-velky.jpg\",\"width\":500,\"height\":144},{\"@type\":\"BreadcrumbList\",\"@id\":\"https:\\\/\\\/micasa.lv\\\/lv\\\/tasi-stikla-plaukts-600-mm\\\/#breadcrumb\",\"itemListElement\":[{\"@type\":\"ListItem\",\"position\":1,\"name\":\"S\u0101kums\",\"item\":\"https:\\\/\\\/micasa.lv\\\/lv\\\/micasa\\\/\"},{\"@type\":\"ListItem\",\"position\":2,\"name\":\"Shop\",\"item\":\"https:\\\/\\\/micasa.lv\\\/lv\\\/shop\\\/\"},{\"@type\":\"ListItem\",\"position\":3,\"name\":\"TASI: Stikla plaukts, 600 mm\"}]},{\"@type\":\"WebSite\",\"@id\":\"https:\\\/\\\/micasa.lv\\\/lv\\\/#website\",\"url\":\"https:\\\/\\\/micasa.lv\\\/lv\\\/\",\"name\":\"Micasa\",\"description\":\"\",\"potentialAction\":[{\"@type\":\"SearchAction\",\"target\":{\"@type\":\"EntryPoint\",\"urlTemplate\":\"https:\\\/\\\/micasa.lv\\\/lv\\\/?s={search_term_string}\"},\"query-input\":{\"@type\":\"PropertyValueSpecification\",\"valueRequired\":true,\"valueName\":\"search_term_string\"}}],\"inLanguage\":\"lv-LV\"}]}<\/script>\n<!-- \/ Yoast SEO plugin. -->","yoast_head_json":{"title":"TASI: Stikla plaukts, 600 mm - Micasa","robots":{"index":"index","follow":"follow","max-snippet":"max-snippet:-1","max-image-preview":"max-image-preview:large","max-video-preview":"max-video-preview:-1"},"canonical":"https:\/\/micasa.lv\/lv\/tasi-stikla-plaukts-600-mm\/","og_locale":"lv_LV","og_type":"article","og_title":"TASI: Stikla plaukts, 600 mm - Micasa","og_description":"Le\u0146\u0137iskas un noapa\u013cotas malas. Tas ir TASI. Univers\u0101li aksesu\u0101ri, kas neap\u0161aub\u0101mi pier\u0101da, ka vannas istabas pilnveido\u0161ana l\u012bdz piln\u012bbai nav probl\u0113ma.","og_url":"https:\/\/micasa.lv\/lv\/tasi-stikla-plaukts-600-mm\/","og_site_name":"Micasa","article_modified_time":"2025-06-13T07:27:33+00:00","og_image":[{"width":500,"height":144,"url":"https:\/\/micasa.lv\/wp-content\/uploads\/2025\/05\/d9acf7fbf791e3ffc7f58d532ceea057_154102242-velky.jpg","type":"image\/jpeg"}],"twitter_card":"summary_large_image","schema":{"@context":"https:\/\/schema.org","@graph":[{"@type":"WebPage","@id":"https:\/\/micasa.lv\/lv\/tasi-stikla-plaukts-600-mm\/","url":"https:\/\/micasa.lv\/lv\/tasi-stikla-plaukts-600-mm\/","name":"TASI: Stikla plaukts, 600 mm - Micasa","isPartOf":{"@id":"https:\/\/micasa.lv\/lv\/#website"},"primaryImageOfPage":{"@id":"https:\/\/micasa.lv\/lv\/tasi-stikla-plaukts-600-mm\/#primaryimage"},"image":{"@id":"https:\/\/micasa.lv\/lv\/tasi-stikla-plaukts-600-mm\/#primaryimage"},"thumbnailUrl":"https:\/\/micasa.lv\/wp-content\/uploads\/2025\/05\/d9acf7fbf791e3ffc7f58d532ceea057_154102242-velky.jpg","datePublished":"2025-05-12T13:11:05+00:00","dateModified":"2025-06-13T07:27:33+00:00","breadcrumb":{"@id":"https:\/\/micasa.lv\/lv\/tasi-stikla-plaukts-600-mm\/#breadcrumb"},"inLanguage":"lv-LV","potentialAction":[{"@type":"ReadAction","target":["https:\/\/micasa.lv\/lv\/tasi-stikla-plaukts-600-mm\/"]}]},{"@type":"ImageObject","inLanguage":"lv-LV","@id":"https:\/\/micasa.lv\/lv\/tasi-stikla-plaukts-600-mm\/#primaryimage","url":"https:\/\/micasa.lv\/wp-content\/uploads\/2025\/05\/d9acf7fbf791e3ffc7f58d532ceea057_154102242-velky.jpg","contentUrl":"https:\/\/micasa.lv\/wp-content\/uploads\/2025\/05\/d9acf7fbf791e3ffc7f58d532ceea057_154102242-velky.jpg","width":500,"height":144},{"@type":"BreadcrumbList","@id":"https:\/\/micasa.lv\/lv\/tasi-stikla-plaukts-600-mm\/#breadcrumb","itemListElement":[{"@type":"ListItem","position":1,"name":"S\u0101kums","item":"https:\/\/micasa.lv\/lv\/micasa\/"},{"@type":"ListItem","position":2,"name":"Shop","item":"https:\/\/micasa.lv\/lv\/shop\/"},{"@type":"ListItem","position":3,"name":"TASI: Stikla plaukts, 600 mm"}]},{"@type":"WebSite","@id":"https:\/\/micasa.lv\/lv\/#website","url":"https:\/\/micasa.lv\/lv\/","name":"Micasa","description":"","potentialAction":[{"@type":"SearchAction","target":{"@type":"EntryPoint","urlTemplate":"https:\/\/micasa.lv\/lv\/?s={search_term_string}"},"query-input":{"@type":"PropertyValueSpecification","valueRequired":true,"valueName":"search_term_string"}}],"inLanguage":"lv-LV"}]}},"wcpa_form_fields":null,"_links":{"self":[{"href":"https:\/\/micasa.lv\/lv\/wp-json\/wp\/v2\/product\/40352","targetHints":{"allow":["GET"]}}],"collection":[{"href":"https:\/\/micasa.lv\/lv\/wp-json\/wp\/v2\/product"}],"about":[{"href":"https:\/\/micasa.lv\/lv\/wp-json\/wp\/v2\/types\/product"}],"version-history":[{"count":1,"href":"https:\/\/micasa.lv\/lv\/wp-json\/wp\/v2\/product\/40352\/revisions"}],"predecessor-version":[{"id":40382,"href":"https:\/\/micasa.lv\/lv\/wp-json\/wp\/v2\/product\/40352\/revisions\/40382"}],"wp:featuredmedia":[{"embeddable":true,"href":"https:\/\/micasa.lv\/lv\/wp-json\/wp\/v2\/media\/39955"}],"wp:attachment":[{"href":"https:\/\/micasa.lv\/lv\/wp-json\/wp\/v2\/media?parent=40352"}],"wp:term":[{"taxonomy":"product_brand","embeddable":true,"href":"https:\/\/micasa.lv\/lv\/wp-json\/wp\/v2\/product_brand?post=40352"},{"taxonomy":"product_cat","embeddable":true,"href":"https:\/\/micasa.lv\/lv\/wp-json\/wp\/v2\/product_cat?post=40352"},{"taxonomy":"product_tag","embeddable":true,"href":"https:\/\/micasa.lv\/lv\/wp-json\/wp\/v2\/product_tag?post=40352"}],"curies":[{"name":"wp","href":"https:\/\/api.w.org\/{rel}","templated":true}]}}