{"id":40370,"date":"2025-05-12T16:11:19","date_gmt":"2025-05-12T13:11:19","guid":{"rendered":"https:\/\/test.micasa.lv\/?post_type=product&#038;p=40370"},"modified":"2025-06-13T10:27:39","modified_gmt":"2025-06-13T07:27:39","slug":"nero-ziepju-dozators-250-ml","status":"publish","type":"product","link":"https:\/\/micasa.lv\/lv\/nero-ziepju-dozators-250-ml\/","title":{"rendered":"NERO: Ziepju dozators, 250 ml"},"content":{"rendered":"<p>Melna kr\u0101sa k\u0101 formalit\u0101tes, izsmalcin\u0101t\u012bbas un elegances simbols. Tie\u0161i to pied\u0101v\u0101 NERO z\u012bmola produkti. Plaukti un dvie\u013cu tur\u0113t\u0101ji, pakaramie un rokturi, ziepju trauki un dozatori vai otu un tualetes pap\u012bra tur\u0113t\u0101ji. Visi augstas kvalit\u0101tes un iztur\u012bgi produkti. Tie ir apstr\u0101d\u0101ti ar speci\u0101li cietin\u0101tu melnu kr\u0101su, daudzi no tiem papildus tiek kombin\u0113ti ar stikla deta\u013c\u0101m mat\u0113t\u0101 dekor\u0101.<\/p>\n","protected":false},"excerpt":{"rendered":"<p>Melna kr\u0101sa k\u0101 formalit\u0101tes, izsmalcin\u0101t\u012bbas un elegances simbols. Tie\u0161i to pied\u0101v\u0101 NERO z\u012bmola produkti. Plaukti un dvie\u013cu tur\u0113t\u0101ji, pakaramie un<\/p>\n","protected":false},"featured_media":40036,"template":"","meta":[],"product_brand":[],"product_cat":[1851,1528],"product_tag":[],"class_list":{"0":"post-40370","1":"product","2":"type-product","3":"status-publish","4":"has-post-thumbnail","6":"product_cat-skidro-ziepju-dozatori","7":"product_cat-vannas-istabas-aksesuari","8":"pa_brand-bemeta-lv","10":"first","11":"instock","12":"taxable","13":"shipping-taxable","14":"purchasable","15":"product-type-simple"},"yoast_head":"<!-- This site is optimized with the Yoast SEO plugin v27.4 - https:\/\/yoast.com\/product\/yoast-seo-wordpress\/ -->\n<title>NERO: Ziepju dozators, 250 ml - Micasa<\/title>\n<meta name=\"robots\" content=\"index, follow, max-snippet:-1, max-image-preview:large, max-video-preview:-1\" \/>\n<link rel=\"canonical\" href=\"https:\/\/micasa.lv\/lv\/nero-ziepju-dozators-250-ml\/\" \/>\n<meta property=\"og:locale\" content=\"lv_LV\" \/>\n<meta property=\"og:type\" content=\"article\" \/>\n<meta property=\"og:title\" content=\"NERO: Ziepju dozators, 250 ml - Micasa\" \/>\n<meta property=\"og:description\" content=\"Melna kr\u0101sa k\u0101 formalit\u0101tes, izsmalcin\u0101t\u012bbas un elegances simbols. Tie\u0161i to pied\u0101v\u0101 NERO z\u012bmola produkti. Plaukti un dvie\u013cu tur\u0113t\u0101ji, pakaramie un\" \/>\n<meta property=\"og:url\" content=\"https:\/\/micasa.lv\/lv\/nero-ziepju-dozators-250-ml\/\" \/>\n<meta property=\"og:site_name\" content=\"Micasa\" \/>\n<meta property=\"article:modified_time\" content=\"2025-06-13T07:27:39+00:00\" \/>\n<meta property=\"og:image\" content=\"https:\/\/micasa.lv\/wp-content\/uploads\/2025\/05\/0a31c7d2a49ca717185b6a591d29b5ba_135009040-velky.jpg\" \/>\n\t<meta property=\"og:image:width\" content=\"270\" \/>\n\t<meta property=\"og:image:height\" content=\"500\" \/>\n\t<meta property=\"og:image:type\" content=\"image\/jpeg\" \/>\n<meta name=\"twitter:card\" content=\"summary_large_image\" \/>\n<script type=\"application\/ld+json\" class=\"yoast-schema-graph\">{\"@context\":\"https:\\\/\\\/schema.org\",\"@graph\":[{\"@type\":\"WebPage\",\"@id\":\"https:\\\/\\\/micasa.lv\\\/lv\\\/nero-ziepju-dozators-250-ml\\\/\",\"url\":\"https:\\\/\\\/micasa.lv\\\/lv\\\/nero-ziepju-dozators-250-ml\\\/\",\"name\":\"NERO: Ziepju dozators, 250 ml - Micasa\",\"isPartOf\":{\"@id\":\"https:\\\/\\\/micasa.lv\\\/lv\\\/#website\"},\"primaryImageOfPage\":{\"@id\":\"https:\\\/\\\/micasa.lv\\\/lv\\\/nero-ziepju-dozators-250-ml\\\/#primaryimage\"},\"image\":{\"@id\":\"https:\\\/\\\/micasa.lv\\\/lv\\\/nero-ziepju-dozators-250-ml\\\/#primaryimage\"},\"thumbnailUrl\":\"https:\\\/\\\/micasa.lv\\\/wp-content\\\/uploads\\\/2025\\\/05\\\/0a31c7d2a49ca717185b6a591d29b5ba_135009040-velky.jpg\",\"datePublished\":\"2025-05-12T13:11:19+00:00\",\"dateModified\":\"2025-06-13T07:27:39+00:00\",\"breadcrumb\":{\"@id\":\"https:\\\/\\\/micasa.lv\\\/lv\\\/nero-ziepju-dozators-250-ml\\\/#breadcrumb\"},\"inLanguage\":\"lv-LV\",\"potentialAction\":[{\"@type\":\"ReadAction\",\"target\":[\"https:\\\/\\\/micasa.lv\\\/lv\\\/nero-ziepju-dozators-250-ml\\\/\"]}]},{\"@type\":\"ImageObject\",\"inLanguage\":\"lv-LV\",\"@id\":\"https:\\\/\\\/micasa.lv\\\/lv\\\/nero-ziepju-dozators-250-ml\\\/#primaryimage\",\"url\":\"https:\\\/\\\/micasa.lv\\\/wp-content\\\/uploads\\\/2025\\\/05\\\/0a31c7d2a49ca717185b6a591d29b5ba_135009040-velky.jpg\",\"contentUrl\":\"https:\\\/\\\/micasa.lv\\\/wp-content\\\/uploads\\\/2025\\\/05\\\/0a31c7d2a49ca717185b6a591d29b5ba_135009040-velky.jpg\",\"width\":270,\"height\":500},{\"@type\":\"BreadcrumbList\",\"@id\":\"https:\\\/\\\/micasa.lv\\\/lv\\\/nero-ziepju-dozators-250-ml\\\/#breadcrumb\",\"itemListElement\":[{\"@type\":\"ListItem\",\"position\":1,\"name\":\"S\u0101kums\",\"item\":\"https:\\\/\\\/micasa.lv\\\/lv\\\/micasa\\\/\"},{\"@type\":\"ListItem\",\"position\":2,\"name\":\"Shop\",\"item\":\"https:\\\/\\\/micasa.lv\\\/lv\\\/shop\\\/\"},{\"@type\":\"ListItem\",\"position\":3,\"name\":\"NERO: Ziepju dozators, 250 ml\"}]},{\"@type\":\"WebSite\",\"@id\":\"https:\\\/\\\/micasa.lv\\\/lv\\\/#website\",\"url\":\"https:\\\/\\\/micasa.lv\\\/lv\\\/\",\"name\":\"Micasa\",\"description\":\"\",\"potentialAction\":[{\"@type\":\"SearchAction\",\"target\":{\"@type\":\"EntryPoint\",\"urlTemplate\":\"https:\\\/\\\/micasa.lv\\\/lv\\\/?s={search_term_string}\"},\"query-input\":{\"@type\":\"PropertyValueSpecification\",\"valueRequired\":true,\"valueName\":\"search_term_string\"}}],\"inLanguage\":\"lv-LV\"}]}<\/script>\n<!-- \/ Yoast SEO plugin. -->","yoast_head_json":{"title":"NERO: Ziepju dozators, 250 ml - Micasa","robots":{"index":"index","follow":"follow","max-snippet":"max-snippet:-1","max-image-preview":"max-image-preview:large","max-video-preview":"max-video-preview:-1"},"canonical":"https:\/\/micasa.lv\/lv\/nero-ziepju-dozators-250-ml\/","og_locale":"lv_LV","og_type":"article","og_title":"NERO: Ziepju dozators, 250 ml - Micasa","og_description":"Melna kr\u0101sa k\u0101 formalit\u0101tes, izsmalcin\u0101t\u012bbas un elegances simbols. Tie\u0161i to pied\u0101v\u0101 NERO z\u012bmola produkti. Plaukti un dvie\u013cu tur\u0113t\u0101ji, pakaramie un","og_url":"https:\/\/micasa.lv\/lv\/nero-ziepju-dozators-250-ml\/","og_site_name":"Micasa","article_modified_time":"2025-06-13T07:27:39+00:00","og_image":[{"width":270,"height":500,"url":"https:\/\/micasa.lv\/wp-content\/uploads\/2025\/05\/0a31c7d2a49ca717185b6a591d29b5ba_135009040-velky.jpg","type":"image\/jpeg"}],"twitter_card":"summary_large_image","schema":{"@context":"https:\/\/schema.org","@graph":[{"@type":"WebPage","@id":"https:\/\/micasa.lv\/lv\/nero-ziepju-dozators-250-ml\/","url":"https:\/\/micasa.lv\/lv\/nero-ziepju-dozators-250-ml\/","name":"NERO: Ziepju dozators, 250 ml - Micasa","isPartOf":{"@id":"https:\/\/micasa.lv\/lv\/#website"},"primaryImageOfPage":{"@id":"https:\/\/micasa.lv\/lv\/nero-ziepju-dozators-250-ml\/#primaryimage"},"image":{"@id":"https:\/\/micasa.lv\/lv\/nero-ziepju-dozators-250-ml\/#primaryimage"},"thumbnailUrl":"https:\/\/micasa.lv\/wp-content\/uploads\/2025\/05\/0a31c7d2a49ca717185b6a591d29b5ba_135009040-velky.jpg","datePublished":"2025-05-12T13:11:19+00:00","dateModified":"2025-06-13T07:27:39+00:00","breadcrumb":{"@id":"https:\/\/micasa.lv\/lv\/nero-ziepju-dozators-250-ml\/#breadcrumb"},"inLanguage":"lv-LV","potentialAction":[{"@type":"ReadAction","target":["https:\/\/micasa.lv\/lv\/nero-ziepju-dozators-250-ml\/"]}]},{"@type":"ImageObject","inLanguage":"lv-LV","@id":"https:\/\/micasa.lv\/lv\/nero-ziepju-dozators-250-ml\/#primaryimage","url":"https:\/\/micasa.lv\/wp-content\/uploads\/2025\/05\/0a31c7d2a49ca717185b6a591d29b5ba_135009040-velky.jpg","contentUrl":"https:\/\/micasa.lv\/wp-content\/uploads\/2025\/05\/0a31c7d2a49ca717185b6a591d29b5ba_135009040-velky.jpg","width":270,"height":500},{"@type":"BreadcrumbList","@id":"https:\/\/micasa.lv\/lv\/nero-ziepju-dozators-250-ml\/#breadcrumb","itemListElement":[{"@type":"ListItem","position":1,"name":"S\u0101kums","item":"https:\/\/micasa.lv\/lv\/micasa\/"},{"@type":"ListItem","position":2,"name":"Shop","item":"https:\/\/micasa.lv\/lv\/shop\/"},{"@type":"ListItem","position":3,"name":"NERO: Ziepju dozators, 250 ml"}]},{"@type":"WebSite","@id":"https:\/\/micasa.lv\/lv\/#website","url":"https:\/\/micasa.lv\/lv\/","name":"Micasa","description":"","potentialAction":[{"@type":"SearchAction","target":{"@type":"EntryPoint","urlTemplate":"https:\/\/micasa.lv\/lv\/?s={search_term_string}"},"query-input":{"@type":"PropertyValueSpecification","valueRequired":true,"valueName":"search_term_string"}}],"inLanguage":"lv-LV"}]}},"wcpa_form_fields":null,"_links":{"self":[{"href":"https:\/\/micasa.lv\/lv\/wp-json\/wp\/v2\/product\/40370","targetHints":{"allow":["GET"]}}],"collection":[{"href":"https:\/\/micasa.lv\/lv\/wp-json\/wp\/v2\/product"}],"about":[{"href":"https:\/\/micasa.lv\/lv\/wp-json\/wp\/v2\/types\/product"}],"version-history":[{"count":1,"href":"https:\/\/micasa.lv\/lv\/wp-json\/wp\/v2\/product\/40370\/revisions"}],"predecessor-version":[{"id":40400,"href":"https:\/\/micasa.lv\/lv\/wp-json\/wp\/v2\/product\/40370\/revisions\/40400"}],"wp:featuredmedia":[{"embeddable":true,"href":"https:\/\/micasa.lv\/lv\/wp-json\/wp\/v2\/media\/40036"}],"wp:attachment":[{"href":"https:\/\/micasa.lv\/lv\/wp-json\/wp\/v2\/media?parent=40370"}],"wp:term":[{"taxonomy":"product_brand","embeddable":true,"href":"https:\/\/micasa.lv\/lv\/wp-json\/wp\/v2\/product_brand?post=40370"},{"taxonomy":"product_cat","embeddable":true,"href":"https:\/\/micasa.lv\/lv\/wp-json\/wp\/v2\/product_cat?post=40370"},{"taxonomy":"product_tag","embeddable":true,"href":"https:\/\/micasa.lv\/lv\/wp-json\/wp\/v2\/product_tag?post=40370"}],"curies":[{"name":"wp","href":"https:\/\/api.w.org\/{rel}","templated":true}]}}