{"id":40373,"date":"2025-05-12T16:11:20","date_gmt":"2025-05-12T13:11:20","guid":{"rendered":"https:\/\/test.micasa.lv\/?post_type=product&#038;p=40373"},"modified":"2025-06-13T10:27:40","modified_gmt":"2025-06-13T07:27:40","slug":"omega-tualetes-papira-turetajs-ar-vaku-labaja-puse","status":"publish","type":"product","link":"https:\/\/micasa.lv\/lv\/omega-tualetes-papira-turetajs-ar-vaku-labaja-puse\/","title":{"rendered":"OMEGA: Tualetes pap\u012bra tur\u0113t\u0101js ar v\u0101ku, labaj\u0101 pus\u0113"},"content":{"rendered":"<p>M\u016bsu \u010dempions skait\u013cu zi\u0146\u0101. OMEGA ir m\u016bsu liel\u0101k\u0101 kolekcija, kas aptver pla\u0161u pre\u010du kl\u0101stu, s\u0101kot no mini somu pakaramajiem, le\u0146\u0137veida rokturiem un \u0161\u0137idro ziepju dozatoriem ar magn\u0113tisku ziepju trauku l\u012bdz spir\u0101lveida matu \u017e\u0101v\u0113t\u0101ju tur\u0113t\u0101jiem un stikla st\u016bra plauktiem. Tiem visiem ir rakstur\u012bga minim\u0101listiska est\u0113tika, kas veidota uz hroma sp\u012bduma un mat\u0113ta stikla. \u0100tra un vienk\u0101r\u0161a apkope ir tikai v\u0113l viena b\u016btiska priek\u0161roc\u012bba.<\/p>\n","protected":false},"excerpt":{"rendered":"<p>M\u016bsu \u010dempions skait\u013cu zi\u0146\u0101. OMEGA ir m\u016bsu liel\u0101k\u0101 kolekcija, kas aptver pla\u0161u pre\u010du kl\u0101stu, s\u0101kot no mini somu pakaramajiem, le\u0146\u0137veida<\/p>\n","protected":false},"featured_media":39811,"template":"","meta":[],"product_brand":[],"product_cat":[1855,1528],"product_tag":[],"class_list":{"0":"post-40373","1":"product","2":"type-product","3":"status-publish","4":"has-post-thumbnail","6":"product_cat-tualetes-papira-turetaji","7":"product_cat-vannas-istabas-aksesuari","8":"pa_brand-bemeta-lv","10":"first","11":"instock","12":"taxable","13":"shipping-taxable","14":"purchasable","15":"product-type-simple"},"yoast_head":"<!-- This site is optimized with the Yoast SEO plugin v27.4 - https:\/\/yoast.com\/product\/yoast-seo-wordpress\/ -->\n<title>OMEGA: Tualetes pap\u012bra tur\u0113t\u0101js ar v\u0101ku, labaj\u0101 pus\u0113 - Micasa<\/title>\n<meta name=\"robots\" content=\"index, follow, max-snippet:-1, max-image-preview:large, max-video-preview:-1\" \/>\n<link rel=\"canonical\" href=\"https:\/\/micasa.lv\/lv\/omega-tualetes-papira-turetajs-ar-vaku-labaja-puse\/\" \/>\n<meta property=\"og:locale\" content=\"lv_LV\" \/>\n<meta property=\"og:type\" content=\"article\" \/>\n<meta property=\"og:title\" content=\"OMEGA: Tualetes pap\u012bra tur\u0113t\u0101js ar v\u0101ku, labaj\u0101 pus\u0113 - Micasa\" \/>\n<meta property=\"og:description\" content=\"M\u016bsu \u010dempions skait\u013cu zi\u0146\u0101. OMEGA ir m\u016bsu liel\u0101k\u0101 kolekcija, kas aptver pla\u0161u pre\u010du kl\u0101stu, s\u0101kot no mini somu pakaramajiem, le\u0146\u0137veida\" \/>\n<meta property=\"og:url\" content=\"https:\/\/micasa.lv\/lv\/omega-tualetes-papira-turetajs-ar-vaku-labaja-puse\/\" \/>\n<meta property=\"og:site_name\" content=\"Micasa\" \/>\n<meta property=\"article:modified_time\" content=\"2025-06-13T07:27:40+00:00\" \/>\n<meta property=\"og:image\" content=\"https:\/\/micasa.lv\/wp-content\/uploads\/2025\/05\/18b297c5dc7a310396a1d8d03d6e8e97_104112012r-velky.jpg\" \/>\n\t<meta property=\"og:image:width\" content=\"100\" \/>\n\t<meta property=\"og:image:height\" content=\"100\" \/>\n\t<meta property=\"og:image:type\" content=\"image\/jpeg\" \/>\n<meta name=\"twitter:card\" content=\"summary_large_image\" \/>\n<script type=\"application\/ld+json\" class=\"yoast-schema-graph\">{\"@context\":\"https:\\\/\\\/schema.org\",\"@graph\":[{\"@type\":\"WebPage\",\"@id\":\"https:\\\/\\\/micasa.lv\\\/lv\\\/omega-tualetes-papira-turetajs-ar-vaku-labaja-puse\\\/\",\"url\":\"https:\\\/\\\/micasa.lv\\\/lv\\\/omega-tualetes-papira-turetajs-ar-vaku-labaja-puse\\\/\",\"name\":\"OMEGA: Tualetes pap\u012bra tur\u0113t\u0101js ar v\u0101ku, labaj\u0101 pus\u0113 - Micasa\",\"isPartOf\":{\"@id\":\"https:\\\/\\\/micasa.lv\\\/lv\\\/#website\"},\"primaryImageOfPage\":{\"@id\":\"https:\\\/\\\/micasa.lv\\\/lv\\\/omega-tualetes-papira-turetajs-ar-vaku-labaja-puse\\\/#primaryimage\"},\"image\":{\"@id\":\"https:\\\/\\\/micasa.lv\\\/lv\\\/omega-tualetes-papira-turetajs-ar-vaku-labaja-puse\\\/#primaryimage\"},\"thumbnailUrl\":\"https:\\\/\\\/micasa.lv\\\/wp-content\\\/uploads\\\/2025\\\/05\\\/18b297c5dc7a310396a1d8d03d6e8e97_104112012r-velky.jpg\",\"datePublished\":\"2025-05-12T13:11:20+00:00\",\"dateModified\":\"2025-06-13T07:27:40+00:00\",\"breadcrumb\":{\"@id\":\"https:\\\/\\\/micasa.lv\\\/lv\\\/omega-tualetes-papira-turetajs-ar-vaku-labaja-puse\\\/#breadcrumb\"},\"inLanguage\":\"lv-LV\",\"potentialAction\":[{\"@type\":\"ReadAction\",\"target\":[\"https:\\\/\\\/micasa.lv\\\/lv\\\/omega-tualetes-papira-turetajs-ar-vaku-labaja-puse\\\/\"]}]},{\"@type\":\"ImageObject\",\"inLanguage\":\"lv-LV\",\"@id\":\"https:\\\/\\\/micasa.lv\\\/lv\\\/omega-tualetes-papira-turetajs-ar-vaku-labaja-puse\\\/#primaryimage\",\"url\":\"https:\\\/\\\/micasa.lv\\\/wp-content\\\/uploads\\\/2025\\\/05\\\/18b297c5dc7a310396a1d8d03d6e8e97_104112012r-velky.jpg\",\"contentUrl\":\"https:\\\/\\\/micasa.lv\\\/wp-content\\\/uploads\\\/2025\\\/05\\\/18b297c5dc7a310396a1d8d03d6e8e97_104112012r-velky.jpg\",\"width\":100,\"height\":100},{\"@type\":\"BreadcrumbList\",\"@id\":\"https:\\\/\\\/micasa.lv\\\/lv\\\/omega-tualetes-papira-turetajs-ar-vaku-labaja-puse\\\/#breadcrumb\",\"itemListElement\":[{\"@type\":\"ListItem\",\"position\":1,\"name\":\"S\u0101kums\",\"item\":\"https:\\\/\\\/micasa.lv\\\/lv\\\/micasa\\\/\"},{\"@type\":\"ListItem\",\"position\":2,\"name\":\"Shop\",\"item\":\"https:\\\/\\\/micasa.lv\\\/lv\\\/shop\\\/\"},{\"@type\":\"ListItem\",\"position\":3,\"name\":\"OMEGA: Tualetes pap\u012bra tur\u0113t\u0101js ar v\u0101ku, labaj\u0101 pus\u0113\"}]},{\"@type\":\"WebSite\",\"@id\":\"https:\\\/\\\/micasa.lv\\\/lv\\\/#website\",\"url\":\"https:\\\/\\\/micasa.lv\\\/lv\\\/\",\"name\":\"Micasa\",\"description\":\"\",\"potentialAction\":[{\"@type\":\"SearchAction\",\"target\":{\"@type\":\"EntryPoint\",\"urlTemplate\":\"https:\\\/\\\/micasa.lv\\\/lv\\\/?s={search_term_string}\"},\"query-input\":{\"@type\":\"PropertyValueSpecification\",\"valueRequired\":true,\"valueName\":\"search_term_string\"}}],\"inLanguage\":\"lv-LV\"}]}<\/script>\n<!-- \/ Yoast SEO plugin. -->","yoast_head_json":{"title":"OMEGA: Tualetes pap\u012bra tur\u0113t\u0101js ar v\u0101ku, labaj\u0101 pus\u0113 - Micasa","robots":{"index":"index","follow":"follow","max-snippet":"max-snippet:-1","max-image-preview":"max-image-preview:large","max-video-preview":"max-video-preview:-1"},"canonical":"https:\/\/micasa.lv\/lv\/omega-tualetes-papira-turetajs-ar-vaku-labaja-puse\/","og_locale":"lv_LV","og_type":"article","og_title":"OMEGA: Tualetes pap\u012bra tur\u0113t\u0101js ar v\u0101ku, labaj\u0101 pus\u0113 - Micasa","og_description":"M\u016bsu \u010dempions skait\u013cu zi\u0146\u0101. OMEGA ir m\u016bsu liel\u0101k\u0101 kolekcija, kas aptver pla\u0161u pre\u010du kl\u0101stu, s\u0101kot no mini somu pakaramajiem, le\u0146\u0137veida","og_url":"https:\/\/micasa.lv\/lv\/omega-tualetes-papira-turetajs-ar-vaku-labaja-puse\/","og_site_name":"Micasa","article_modified_time":"2025-06-13T07:27:40+00:00","og_image":[{"width":100,"height":100,"url":"https:\/\/micasa.lv\/wp-content\/uploads\/2025\/05\/18b297c5dc7a310396a1d8d03d6e8e97_104112012r-velky.jpg","type":"image\/jpeg"}],"twitter_card":"summary_large_image","schema":{"@context":"https:\/\/schema.org","@graph":[{"@type":"WebPage","@id":"https:\/\/micasa.lv\/lv\/omega-tualetes-papira-turetajs-ar-vaku-labaja-puse\/","url":"https:\/\/micasa.lv\/lv\/omega-tualetes-papira-turetajs-ar-vaku-labaja-puse\/","name":"OMEGA: Tualetes pap\u012bra tur\u0113t\u0101js ar v\u0101ku, labaj\u0101 pus\u0113 - Micasa","isPartOf":{"@id":"https:\/\/micasa.lv\/lv\/#website"},"primaryImageOfPage":{"@id":"https:\/\/micasa.lv\/lv\/omega-tualetes-papira-turetajs-ar-vaku-labaja-puse\/#primaryimage"},"image":{"@id":"https:\/\/micasa.lv\/lv\/omega-tualetes-papira-turetajs-ar-vaku-labaja-puse\/#primaryimage"},"thumbnailUrl":"https:\/\/micasa.lv\/wp-content\/uploads\/2025\/05\/18b297c5dc7a310396a1d8d03d6e8e97_104112012r-velky.jpg","datePublished":"2025-05-12T13:11:20+00:00","dateModified":"2025-06-13T07:27:40+00:00","breadcrumb":{"@id":"https:\/\/micasa.lv\/lv\/omega-tualetes-papira-turetajs-ar-vaku-labaja-puse\/#breadcrumb"},"inLanguage":"lv-LV","potentialAction":[{"@type":"ReadAction","target":["https:\/\/micasa.lv\/lv\/omega-tualetes-papira-turetajs-ar-vaku-labaja-puse\/"]}]},{"@type":"ImageObject","inLanguage":"lv-LV","@id":"https:\/\/micasa.lv\/lv\/omega-tualetes-papira-turetajs-ar-vaku-labaja-puse\/#primaryimage","url":"https:\/\/micasa.lv\/wp-content\/uploads\/2025\/05\/18b297c5dc7a310396a1d8d03d6e8e97_104112012r-velky.jpg","contentUrl":"https:\/\/micasa.lv\/wp-content\/uploads\/2025\/05\/18b297c5dc7a310396a1d8d03d6e8e97_104112012r-velky.jpg","width":100,"height":100},{"@type":"BreadcrumbList","@id":"https:\/\/micasa.lv\/lv\/omega-tualetes-papira-turetajs-ar-vaku-labaja-puse\/#breadcrumb","itemListElement":[{"@type":"ListItem","position":1,"name":"S\u0101kums","item":"https:\/\/micasa.lv\/lv\/micasa\/"},{"@type":"ListItem","position":2,"name":"Shop","item":"https:\/\/micasa.lv\/lv\/shop\/"},{"@type":"ListItem","position":3,"name":"OMEGA: Tualetes pap\u012bra tur\u0113t\u0101js ar v\u0101ku, labaj\u0101 pus\u0113"}]},{"@type":"WebSite","@id":"https:\/\/micasa.lv\/lv\/#website","url":"https:\/\/micasa.lv\/lv\/","name":"Micasa","description":"","potentialAction":[{"@type":"SearchAction","target":{"@type":"EntryPoint","urlTemplate":"https:\/\/micasa.lv\/lv\/?s={search_term_string}"},"query-input":{"@type":"PropertyValueSpecification","valueRequired":true,"valueName":"search_term_string"}}],"inLanguage":"lv-LV"}]}},"wcpa_form_fields":null,"_links":{"self":[{"href":"https:\/\/micasa.lv\/lv\/wp-json\/wp\/v2\/product\/40373","targetHints":{"allow":["GET"]}}],"collection":[{"href":"https:\/\/micasa.lv\/lv\/wp-json\/wp\/v2\/product"}],"about":[{"href":"https:\/\/micasa.lv\/lv\/wp-json\/wp\/v2\/types\/product"}],"version-history":[{"count":1,"href":"https:\/\/micasa.lv\/lv\/wp-json\/wp\/v2\/product\/40373\/revisions"}],"predecessor-version":[{"id":40403,"href":"https:\/\/micasa.lv\/lv\/wp-json\/wp\/v2\/product\/40373\/revisions\/40403"}],"wp:featuredmedia":[{"embeddable":true,"href":"https:\/\/micasa.lv\/lv\/wp-json\/wp\/v2\/media\/39811"}],"wp:attachment":[{"href":"https:\/\/micasa.lv\/lv\/wp-json\/wp\/v2\/media?parent=40373"}],"wp:term":[{"taxonomy":"product_brand","embeddable":true,"href":"https:\/\/micasa.lv\/lv\/wp-json\/wp\/v2\/product_brand?post=40373"},{"taxonomy":"product_cat","embeddable":true,"href":"https:\/\/micasa.lv\/lv\/wp-json\/wp\/v2\/product_cat?post=40373"},{"taxonomy":"product_tag","embeddable":true,"href":"https:\/\/micasa.lv\/lv\/wp-json\/wp\/v2\/product_tag?post=40373"}],"curies":[{"name":"wp","href":"https:\/\/api.w.org\/{rel}","templated":true}]}}