{"id":40421,"date":"2025-05-12T16:11:35","date_gmt":"2025-05-12T13:11:35","guid":{"rendered":"https:\/\/test.micasa.lv\/?post_type=product&#038;p=40421"},"modified":"2025-06-13T10:27:47","modified_gmt":"2025-06-13T07:27:47","slug":"vienpusejs-brivi-stavoss-kosmetikas-spogulis-200-mm","status":"publish","type":"product","link":"https:\/\/micasa.lv\/lv\/vienpusejs-brivi-stavoss-kosmetikas-spogulis-200-mm\/","title":{"rendered":"Vienpus\u0113js br\u012bvi st\u0101vo\u0161s kosm\u0113tikas spogulis, 200 mm"},"content":{"rendered":"<p>Da\u017e\u0101du formu un izm\u0113ru kosm\u0113tikas spogu\u013ci ar aukstu vai siltu apgaismojumu, k\u0101 ar\u012b atsevi\u0161\u0137i st\u0101vo\u0161i vai piestiprin\u0101mi spogu\u013ci. Uzst\u0101d\u012b\u0161ana ir \u013coti vienk\u0101r\u0161a, praktiska un \u0113rta. Stiprin\u0101jums nekur nav paman\u0101ms. Jauna funkcija ir dubult\u0101 apgaismojuma spogu\u013ci, kuros var viegli p\u0101rsl\u0113gties starp siltu un aukstu apgaismojumu. Gaismas diodes ir ieb\u016bv\u0113tas spogu\u013ca r\u0101m\u012b, t\u0101p\u0113c t\u0101s ir piln\u012bb\u0101 nosegtas un nemet \u0113nu. Pied\u0101v\u0101jam ar\u012b spogu\u013cus ar palielino\u0161u efektu, pieejami gan 3x, gan 5x palielin\u0101jumi. Ja spogulis ir divpus\u0113js, palielin\u0101jums tiek izmantots tikai vien\u0101 pus\u0113. Spogu\u013cu konstrukcija ir izgatavota no hrom\u0113ta misi\u0146a un ir iztur\u012bga pret skr\u0101p\u0113jumiem. To ir viegli un \u0101tri mazg\u0101t. Hroma p\u0101rkl\u0101jums nodro\u0161ina past\u0101v\u012bgu sp\u012bduma efektu. Kosm\u0113tikas spogu\u013cu kl\u0101st\u0101 ir ar\u012b pie sienas stiprin\u0101mi spogu\u013ci, kurus bie\u017ei izmanto virs vannas istabas izlietnes. \u0160eit var izv\u0113l\u0113ties spogu\u013cus ar apgaismotiem r\u0101mjiem, apgaismotas sloksnes, kas ieb\u016bv\u0113tas tie\u0161i spogu\u013ca pl\u0101ksn\u0113, vai spoguli ar digit\u0101lo pulksteni un radio. Kosm\u0113tikas spogu\u013ci ir piem\u0113roti izmanto\u0161anai gan \u0113rt\u012bbu \u0113k\u0101s, piem\u0113ram, viesn\u012bc\u0101s, gan ar\u012b parast\u0101s m\u0101j\u0101s. \u0160iem produktiem prim\u0101r\u0101 noz\u012bme ir izgatavo\u0161anas kvalit\u0101tei.<\/p>\n","protected":false},"excerpt":{"rendered":"<p>Da\u017e\u0101du formu un izm\u0113ru kosm\u0113tikas spogu\u013ci ar aukstu vai siltu apgaismojumu, k\u0101 ar\u012b atsevi\u0161\u0137i st\u0101vo\u0161i vai piestiprin\u0101mi spogu\u013ci. Uzst\u0101d\u012b\u0161ana ir<\/p>\n","protected":false},"featured_media":40024,"template":"","meta":[],"product_brand":[],"product_cat":[1827,1528],"product_tag":[],"class_list":{"0":"post-40421","1":"product","2":"type-product","3":"status-publish","4":"has-post-thumbnail","6":"product_cat-kosmetiskie-spoguli","7":"product_cat-vannas-istabas-aksesuari","8":"pa_brand-bemeta-lv","10":"first","11":"instock","12":"taxable","13":"shipping-taxable","14":"purchasable","15":"product-type-simple"},"yoast_head":"<!-- This site is optimized with the Yoast SEO plugin v27.4 - https:\/\/yoast.com\/product\/yoast-seo-wordpress\/ -->\n<title>Vienpus\u0113js br\u012bvi st\u0101vo\u0161s kosm\u0113tikas spogulis, 200 mm - Micasa<\/title>\n<meta name=\"robots\" content=\"index, follow, max-snippet:-1, max-image-preview:large, max-video-preview:-1\" \/>\n<link rel=\"canonical\" href=\"https:\/\/micasa.lv\/lv\/vienpusejs-brivi-stavoss-kosmetikas-spogulis-200-mm\/\" \/>\n<meta property=\"og:locale\" content=\"lv_LV\" \/>\n<meta property=\"og:type\" content=\"article\" \/>\n<meta property=\"og:title\" content=\"Vienpus\u0113js br\u012bvi st\u0101vo\u0161s kosm\u0113tikas spogulis, 200 mm - Micasa\" \/>\n<meta property=\"og:description\" content=\"Da\u017e\u0101du formu un izm\u0113ru kosm\u0113tikas spogu\u013ci ar aukstu vai siltu apgaismojumu, k\u0101 ar\u012b atsevi\u0161\u0137i st\u0101vo\u0161i vai piestiprin\u0101mi spogu\u013ci. Uzst\u0101d\u012b\u0161ana ir\" \/>\n<meta property=\"og:url\" content=\"https:\/\/micasa.lv\/lv\/vienpusejs-brivi-stavoss-kosmetikas-spogulis-200-mm\/\" \/>\n<meta property=\"og:site_name\" content=\"Micasa\" \/>\n<meta property=\"article:modified_time\" content=\"2025-06-13T07:27:47+00:00\" \/>\n<meta property=\"og:image\" content=\"https:\/\/micasa.lv\/wp-content\/uploads\/2025\/05\/f80523de2c13affd512f55ce3e842de7_116201252w-velky.jpg\" \/>\n\t<meta property=\"og:image:width\" content=\"293\" \/>\n\t<meta property=\"og:image:height\" content=\"500\" \/>\n\t<meta property=\"og:image:type\" content=\"image\/jpeg\" \/>\n<meta name=\"twitter:card\" content=\"summary_large_image\" \/>\n<meta name=\"twitter:label1\" content=\"Est. reading time\" \/>\n\t<meta name=\"twitter:data1\" content=\"1 minute\" \/>\n<script type=\"application\/ld+json\" class=\"yoast-schema-graph\">{\"@context\":\"https:\\\/\\\/schema.org\",\"@graph\":[{\"@type\":\"WebPage\",\"@id\":\"https:\\\/\\\/micasa.lv\\\/lv\\\/vienpusejs-brivi-stavoss-kosmetikas-spogulis-200-mm\\\/\",\"url\":\"https:\\\/\\\/micasa.lv\\\/lv\\\/vienpusejs-brivi-stavoss-kosmetikas-spogulis-200-mm\\\/\",\"name\":\"Vienpus\u0113js br\u012bvi st\u0101vo\u0161s kosm\u0113tikas spogulis, 200 mm - Micasa\",\"isPartOf\":{\"@id\":\"https:\\\/\\\/micasa.lv\\\/lv\\\/#website\"},\"primaryImageOfPage\":{\"@id\":\"https:\\\/\\\/micasa.lv\\\/lv\\\/vienpusejs-brivi-stavoss-kosmetikas-spogulis-200-mm\\\/#primaryimage\"},\"image\":{\"@id\":\"https:\\\/\\\/micasa.lv\\\/lv\\\/vienpusejs-brivi-stavoss-kosmetikas-spogulis-200-mm\\\/#primaryimage\"},\"thumbnailUrl\":\"https:\\\/\\\/micasa.lv\\\/wp-content\\\/uploads\\\/2025\\\/05\\\/f80523de2c13affd512f55ce3e842de7_116201252w-velky.jpg\",\"datePublished\":\"2025-05-12T13:11:35+00:00\",\"dateModified\":\"2025-06-13T07:27:47+00:00\",\"breadcrumb\":{\"@id\":\"https:\\\/\\\/micasa.lv\\\/lv\\\/vienpusejs-brivi-stavoss-kosmetikas-spogulis-200-mm\\\/#breadcrumb\"},\"inLanguage\":\"lv-LV\",\"potentialAction\":[{\"@type\":\"ReadAction\",\"target\":[\"https:\\\/\\\/micasa.lv\\\/lv\\\/vienpusejs-brivi-stavoss-kosmetikas-spogulis-200-mm\\\/\"]}]},{\"@type\":\"ImageObject\",\"inLanguage\":\"lv-LV\",\"@id\":\"https:\\\/\\\/micasa.lv\\\/lv\\\/vienpusejs-brivi-stavoss-kosmetikas-spogulis-200-mm\\\/#primaryimage\",\"url\":\"https:\\\/\\\/micasa.lv\\\/wp-content\\\/uploads\\\/2025\\\/05\\\/f80523de2c13affd512f55ce3e842de7_116201252w-velky.jpg\",\"contentUrl\":\"https:\\\/\\\/micasa.lv\\\/wp-content\\\/uploads\\\/2025\\\/05\\\/f80523de2c13affd512f55ce3e842de7_116201252w-velky.jpg\",\"width\":293,\"height\":500},{\"@type\":\"BreadcrumbList\",\"@id\":\"https:\\\/\\\/micasa.lv\\\/lv\\\/vienpusejs-brivi-stavoss-kosmetikas-spogulis-200-mm\\\/#breadcrumb\",\"itemListElement\":[{\"@type\":\"ListItem\",\"position\":1,\"name\":\"S\u0101kums\",\"item\":\"https:\\\/\\\/micasa.lv\\\/lv\\\/micasa\\\/\"},{\"@type\":\"ListItem\",\"position\":2,\"name\":\"Shop\",\"item\":\"https:\\\/\\\/micasa.lv\\\/lv\\\/shop\\\/\"},{\"@type\":\"ListItem\",\"position\":3,\"name\":\"Vienpus\u0113js br\u012bvi st\u0101vo\u0161s kosm\u0113tikas spogulis, 200 mm\"}]},{\"@type\":\"WebSite\",\"@id\":\"https:\\\/\\\/micasa.lv\\\/lv\\\/#website\",\"url\":\"https:\\\/\\\/micasa.lv\\\/lv\\\/\",\"name\":\"Micasa\",\"description\":\"\",\"potentialAction\":[{\"@type\":\"SearchAction\",\"target\":{\"@type\":\"EntryPoint\",\"urlTemplate\":\"https:\\\/\\\/micasa.lv\\\/lv\\\/?s={search_term_string}\"},\"query-input\":{\"@type\":\"PropertyValueSpecification\",\"valueRequired\":true,\"valueName\":\"search_term_string\"}}],\"inLanguage\":\"lv-LV\"}]}<\/script>\n<!-- \/ Yoast SEO plugin. -->","yoast_head_json":{"title":"Vienpus\u0113js br\u012bvi st\u0101vo\u0161s kosm\u0113tikas spogulis, 200 mm - Micasa","robots":{"index":"index","follow":"follow","max-snippet":"max-snippet:-1","max-image-preview":"max-image-preview:large","max-video-preview":"max-video-preview:-1"},"canonical":"https:\/\/micasa.lv\/lv\/vienpusejs-brivi-stavoss-kosmetikas-spogulis-200-mm\/","og_locale":"lv_LV","og_type":"article","og_title":"Vienpus\u0113js br\u012bvi st\u0101vo\u0161s kosm\u0113tikas spogulis, 200 mm - Micasa","og_description":"Da\u017e\u0101du formu un izm\u0113ru kosm\u0113tikas spogu\u013ci ar aukstu vai siltu apgaismojumu, k\u0101 ar\u012b atsevi\u0161\u0137i st\u0101vo\u0161i vai piestiprin\u0101mi spogu\u013ci. Uzst\u0101d\u012b\u0161ana ir","og_url":"https:\/\/micasa.lv\/lv\/vienpusejs-brivi-stavoss-kosmetikas-spogulis-200-mm\/","og_site_name":"Micasa","article_modified_time":"2025-06-13T07:27:47+00:00","og_image":[{"width":293,"height":500,"url":"https:\/\/micasa.lv\/wp-content\/uploads\/2025\/05\/f80523de2c13affd512f55ce3e842de7_116201252w-velky.jpg","type":"image\/jpeg"}],"twitter_card":"summary_large_image","twitter_misc":{"Est. reading time":"1 minute"},"schema":{"@context":"https:\/\/schema.org","@graph":[{"@type":"WebPage","@id":"https:\/\/micasa.lv\/lv\/vienpusejs-brivi-stavoss-kosmetikas-spogulis-200-mm\/","url":"https:\/\/micasa.lv\/lv\/vienpusejs-brivi-stavoss-kosmetikas-spogulis-200-mm\/","name":"Vienpus\u0113js br\u012bvi st\u0101vo\u0161s kosm\u0113tikas spogulis, 200 mm - Micasa","isPartOf":{"@id":"https:\/\/micasa.lv\/lv\/#website"},"primaryImageOfPage":{"@id":"https:\/\/micasa.lv\/lv\/vienpusejs-brivi-stavoss-kosmetikas-spogulis-200-mm\/#primaryimage"},"image":{"@id":"https:\/\/micasa.lv\/lv\/vienpusejs-brivi-stavoss-kosmetikas-spogulis-200-mm\/#primaryimage"},"thumbnailUrl":"https:\/\/micasa.lv\/wp-content\/uploads\/2025\/05\/f80523de2c13affd512f55ce3e842de7_116201252w-velky.jpg","datePublished":"2025-05-12T13:11:35+00:00","dateModified":"2025-06-13T07:27:47+00:00","breadcrumb":{"@id":"https:\/\/micasa.lv\/lv\/vienpusejs-brivi-stavoss-kosmetikas-spogulis-200-mm\/#breadcrumb"},"inLanguage":"lv-LV","potentialAction":[{"@type":"ReadAction","target":["https:\/\/micasa.lv\/lv\/vienpusejs-brivi-stavoss-kosmetikas-spogulis-200-mm\/"]}]},{"@type":"ImageObject","inLanguage":"lv-LV","@id":"https:\/\/micasa.lv\/lv\/vienpusejs-brivi-stavoss-kosmetikas-spogulis-200-mm\/#primaryimage","url":"https:\/\/micasa.lv\/wp-content\/uploads\/2025\/05\/f80523de2c13affd512f55ce3e842de7_116201252w-velky.jpg","contentUrl":"https:\/\/micasa.lv\/wp-content\/uploads\/2025\/05\/f80523de2c13affd512f55ce3e842de7_116201252w-velky.jpg","width":293,"height":500},{"@type":"BreadcrumbList","@id":"https:\/\/micasa.lv\/lv\/vienpusejs-brivi-stavoss-kosmetikas-spogulis-200-mm\/#breadcrumb","itemListElement":[{"@type":"ListItem","position":1,"name":"S\u0101kums","item":"https:\/\/micasa.lv\/lv\/micasa\/"},{"@type":"ListItem","position":2,"name":"Shop","item":"https:\/\/micasa.lv\/lv\/shop\/"},{"@type":"ListItem","position":3,"name":"Vienpus\u0113js br\u012bvi st\u0101vo\u0161s kosm\u0113tikas spogulis, 200 mm"}]},{"@type":"WebSite","@id":"https:\/\/micasa.lv\/lv\/#website","url":"https:\/\/micasa.lv\/lv\/","name":"Micasa","description":"","potentialAction":[{"@type":"SearchAction","target":{"@type":"EntryPoint","urlTemplate":"https:\/\/micasa.lv\/lv\/?s={search_term_string}"},"query-input":{"@type":"PropertyValueSpecification","valueRequired":true,"valueName":"search_term_string"}}],"inLanguage":"lv-LV"}]}},"wcpa_form_fields":null,"_links":{"self":[{"href":"https:\/\/micasa.lv\/lv\/wp-json\/wp\/v2\/product\/40421","targetHints":{"allow":["GET"]}}],"collection":[{"href":"https:\/\/micasa.lv\/lv\/wp-json\/wp\/v2\/product"}],"about":[{"href":"https:\/\/micasa.lv\/lv\/wp-json\/wp\/v2\/types\/product"}],"version-history":[{"count":1,"href":"https:\/\/micasa.lv\/lv\/wp-json\/wp\/v2\/product\/40421\/revisions"}],"predecessor-version":[{"id":40451,"href":"https:\/\/micasa.lv\/lv\/wp-json\/wp\/v2\/product\/40421\/revisions\/40451"}],"wp:featuredmedia":[{"embeddable":true,"href":"https:\/\/micasa.lv\/lv\/wp-json\/wp\/v2\/media\/40024"}],"wp:attachment":[{"href":"https:\/\/micasa.lv\/lv\/wp-json\/wp\/v2\/media?parent=40421"}],"wp:term":[{"taxonomy":"product_brand","embeddable":true,"href":"https:\/\/micasa.lv\/lv\/wp-json\/wp\/v2\/product_brand?post=40421"},{"taxonomy":"product_cat","embeddable":true,"href":"https:\/\/micasa.lv\/lv\/wp-json\/wp\/v2\/product_cat?post=40421"},{"taxonomy":"product_tag","embeddable":true,"href":"https:\/\/micasa.lv\/lv\/wp-json\/wp\/v2\/product_tag?post=40421"}],"curies":[{"name":"wp","href":"https:\/\/api.w.org\/{rel}","templated":true}]}}