{"id":41192,"date":"2025-05-12T17:04:04","date_gmt":"2025-05-12T14:04:04","guid":{"rendered":"https:\/\/test.micasa.lv\/?post_type=product&#038;p=41192"},"modified":"2025-06-13T10:29:08","modified_gmt":"2025-06-13T07:29:08","slug":"cytro-ziepju-trauks","status":"publish","type":"product","link":"https:\/\/micasa.lv\/lv\/cytro-ziepju-trauks\/","title":{"rendered":"CYTRO: Ziepju trauks"},"content":{"rendered":"<p>Kvalitat\u012bva stiep\u013cu programma katrai vannas istabai. Pateicoties hrom\u0113tajai virsmai, izstr\u0101d\u0101jumi ir iztur\u012bgi pret nodilumu. CYTRO piest\u0101v jebkurai du\u0161as st\u016brim, vannai vai izlietnei. Interesants produkts ir piekaramais plaukts, kas ir p\u0101rn\u0113s\u0101jams un viegli no\u0146emams.<\/p>\n","protected":false},"excerpt":{"rendered":"<p>Kvalitat\u012bva stiep\u013cu programma katrai vannas istabai. Pateicoties hrom\u0113tajai virsmai, izstr\u0101d\u0101jumi ir iztur\u012bgi pret nodilumu. CYTRO piest\u0101v jebkurai du\u0161as st\u016brim, vannai<\/p>\n","protected":false},"featured_media":40711,"template":"","meta":[],"product_brand":[],"product_cat":[1528],"product_tag":[],"class_list":{"0":"post-41192","1":"product","2":"type-product","3":"status-publish","4":"has-post-thumbnail","6":"product_cat-vannas-istabas-aksesuari","7":"pa_brand-bemeta-lv","9":"first","10":"instock","11":"taxable","12":"shipping-taxable","13":"purchasable","14":"product-type-simple"},"yoast_head":"<!-- This site is optimized with the Yoast SEO plugin v27.4 - https:\/\/yoast.com\/product\/yoast-seo-wordpress\/ -->\n<title>CYTRO: Ziepju trauks - Micasa<\/title>\n<meta name=\"robots\" content=\"index, follow, max-snippet:-1, max-image-preview:large, max-video-preview:-1\" \/>\n<link rel=\"canonical\" href=\"https:\/\/micasa.lv\/lv\/cytro-ziepju-trauks\/\" \/>\n<meta property=\"og:locale\" content=\"lv_LV\" \/>\n<meta property=\"og:type\" content=\"article\" \/>\n<meta property=\"og:title\" content=\"CYTRO: Ziepju trauks - Micasa\" \/>\n<meta property=\"og:description\" content=\"Kvalitat\u012bva stiep\u013cu programma katrai vannas istabai. Pateicoties hrom\u0113tajai virsmai, izstr\u0101d\u0101jumi ir iztur\u012bgi pret nodilumu. CYTRO piest\u0101v jebkurai du\u0161as st\u016brim, vannai\" \/>\n<meta property=\"og:url\" content=\"https:\/\/micasa.lv\/lv\/cytro-ziepju-trauks\/\" \/>\n<meta property=\"og:site_name\" content=\"Micasa\" \/>\n<meta property=\"article:modified_time\" content=\"2025-06-13T07:29:08+00:00\" \/>\n<meta property=\"og:image\" content=\"https:\/\/micasa.lv\/wp-content\/uploads\/2025\/05\/3be37ad653f44a2e4940d4ae7095fdae_146208302-velky.jpg\" \/>\n\t<meta property=\"og:image:width\" content=\"500\" \/>\n\t<meta property=\"og:image:height\" content=\"236\" \/>\n\t<meta property=\"og:image:type\" content=\"image\/jpeg\" \/>\n<meta name=\"twitter:card\" content=\"summary_large_image\" \/>\n<script type=\"application\/ld+json\" class=\"yoast-schema-graph\">{\"@context\":\"https:\\\/\\\/schema.org\",\"@graph\":[{\"@type\":\"WebPage\",\"@id\":\"https:\\\/\\\/micasa.lv\\\/lv\\\/cytro-ziepju-trauks\\\/\",\"url\":\"https:\\\/\\\/micasa.lv\\\/lv\\\/cytro-ziepju-trauks\\\/\",\"name\":\"CYTRO: Ziepju trauks - Micasa\",\"isPartOf\":{\"@id\":\"https:\\\/\\\/micasa.lv\\\/lv\\\/#website\"},\"primaryImageOfPage\":{\"@id\":\"https:\\\/\\\/micasa.lv\\\/lv\\\/cytro-ziepju-trauks\\\/#primaryimage\"},\"image\":{\"@id\":\"https:\\\/\\\/micasa.lv\\\/lv\\\/cytro-ziepju-trauks\\\/#primaryimage\"},\"thumbnailUrl\":\"https:\\\/\\\/micasa.lv\\\/wp-content\\\/uploads\\\/2025\\\/05\\\/3be37ad653f44a2e4940d4ae7095fdae_146208302-velky.jpg\",\"datePublished\":\"2025-05-12T14:04:04+00:00\",\"dateModified\":\"2025-06-13T07:29:08+00:00\",\"breadcrumb\":{\"@id\":\"https:\\\/\\\/micasa.lv\\\/lv\\\/cytro-ziepju-trauks\\\/#breadcrumb\"},\"inLanguage\":\"lv-LV\",\"potentialAction\":[{\"@type\":\"ReadAction\",\"target\":[\"https:\\\/\\\/micasa.lv\\\/lv\\\/cytro-ziepju-trauks\\\/\"]}]},{\"@type\":\"ImageObject\",\"inLanguage\":\"lv-LV\",\"@id\":\"https:\\\/\\\/micasa.lv\\\/lv\\\/cytro-ziepju-trauks\\\/#primaryimage\",\"url\":\"https:\\\/\\\/micasa.lv\\\/wp-content\\\/uploads\\\/2025\\\/05\\\/3be37ad653f44a2e4940d4ae7095fdae_146208302-velky.jpg\",\"contentUrl\":\"https:\\\/\\\/micasa.lv\\\/wp-content\\\/uploads\\\/2025\\\/05\\\/3be37ad653f44a2e4940d4ae7095fdae_146208302-velky.jpg\",\"width\":500,\"height\":236},{\"@type\":\"BreadcrumbList\",\"@id\":\"https:\\\/\\\/micasa.lv\\\/lv\\\/cytro-ziepju-trauks\\\/#breadcrumb\",\"itemListElement\":[{\"@type\":\"ListItem\",\"position\":1,\"name\":\"S\u0101kums\",\"item\":\"https:\\\/\\\/micasa.lv\\\/lv\\\/micasa\\\/\"},{\"@type\":\"ListItem\",\"position\":2,\"name\":\"Shop\",\"item\":\"https:\\\/\\\/micasa.lv\\\/lv\\\/shop\\\/\"},{\"@type\":\"ListItem\",\"position\":3,\"name\":\"CYTRO: Ziepju trauks\"}]},{\"@type\":\"WebSite\",\"@id\":\"https:\\\/\\\/micasa.lv\\\/lv\\\/#website\",\"url\":\"https:\\\/\\\/micasa.lv\\\/lv\\\/\",\"name\":\"Micasa\",\"description\":\"\",\"potentialAction\":[{\"@type\":\"SearchAction\",\"target\":{\"@type\":\"EntryPoint\",\"urlTemplate\":\"https:\\\/\\\/micasa.lv\\\/lv\\\/?s={search_term_string}\"},\"query-input\":{\"@type\":\"PropertyValueSpecification\",\"valueRequired\":true,\"valueName\":\"search_term_string\"}}],\"inLanguage\":\"lv-LV\"}]}<\/script>\n<!-- \/ Yoast SEO plugin. -->","yoast_head_json":{"title":"CYTRO: Ziepju trauks - Micasa","robots":{"index":"index","follow":"follow","max-snippet":"max-snippet:-1","max-image-preview":"max-image-preview:large","max-video-preview":"max-video-preview:-1"},"canonical":"https:\/\/micasa.lv\/lv\/cytro-ziepju-trauks\/","og_locale":"lv_LV","og_type":"article","og_title":"CYTRO: Ziepju trauks - Micasa","og_description":"Kvalitat\u012bva stiep\u013cu programma katrai vannas istabai. Pateicoties hrom\u0113tajai virsmai, izstr\u0101d\u0101jumi ir iztur\u012bgi pret nodilumu. CYTRO piest\u0101v jebkurai du\u0161as st\u016brim, vannai","og_url":"https:\/\/micasa.lv\/lv\/cytro-ziepju-trauks\/","og_site_name":"Micasa","article_modified_time":"2025-06-13T07:29:08+00:00","og_image":[{"width":500,"height":236,"url":"https:\/\/micasa.lv\/wp-content\/uploads\/2025\/05\/3be37ad653f44a2e4940d4ae7095fdae_146208302-velky.jpg","type":"image\/jpeg"}],"twitter_card":"summary_large_image","schema":{"@context":"https:\/\/schema.org","@graph":[{"@type":"WebPage","@id":"https:\/\/micasa.lv\/lv\/cytro-ziepju-trauks\/","url":"https:\/\/micasa.lv\/lv\/cytro-ziepju-trauks\/","name":"CYTRO: Ziepju trauks - Micasa","isPartOf":{"@id":"https:\/\/micasa.lv\/lv\/#website"},"primaryImageOfPage":{"@id":"https:\/\/micasa.lv\/lv\/cytro-ziepju-trauks\/#primaryimage"},"image":{"@id":"https:\/\/micasa.lv\/lv\/cytro-ziepju-trauks\/#primaryimage"},"thumbnailUrl":"https:\/\/micasa.lv\/wp-content\/uploads\/2025\/05\/3be37ad653f44a2e4940d4ae7095fdae_146208302-velky.jpg","datePublished":"2025-05-12T14:04:04+00:00","dateModified":"2025-06-13T07:29:08+00:00","breadcrumb":{"@id":"https:\/\/micasa.lv\/lv\/cytro-ziepju-trauks\/#breadcrumb"},"inLanguage":"lv-LV","potentialAction":[{"@type":"ReadAction","target":["https:\/\/micasa.lv\/lv\/cytro-ziepju-trauks\/"]}]},{"@type":"ImageObject","inLanguage":"lv-LV","@id":"https:\/\/micasa.lv\/lv\/cytro-ziepju-trauks\/#primaryimage","url":"https:\/\/micasa.lv\/wp-content\/uploads\/2025\/05\/3be37ad653f44a2e4940d4ae7095fdae_146208302-velky.jpg","contentUrl":"https:\/\/micasa.lv\/wp-content\/uploads\/2025\/05\/3be37ad653f44a2e4940d4ae7095fdae_146208302-velky.jpg","width":500,"height":236},{"@type":"BreadcrumbList","@id":"https:\/\/micasa.lv\/lv\/cytro-ziepju-trauks\/#breadcrumb","itemListElement":[{"@type":"ListItem","position":1,"name":"S\u0101kums","item":"https:\/\/micasa.lv\/lv\/micasa\/"},{"@type":"ListItem","position":2,"name":"Shop","item":"https:\/\/micasa.lv\/lv\/shop\/"},{"@type":"ListItem","position":3,"name":"CYTRO: Ziepju trauks"}]},{"@type":"WebSite","@id":"https:\/\/micasa.lv\/lv\/#website","url":"https:\/\/micasa.lv\/lv\/","name":"Micasa","description":"","potentialAction":[{"@type":"SearchAction","target":{"@type":"EntryPoint","urlTemplate":"https:\/\/micasa.lv\/lv\/?s={search_term_string}"},"query-input":{"@type":"PropertyValueSpecification","valueRequired":true,"valueName":"search_term_string"}}],"inLanguage":"lv-LV"}]}},"wcpa_form_fields":null,"_links":{"self":[{"href":"https:\/\/micasa.lv\/lv\/wp-json\/wp\/v2\/product\/41192","targetHints":{"allow":["GET"]}}],"collection":[{"href":"https:\/\/micasa.lv\/lv\/wp-json\/wp\/v2\/product"}],"about":[{"href":"https:\/\/micasa.lv\/lv\/wp-json\/wp\/v2\/types\/product"}],"version-history":[{"count":1,"href":"https:\/\/micasa.lv\/lv\/wp-json\/wp\/v2\/product\/41192\/revisions"}],"predecessor-version":[{"id":41222,"href":"https:\/\/micasa.lv\/lv\/wp-json\/wp\/v2\/product\/41192\/revisions\/41222"}],"wp:featuredmedia":[{"embeddable":true,"href":"https:\/\/micasa.lv\/lv\/wp-json\/wp\/v2\/media\/40711"}],"wp:attachment":[{"href":"https:\/\/micasa.lv\/lv\/wp-json\/wp\/v2\/media?parent=41192"}],"wp:term":[{"taxonomy":"product_brand","embeddable":true,"href":"https:\/\/micasa.lv\/lv\/wp-json\/wp\/v2\/product_brand?post=41192"},{"taxonomy":"product_cat","embeddable":true,"href":"https:\/\/micasa.lv\/lv\/wp-json\/wp\/v2\/product_cat?post=41192"},{"taxonomy":"product_tag","embeddable":true,"href":"https:\/\/micasa.lv\/lv\/wp-json\/wp\/v2\/product_tag?post=41192"}],"curies":[{"name":"wp","href":"https:\/\/api.w.org\/{rel}","templated":true}]}}