{"id":41208,"date":"2025-05-12T17:04:17","date_gmt":"2025-05-12T14:04:17","guid":{"rendered":"https:\/\/test.micasa.lv\/?post_type=product&#038;p=41208"},"modified":"2025-06-13T10:29:14","modified_gmt":"2025-06-13T07:29:14","slug":"neo-papira-turetajs-bez-vaka-labaja-puse","status":"publish","type":"product","link":"https:\/\/micasa.lv\/lv\/neo-papira-turetajs-bez-vaka-labaja-puse\/","title":{"rendered":"NEO: Pap\u012bra tur\u0113t\u0101js bez v\u0101ka, labaj\u0101 pus\u0113"},"content":{"rendered":"<p>Ar nosaukumu NEO tiek pied\u0101v\u0101ti vannas istabas aksesu\u0101ri ar ner\u016bs\u0113jo\u0161\u0101 t\u0113rauda saturu. Materi\u0101ls, kas ir iztur\u012bgs pret \u016bdeni un mitrumu, k\u0101 ar\u012b labi izskat\u0101s. T\u012brs un neuzkr\u012bto\u0161s. Pieejamas sp\u012bd\u012bgas un mat\u0113tas apdares. Sudraba kr\u0101sa tikai izce\u013c attur\u012bgo dizainu. \u0160aj\u0101 kolekcij\u0101 atrad\u012bsiet atlas\u012btus priek\u0161metus, s\u0101kot no rokturiem un da\u017e\u0101du veidu pakaramajiem l\u012bdz dvie\u013cu pakaramajiem ar trapeci un piekarin\u0101m\u0101m un br\u012bvi st\u0101vo\u0161\u0101m tualetes birst\u0113m.<\/p>\n","protected":false},"excerpt":{"rendered":"<p>Ar nosaukumu NEO tiek pied\u0101v\u0101ti vannas istabas aksesu\u0101ri ar ner\u016bs\u0113jo\u0161\u0101 t\u0113rauda saturu. Materi\u0101ls, kas ir iztur\u012bgs pret \u016bdeni un mitrumu,<\/p>\n","protected":false},"featured_media":40888,"template":"","meta":[],"product_brand":[],"product_cat":[1855,1528],"product_tag":[],"class_list":{"0":"post-41208","1":"product","2":"type-product","3":"status-publish","4":"has-post-thumbnail","6":"product_cat-tualetes-papira-turetaji","7":"product_cat-vannas-istabas-aksesuari","8":"pa_brand-bemeta-lv","10":"first","11":"instock","12":"taxable","13":"shipping-taxable","14":"purchasable","15":"product-type-simple"},"yoast_head":"<!-- This site is optimized with the Yoast SEO plugin v27.4 - https:\/\/yoast.com\/product\/yoast-seo-wordpress\/ -->\n<title>NEO: Pap\u012bra tur\u0113t\u0101js bez v\u0101ka, labaj\u0101 pus\u0113 - Micasa<\/title>\n<meta name=\"robots\" content=\"index, follow, max-snippet:-1, max-image-preview:large, max-video-preview:-1\" \/>\n<link rel=\"canonical\" href=\"https:\/\/micasa.lv\/lv\/neo-papira-turetajs-bez-vaka-labaja-puse\/\" \/>\n<meta property=\"og:locale\" content=\"lv_LV\" \/>\n<meta property=\"og:type\" content=\"article\" \/>\n<meta property=\"og:title\" content=\"NEO: Pap\u012bra tur\u0113t\u0101js bez v\u0101ka, labaj\u0101 pus\u0113 - Micasa\" \/>\n<meta property=\"og:description\" content=\"Ar nosaukumu NEO tiek pied\u0101v\u0101ti vannas istabas aksesu\u0101ri ar ner\u016bs\u0113jo\u0161\u0101 t\u0113rauda saturu. Materi\u0101ls, kas ir iztur\u012bgs pret \u016bdeni un mitrumu,\" \/>\n<meta property=\"og:url\" content=\"https:\/\/micasa.lv\/lv\/neo-papira-turetajs-bez-vaka-labaja-puse\/\" \/>\n<meta property=\"og:site_name\" content=\"Micasa\" \/>\n<meta property=\"article:modified_time\" content=\"2025-06-13T07:29:14+00:00\" \/>\n<meta property=\"og:image\" content=\"https:\/\/micasa.lv\/wp-content\/uploads\/2025\/05\/670916f0a17dd745d3f69035e66369a2_104112045r-velky.jpg\" \/>\n\t<meta property=\"og:image:width\" content=\"500\" \/>\n\t<meta property=\"og:image:height\" content=\"500\" \/>\n\t<meta property=\"og:image:type\" content=\"image\/jpeg\" \/>\n<meta name=\"twitter:card\" content=\"summary_large_image\" \/>\n<script type=\"application\/ld+json\" class=\"yoast-schema-graph\">{\"@context\":\"https:\\\/\\\/schema.org\",\"@graph\":[{\"@type\":\"WebPage\",\"@id\":\"https:\\\/\\\/micasa.lv\\\/lv\\\/neo-papira-turetajs-bez-vaka-labaja-puse\\\/\",\"url\":\"https:\\\/\\\/micasa.lv\\\/lv\\\/neo-papira-turetajs-bez-vaka-labaja-puse\\\/\",\"name\":\"NEO: Pap\u012bra tur\u0113t\u0101js bez v\u0101ka, labaj\u0101 pus\u0113 - Micasa\",\"isPartOf\":{\"@id\":\"https:\\\/\\\/micasa.lv\\\/lv\\\/#website\"},\"primaryImageOfPage\":{\"@id\":\"https:\\\/\\\/micasa.lv\\\/lv\\\/neo-papira-turetajs-bez-vaka-labaja-puse\\\/#primaryimage\"},\"image\":{\"@id\":\"https:\\\/\\\/micasa.lv\\\/lv\\\/neo-papira-turetajs-bez-vaka-labaja-puse\\\/#primaryimage\"},\"thumbnailUrl\":\"https:\\\/\\\/micasa.lv\\\/wp-content\\\/uploads\\\/2025\\\/05\\\/670916f0a17dd745d3f69035e66369a2_104112045r-velky.jpg\",\"datePublished\":\"2025-05-12T14:04:17+00:00\",\"dateModified\":\"2025-06-13T07:29:14+00:00\",\"breadcrumb\":{\"@id\":\"https:\\\/\\\/micasa.lv\\\/lv\\\/neo-papira-turetajs-bez-vaka-labaja-puse\\\/#breadcrumb\"},\"inLanguage\":\"lv-LV\",\"potentialAction\":[{\"@type\":\"ReadAction\",\"target\":[\"https:\\\/\\\/micasa.lv\\\/lv\\\/neo-papira-turetajs-bez-vaka-labaja-puse\\\/\"]}]},{\"@type\":\"ImageObject\",\"inLanguage\":\"lv-LV\",\"@id\":\"https:\\\/\\\/micasa.lv\\\/lv\\\/neo-papira-turetajs-bez-vaka-labaja-puse\\\/#primaryimage\",\"url\":\"https:\\\/\\\/micasa.lv\\\/wp-content\\\/uploads\\\/2025\\\/05\\\/670916f0a17dd745d3f69035e66369a2_104112045r-velky.jpg\",\"contentUrl\":\"https:\\\/\\\/micasa.lv\\\/wp-content\\\/uploads\\\/2025\\\/05\\\/670916f0a17dd745d3f69035e66369a2_104112045r-velky.jpg\",\"width\":500,\"height\":500},{\"@type\":\"BreadcrumbList\",\"@id\":\"https:\\\/\\\/micasa.lv\\\/lv\\\/neo-papira-turetajs-bez-vaka-labaja-puse\\\/#breadcrumb\",\"itemListElement\":[{\"@type\":\"ListItem\",\"position\":1,\"name\":\"S\u0101kums\",\"item\":\"https:\\\/\\\/micasa.lv\\\/lv\\\/micasa\\\/\"},{\"@type\":\"ListItem\",\"position\":2,\"name\":\"Shop\",\"item\":\"https:\\\/\\\/micasa.lv\\\/lv\\\/shop\\\/\"},{\"@type\":\"ListItem\",\"position\":3,\"name\":\"NEO: Pap\u012bra tur\u0113t\u0101js bez v\u0101ka, labaj\u0101 pus\u0113\"}]},{\"@type\":\"WebSite\",\"@id\":\"https:\\\/\\\/micasa.lv\\\/lv\\\/#website\",\"url\":\"https:\\\/\\\/micasa.lv\\\/lv\\\/\",\"name\":\"Micasa\",\"description\":\"\",\"potentialAction\":[{\"@type\":\"SearchAction\",\"target\":{\"@type\":\"EntryPoint\",\"urlTemplate\":\"https:\\\/\\\/micasa.lv\\\/lv\\\/?s={search_term_string}\"},\"query-input\":{\"@type\":\"PropertyValueSpecification\",\"valueRequired\":true,\"valueName\":\"search_term_string\"}}],\"inLanguage\":\"lv-LV\"}]}<\/script>\n<!-- \/ Yoast SEO plugin. -->","yoast_head_json":{"title":"NEO: Pap\u012bra tur\u0113t\u0101js bez v\u0101ka, labaj\u0101 pus\u0113 - Micasa","robots":{"index":"index","follow":"follow","max-snippet":"max-snippet:-1","max-image-preview":"max-image-preview:large","max-video-preview":"max-video-preview:-1"},"canonical":"https:\/\/micasa.lv\/lv\/neo-papira-turetajs-bez-vaka-labaja-puse\/","og_locale":"lv_LV","og_type":"article","og_title":"NEO: Pap\u012bra tur\u0113t\u0101js bez v\u0101ka, labaj\u0101 pus\u0113 - Micasa","og_description":"Ar nosaukumu NEO tiek pied\u0101v\u0101ti vannas istabas aksesu\u0101ri ar ner\u016bs\u0113jo\u0161\u0101 t\u0113rauda saturu. Materi\u0101ls, kas ir iztur\u012bgs pret \u016bdeni un mitrumu,","og_url":"https:\/\/micasa.lv\/lv\/neo-papira-turetajs-bez-vaka-labaja-puse\/","og_site_name":"Micasa","article_modified_time":"2025-06-13T07:29:14+00:00","og_image":[{"width":500,"height":500,"url":"https:\/\/micasa.lv\/wp-content\/uploads\/2025\/05\/670916f0a17dd745d3f69035e66369a2_104112045r-velky.jpg","type":"image\/jpeg"}],"twitter_card":"summary_large_image","schema":{"@context":"https:\/\/schema.org","@graph":[{"@type":"WebPage","@id":"https:\/\/micasa.lv\/lv\/neo-papira-turetajs-bez-vaka-labaja-puse\/","url":"https:\/\/micasa.lv\/lv\/neo-papira-turetajs-bez-vaka-labaja-puse\/","name":"NEO: Pap\u012bra tur\u0113t\u0101js bez v\u0101ka, labaj\u0101 pus\u0113 - Micasa","isPartOf":{"@id":"https:\/\/micasa.lv\/lv\/#website"},"primaryImageOfPage":{"@id":"https:\/\/micasa.lv\/lv\/neo-papira-turetajs-bez-vaka-labaja-puse\/#primaryimage"},"image":{"@id":"https:\/\/micasa.lv\/lv\/neo-papira-turetajs-bez-vaka-labaja-puse\/#primaryimage"},"thumbnailUrl":"https:\/\/micasa.lv\/wp-content\/uploads\/2025\/05\/670916f0a17dd745d3f69035e66369a2_104112045r-velky.jpg","datePublished":"2025-05-12T14:04:17+00:00","dateModified":"2025-06-13T07:29:14+00:00","breadcrumb":{"@id":"https:\/\/micasa.lv\/lv\/neo-papira-turetajs-bez-vaka-labaja-puse\/#breadcrumb"},"inLanguage":"lv-LV","potentialAction":[{"@type":"ReadAction","target":["https:\/\/micasa.lv\/lv\/neo-papira-turetajs-bez-vaka-labaja-puse\/"]}]},{"@type":"ImageObject","inLanguage":"lv-LV","@id":"https:\/\/micasa.lv\/lv\/neo-papira-turetajs-bez-vaka-labaja-puse\/#primaryimage","url":"https:\/\/micasa.lv\/wp-content\/uploads\/2025\/05\/670916f0a17dd745d3f69035e66369a2_104112045r-velky.jpg","contentUrl":"https:\/\/micasa.lv\/wp-content\/uploads\/2025\/05\/670916f0a17dd745d3f69035e66369a2_104112045r-velky.jpg","width":500,"height":500},{"@type":"BreadcrumbList","@id":"https:\/\/micasa.lv\/lv\/neo-papira-turetajs-bez-vaka-labaja-puse\/#breadcrumb","itemListElement":[{"@type":"ListItem","position":1,"name":"S\u0101kums","item":"https:\/\/micasa.lv\/lv\/micasa\/"},{"@type":"ListItem","position":2,"name":"Shop","item":"https:\/\/micasa.lv\/lv\/shop\/"},{"@type":"ListItem","position":3,"name":"NEO: Pap\u012bra tur\u0113t\u0101js bez v\u0101ka, labaj\u0101 pus\u0113"}]},{"@type":"WebSite","@id":"https:\/\/micasa.lv\/lv\/#website","url":"https:\/\/micasa.lv\/lv\/","name":"Micasa","description":"","potentialAction":[{"@type":"SearchAction","target":{"@type":"EntryPoint","urlTemplate":"https:\/\/micasa.lv\/lv\/?s={search_term_string}"},"query-input":{"@type":"PropertyValueSpecification","valueRequired":true,"valueName":"search_term_string"}}],"inLanguage":"lv-LV"}]}},"wcpa_form_fields":null,"_links":{"self":[{"href":"https:\/\/micasa.lv\/lv\/wp-json\/wp\/v2\/product\/41208","targetHints":{"allow":["GET"]}}],"collection":[{"href":"https:\/\/micasa.lv\/lv\/wp-json\/wp\/v2\/product"}],"about":[{"href":"https:\/\/micasa.lv\/lv\/wp-json\/wp\/v2\/types\/product"}],"version-history":[{"count":1,"href":"https:\/\/micasa.lv\/lv\/wp-json\/wp\/v2\/product\/41208\/revisions"}],"predecessor-version":[{"id":41238,"href":"https:\/\/micasa.lv\/lv\/wp-json\/wp\/v2\/product\/41208\/revisions\/41238"}],"wp:featuredmedia":[{"embeddable":true,"href":"https:\/\/micasa.lv\/lv\/wp-json\/wp\/v2\/media\/40888"}],"wp:attachment":[{"href":"https:\/\/micasa.lv\/lv\/wp-json\/wp\/v2\/media?parent=41208"}],"wp:term":[{"taxonomy":"product_brand","embeddable":true,"href":"https:\/\/micasa.lv\/lv\/wp-json\/wp\/v2\/product_brand?post=41208"},{"taxonomy":"product_cat","embeddable":true,"href":"https:\/\/micasa.lv\/lv\/wp-json\/wp\/v2\/product_cat?post=41208"},{"taxonomy":"product_tag","embeddable":true,"href":"https:\/\/micasa.lv\/lv\/wp-json\/wp\/v2\/product_tag?post=41208"}],"curies":[{"name":"wp","href":"https:\/\/api.w.org\/{rel}","templated":true}]}}