{"id":41217,"date":"2025-05-12T17:04:18","date_gmt":"2025-05-12T14:04:18","guid":{"rendered":"https:\/\/test.micasa.lv\/?post_type=product&#038;p=41217"},"modified":"2025-06-13T10:29:16","modified_gmt":"2025-06-13T07:29:16","slug":"omega-komplekts-6-gab-pulets","status":"publish","type":"product","link":"https:\/\/micasa.lv\/lv\/omega-komplekts-6-gab-pulets\/","title":{"rendered":"OMEGA komplekts, 6 gab., pul\u0113ts"},"content":{"rendered":"<p>OMEGA produktu l\u012bnija ir vispla\u0161\u0101k\u0101 produktu skaita zi\u0146\u0101. T\u0101s elegant\u0101 meistar\u012bba un dizains ne tikai izskat\u0101s moderni un svaigi, bet ar\u012b iederas jebkur\u0101 stil\u012bg\u0101 vannas istab\u0101, kas balst\u0101s uz vienk\u0101r\u0161\u012bbu un minim\u0101lismu. Vienlaikus meistar\u012bba veicina vieglu kop\u0161anu. T\u0101tad, ja nev\u0113laties past\u0101v\u012bgi berzt vannas istabu, esat atradis savu vietu.<\/p>\n","protected":false},"excerpt":{"rendered":"<p>OMEGA produktu l\u012bnija ir vispla\u0161\u0101k\u0101 produktu skaita zi\u0146\u0101. T\u0101s elegant\u0101 meistar\u012bba un dizains ne tikai izskat\u0101s moderni un svaigi, bet<\/p>\n","protected":false},"featured_media":40924,"template":"","meta":[],"product_brand":[],"product_cat":[1528],"product_tag":[],"class_list":{"0":"post-41217","1":"product","2":"type-product","3":"status-publish","4":"has-post-thumbnail","6":"product_cat-vannas-istabas-aksesuari","7":"pa_brand-bemeta-lv","9":"first","10":"instock","11":"taxable","12":"shipping-taxable","13":"purchasable","14":"product-type-simple"},"yoast_head":"<!-- This site is optimized with the Yoast SEO plugin v27.4 - https:\/\/yoast.com\/product\/yoast-seo-wordpress\/ -->\n<title>OMEGA komplekts, 6 gab., pul\u0113ts - Micasa<\/title>\n<meta name=\"robots\" content=\"index, follow, max-snippet:-1, max-image-preview:large, max-video-preview:-1\" \/>\n<link rel=\"canonical\" href=\"https:\/\/micasa.lv\/lv\/omega-komplekts-6-gab-pulets\/\" \/>\n<meta property=\"og:locale\" content=\"lv_LV\" \/>\n<meta property=\"og:type\" content=\"article\" \/>\n<meta property=\"og:title\" content=\"OMEGA komplekts, 6 gab., pul\u0113ts - Micasa\" \/>\n<meta property=\"og:description\" content=\"OMEGA produktu l\u012bnija ir vispla\u0161\u0101k\u0101 produktu skaita zi\u0146\u0101. T\u0101s elegant\u0101 meistar\u012bba un dizains ne tikai izskat\u0101s moderni un svaigi, bet\" \/>\n<meta property=\"og:url\" content=\"https:\/\/micasa.lv\/lv\/omega-komplekts-6-gab-pulets\/\" \/>\n<meta property=\"og:site_name\" content=\"Micasa\" \/>\n<meta property=\"article:modified_time\" content=\"2025-06-13T07:29:16+00:00\" \/>\n<meta property=\"og:image\" content=\"https:\/\/micasa.lv\/wp-content\/uploads\/2025\/05\/b2b5936f488caa8fc8e8d57dcaaea909_204601-velky.jpg\" \/>\n\t<meta property=\"og:image:width\" content=\"500\" \/>\n\t<meta property=\"og:image:height\" content=\"500\" \/>\n\t<meta property=\"og:image:type\" content=\"image\/jpeg\" \/>\n<meta name=\"twitter:card\" content=\"summary_large_image\" \/>\n<script type=\"application\/ld+json\" class=\"yoast-schema-graph\">{\"@context\":\"https:\\\/\\\/schema.org\",\"@graph\":[{\"@type\":\"WebPage\",\"@id\":\"https:\\\/\\\/micasa.lv\\\/lv\\\/omega-komplekts-6-gab-pulets\\\/\",\"url\":\"https:\\\/\\\/micasa.lv\\\/lv\\\/omega-komplekts-6-gab-pulets\\\/\",\"name\":\"OMEGA komplekts, 6 gab., pul\u0113ts - Micasa\",\"isPartOf\":{\"@id\":\"https:\\\/\\\/micasa.lv\\\/lv\\\/#website\"},\"primaryImageOfPage\":{\"@id\":\"https:\\\/\\\/micasa.lv\\\/lv\\\/omega-komplekts-6-gab-pulets\\\/#primaryimage\"},\"image\":{\"@id\":\"https:\\\/\\\/micasa.lv\\\/lv\\\/omega-komplekts-6-gab-pulets\\\/#primaryimage\"},\"thumbnailUrl\":\"https:\\\/\\\/micasa.lv\\\/wp-content\\\/uploads\\\/2025\\\/05\\\/b2b5936f488caa8fc8e8d57dcaaea909_204601-velky.jpg\",\"datePublished\":\"2025-05-12T14:04:18+00:00\",\"dateModified\":\"2025-06-13T07:29:16+00:00\",\"breadcrumb\":{\"@id\":\"https:\\\/\\\/micasa.lv\\\/lv\\\/omega-komplekts-6-gab-pulets\\\/#breadcrumb\"},\"inLanguage\":\"lv-LV\",\"potentialAction\":[{\"@type\":\"ReadAction\",\"target\":[\"https:\\\/\\\/micasa.lv\\\/lv\\\/omega-komplekts-6-gab-pulets\\\/\"]}]},{\"@type\":\"ImageObject\",\"inLanguage\":\"lv-LV\",\"@id\":\"https:\\\/\\\/micasa.lv\\\/lv\\\/omega-komplekts-6-gab-pulets\\\/#primaryimage\",\"url\":\"https:\\\/\\\/micasa.lv\\\/wp-content\\\/uploads\\\/2025\\\/05\\\/b2b5936f488caa8fc8e8d57dcaaea909_204601-velky.jpg\",\"contentUrl\":\"https:\\\/\\\/micasa.lv\\\/wp-content\\\/uploads\\\/2025\\\/05\\\/b2b5936f488caa8fc8e8d57dcaaea909_204601-velky.jpg\",\"width\":500,\"height\":500},{\"@type\":\"BreadcrumbList\",\"@id\":\"https:\\\/\\\/micasa.lv\\\/lv\\\/omega-komplekts-6-gab-pulets\\\/#breadcrumb\",\"itemListElement\":[{\"@type\":\"ListItem\",\"position\":1,\"name\":\"S\u0101kums\",\"item\":\"https:\\\/\\\/micasa.lv\\\/lv\\\/micasa\\\/\"},{\"@type\":\"ListItem\",\"position\":2,\"name\":\"Shop\",\"item\":\"https:\\\/\\\/micasa.lv\\\/lv\\\/shop\\\/\"},{\"@type\":\"ListItem\",\"position\":3,\"name\":\"OMEGA komplekts, 6 gab., pul\u0113ts\"}]},{\"@type\":\"WebSite\",\"@id\":\"https:\\\/\\\/micasa.lv\\\/lv\\\/#website\",\"url\":\"https:\\\/\\\/micasa.lv\\\/lv\\\/\",\"name\":\"Micasa\",\"description\":\"\",\"potentialAction\":[{\"@type\":\"SearchAction\",\"target\":{\"@type\":\"EntryPoint\",\"urlTemplate\":\"https:\\\/\\\/micasa.lv\\\/lv\\\/?s={search_term_string}\"},\"query-input\":{\"@type\":\"PropertyValueSpecification\",\"valueRequired\":true,\"valueName\":\"search_term_string\"}}],\"inLanguage\":\"lv-LV\"}]}<\/script>\n<!-- \/ Yoast SEO plugin. -->","yoast_head_json":{"title":"OMEGA komplekts, 6 gab., pul\u0113ts - Micasa","robots":{"index":"index","follow":"follow","max-snippet":"max-snippet:-1","max-image-preview":"max-image-preview:large","max-video-preview":"max-video-preview:-1"},"canonical":"https:\/\/micasa.lv\/lv\/omega-komplekts-6-gab-pulets\/","og_locale":"lv_LV","og_type":"article","og_title":"OMEGA komplekts, 6 gab., pul\u0113ts - Micasa","og_description":"OMEGA produktu l\u012bnija ir vispla\u0161\u0101k\u0101 produktu skaita zi\u0146\u0101. T\u0101s elegant\u0101 meistar\u012bba un dizains ne tikai izskat\u0101s moderni un svaigi, bet","og_url":"https:\/\/micasa.lv\/lv\/omega-komplekts-6-gab-pulets\/","og_site_name":"Micasa","article_modified_time":"2025-06-13T07:29:16+00:00","og_image":[{"width":500,"height":500,"url":"https:\/\/micasa.lv\/wp-content\/uploads\/2025\/05\/b2b5936f488caa8fc8e8d57dcaaea909_204601-velky.jpg","type":"image\/jpeg"}],"twitter_card":"summary_large_image","schema":{"@context":"https:\/\/schema.org","@graph":[{"@type":"WebPage","@id":"https:\/\/micasa.lv\/lv\/omega-komplekts-6-gab-pulets\/","url":"https:\/\/micasa.lv\/lv\/omega-komplekts-6-gab-pulets\/","name":"OMEGA komplekts, 6 gab., pul\u0113ts - Micasa","isPartOf":{"@id":"https:\/\/micasa.lv\/lv\/#website"},"primaryImageOfPage":{"@id":"https:\/\/micasa.lv\/lv\/omega-komplekts-6-gab-pulets\/#primaryimage"},"image":{"@id":"https:\/\/micasa.lv\/lv\/omega-komplekts-6-gab-pulets\/#primaryimage"},"thumbnailUrl":"https:\/\/micasa.lv\/wp-content\/uploads\/2025\/05\/b2b5936f488caa8fc8e8d57dcaaea909_204601-velky.jpg","datePublished":"2025-05-12T14:04:18+00:00","dateModified":"2025-06-13T07:29:16+00:00","breadcrumb":{"@id":"https:\/\/micasa.lv\/lv\/omega-komplekts-6-gab-pulets\/#breadcrumb"},"inLanguage":"lv-LV","potentialAction":[{"@type":"ReadAction","target":["https:\/\/micasa.lv\/lv\/omega-komplekts-6-gab-pulets\/"]}]},{"@type":"ImageObject","inLanguage":"lv-LV","@id":"https:\/\/micasa.lv\/lv\/omega-komplekts-6-gab-pulets\/#primaryimage","url":"https:\/\/micasa.lv\/wp-content\/uploads\/2025\/05\/b2b5936f488caa8fc8e8d57dcaaea909_204601-velky.jpg","contentUrl":"https:\/\/micasa.lv\/wp-content\/uploads\/2025\/05\/b2b5936f488caa8fc8e8d57dcaaea909_204601-velky.jpg","width":500,"height":500},{"@type":"BreadcrumbList","@id":"https:\/\/micasa.lv\/lv\/omega-komplekts-6-gab-pulets\/#breadcrumb","itemListElement":[{"@type":"ListItem","position":1,"name":"S\u0101kums","item":"https:\/\/micasa.lv\/lv\/micasa\/"},{"@type":"ListItem","position":2,"name":"Shop","item":"https:\/\/micasa.lv\/lv\/shop\/"},{"@type":"ListItem","position":3,"name":"OMEGA komplekts, 6 gab., pul\u0113ts"}]},{"@type":"WebSite","@id":"https:\/\/micasa.lv\/lv\/#website","url":"https:\/\/micasa.lv\/lv\/","name":"Micasa","description":"","potentialAction":[{"@type":"SearchAction","target":{"@type":"EntryPoint","urlTemplate":"https:\/\/micasa.lv\/lv\/?s={search_term_string}"},"query-input":{"@type":"PropertyValueSpecification","valueRequired":true,"valueName":"search_term_string"}}],"inLanguage":"lv-LV"}]}},"wcpa_form_fields":null,"_links":{"self":[{"href":"https:\/\/micasa.lv\/lv\/wp-json\/wp\/v2\/product\/41217","targetHints":{"allow":["GET"]}}],"collection":[{"href":"https:\/\/micasa.lv\/lv\/wp-json\/wp\/v2\/product"}],"about":[{"href":"https:\/\/micasa.lv\/lv\/wp-json\/wp\/v2\/types\/product"}],"version-history":[{"count":1,"href":"https:\/\/micasa.lv\/lv\/wp-json\/wp\/v2\/product\/41217\/revisions"}],"predecessor-version":[{"id":41247,"href":"https:\/\/micasa.lv\/lv\/wp-json\/wp\/v2\/product\/41217\/revisions\/41247"}],"wp:featuredmedia":[{"embeddable":true,"href":"https:\/\/micasa.lv\/lv\/wp-json\/wp\/v2\/media\/40924"}],"wp:attachment":[{"href":"https:\/\/micasa.lv\/lv\/wp-json\/wp\/v2\/media?parent=41217"}],"wp:term":[{"taxonomy":"product_brand","embeddable":true,"href":"https:\/\/micasa.lv\/lv\/wp-json\/wp\/v2\/product_brand?post=41217"},{"taxonomy":"product_cat","embeddable":true,"href":"https:\/\/micasa.lv\/lv\/wp-json\/wp\/v2\/product_cat?post=41217"},{"taxonomy":"product_tag","embeddable":true,"href":"https:\/\/micasa.lv\/lv\/wp-json\/wp\/v2\/product_tag?post=41217"}],"curies":[{"name":"wp","href":"https:\/\/api.w.org\/{rel}","templated":true}]}}