{"id":42151,"date":"2025-05-12T17:41:39","date_gmt":"2025-05-12T14:41:39","guid":{"rendered":"https:\/\/test.micasa.lv\/?post_type=product&#038;p=42151"},"modified":"2025-06-13T10:31:02","modified_gmt":"2025-06-13T07:31:02","slug":"alfa-gredzenveida-dvielu-turetajs","status":"publish","type":"product","link":"https:\/\/micasa.lv\/lv\/alfa-gredzenveida-dvielu-turetajs\/","title":{"rendered":"ALFA: Gredzenveida dvie\u013cu tur\u0113t\u0101js"},"content":{"rendered":"<p>Matadors produktu kolekciju vid\u016b. M\u016bsu vec\u0101k\u0101 l\u012bnija ALFA ir t\u012bra minim\u0101lisma dizaina sinon\u012bms, visbie\u017e\u0101k t\u0101 ir pieejama sudraba un balt\u0101 to\u0146os. Stikls un hroms ir domin\u0113jo\u0161ie materi\u0101li, kas izstr\u0101d\u0101jumiem pie\u0161\u0137ir grezn\u012bbas piesk\u0101rienu. Kolekcij\u0101 ietilpst \u0161\u0137idro ziepju dozatori, ziepju trauki un plaukti, k\u0101 ar\u012b dvie\u013cu, birstu un tualetes pap\u012bra rull\u012b\u0161u tur\u0113t\u0101ji.<\/p>\n","protected":false},"excerpt":{"rendered":"<p>Matadors produktu kolekciju vid\u016b. M\u016bsu vec\u0101k\u0101 l\u012bnija ALFA ir t\u012bra minim\u0101lisma dizaina sinon\u012bms, visbie\u017e\u0101k t\u0101 ir pieejama sudraba un balt\u0101<\/p>\n","protected":false},"featured_media":41659,"template":"","meta":[],"product_brand":[],"product_cat":[1859,1528],"product_tag":[],"class_list":{"0":"post-42151","1":"product","2":"type-product","3":"status-publish","4":"has-post-thumbnail","6":"product_cat-dvielu-turetaji","7":"product_cat-vannas-istabas-aksesuari","8":"pa_brand-bemeta-lv","10":"first","11":"instock","12":"taxable","13":"shipping-taxable","14":"purchasable","15":"product-type-simple"},"yoast_head":"<!-- This site is optimized with the Yoast SEO plugin v27.4 - https:\/\/yoast.com\/product\/yoast-seo-wordpress\/ -->\n<title>ALFA: Gredzenveida dvie\u013cu tur\u0113t\u0101js - Micasa<\/title>\n<meta name=\"robots\" content=\"index, follow, max-snippet:-1, max-image-preview:large, max-video-preview:-1\" \/>\n<link rel=\"canonical\" href=\"https:\/\/micasa.lv\/lv\/alfa-gredzenveida-dvielu-turetajs\/\" \/>\n<meta property=\"og:locale\" content=\"lv_LV\" \/>\n<meta property=\"og:type\" content=\"article\" \/>\n<meta property=\"og:title\" content=\"ALFA: Gredzenveida dvie\u013cu tur\u0113t\u0101js - Micasa\" \/>\n<meta property=\"og:description\" content=\"Matadors produktu kolekciju vid\u016b. M\u016bsu vec\u0101k\u0101 l\u012bnija ALFA ir t\u012bra minim\u0101lisma dizaina sinon\u012bms, visbie\u017e\u0101k t\u0101 ir pieejama sudraba un balt\u0101\" \/>\n<meta property=\"og:url\" content=\"https:\/\/micasa.lv\/lv\/alfa-gredzenveida-dvielu-turetajs\/\" \/>\n<meta property=\"og:site_name\" content=\"Micasa\" \/>\n<meta property=\"article:modified_time\" content=\"2025-06-13T07:31:02+00:00\" \/>\n<meta property=\"og:image\" content=\"https:\/\/micasa.lv\/wp-content\/uploads\/2025\/05\/6f028e5799ab9c1138c460a530da3414_102502062-velky.jpg\" \/>\n\t<meta property=\"og:image:width\" content=\"500\" \/>\n\t<meta property=\"og:image:height\" content=\"500\" \/>\n\t<meta property=\"og:image:type\" content=\"image\/jpeg\" \/>\n<meta name=\"twitter:card\" content=\"summary_large_image\" \/>\n<script type=\"application\/ld+json\" class=\"yoast-schema-graph\">{\"@context\":\"https:\\\/\\\/schema.org\",\"@graph\":[{\"@type\":\"WebPage\",\"@id\":\"https:\\\/\\\/micasa.lv\\\/lv\\\/alfa-gredzenveida-dvielu-turetajs\\\/\",\"url\":\"https:\\\/\\\/micasa.lv\\\/lv\\\/alfa-gredzenveida-dvielu-turetajs\\\/\",\"name\":\"ALFA: Gredzenveida dvie\u013cu tur\u0113t\u0101js - Micasa\",\"isPartOf\":{\"@id\":\"https:\\\/\\\/micasa.lv\\\/lv\\\/#website\"},\"primaryImageOfPage\":{\"@id\":\"https:\\\/\\\/micasa.lv\\\/lv\\\/alfa-gredzenveida-dvielu-turetajs\\\/#primaryimage\"},\"image\":{\"@id\":\"https:\\\/\\\/micasa.lv\\\/lv\\\/alfa-gredzenveida-dvielu-turetajs\\\/#primaryimage\"},\"thumbnailUrl\":\"https:\\\/\\\/micasa.lv\\\/wp-content\\\/uploads\\\/2025\\\/05\\\/6f028e5799ab9c1138c460a530da3414_102502062-velky.jpg\",\"datePublished\":\"2025-05-12T14:41:39+00:00\",\"dateModified\":\"2025-06-13T07:31:02+00:00\",\"breadcrumb\":{\"@id\":\"https:\\\/\\\/micasa.lv\\\/lv\\\/alfa-gredzenveida-dvielu-turetajs\\\/#breadcrumb\"},\"inLanguage\":\"lv-LV\",\"potentialAction\":[{\"@type\":\"ReadAction\",\"target\":[\"https:\\\/\\\/micasa.lv\\\/lv\\\/alfa-gredzenveida-dvielu-turetajs\\\/\"]}]},{\"@type\":\"ImageObject\",\"inLanguage\":\"lv-LV\",\"@id\":\"https:\\\/\\\/micasa.lv\\\/lv\\\/alfa-gredzenveida-dvielu-turetajs\\\/#primaryimage\",\"url\":\"https:\\\/\\\/micasa.lv\\\/wp-content\\\/uploads\\\/2025\\\/05\\\/6f028e5799ab9c1138c460a530da3414_102502062-velky.jpg\",\"contentUrl\":\"https:\\\/\\\/micasa.lv\\\/wp-content\\\/uploads\\\/2025\\\/05\\\/6f028e5799ab9c1138c460a530da3414_102502062-velky.jpg\",\"width\":500,\"height\":500},{\"@type\":\"BreadcrumbList\",\"@id\":\"https:\\\/\\\/micasa.lv\\\/lv\\\/alfa-gredzenveida-dvielu-turetajs\\\/#breadcrumb\",\"itemListElement\":[{\"@type\":\"ListItem\",\"position\":1,\"name\":\"S\u0101kums\",\"item\":\"https:\\\/\\\/micasa.lv\\\/lv\\\/micasa\\\/\"},{\"@type\":\"ListItem\",\"position\":2,\"name\":\"Shop\",\"item\":\"https:\\\/\\\/micasa.lv\\\/lv\\\/shop\\\/\"},{\"@type\":\"ListItem\",\"position\":3,\"name\":\"ALFA: Gredzenveida dvie\u013cu tur\u0113t\u0101js\"}]},{\"@type\":\"WebSite\",\"@id\":\"https:\\\/\\\/micasa.lv\\\/lv\\\/#website\",\"url\":\"https:\\\/\\\/micasa.lv\\\/lv\\\/\",\"name\":\"Micasa\",\"description\":\"\",\"potentialAction\":[{\"@type\":\"SearchAction\",\"target\":{\"@type\":\"EntryPoint\",\"urlTemplate\":\"https:\\\/\\\/micasa.lv\\\/lv\\\/?s={search_term_string}\"},\"query-input\":{\"@type\":\"PropertyValueSpecification\",\"valueRequired\":true,\"valueName\":\"search_term_string\"}}],\"inLanguage\":\"lv-LV\"}]}<\/script>\n<!-- \/ Yoast SEO plugin. -->","yoast_head_json":{"title":"ALFA: Gredzenveida dvie\u013cu tur\u0113t\u0101js - Micasa","robots":{"index":"index","follow":"follow","max-snippet":"max-snippet:-1","max-image-preview":"max-image-preview:large","max-video-preview":"max-video-preview:-1"},"canonical":"https:\/\/micasa.lv\/lv\/alfa-gredzenveida-dvielu-turetajs\/","og_locale":"lv_LV","og_type":"article","og_title":"ALFA: Gredzenveida dvie\u013cu tur\u0113t\u0101js - Micasa","og_description":"Matadors produktu kolekciju vid\u016b. M\u016bsu vec\u0101k\u0101 l\u012bnija ALFA ir t\u012bra minim\u0101lisma dizaina sinon\u012bms, visbie\u017e\u0101k t\u0101 ir pieejama sudraba un balt\u0101","og_url":"https:\/\/micasa.lv\/lv\/alfa-gredzenveida-dvielu-turetajs\/","og_site_name":"Micasa","article_modified_time":"2025-06-13T07:31:02+00:00","og_image":[{"width":500,"height":500,"url":"https:\/\/micasa.lv\/wp-content\/uploads\/2025\/05\/6f028e5799ab9c1138c460a530da3414_102502062-velky.jpg","type":"image\/jpeg"}],"twitter_card":"summary_large_image","schema":{"@context":"https:\/\/schema.org","@graph":[{"@type":"WebPage","@id":"https:\/\/micasa.lv\/lv\/alfa-gredzenveida-dvielu-turetajs\/","url":"https:\/\/micasa.lv\/lv\/alfa-gredzenveida-dvielu-turetajs\/","name":"ALFA: Gredzenveida dvie\u013cu tur\u0113t\u0101js - Micasa","isPartOf":{"@id":"https:\/\/micasa.lv\/lv\/#website"},"primaryImageOfPage":{"@id":"https:\/\/micasa.lv\/lv\/alfa-gredzenveida-dvielu-turetajs\/#primaryimage"},"image":{"@id":"https:\/\/micasa.lv\/lv\/alfa-gredzenveida-dvielu-turetajs\/#primaryimage"},"thumbnailUrl":"https:\/\/micasa.lv\/wp-content\/uploads\/2025\/05\/6f028e5799ab9c1138c460a530da3414_102502062-velky.jpg","datePublished":"2025-05-12T14:41:39+00:00","dateModified":"2025-06-13T07:31:02+00:00","breadcrumb":{"@id":"https:\/\/micasa.lv\/lv\/alfa-gredzenveida-dvielu-turetajs\/#breadcrumb"},"inLanguage":"lv-LV","potentialAction":[{"@type":"ReadAction","target":["https:\/\/micasa.lv\/lv\/alfa-gredzenveida-dvielu-turetajs\/"]}]},{"@type":"ImageObject","inLanguage":"lv-LV","@id":"https:\/\/micasa.lv\/lv\/alfa-gredzenveida-dvielu-turetajs\/#primaryimage","url":"https:\/\/micasa.lv\/wp-content\/uploads\/2025\/05\/6f028e5799ab9c1138c460a530da3414_102502062-velky.jpg","contentUrl":"https:\/\/micasa.lv\/wp-content\/uploads\/2025\/05\/6f028e5799ab9c1138c460a530da3414_102502062-velky.jpg","width":500,"height":500},{"@type":"BreadcrumbList","@id":"https:\/\/micasa.lv\/lv\/alfa-gredzenveida-dvielu-turetajs\/#breadcrumb","itemListElement":[{"@type":"ListItem","position":1,"name":"S\u0101kums","item":"https:\/\/micasa.lv\/lv\/micasa\/"},{"@type":"ListItem","position":2,"name":"Shop","item":"https:\/\/micasa.lv\/lv\/shop\/"},{"@type":"ListItem","position":3,"name":"ALFA: Gredzenveida dvie\u013cu tur\u0113t\u0101js"}]},{"@type":"WebSite","@id":"https:\/\/micasa.lv\/lv\/#website","url":"https:\/\/micasa.lv\/lv\/","name":"Micasa","description":"","potentialAction":[{"@type":"SearchAction","target":{"@type":"EntryPoint","urlTemplate":"https:\/\/micasa.lv\/lv\/?s={search_term_string}"},"query-input":{"@type":"PropertyValueSpecification","valueRequired":true,"valueName":"search_term_string"}}],"inLanguage":"lv-LV"}]}},"wcpa_form_fields":null,"_links":{"self":[{"href":"https:\/\/micasa.lv\/lv\/wp-json\/wp\/v2\/product\/42151","targetHints":{"allow":["GET"]}}],"collection":[{"href":"https:\/\/micasa.lv\/lv\/wp-json\/wp\/v2\/product"}],"about":[{"href":"https:\/\/micasa.lv\/lv\/wp-json\/wp\/v2\/types\/product"}],"version-history":[{"count":1,"href":"https:\/\/micasa.lv\/lv\/wp-json\/wp\/v2\/product\/42151\/revisions"}],"predecessor-version":[{"id":42181,"href":"https:\/\/micasa.lv\/lv\/wp-json\/wp\/v2\/product\/42151\/revisions\/42181"}],"wp:featuredmedia":[{"embeddable":true,"href":"https:\/\/micasa.lv\/lv\/wp-json\/wp\/v2\/media\/41659"}],"wp:attachment":[{"href":"https:\/\/micasa.lv\/lv\/wp-json\/wp\/v2\/media?parent=42151"}],"wp:term":[{"taxonomy":"product_brand","embeddable":true,"href":"https:\/\/micasa.lv\/lv\/wp-json\/wp\/v2\/product_brand?post=42151"},{"taxonomy":"product_cat","embeddable":true,"href":"https:\/\/micasa.lv\/lv\/wp-json\/wp\/v2\/product_cat?post=42151"},{"taxonomy":"product_tag","embeddable":true,"href":"https:\/\/micasa.lv\/lv\/wp-json\/wp\/v2\/product_tag?post=42151"}],"curies":[{"name":"wp","href":"https:\/\/api.w.org\/{rel}","templated":true}]}}