{"id":42154,"date":"2025-05-12T17:41:40","date_gmt":"2025-05-12T14:41:40","guid":{"rendered":"https:\/\/test.micasa.lv\/?post_type=product&#038;p=42154"},"modified":"2025-11-04T12:34:23","modified_gmt":"2025-11-04T09:34:23","slug":"omega-brivi-stavoss-tualetes-birstes-turetajs-6","status":"publish","type":"product","link":"https:\/\/micasa.lv\/lv\/omega-brivi-stavoss-tualetes-birstes-turetajs-6\/","title":{"rendered":"OMEGA: Tualetes birstes tur\u0113t\u0101js, br\u012bvi st\u0101vo\u0161s, Melna birste"},"content":{"rendered":"<p>M\u016bsu \u010dempions skait\u013cu zi\u0146\u0101. OMEGA ir m\u016bsu liel\u0101k\u0101 kolekcija, kas aptver pla\u0161u priek\u0161metu kl\u0101stu, s\u0101kot no mazo somi\u0146u pakaramajiem, le\u0146\u0137a rokturiem un \u0161\u0137idro ziepju dozatoriem ar magn\u0113tisko ziepju trauku, l\u012bdz spir\u0101lveida matu f\u0113na tur\u0113t\u0101jiem un stikla st\u016bra plauktiem.<br \/>Visus tos at\u0161\u0137ir minim\u0101listiska est\u0113tika, kas balst\u012bta uz hroma sp\u012bdumu un mat\u0113tu stiklu. \u0100tra un vienk\u0101r\u0161a kop\u0161ana ir tikai v\u0113l viens noz\u012bm\u012bgs pluss.   <\/p>\n<p>Melna birste<\/p>\n","protected":false},"excerpt":{"rendered":"<p>M\u016bsu \u010dempions skait\u013cu zi\u0146\u0101. OMEGA ir m\u016bsu liel\u0101k\u0101 kolekcija, kas aptver pla\u0161u priek\u0161metu kl\u0101stu, s\u0101kot no mazo somi\u0146u pakaramajiem, le\u0146\u0137a<\/p>\n","protected":false},"featured_media":41554,"template":"","meta":[],"product_brand":[],"product_cat":[1853,1528],"product_tag":[],"class_list":{"0":"post-42154","1":"product","2":"type-product","3":"status-publish","4":"has-post-thumbnail","6":"product_cat-tualetes-birstes","7":"product_cat-vannas-istabas-aksesuari","8":"pa_brand-bemeta-lv","10":"first","11":"instock","12":"taxable","13":"shipping-taxable","14":"purchasable","15":"product-type-simple"},"yoast_head":"<!-- This site is optimized with the Yoast SEO plugin v27.4 - https:\/\/yoast.com\/product\/yoast-seo-wordpress\/ -->\n<title>OMEGA: Tualetes birstes tur\u0113t\u0101js, br\u012bvi st\u0101vo\u0161s, Melna birste - Micasa<\/title>\n<meta name=\"robots\" content=\"index, follow, max-snippet:-1, max-image-preview:large, max-video-preview:-1\" \/>\n<link rel=\"canonical\" href=\"https:\/\/micasa.lv\/lv\/omega-brivi-stavoss-tualetes-birstes-turetajs-6\/\" \/>\n<meta property=\"og:locale\" content=\"lv_LV\" \/>\n<meta property=\"og:type\" content=\"article\" \/>\n<meta property=\"og:title\" content=\"OMEGA: Tualetes birstes tur\u0113t\u0101js, br\u012bvi st\u0101vo\u0161s, Melna birste - Micasa\" \/>\n<meta property=\"og:description\" content=\"M\u016bsu \u010dempions skait\u013cu zi\u0146\u0101. OMEGA ir m\u016bsu liel\u0101k\u0101 kolekcija, kas aptver pla\u0161u priek\u0161metu kl\u0101stu, s\u0101kot no mazo somi\u0146u pakaramajiem, le\u0146\u0137a\" \/>\n<meta property=\"og:url\" content=\"https:\/\/micasa.lv\/lv\/omega-brivi-stavoss-tualetes-birstes-turetajs-6\/\" \/>\n<meta property=\"og:site_name\" content=\"Micasa\" \/>\n<meta property=\"article:modified_time\" content=\"2025-11-04T09:34:23+00:00\" \/>\n<meta property=\"og:image\" content=\"https:\/\/micasa.lv\/wp-content\/uploads\/2025\/05\/ce87da73488f5c4e4b57d8f0f61cb5df_102313057w-velky.jpg\" \/>\n\t<meta property=\"og:image:width\" content=\"500\" \/>\n\t<meta property=\"og:image:height\" content=\"500\" \/>\n\t<meta property=\"og:image:type\" content=\"image\/jpeg\" \/>\n<meta name=\"twitter:card\" content=\"summary_large_image\" \/>\n<script type=\"application\/ld+json\" class=\"yoast-schema-graph\">{\"@context\":\"https:\\\/\\\/schema.org\",\"@graph\":[{\"@type\":\"WebPage\",\"@id\":\"https:\\\/\\\/micasa.lv\\\/lv\\\/omega-brivi-stavoss-tualetes-birstes-turetajs-6\\\/\",\"url\":\"https:\\\/\\\/micasa.lv\\\/lv\\\/omega-brivi-stavoss-tualetes-birstes-turetajs-6\\\/\",\"name\":\"OMEGA: Tualetes birstes tur\u0113t\u0101js, br\u012bvi st\u0101vo\u0161s, Melna birste - Micasa\",\"isPartOf\":{\"@id\":\"https:\\\/\\\/micasa.lv\\\/lv\\\/#website\"},\"primaryImageOfPage\":{\"@id\":\"https:\\\/\\\/micasa.lv\\\/lv\\\/omega-brivi-stavoss-tualetes-birstes-turetajs-6\\\/#primaryimage\"},\"image\":{\"@id\":\"https:\\\/\\\/micasa.lv\\\/lv\\\/omega-brivi-stavoss-tualetes-birstes-turetajs-6\\\/#primaryimage\"},\"thumbnailUrl\":\"https:\\\/\\\/micasa.lv\\\/wp-content\\\/uploads\\\/2025\\\/05\\\/ce87da73488f5c4e4b57d8f0f61cb5df_102313057w-velky.jpg\",\"datePublished\":\"2025-05-12T14:41:40+00:00\",\"dateModified\":\"2025-11-04T09:34:23+00:00\",\"breadcrumb\":{\"@id\":\"https:\\\/\\\/micasa.lv\\\/lv\\\/omega-brivi-stavoss-tualetes-birstes-turetajs-6\\\/#breadcrumb\"},\"inLanguage\":\"lv-LV\",\"potentialAction\":[{\"@type\":\"ReadAction\",\"target\":[\"https:\\\/\\\/micasa.lv\\\/lv\\\/omega-brivi-stavoss-tualetes-birstes-turetajs-6\\\/\"]}]},{\"@type\":\"ImageObject\",\"inLanguage\":\"lv-LV\",\"@id\":\"https:\\\/\\\/micasa.lv\\\/lv\\\/omega-brivi-stavoss-tualetes-birstes-turetajs-6\\\/#primaryimage\",\"url\":\"https:\\\/\\\/micasa.lv\\\/wp-content\\\/uploads\\\/2025\\\/05\\\/ce87da73488f5c4e4b57d8f0f61cb5df_102313057w-velky.jpg\",\"contentUrl\":\"https:\\\/\\\/micasa.lv\\\/wp-content\\\/uploads\\\/2025\\\/05\\\/ce87da73488f5c4e4b57d8f0f61cb5df_102313057w-velky.jpg\",\"width\":500,\"height\":500},{\"@type\":\"BreadcrumbList\",\"@id\":\"https:\\\/\\\/micasa.lv\\\/lv\\\/omega-brivi-stavoss-tualetes-birstes-turetajs-6\\\/#breadcrumb\",\"itemListElement\":[{\"@type\":\"ListItem\",\"position\":1,\"name\":\"S\u0101kums\",\"item\":\"https:\\\/\\\/micasa.lv\\\/lv\\\/micasa\\\/\"},{\"@type\":\"ListItem\",\"position\":2,\"name\":\"Shop\",\"item\":\"https:\\\/\\\/micasa.lv\\\/lv\\\/shop\\\/\"},{\"@type\":\"ListItem\",\"position\":3,\"name\":\"OMEGA: Tualetes birstes tur\u0113t\u0101js, br\u012bvi st\u0101vo\u0161s, Melna birste\"}]},{\"@type\":\"WebSite\",\"@id\":\"https:\\\/\\\/micasa.lv\\\/lv\\\/#website\",\"url\":\"https:\\\/\\\/micasa.lv\\\/lv\\\/\",\"name\":\"Micasa\",\"description\":\"\",\"potentialAction\":[{\"@type\":\"SearchAction\",\"target\":{\"@type\":\"EntryPoint\",\"urlTemplate\":\"https:\\\/\\\/micasa.lv\\\/lv\\\/?s={search_term_string}\"},\"query-input\":{\"@type\":\"PropertyValueSpecification\",\"valueRequired\":true,\"valueName\":\"search_term_string\"}}],\"inLanguage\":\"lv-LV\"}]}<\/script>\n<!-- \/ Yoast SEO plugin. -->","yoast_head_json":{"title":"OMEGA: Tualetes birstes tur\u0113t\u0101js, br\u012bvi st\u0101vo\u0161s, Melna birste - Micasa","robots":{"index":"index","follow":"follow","max-snippet":"max-snippet:-1","max-image-preview":"max-image-preview:large","max-video-preview":"max-video-preview:-1"},"canonical":"https:\/\/micasa.lv\/lv\/omega-brivi-stavoss-tualetes-birstes-turetajs-6\/","og_locale":"lv_LV","og_type":"article","og_title":"OMEGA: Tualetes birstes tur\u0113t\u0101js, br\u012bvi st\u0101vo\u0161s, Melna birste - Micasa","og_description":"M\u016bsu \u010dempions skait\u013cu zi\u0146\u0101. OMEGA ir m\u016bsu liel\u0101k\u0101 kolekcija, kas aptver pla\u0161u priek\u0161metu kl\u0101stu, s\u0101kot no mazo somi\u0146u pakaramajiem, le\u0146\u0137a","og_url":"https:\/\/micasa.lv\/lv\/omega-brivi-stavoss-tualetes-birstes-turetajs-6\/","og_site_name":"Micasa","article_modified_time":"2025-11-04T09:34:23+00:00","og_image":[{"width":500,"height":500,"url":"https:\/\/micasa.lv\/wp-content\/uploads\/2025\/05\/ce87da73488f5c4e4b57d8f0f61cb5df_102313057w-velky.jpg","type":"image\/jpeg"}],"twitter_card":"summary_large_image","schema":{"@context":"https:\/\/schema.org","@graph":[{"@type":"WebPage","@id":"https:\/\/micasa.lv\/lv\/omega-brivi-stavoss-tualetes-birstes-turetajs-6\/","url":"https:\/\/micasa.lv\/lv\/omega-brivi-stavoss-tualetes-birstes-turetajs-6\/","name":"OMEGA: Tualetes birstes tur\u0113t\u0101js, br\u012bvi st\u0101vo\u0161s, Melna birste - Micasa","isPartOf":{"@id":"https:\/\/micasa.lv\/lv\/#website"},"primaryImageOfPage":{"@id":"https:\/\/micasa.lv\/lv\/omega-brivi-stavoss-tualetes-birstes-turetajs-6\/#primaryimage"},"image":{"@id":"https:\/\/micasa.lv\/lv\/omega-brivi-stavoss-tualetes-birstes-turetajs-6\/#primaryimage"},"thumbnailUrl":"https:\/\/micasa.lv\/wp-content\/uploads\/2025\/05\/ce87da73488f5c4e4b57d8f0f61cb5df_102313057w-velky.jpg","datePublished":"2025-05-12T14:41:40+00:00","dateModified":"2025-11-04T09:34:23+00:00","breadcrumb":{"@id":"https:\/\/micasa.lv\/lv\/omega-brivi-stavoss-tualetes-birstes-turetajs-6\/#breadcrumb"},"inLanguage":"lv-LV","potentialAction":[{"@type":"ReadAction","target":["https:\/\/micasa.lv\/lv\/omega-brivi-stavoss-tualetes-birstes-turetajs-6\/"]}]},{"@type":"ImageObject","inLanguage":"lv-LV","@id":"https:\/\/micasa.lv\/lv\/omega-brivi-stavoss-tualetes-birstes-turetajs-6\/#primaryimage","url":"https:\/\/micasa.lv\/wp-content\/uploads\/2025\/05\/ce87da73488f5c4e4b57d8f0f61cb5df_102313057w-velky.jpg","contentUrl":"https:\/\/micasa.lv\/wp-content\/uploads\/2025\/05\/ce87da73488f5c4e4b57d8f0f61cb5df_102313057w-velky.jpg","width":500,"height":500},{"@type":"BreadcrumbList","@id":"https:\/\/micasa.lv\/lv\/omega-brivi-stavoss-tualetes-birstes-turetajs-6\/#breadcrumb","itemListElement":[{"@type":"ListItem","position":1,"name":"S\u0101kums","item":"https:\/\/micasa.lv\/lv\/micasa\/"},{"@type":"ListItem","position":2,"name":"Shop","item":"https:\/\/micasa.lv\/lv\/shop\/"},{"@type":"ListItem","position":3,"name":"OMEGA: Tualetes birstes tur\u0113t\u0101js, br\u012bvi st\u0101vo\u0161s, Melna birste"}]},{"@type":"WebSite","@id":"https:\/\/micasa.lv\/lv\/#website","url":"https:\/\/micasa.lv\/lv\/","name":"Micasa","description":"","potentialAction":[{"@type":"SearchAction","target":{"@type":"EntryPoint","urlTemplate":"https:\/\/micasa.lv\/lv\/?s={search_term_string}"},"query-input":{"@type":"PropertyValueSpecification","valueRequired":true,"valueName":"search_term_string"}}],"inLanguage":"lv-LV"}]}},"wcpa_form_fields":null,"_links":{"self":[{"href":"https:\/\/micasa.lv\/lv\/wp-json\/wp\/v2\/product\/42154","targetHints":{"allow":["GET"]}}],"collection":[{"href":"https:\/\/micasa.lv\/lv\/wp-json\/wp\/v2\/product"}],"about":[{"href":"https:\/\/micasa.lv\/lv\/wp-json\/wp\/v2\/types\/product"}],"version-history":[{"count":3,"href":"https:\/\/micasa.lv\/lv\/wp-json\/wp\/v2\/product\/42154\/revisions"}],"predecessor-version":[{"id":65349,"href":"https:\/\/micasa.lv\/lv\/wp-json\/wp\/v2\/product\/42154\/revisions\/65349"}],"wp:featuredmedia":[{"embeddable":true,"href":"https:\/\/micasa.lv\/lv\/wp-json\/wp\/v2\/media\/41554"}],"wp:attachment":[{"href":"https:\/\/micasa.lv\/lv\/wp-json\/wp\/v2\/media?parent=42154"}],"wp:term":[{"taxonomy":"product_brand","embeddable":true,"href":"https:\/\/micasa.lv\/lv\/wp-json\/wp\/v2\/product_brand?post=42154"},{"taxonomy":"product_cat","embeddable":true,"href":"https:\/\/micasa.lv\/lv\/wp-json\/wp\/v2\/product_cat?post=42154"},{"taxonomy":"product_tag","embeddable":true,"href":"https:\/\/micasa.lv\/lv\/wp-json\/wp\/v2\/product_tag?post=42154"}],"curies":[{"name":"wp","href":"https:\/\/api.w.org\/{rel}","templated":true}]}}