{"id":42156,"date":"2025-05-12T17:41:40","date_gmt":"2025-05-12T14:41:40","guid":{"rendered":"https:\/\/test.micasa.lv\/?post_type=product&#038;p=42156"},"modified":"2025-06-13T10:31:05","modified_gmt":"2025-06-13T07:31:05","slug":"neo-brivi-stavoss-tualetes-birstes-turetajs-4","status":"publish","type":"product","link":"https:\/\/micasa.lv\/lv\/neo-brivi-stavoss-tualetes-birstes-turetajs-4\/","title":{"rendered":"NEO: Br\u012bvi st\u0101vo\u0161s tualetes birstes tur\u0113t\u0101js"},"content":{"rendered":"<p>Aiz NEO nosaukuma sl\u0113pjas vannas istabas aksesu\u0101ri, kas izgatavoti no ner\u016bs\u0113jo\u0161\u0101 t\u0113rauda. Materi\u0101ls, kas lieliski atgr\u016b\u017e \u016bdeni un mitrumu, vienlaikus labi izskat\u0101s. T\u012brs un smalks. Gan sp\u012bd\u012bg\u0101, gan mat\u0113t\u0101 \u0101r\u0113j\u0101 virsm\u0101. Sudraba kr\u0101sa tikai uzlabo pietic\u012bgo kop\u0113jo dizainu. \u0160aj\u0101 kolekcij\u0101 atrad\u012bsiet atlas\u012btus priek\u0161metus, s\u0101kot no rokturiem un da\u017e\u0101diem pakaramo veidiem l\u012bdz dvie\u013cu plauktiem ar stie\u0146iem un piekarin\u0101m\u0101m un br\u012bvi st\u0101vo\u0161\u0101m tualetes birst\u0113m.<\/p>\n","protected":false},"excerpt":{"rendered":"<p>Aiz NEO nosaukuma sl\u0113pjas vannas istabas aksesu\u0101ri, kas izgatavoti no ner\u016bs\u0113jo\u0161\u0101 t\u0113rauda. Materi\u0101ls, kas lieliski atgr\u016b\u017e \u016bdeni un mitrumu, vienlaikus<\/p>\n","protected":false},"featured_media":41575,"template":"","meta":[],"product_brand":[],"product_cat":[1853,1528],"product_tag":[],"class_list":{"0":"post-42156","1":"product","2":"type-product","3":"status-publish","4":"has-post-thumbnail","6":"product_cat-tualetes-birstes","7":"product_cat-vannas-istabas-aksesuari","8":"pa_brand-bemeta-lv","10":"first","11":"instock","12":"taxable","13":"shipping-taxable","14":"purchasable","15":"product-type-simple"},"yoast_head":"<!-- This site is optimized with the Yoast SEO plugin v27.4 - https:\/\/yoast.com\/product\/yoast-seo-wordpress\/ -->\n<title>NEO: Br\u012bvi st\u0101vo\u0161s tualetes birstes tur\u0113t\u0101js - Micasa<\/title>\n<meta name=\"robots\" content=\"index, follow, max-snippet:-1, max-image-preview:large, max-video-preview:-1\" \/>\n<link rel=\"canonical\" href=\"https:\/\/micasa.lv\/lv\/neo-brivi-stavoss-tualetes-birstes-turetajs-4\/\" \/>\n<meta property=\"og:locale\" content=\"lv_LV\" \/>\n<meta property=\"og:type\" content=\"article\" \/>\n<meta property=\"og:title\" content=\"NEO: Br\u012bvi st\u0101vo\u0161s tualetes birstes tur\u0113t\u0101js - Micasa\" \/>\n<meta property=\"og:description\" content=\"Aiz NEO nosaukuma sl\u0113pjas vannas istabas aksesu\u0101ri, kas izgatavoti no ner\u016bs\u0113jo\u0161\u0101 t\u0113rauda. Materi\u0101ls, kas lieliski atgr\u016b\u017e \u016bdeni un mitrumu, vienlaikus\" \/>\n<meta property=\"og:url\" content=\"https:\/\/micasa.lv\/lv\/neo-brivi-stavoss-tualetes-birstes-turetajs-4\/\" \/>\n<meta property=\"og:site_name\" content=\"Micasa\" \/>\n<meta property=\"article:modified_time\" content=\"2025-06-13T07:31:05+00:00\" \/>\n<meta property=\"og:image\" content=\"https:\/\/micasa.lv\/wp-content\/uploads\/2025\/05\/e3d1157328961e26f80093c6066d0fdc_102313059-velky.jpg\" \/>\n\t<meta property=\"og:image:width\" content=\"500\" \/>\n\t<meta property=\"og:image:height\" content=\"500\" \/>\n\t<meta property=\"og:image:type\" content=\"image\/jpeg\" \/>\n<meta name=\"twitter:card\" content=\"summary_large_image\" \/>\n<script type=\"application\/ld+json\" class=\"yoast-schema-graph\">{\"@context\":\"https:\\\/\\\/schema.org\",\"@graph\":[{\"@type\":\"WebPage\",\"@id\":\"https:\\\/\\\/micasa.lv\\\/lv\\\/neo-brivi-stavoss-tualetes-birstes-turetajs-4\\\/\",\"url\":\"https:\\\/\\\/micasa.lv\\\/lv\\\/neo-brivi-stavoss-tualetes-birstes-turetajs-4\\\/\",\"name\":\"NEO: Br\u012bvi st\u0101vo\u0161s tualetes birstes tur\u0113t\u0101js - Micasa\",\"isPartOf\":{\"@id\":\"https:\\\/\\\/micasa.lv\\\/lv\\\/#website\"},\"primaryImageOfPage\":{\"@id\":\"https:\\\/\\\/micasa.lv\\\/lv\\\/neo-brivi-stavoss-tualetes-birstes-turetajs-4\\\/#primaryimage\"},\"image\":{\"@id\":\"https:\\\/\\\/micasa.lv\\\/lv\\\/neo-brivi-stavoss-tualetes-birstes-turetajs-4\\\/#primaryimage\"},\"thumbnailUrl\":\"https:\\\/\\\/micasa.lv\\\/wp-content\\\/uploads\\\/2025\\\/05\\\/e3d1157328961e26f80093c6066d0fdc_102313059-velky.jpg\",\"datePublished\":\"2025-05-12T14:41:40+00:00\",\"dateModified\":\"2025-06-13T07:31:05+00:00\",\"breadcrumb\":{\"@id\":\"https:\\\/\\\/micasa.lv\\\/lv\\\/neo-brivi-stavoss-tualetes-birstes-turetajs-4\\\/#breadcrumb\"},\"inLanguage\":\"lv-LV\",\"potentialAction\":[{\"@type\":\"ReadAction\",\"target\":[\"https:\\\/\\\/micasa.lv\\\/lv\\\/neo-brivi-stavoss-tualetes-birstes-turetajs-4\\\/\"]}]},{\"@type\":\"ImageObject\",\"inLanguage\":\"lv-LV\",\"@id\":\"https:\\\/\\\/micasa.lv\\\/lv\\\/neo-brivi-stavoss-tualetes-birstes-turetajs-4\\\/#primaryimage\",\"url\":\"https:\\\/\\\/micasa.lv\\\/wp-content\\\/uploads\\\/2025\\\/05\\\/e3d1157328961e26f80093c6066d0fdc_102313059-velky.jpg\",\"contentUrl\":\"https:\\\/\\\/micasa.lv\\\/wp-content\\\/uploads\\\/2025\\\/05\\\/e3d1157328961e26f80093c6066d0fdc_102313059-velky.jpg\",\"width\":500,\"height\":500},{\"@type\":\"BreadcrumbList\",\"@id\":\"https:\\\/\\\/micasa.lv\\\/lv\\\/neo-brivi-stavoss-tualetes-birstes-turetajs-4\\\/#breadcrumb\",\"itemListElement\":[{\"@type\":\"ListItem\",\"position\":1,\"name\":\"S\u0101kums\",\"item\":\"https:\\\/\\\/micasa.lv\\\/lv\\\/micasa\\\/\"},{\"@type\":\"ListItem\",\"position\":2,\"name\":\"Shop\",\"item\":\"https:\\\/\\\/micasa.lv\\\/lv\\\/shop\\\/\"},{\"@type\":\"ListItem\",\"position\":3,\"name\":\"NEO: Br\u012bvi st\u0101vo\u0161s tualetes birstes tur\u0113t\u0101js\"}]},{\"@type\":\"WebSite\",\"@id\":\"https:\\\/\\\/micasa.lv\\\/lv\\\/#website\",\"url\":\"https:\\\/\\\/micasa.lv\\\/lv\\\/\",\"name\":\"Micasa\",\"description\":\"\",\"potentialAction\":[{\"@type\":\"SearchAction\",\"target\":{\"@type\":\"EntryPoint\",\"urlTemplate\":\"https:\\\/\\\/micasa.lv\\\/lv\\\/?s={search_term_string}\"},\"query-input\":{\"@type\":\"PropertyValueSpecification\",\"valueRequired\":true,\"valueName\":\"search_term_string\"}}],\"inLanguage\":\"lv-LV\"}]}<\/script>\n<!-- \/ Yoast SEO plugin. -->","yoast_head_json":{"title":"NEO: Br\u012bvi st\u0101vo\u0161s tualetes birstes tur\u0113t\u0101js - Micasa","robots":{"index":"index","follow":"follow","max-snippet":"max-snippet:-1","max-image-preview":"max-image-preview:large","max-video-preview":"max-video-preview:-1"},"canonical":"https:\/\/micasa.lv\/lv\/neo-brivi-stavoss-tualetes-birstes-turetajs-4\/","og_locale":"lv_LV","og_type":"article","og_title":"NEO: Br\u012bvi st\u0101vo\u0161s tualetes birstes tur\u0113t\u0101js - Micasa","og_description":"Aiz NEO nosaukuma sl\u0113pjas vannas istabas aksesu\u0101ri, kas izgatavoti no ner\u016bs\u0113jo\u0161\u0101 t\u0113rauda. Materi\u0101ls, kas lieliski atgr\u016b\u017e \u016bdeni un mitrumu, vienlaikus","og_url":"https:\/\/micasa.lv\/lv\/neo-brivi-stavoss-tualetes-birstes-turetajs-4\/","og_site_name":"Micasa","article_modified_time":"2025-06-13T07:31:05+00:00","og_image":[{"width":500,"height":500,"url":"https:\/\/micasa.lv\/wp-content\/uploads\/2025\/05\/e3d1157328961e26f80093c6066d0fdc_102313059-velky.jpg","type":"image\/jpeg"}],"twitter_card":"summary_large_image","schema":{"@context":"https:\/\/schema.org","@graph":[{"@type":"WebPage","@id":"https:\/\/micasa.lv\/lv\/neo-brivi-stavoss-tualetes-birstes-turetajs-4\/","url":"https:\/\/micasa.lv\/lv\/neo-brivi-stavoss-tualetes-birstes-turetajs-4\/","name":"NEO: Br\u012bvi st\u0101vo\u0161s tualetes birstes tur\u0113t\u0101js - Micasa","isPartOf":{"@id":"https:\/\/micasa.lv\/lv\/#website"},"primaryImageOfPage":{"@id":"https:\/\/micasa.lv\/lv\/neo-brivi-stavoss-tualetes-birstes-turetajs-4\/#primaryimage"},"image":{"@id":"https:\/\/micasa.lv\/lv\/neo-brivi-stavoss-tualetes-birstes-turetajs-4\/#primaryimage"},"thumbnailUrl":"https:\/\/micasa.lv\/wp-content\/uploads\/2025\/05\/e3d1157328961e26f80093c6066d0fdc_102313059-velky.jpg","datePublished":"2025-05-12T14:41:40+00:00","dateModified":"2025-06-13T07:31:05+00:00","breadcrumb":{"@id":"https:\/\/micasa.lv\/lv\/neo-brivi-stavoss-tualetes-birstes-turetajs-4\/#breadcrumb"},"inLanguage":"lv-LV","potentialAction":[{"@type":"ReadAction","target":["https:\/\/micasa.lv\/lv\/neo-brivi-stavoss-tualetes-birstes-turetajs-4\/"]}]},{"@type":"ImageObject","inLanguage":"lv-LV","@id":"https:\/\/micasa.lv\/lv\/neo-brivi-stavoss-tualetes-birstes-turetajs-4\/#primaryimage","url":"https:\/\/micasa.lv\/wp-content\/uploads\/2025\/05\/e3d1157328961e26f80093c6066d0fdc_102313059-velky.jpg","contentUrl":"https:\/\/micasa.lv\/wp-content\/uploads\/2025\/05\/e3d1157328961e26f80093c6066d0fdc_102313059-velky.jpg","width":500,"height":500},{"@type":"BreadcrumbList","@id":"https:\/\/micasa.lv\/lv\/neo-brivi-stavoss-tualetes-birstes-turetajs-4\/#breadcrumb","itemListElement":[{"@type":"ListItem","position":1,"name":"S\u0101kums","item":"https:\/\/micasa.lv\/lv\/micasa\/"},{"@type":"ListItem","position":2,"name":"Shop","item":"https:\/\/micasa.lv\/lv\/shop\/"},{"@type":"ListItem","position":3,"name":"NEO: Br\u012bvi st\u0101vo\u0161s tualetes birstes tur\u0113t\u0101js"}]},{"@type":"WebSite","@id":"https:\/\/micasa.lv\/lv\/#website","url":"https:\/\/micasa.lv\/lv\/","name":"Micasa","description":"","potentialAction":[{"@type":"SearchAction","target":{"@type":"EntryPoint","urlTemplate":"https:\/\/micasa.lv\/lv\/?s={search_term_string}"},"query-input":{"@type":"PropertyValueSpecification","valueRequired":true,"valueName":"search_term_string"}}],"inLanguage":"lv-LV"}]}},"wcpa_form_fields":null,"_links":{"self":[{"href":"https:\/\/micasa.lv\/lv\/wp-json\/wp\/v2\/product\/42156","targetHints":{"allow":["GET"]}}],"collection":[{"href":"https:\/\/micasa.lv\/lv\/wp-json\/wp\/v2\/product"}],"about":[{"href":"https:\/\/micasa.lv\/lv\/wp-json\/wp\/v2\/types\/product"}],"version-history":[{"count":1,"href":"https:\/\/micasa.lv\/lv\/wp-json\/wp\/v2\/product\/42156\/revisions"}],"predecessor-version":[{"id":42186,"href":"https:\/\/micasa.lv\/lv\/wp-json\/wp\/v2\/product\/42156\/revisions\/42186"}],"wp:featuredmedia":[{"embeddable":true,"href":"https:\/\/micasa.lv\/lv\/wp-json\/wp\/v2\/media\/41575"}],"wp:attachment":[{"href":"https:\/\/micasa.lv\/lv\/wp-json\/wp\/v2\/media?parent=42156"}],"wp:term":[{"taxonomy":"product_brand","embeddable":true,"href":"https:\/\/micasa.lv\/lv\/wp-json\/wp\/v2\/product_brand?post=42156"},{"taxonomy":"product_cat","embeddable":true,"href":"https:\/\/micasa.lv\/lv\/wp-json\/wp\/v2\/product_cat?post=42156"},{"taxonomy":"product_tag","embeddable":true,"href":"https:\/\/micasa.lv\/lv\/wp-json\/wp\/v2\/product_tag?post=42156"}],"curies":[{"name":"wp","href":"https:\/\/api.w.org\/{rel}","templated":true}]}}